{"id":54080,"date":"2026-04-07T20:05:19","date_gmt":"2026-04-07T18:05:19","guid":{"rendered":"https:\/\/muscleforge.nl\/o-nas\/"},"modified":"2026-04-07T20:05:19","modified_gmt":"2026-04-07T18:05:19","slug":"o-nas","status":"publish","type":"page","link":"https:\/\/muscleforge.nl\/pl\/o-nas\/","title":{"rendered":"O Nas"},"content":{"rendered":"<p><p data-start=\"688\" data-end=\"890\"><strong>Muscle Forge<\/strong> to nowoczesny sklep z suplementami dla os\u00f3b, kt\u00f3re traktuj\u0105 trening powa\u017cnie i oczekuj\u0105 realnych efekt\u00f3w. Nie sprzedajemy wszystkiego \u2014 wybieramy tylko produkty, kt\u00f3re maj\u0105 sens i dzia\u0142aj\u0105.<\/p><br\/><p data-start=\"892\" data-end=\"1129\">W naszej ofercie znajdziesz m.in. bia\u0142ka, kreatyn\u0119, przedtrening\u00f3wki oraz suplementy wspieraj\u0105ce regeneracj\u0119 i zdrowie. Stawiamy na jako\u015b\u0107, przejrzysto\u015b\u0107 i \u015bwiadome podej\u015bcie do suplementacji \u2014 bez zb\u0119dnego marketingu i pustych obietnic.<\/p><br\/><p data-start=\"1131\" data-end=\"1195\">Muscle Forge to miejsce dla ludzi, kt\u00f3rzy wiedz\u0105, po co trenuj\u0105.<\/p><\/p><p><\/p>","protected":false},"excerpt":{"rendered":"<p>Muscle Forge to nowoczesny sklep z suplementami dla os\u00f3b, kt\u00f3re traktuj\u0105 trening powa\u017cnie i oczekuj\u0105 realnych efekt\u00f3w. Nie sprzedajemy wszystkiego \u2014 wybieramy tylko produkty, kt\u00f3re maj\u0105 sens i dzia\u0142aj\u0105. W naszej ofercie znajdziesz m.in. bia\u0142ka, kreatyn\u0119, przedtrening\u00f3wki oraz suplementy wspieraj\u0105ce regeneracj\u0119 i zdrowie. Stawiamy na jako\u015b\u0107, przejrzysto\u015b\u0107 i \u015bwiadome podej\u015bcie do suplementacji \u2014 bez zb\u0119dnego&#8230;<\/p>\n","protected":false},"author":2,"featured_media":0,"parent":0,"menu_order":0,"comment_status":"closed","ping_status":"closed","template":"","meta":{"footnotes":""},"class_list":["post-54080","page","type-page","status-publish","hentry"],"_links":{"self":[{"href":"https:\/\/muscleforge.nl\/pl\/wp-json\/wp\/v2\/pages\/54080","targetHints":{"allow":["GET"]}}],"collection":[{"href":"https:\/\/muscleforge.nl\/pl\/wp-json\/wp\/v2\/pages"}],"about":[{"href":"https:\/\/muscleforge.nl\/pl\/wp-json\/wp\/v2\/types\/page"}],"author":[{"embeddable":true,"href":"https:\/\/muscleforge.nl\/pl\/wp-json\/wp\/v2\/users\/2"}],"replies":[{"embeddable":true,"href":"https:\/\/muscleforge.nl\/pl\/wp-json\/wp\/v2\/comments?post=54080"}],"version-history":[{"count":1,"href":"https:\/\/muscleforge.nl\/pl\/wp-json\/wp\/v2\/pages\/54080\/revisions"}],"predecessor-version":[{"id":54081,"href":"https:\/\/muscleforge.nl\/pl\/wp-json\/wp\/v2\/pages\/54080\/revisions\/54081"}],"wp:attachment":[{"href":"https:\/\/muscleforge.nl\/pl\/wp-json\/wp\/v2\/media?parent=54080"}],"curies":[{"name":"wp","href":"https:\/\/api.w.org\/{rel}","templated":true}]}}