{"id":6572,"date":"2020-07-29T23:29:42","date_gmt":"2020-07-29T21:29:42","guid":{"rendered":"https:\/\/muscleforge.nl\/betaalmethodes\/"},"modified":"2020-10-13T21:33:56","modified_gmt":"2020-10-13T19:33:56","slug":"metody-platnosci","status":"publish","type":"page","link":"https:\/\/muscleforge.nl\/pl\/metody-platnosci\/","title":{"rendered":"Metody p\u0142atno\u015bci"},"content":{"rendered":"<h2 class=\"wp-block-heading\"> <strong>Metody p\u0142atno\u015bci<\/strong><\/h2><p><strong>iDEAL<\/strong><br>Dzi\u0119ki iDEAL mo\u017cesz p\u0142aci\u0107 za zakupy online w niezawodny, bezpieczny i \u0142atwy spos\u00f3b.<\/p><p>Jak dzia\u0142a iDEAL?<br>Zamawiasz produkt i wybierasz iDEAL jako metod\u0119 p\u0142atno\u015bci.<br>Wybierz sw\u00f3j bank z listy.<br>Zostaniesz przeniesiony bezpo\u015brednio do strony internetowej Twojego banku lub jego aplikacji. <br>Odpowiednie szczeg\u00f3\u0142y zakupu zosta\u0142y ju\u017c wprowadzone.<br>Zatwierdzasz p\u0142atno\u015b\u0107 tak jak w przypadku innych transakcji. <br>Otrzymasz potwierdzenie z banku.<br>Wracasz do sklepu internetowego gdzie mo\u017cesz kupi\u0107 co\u015b jeszcze:]<\/p><p><strong>Karty kredytowe<\/strong><br>Mo\u017cesz bezpiecznie p\u0142aci\u0107 za pomoc\u0105 kart kredytowych<\/p>","protected":false},"excerpt":{"rendered":"<p>Metody p\u0142atno\u015bci iDEALDzi\u0119ki iDEAL mo\u017cesz p\u0142aci\u0107 za zakupy online w niezawodny, bezpieczny i \u0142atwy spos\u00f3b. Jak dzia\u0142a iDEAL?Zamawiasz produkt i wybierasz iDEAL jako metod\u0119 p\u0142atno\u015bci.Wybierz sw\u00f3j bank z listy.Zostaniesz przeniesiony bezpo\u015brednio do strony internetowej Twojego banku lub jego aplikacji. Odpowiednie szczeg\u00f3\u0142y zakupu zosta\u0142y ju\u017c wprowadzone.Zatwierdzasz p\u0142atno\u015b\u0107 tak jak w przypadku innych transakcji. Otrzymasz potwierdzenie z&#8230;<\/p>\n","protected":false},"author":1,"featured_media":0,"parent":0,"menu_order":0,"comment_status":"closed","ping_status":"closed","template":"","meta":{"footnotes":""},"class_list":["post-6572","page","type-page","status-publish","hentry"],"_links":{"self":[{"href":"https:\/\/muscleforge.nl\/pl\/wp-json\/wp\/v2\/pages\/6572","targetHints":{"allow":["GET"]}}],"collection":[{"href":"https:\/\/muscleforge.nl\/pl\/wp-json\/wp\/v2\/pages"}],"about":[{"href":"https:\/\/muscleforge.nl\/pl\/wp-json\/wp\/v2\/types\/page"}],"author":[{"embeddable":true,"href":"https:\/\/muscleforge.nl\/pl\/wp-json\/wp\/v2\/users\/1"}],"replies":[{"embeddable":true,"href":"https:\/\/muscleforge.nl\/pl\/wp-json\/wp\/v2\/comments?post=6572"}],"version-history":[{"count":2,"href":"https:\/\/muscleforge.nl\/pl\/wp-json\/wp\/v2\/pages\/6572\/revisions"}],"predecessor-version":[{"id":6928,"href":"https:\/\/muscleforge.nl\/pl\/wp-json\/wp\/v2\/pages\/6572\/revisions\/6928"}],"wp:attachment":[{"href":"https:\/\/muscleforge.nl\/pl\/wp-json\/wp\/v2\/media?parent=6572"}],"curies":[{"name":"wp","href":"https:\/\/api.w.org\/{rel}","templated":true}]}}