{"id":6596,"date":"2020-07-29T23:50:10","date_gmt":"2020-07-29T21:50:10","guid":{"rendered":"https:\/\/muscleforge.nl\/verzenden-retourneren\/"},"modified":"2020-10-13T21:49:46","modified_gmt":"2020-10-13T19:49:46","slug":"wysylka-i-zwroty","status":"publish","type":"page","link":"https:\/\/muscleforge.nl\/pl\/wysylka-i-zwroty\/","title":{"rendered":"Wysy\u0142ka i zwroty"},"content":{"rendered":"<h2 class=\"wp-block-heading\">Wysy\u0142ka i zwroty<\/h2><h3 class=\"wp-block-heading\" id=\"shipping-return\">Czas dostawy i koszt wysy\u0142ki<\/h3><p>Dok\u0142adamy wszelkich stara\u0144, aby zam\u00f3wienie zosta\u0142o dostarczone do Ciebie tak szybko, jak to mo\u017cliwe. Staramy si\u0119 wysy\u0142a\u0107 zam\u00f3wienia z\u0142o\u017cone w dni robocze do godziny 12:00 tego samego dnia. Jednak nie zawsze jest to mo\u017cliwe, czasami produkt\u00f3w nie ma na stanie, a realizacja zam\u00f3wienia mo\u017ce potrwa\u0107 troch\u0119 d\u0142u\u017cej. Na stronie produktu znajduje si\u0119 wskazanie czasu dostawy. Je\u015bli z jakiegokolwiek powodu nie dotrzymamy terminu dostawy, oczywi\u015bcie niezw\u0142ocznie Ci\u0119 poinformujemy.<\/p><p>Podane ceny nie obejmuj\u0105 koszt\u00f3w wysy\u0142ki. Koszty wysy\u0142ki wynosz\u0105: 6,99 \u20ac<\/p><p>Dostawa odbywa si\u0119 za po\u015brednictwem PostNl lub kuriera DHL \/ DPD. Planowo dostawa na\u0119puje nast\u0119pnego dnia roboczego w godzinach od 9:00 do 18:00. Niestety nie mo\u017cemy zagwarantowa\u0107 terminu dostawy.<\/p><h3 class=\"wp-block-heading\" id=\"shipping-return\">Zwrot<\/h3><p>Po otrzymaniu produkt\u00f3w masz 14 dni na powiadomienie nas o ch\u0119ci zwrotu produkt\u00f3w.<br>Po zg\u0142oszeniu ch\u0119ci zwrotu produkt\u00f3w nale\u017cy je dostarczy\u0107 do Muscle Forge w ci\u0105gu 14 dni.<\/p><p>Adres zwrotny:<br>Muscle Forge<br>Dorpsstraat 19B, 2211 GA Noordwijkerhout<\/p><p>Produkty, w przypadku kt\u00f3rych wa\u017cna jest higiena, takich jak tabletki, kapsu\u0142ki, proszki, napoje, kremy i olejki, produkty te nie mog\u0105 zosta\u0107 zwr\u00f3cone ze wzgl\u0119du na ochron\u0119 zdrowia.<\/p><p>Kwota zakupu zostanie zwr\u00f3cona tak szybko, jak to mo\u017cliwe, ale nie p\u00f3\u017aniej ni\u017c 14 dni po anulowaniu. Zwr\u00f3cimy Ci pieni\u0105dze t\u0105 sam\u0105 metod\u0105 p\u0142atno\u015bci, za pomoc\u0105 kt\u00f3rej dokona\u0142e\u015b pierwotnej transakcji, chyba \u017ce wyra\u017anie zgodzi\u0142e\u015b si\u0119 inaczej; w ka\u017cdym przypadku nie zostaniesz obci\u0105\u017cony kosztami takiego zwrotu.<\/p><p>Je\u015bli produkt nie dotrze do Ciebie w dobrym stanie, mo\u017cesz skontaktowa\u0107 si\u0119 z naszym dzia\u0142em obs\u0142ugi klienta. Zalecamy natychmiastowe wykonanie wyra\u017anego zdj\u0119cia stanu paczki przy odbiorze. Produkty, kt\u00f3re nie dotar\u0142y do \u200b\u200bCiebie w dobrym stanie, nale\u017cy r\u00f3wnie\u017c zwr\u00f3ci\u0107 po skontaktowaniu si\u0119 z nami.<\/p>","protected":false},"excerpt":{"rendered":"<p>Wysy\u0142ka i zwroty Czas dostawy i koszt wysy\u0142ki Dok\u0142adamy wszelkich stara\u0144, aby zam\u00f3wienie zosta\u0142o dostarczone do Ciebie tak szybko, jak to mo\u017cliwe. Staramy si\u0119 wysy\u0142a\u0107 zam\u00f3wienia z\u0142o\u017cone w dni robocze do godziny 12:00 tego samego dnia. Jednak nie zawsze jest to mo\u017cliwe, czasami produkt\u00f3w nie ma na stanie, a realizacja zam\u00f3wienia mo\u017ce potrwa\u0107 troch\u0119 d\u0142u\u017cej&#8230;.<\/p>\n","protected":false},"author":1,"featured_media":0,"parent":0,"menu_order":0,"comment_status":"closed","ping_status":"closed","template":"","meta":{"footnotes":""},"class_list":["post-6596","page","type-page","status-publish","hentry"],"_links":{"self":[{"href":"https:\/\/muscleforge.nl\/pl\/wp-json\/wp\/v2\/pages\/6596","targetHints":{"allow":["GET"]}}],"collection":[{"href":"https:\/\/muscleforge.nl\/pl\/wp-json\/wp\/v2\/pages"}],"about":[{"href":"https:\/\/muscleforge.nl\/pl\/wp-json\/wp\/v2\/types\/page"}],"author":[{"embeddable":true,"href":"https:\/\/muscleforge.nl\/pl\/wp-json\/wp\/v2\/users\/1"}],"replies":[{"embeddable":true,"href":"https:\/\/muscleforge.nl\/pl\/wp-json\/wp\/v2\/comments?post=6596"}],"version-history":[{"count":3,"href":"https:\/\/muscleforge.nl\/pl\/wp-json\/wp\/v2\/pages\/6596\/revisions"}],"predecessor-version":[{"id":6929,"href":"https:\/\/muscleforge.nl\/pl\/wp-json\/wp\/v2\/pages\/6596\/revisions\/6929"}],"wp:attachment":[{"href":"https:\/\/muscleforge.nl\/pl\/wp-json\/wp\/v2\/media?parent=6596"}],"curies":[{"name":"wp","href":"https:\/\/api.w.org\/{rel}","templated":true}]}}