{"id":10060,"date":"2020-11-25T13:04:38","date_gmt":"2020-11-25T12:04:38","guid":{"rendered":"https:\/\/muscleforge.nl\/product\/olimp-pure-whey-isolate-95-600g-wanilia\/"},"modified":"2024-12-27T15:56:42","modified_gmt":"2024-12-27T14:56:42","slug":"olimp-pure-whey-isolate-95-600g-wanilia","status":"publish","type":"product","link":"https:\/\/muscleforge.nl\/pl\/produkt\/olimp-pure-whey-isolate-95-600g-wanilia\/","title":{"rendered":"OLIMP PURE WHEY ISOLATE 95  600g"},"content":{"rendered":"<div class=\"page-title-wrapper product\"><\/div>\n<div class=\"futured-list\">\n<h1><strong>OLIMP PURE WHEY ISOLATE 95<\/strong><\/h1>\n<h3>\nUltraczysty izolat bia\u0142ek serwatkowych o najwy\u017cszej jako\u015bci, wspieraj\u0105cy budow\u0119 masy mi\u0119\u015bniowej i regeneracj\u0119.<\/h3>\n<p><strong>Zalety produktu:<\/strong><\/p>\n<ul>\n<li>100% izolat bia\u0142ek serwatkowych (WPI) o niskiej zawarto\u015bci t\u0142uszczu i cukru,<\/li>\n<li>Bogaty profil aminokwasowy wspieraj\u0105cy regeneracj\u0119 i rozw\u00f3j mi\u0119\u015bni,<\/li>\n<li>Doskona\u0142a rozpuszczalno\u015b\u0107 i wy\u015bmienity smak,<\/li>\n<li>Produkt wolny od aspartamu,<\/li>\n<li>Idealny wyb\u00f3r dla os\u00f3b poszukuj\u0105cych czystego \u017ar\u00f3d\u0142a bia\u0142ka.<\/li>\n<\/ul>\n<p>OLIMP PURE WHEY ISOLATE 95 to wysokiej jako\u015bci suplement diety stworzony z my\u015bl\u0105 o sportowcach i osobach aktywnych, kt\u00f3re potrzebuj\u0105 czystego i \u0142atwo przyswajalnego \u017ar\u00f3d\u0142a bia\u0142ka. Produkt zawiera wy\u0142\u0105cznie izolat bia\u0142ek serwatkowych, uzyskiwany w procesie mikrofiltracji w niskiej temperaturze, co gwarantuje zachowanie warto\u015bci od\u017cywczych. Niska zawarto\u015b\u0107 t\u0142uszczu i cukru sprawia, \u017ce OLIMP PURE WHEY ISOLATE 95 jest idealnym wyborem zar\u00f3wno w okresie budowy masy mi\u0119\u015bniowej, jak i redukcji. Ka\u017cda porcja dostarcza aminokwasy niezb\u0119dne do regeneracji i wzrostu mi\u0119\u015bni.<\/p>\n<p>&nbsp;<\/p>\n<h3><strong>Spos\u00f3b u\u017cycia:<\/strong><\/h3>\n<p>1\u20133 porcji dziennie (rano po przebudzeniu, pomi\u0119dzy posi\u0142kami, po treningu lub przed snem). 1 porcj\u0119 (35 g = 1 miark\u0119) rozpu\u015bci\u0107 w 115 ml* wody. Spo\u017cy\u0107 bezpo\u015brednio po przygotowaniu.<\/p>\n<p>&nbsp;<\/p>\n<h3>Tabela warto\u015bci od\u017cywczych<\/h3>\n<div class=\"table-responsive\">\n<table class=\"table\">\n<tbody>\n<tr>\n<td><strong>Warto\u015b\u0107 od\u017cywcza<\/strong><\/td>\n<td><strong>na porcj\u0119 (35 g + 115 ml1 wody)<\/strong><\/td>\n<td><strong>na 2 porcje (70 g 230 ml1 wody<\/strong><\/td>\n<td><strong>na 3 porcje (105 g 345 ml1 wody<\/strong><\/td>\n<td><strong>w 100 g<\/strong><\/td>\n<\/tr>\n<tr>\n<td><strong>Warto\u015b\u0107 energetyczna<br \/>\n<\/strong><\/td>\n<td>516 kJ\/ 123 kcal<\/td>\n<td>1031 kJ\/ 246 kcal<\/td>\n<td>1546 kJ\/ 370 kcal<\/td>\n<td>1473 kJ\/ 352 kcal<\/td>\n<\/tr>\n<tr>\n<td valign=\"top\">T\u0142uszcz<br \/>\nw tym kwasy t\u0142uszczowe nasycone<\/td>\n<td valign=\"top\">&lt; 0,5 g<br \/>\n0,2 g<\/td>\n<td valign=\"top\">&lt; 0,5 g<br \/>\n0,2 g<\/td>\n<td valign=\"top\">&lt; 0,5 g<br \/>\n0,2 g<\/td>\n<td valign=\"top\">&lt; 0,5 g<br \/>\n0,2 g<\/td>\n<\/tr>\n<tr>\n<td valign=\"top\">W\u0119glowodany<br \/>\nw tym cukry<\/td>\n<td valign=\"top\">&lt; 0,5 g<br \/>\n&lt; 0,5 g<\/td>\n<td valign=\"top\">&lt; 0,5 g<br \/>\n&lt; 0,5 g<\/td>\n<td valign=\"top\">&lt; 0,5 g<br \/>\n&lt; 0,5 g<\/td>\n<td valign=\"top\">&lt; 0,5 g<br \/>\n&lt; 0,5 g<\/td>\n<\/tr>\n<tr>\n<td valign=\"top\"><strong>B\u0142onnik<\/strong><\/td>\n<td valign=\"top\">0 g<\/td>\n<td valign=\"top\">0 g<\/td>\n<td valign=\"top\">0 g<\/td>\n<td valign=\"top\">0 g<\/td>\n<\/tr>\n<tr>\n<td valign=\"top\"><strong>Bia\u0142ko<br \/>\n<\/strong><\/td>\n<td valign=\"top\">30 g<\/td>\n<td valign=\"top\">60 g<\/td>\n<td valign=\"top\">90 g<\/td>\n<td valign=\"top\">86 g<\/td>\n<\/tr>\n<tr>\n<td valign=\"top\"><strong>S\u00f3l<br \/>\n<\/strong><\/td>\n<td valign=\"top\">0,29 g<\/td>\n<td valign=\"top\">0,58 g<\/td>\n<td valign=\"top\">0,87 g<\/td>\n<td valign=\"top\">0,83 g<\/td>\n<\/tr>\n<tr>\n<td valign=\"top\"><strong>Witamina A (\u03bcg RE)<br \/>\n<\/strong><\/td>\n<td valign=\"top\">42 \u03bcg<\/td>\n<td valign=\"top\">84 \u03bcg<\/td>\n<td valign=\"top\">126 \u03bcg (16%*)<\/td>\n<td valign=\"top\">120 \u03bcg (15%*)<\/td>\n<\/tr>\n<tr>\n<td valign=\"top\"><strong>Witamina D<br \/>\n<\/strong><\/td>\n<td valign=\"top\">0,26 \u03bcg<\/td>\n<td valign=\"top\">0,53 \u03bcg<\/td>\n<td valign=\"top\">0,79 \u03bcg (16%*)<\/td>\n<td valign=\"top\">0,75 \u03bcg (15%*)<\/td>\n<\/tr>\n<tr>\n<td valign=\"top\"><strong>Witamina E (mg \u03b1-TE)<br \/>\n<\/strong><\/td>\n<td valign=\"top\">0,63 mg<\/td>\n<td valign=\"top\">1,26 \u03bcg<\/td>\n<td valign=\"top\">1,89 \u03bcg (16%*)<\/td>\n<td valign=\"top\">1,80 mg (15%*)<\/td>\n<\/tr>\n<tr>\n<td valign=\"top\"><strong>Witamina B1<br \/>\n<\/strong><\/td>\n<td valign=\"top\">0,06 mg<\/td>\n<td valign=\"top\">0,12 mg<\/td>\n<td valign=\"top\">0,18 mg (16%*)<\/td>\n<td valign=\"top\">0,17 mg (15%*)<\/td>\n<\/tr>\n<tr>\n<td valign=\"top\"><strong>Witamina B2<br \/>\n<\/strong><\/td>\n<td valign=\"top\">0,07 mg<\/td>\n<td valign=\"top\">0,15 mg<\/td>\n<td valign=\"top\">0,22 mg (16%*)<\/td>\n<td valign=\"top\">0,21 mg (15%*)<\/td>\n<\/tr>\n<tr>\n<td valign=\"top\"><strong>Niacyna (mg NE)<br \/>\n<\/strong><\/td>\n<td valign=\"top\">0,8 mg<\/td>\n<td valign=\"top\">1,7 mg<\/td>\n<td valign=\"top\">2,5 mg (16%*)<\/td>\n<td valign=\"top\">2,4 mg (15%*)<\/td>\n<\/tr>\n<tr>\n<td valign=\"top\"><strong>Kwas pantotenowy<br \/>\n<\/strong><\/td>\n<td valign=\"top\">0,3 mg<\/td>\n<td valign=\"top\">0,6 mg<\/td>\n<td valign=\"top\">0,98 mg (16%*)<\/td>\n<td valign=\"top\">0,9 mg (15%*)<\/td>\n<\/tr>\n<tr>\n<td valign=\"top\"><strong>Witamina B6<\/strong><\/td>\n<td valign=\"top\">0,07 mg<\/td>\n<td valign=\"top\">0,15 mg<\/td>\n<td valign=\"top\">0,22 mg (16%*)<\/td>\n<td valign=\"top\">0,21 mg (15%*)<\/td>\n<\/tr>\n<tr>\n<td valign=\"top\"><strong>Kwas foliowy<\/strong><\/td>\n<td valign=\"top\">11 \u03bcg<\/td>\n<td valign=\"top\">21 \u03bcg<\/td>\n<td valign=\"top\">32 \u03bcg (16%*)<\/td>\n<td valign=\"top\">30 \u03bcg (15%*)<\/td>\n<\/tr>\n<tr>\n<td valign=\"top\"><strong>Witamina B12<\/strong><\/td>\n<td valign=\"top\">0,13 \u03bcg<\/td>\n<td valign=\"top\">0,27 \u03bcg<\/td>\n<td valign=\"top\">0,40 \u03bcg (16%*)<\/td>\n<td valign=\"top\">0,38 \u03bcg (15%*)<\/td>\n<\/tr>\n<tr>\n<td valign=\"top\"><strong>Biotyna<br \/>\n<\/strong><\/td>\n<td valign=\"top\">2,6 \u03bcg<\/td>\n<td valign=\"top\">5,2 \u03bcg<\/td>\n<td valign=\"top\">7,9 \u03bcg (16%*)<\/td>\n<td valign=\"top\">7,5 \u03bcg (15%*)<\/td>\n<\/tr>\n<tr>\n<td valign=\"top\"><strong>Witamina C<br \/>\n<\/strong><\/td>\n<td valign=\"top\">4,2 mg<\/td>\n<td valign=\"top\">8,4 mg<\/td>\n<td valign=\"top\">12,6 mg (16%*)<\/td>\n<td valign=\"top\">12,0 mg (15%*)<\/td>\n<\/tr>\n<\/tbody>\n<\/table>\n<\/div>\n<p>&nbsp;<\/p>\n<p><strong>Sk\u0142adniki:<\/strong>\u00a097,5% izolat bia\u0142ek\u00a0<strong>serwatkowych<\/strong>\u00a0(z\u00a0<strong>mleka<\/strong>), aromaty, m\u0105ka z\u00a0<strong>orzeszk\u00f3w ziemnych (arachidowych<\/strong>) (dla smaku Mas\u0142a Orzechowego), regulatory kwasowo\u015bci \u2014 kwas cytrynowy, kwas jab\u0142kowy; substancje zag\u0119szczaj\u0105ce \u2014 guma arabska, guma ksantanowa, s\u00f3l sodowa karboksymetylocelulozy; substancje s\u0142odz\u0105ce \u2014 acesulfam K, sukraloza; s\u00f3l, witaminy (kwas L-askorbinowy \u2014 wit. C, octan DL-alfa-tokoferylu \u2014 wit. E, amid kwasu nikotynowego \u2014 niacyna, D-biotyna \u2014 biotyna, octan retinylu \u2014 wit. A, D-pantotenian wapnia \u2014 kwas pantotenowy, chlorowodorek pirydoksyny \u2014 wit. B6, cholekalcyferol \u2014 wit. D, kwas pteroilomonoglutaminowy \u2014 kwas foliowy, monoazotan tiaminy \u2014 wit. B1, ryboflawina \u2014 wit. B2, cyjanokobalamina \u2014 wit. B12), emulgator \u2014 lecytyny (z\u00a0<strong>soi<\/strong>); barwniki: karoteny (A), karmin (B), ryboflawiny (CG), E 150c (D), E 150d (E),E 133 (F).<\/p>\n<p>(A)-(F) \u2014 W zale\u017cno\u015bci od smaku produktu symbol (A-F) u\u017cytego sk\u0142adnika znajduje si\u0119 obok daty minimalnej trwa\u0142o\u015bci (najlepiej spo\u017cy\u0107 przed).<\/p>\n<p>Produkt przeznaczony dla os\u00f3b o zwi\u0119kszonym zapotrzebowaniu na bia\u0142ko, d\u0105\u017c\u0105cych do rozwoju masy mi\u0119\u015bniowej, g\u0142\u00f3wnie sportowc\u00f3w wyczynowych i \u0107wicz\u0105cych rekreacyjnie.<\/p>\n<\/div>\n","protected":false},"excerpt":{"rendered":"<p>OLIMP PURE WHEY ISOLATE 95 Ultraczysty izolat bia\u0142ek serwatkowych o najwy\u017cszej jako\u015bci, wspieraj\u0105cy budow\u0119 masy mi\u0119\u015bniowej i regeneracj\u0119. Zalety produktu: 100% izolat bia\u0142ek serwatkowych (WPI) o niskiej zawarto\u015bci t\u0142uszczu i cukru, Bogaty profil aminokwasowy wspieraj\u0105cy regeneracj\u0119 i rozw\u00f3j mi\u0119\u015bni, Doskona\u0142a rozpuszczalno\u015b\u0107 i wy\u015bmienity smak, Produkt wolny od aspartamu, Idealny wyb\u00f3r dla os\u00f3b poszukuj\u0105cych czystego \u017ar\u00f3d\u0142a&#8230;<\/p>\n","protected":false},"featured_media":9239,"comment_status":"closed","ping_status":"closed","template":"","meta":[],"product_brand":[],"product_cat":[728,874],"product_tag":[],"class_list":{"0":"post-10060","1":"product","2":"type-product","3":"status-publish","4":"has-post-thumbnail","6":"product_cat-suplementy-diety","7":"product_cat-izolat-bialka-serwatkowego-wpi","9":"first","10":"instock","11":"taxable","12":"shipping-taxable","13":"purchasable","14":"product-type-variable"},"_links":{"self":[{"href":"https:\/\/muscleforge.nl\/pl\/wp-json\/wp\/v2\/product\/10060","targetHints":{"allow":["GET"]}}],"collection":[{"href":"https:\/\/muscleforge.nl\/pl\/wp-json\/wp\/v2\/product"}],"about":[{"href":"https:\/\/muscleforge.nl\/pl\/wp-json\/wp\/v2\/types\/product"}],"replies":[{"embeddable":true,"href":"https:\/\/muscleforge.nl\/pl\/wp-json\/wp\/v2\/comments?post=10060"}],"wp:featuredmedia":[{"embeddable":true,"href":"https:\/\/muscleforge.nl\/pl\/wp-json\/wp\/v2\/media\/9239"}],"wp:attachment":[{"href":"https:\/\/muscleforge.nl\/pl\/wp-json\/wp\/v2\/media?parent=10060"}],"wp:term":[{"taxonomy":"product_brand","embeddable":true,"href":"https:\/\/muscleforge.nl\/pl\/wp-json\/wp\/v2\/product_brand?post=10060"},{"taxonomy":"product_cat","embeddable":true,"href":"https:\/\/muscleforge.nl\/pl\/wp-json\/wp\/v2\/product_cat?post=10060"},{"taxonomy":"product_tag","embeddable":true,"href":"https:\/\/muscleforge.nl\/pl\/wp-json\/wp\/v2\/product_tag?post=10060"}],"curies":[{"name":"wp","href":"https:\/\/api.w.org\/{rel}","templated":true}]}}