{"id":10081,"date":"2020-11-10T16:25:41","date_gmt":"2020-11-10T15:25:41","guid":{"rendered":"https:\/\/muscleforge.nl\/product\/trec-nutrition-hmb-120-caps\/"},"modified":"2024-12-06T15:37:12","modified_gmt":"2024-12-06T14:37:12","slug":"trec-nutrition-hmb-120-caps","status":"publish","type":"product","link":"https:\/\/muscleforge.nl\/pl\/produkt\/trec-nutrition-hmb-120-caps\/","title":{"rendered":"Trec Nutrition HMB 120 caps."},"content":{"rendered":"<h1>HMB FORMULA CAPS<\/h1>\n<h3>HMB w kapsu\u0142kach<\/h3>\n<p>&#8211; Wspiera przyrost tkanki mi\u0119\u015bniowej przy jednoczesnej redukcji tkanki t\u0142uszczowej.<br \/>\n&#8211; Chroni tkank\u0119 mi\u0119\u015bniow\u0105 przed rozpadem podczas wyczerpuj\u0105cych sesji treningowych.<br \/>\n&#8211; Przyspiesza powstawanie wysokiej jako\u015bci suchej masy mi\u0119\u015bniowej.<br \/>\n&#8211; Przyspiesza redukcj\u0119 tkanki t\u0142uszczowej.<\/p>\n<p><strong>Co to jest HMB?<\/strong><br \/>\nHMB (B-hydroxy-B-metyloma\u015blan) jest kr\u00f3tko\u0142a\u0144cuchowym kwasem t\u0142uszczowym, kt\u00f3ry powstaje w organizmie z leucyny (jeden z aminokwas\u00f3w).<\/p>\n<p><strong>Jak dzia\u0142a HMB ?<\/strong><br \/>\nHMB (B-hydroxy-B-metyloma\u015blan) jest skuteczn\u0105 alternatyw\u0105 dla niedozwolonych \u015brodk\u00f3w dopinguj\u0105cych &#8211; wspomaga przyrost tkanki mi\u0119\u015bniowej przy jednoczesnej redukcji tkanki t\u0142uszczowej. Organizm cz\u0142owieka po ka\u017cdym wyt\u0119\u017conym wysi\u0142ku, przy d\u0142ugotrwa\u0142ym stresie oraz w wyniku nieodpowiedniej diety wywo\u0142uje proces kataboliczny niszcz\u0105cy bia\u0142ka mi\u0119\u015bniowe redukuj\u0105c w ten spos\u00f3b mas\u0119 mi\u0119\u015bniow\u0105. Aby temu przeciwdzia\u0142a\u0107, mechanizm obronny cz\u0142owieka wytwarza kwas hydroksymetylomas\u0142owy, popularnie zwany HMB. Jego zadanie to obrona bia\u0142ek mi\u0119\u015bniowych przed rozpadem oraz stymulowanie do czerpania energii z zapas\u00f3w t\u0142uszczowych, dzi\u0119ki czemu nast\u0119puje szybsza i pe\u0142na regeneracja mi\u0119\u015bni, a zarazem znaczna\u00a0<strong>redukcja tkanki t\u0142uszczowej<\/strong>. HMB znacznie zwi\u0119ksza efektywno\u015b\u0107 spo\u017cywanych bia\u0142ek. Stosuj\u0105c HMB mo\u017cna ograniczy\u0107 dobowe spo\u017cycie bia\u0142ka nawet do 1 grama na kilogram wagi cia\u0142a, przy zachowaniu podobnych rezultat\u00f3w jak podczas diety wysokobia\u0142kowej.<\/p>\n<p><strong>Co mo\u017cna osi\u0105gn\u0105\u0107 stosuj\u0105c HMB ?<\/strong><br \/>\nDzia\u0142anie HMB nie powinno by\u0107 w \u017cadnym wypadku por\u00f3wnywane z dzia\u0142aniem kreatyny, kt\u00f3re jest bardzo szybkie i silne, lecz po kilku tygodniach s\u0142abnie. Stosowanie HMB daje przede wszystkim gwarancj\u0119 sta\u0142ego i d\u0142ugotrwa\u0142ego przyrostu masy mi\u0119\u015bniowej, poniewa\u017c nie dochodzi tu do uwodnienia kom\u00f3rek mi\u0119\u015bniowych, a\u00a0<strong>przyrost masy <\/strong>podyktowany jest syntez\u0105 (budowaniem) nowej tkanki mi\u0119\u015bniowej. Stosuj\u0105c HMB mo\u017cna osi\u0105gn\u0105\u0107 oko\u0142o 1-2 kg bezt\u0142uszczowej masy mi\u0119\u015bniowej w przeci\u0105gu 6 tygodni przy jednoczesnej redukcji tkanki t\u0142uszczowej. Zatem ju\u017c po p\u00f3\u0142 roku mo\u017ce nast\u0105pi\u0107 trwa\u0142y przyrost od 4 &#8211; 8 kg bezt\u0142uszczowej tkanki mi\u0119\u015bniowej.<\/p>\n<p>&nbsp;<\/p>\n<h3>Zalecane dawkowanie<\/h3>\n<p>Jednorazow\u0105 porcj\u0119 preparatu \u2013 2 kapsu\u0142ki popi\u0107 300 ml wody. Stosowa\u0107 3 porcje dziennie. W dni treningowe: I porcja 30 min. przed pierwszym posi\u0142kiem, II porcja bezpo\u015brednio po treningu, III porcja przed snem. W dni nietreningowe: I porcja 30 min. przed pierwszym posi\u0142kiem, II porcja 30 min. przed g\u0142\u00f3wnym posi\u0142kiem, III porcja przed snem.<\/p>\n<p>&nbsp;<\/p>\n<table class=\"supplements--table mt40\">\n<tbody>\n<tr>\n<th class=\"nf--header\" colspan=\"3\">Informacje \u017cywieniowe<\/th>\n<\/tr>\n<tr class=\"bold--cell\">\n<th>Ilo\u015b\u0107 produktu<\/th>\n<th align=\"center\"><strong>w 6 kap.*\/***<\/strong><\/th>\n<th align=\"center\"><strong>w 2 kap.**<\/strong><\/th>\n<\/tr>\n<tr>\n<td>CaHMB (\u00df-Hydroksy \u00df-Metyloma\u015blan Wapnia)<\/td>\n<td align=\"center\">3690,00\u00a0mg<\/td>\n<td align=\"center\">1230,00\u00a0mg<\/td>\n<\/tr>\n<tr>\n<td>\u00a0\u00a0 w tym HMB<\/td>\n<td align=\"center\">3000,00 mg<\/td>\n<td align=\"center\">1000,00 mg<\/td>\n<\/tr>\n<\/tbody>\n<\/table>\n<p>*Dzienna porcja produktu<\/p>\n<p>**kapsu\u0142ek<\/p>\n<p><b>Sk\u0142adniki:\u00a0<\/b>\u00df-hydroksy \u00df-metyloma\u015blan wapnia (81%); otoczka kapsu\u0142ki (\u017celatyna; barwnik \u2013 dwutlenek tytanu); substancja przeciwzbrylaj\u0105ca \u2013 sole magnezowe kwas\u00f3w t\u0142uszczowych<\/p>\n<p><b>OSTRZE\u017bENIA<\/b><\/p>\n<p>Nie nale\u017cy przekracza\u0107 zalecanej porcji do spo\u017cycia w ci\u0105gu dnia. Produkt nie mo\u017ce by\u0107 stosowany jako substytut zr\u00f3\u017cnicowanej diety. Preparat nie jest przeznaczony dla dzieci, kobiet w ci\u0105\u017cy oraz karmi\u0105cych. Zr\u00f3wnowa\u017cona dieta i zdrowy tryb \u017cycia s\u0105 wa\u017cne. Produkt mo\u017ce zawiera\u0107 alergeny takie jak: mleko, soja, pszenica, j\u0119czmie\u0144, jaja, orzeszki ziemne i orzechy.<\/p>\n","protected":false},"excerpt":{"rendered":"<p>HMB FORMULA CAPS HMB w kapsu\u0142kach &#8211; Wspiera przyrost tkanki mi\u0119\u015bniowej przy jednoczesnej redukcji tkanki t\u0142uszczowej. &#8211; Chroni tkank\u0119 mi\u0119\u015bniow\u0105 przed rozpadem podczas wyczerpuj\u0105cych sesji treningowych. &#8211; Przyspiesza powstawanie wysokiej jako\u015bci suchej masy mi\u0119\u015bniowej. &#8211; Przyspiesza redukcj\u0119 tkanki t\u0142uszczowej. Co to jest HMB? HMB (B-hydroxy-B-metyloma\u015blan) jest kr\u00f3tko\u0142a\u0144cuchowym kwasem t\u0142uszczowym, kt\u00f3ry powstaje w organizmie z leucyny&#8230;<\/p>\n","protected":false},"featured_media":8794,"comment_status":"closed","ping_status":"closed","template":"","meta":[],"product_brand":[],"product_cat":[728,852],"product_tag":[],"class_list":{"0":"post-10081","1":"product","2":"type-product","3":"status-publish","4":"has-post-thumbnail","6":"product_cat-suplementy-diety","7":"product_cat-hmb-pl","9":"first","10":"instock","11":"featured","12":"taxable","13":"shipping-taxable","14":"purchasable","15":"product-type-simple"},"_links":{"self":[{"href":"https:\/\/muscleforge.nl\/pl\/wp-json\/wp\/v2\/product\/10081","targetHints":{"allow":["GET"]}}],"collection":[{"href":"https:\/\/muscleforge.nl\/pl\/wp-json\/wp\/v2\/product"}],"about":[{"href":"https:\/\/muscleforge.nl\/pl\/wp-json\/wp\/v2\/types\/product"}],"replies":[{"embeddable":true,"href":"https:\/\/muscleforge.nl\/pl\/wp-json\/wp\/v2\/comments?post=10081"}],"wp:featuredmedia":[{"embeddable":true,"href":"https:\/\/muscleforge.nl\/pl\/wp-json\/wp\/v2\/media\/8794"}],"wp:attachment":[{"href":"https:\/\/muscleforge.nl\/pl\/wp-json\/wp\/v2\/media?parent=10081"}],"wp:term":[{"taxonomy":"product_brand","embeddable":true,"href":"https:\/\/muscleforge.nl\/pl\/wp-json\/wp\/v2\/product_brand?post=10081"},{"taxonomy":"product_cat","embeddable":true,"href":"https:\/\/muscleforge.nl\/pl\/wp-json\/wp\/v2\/product_cat?post=10081"},{"taxonomy":"product_tag","embeddable":true,"href":"https:\/\/muscleforge.nl\/pl\/wp-json\/wp\/v2\/product_tag?post=10081"}],"curies":[{"name":"wp","href":"https:\/\/api.w.org\/{rel}","templated":true}]}}