{"id":10084,"date":"2020-11-10T16:12:18","date_gmt":"2020-11-10T15:12:18","guid":{"rendered":"https:\/\/muscleforge.nl\/product\/trec-nutrition-vit-d3-k2mk-7-60-cap\/"},"modified":"2024-12-06T14:01:38","modified_gmt":"2024-12-06T13:01:38","slug":"trec-nutrition-vit-d3-k2mk-7-60-cap","status":"publish","type":"product","link":"https:\/\/muscleforge.nl\/pl\/produkt\/trec-nutrition-vit-d3-k2mk-7-60-cap\/","title":{"rendered":"Trec Nutrition Wit.D3 + K2[MK-7] 60 kap."},"content":{"rendered":"<h1>VIT. D3+K2 (MK-7)<\/h1>\n<div>Suplement diety zawieraj\u0105cy 2000 IU witaminy D3 oraz 75 \u00b5g witaminy K2 w jednej kapsu\u0142ce, wspieraj\u0105cy zdrowie ko\u015bci, uk\u0142ad odporno\u015bciowy oraz prawid\u0142owe wch\u0142anianie wapnia.<\/div>\n<p><strong>Zalety produktu:<\/strong><\/p>\n<ul>\n<li><strong>Wsparcie uk\u0142adu odporno\u015bciowego<\/strong> \u2013 witamina D3 pomaga w prawid\u0142owym funkcjonowaniu uk\u0142adu odporno\u015bciowego.<\/li>\n<li><strong>Wspomaganie zdrowych ko\u015bci<\/strong> \u2013 witamina D3 i K2 wspieraj\u0105 utrzymanie zdrowych ko\u015bci i z\u0119b\u00f3w.<\/li>\n<li><strong>Poprawa wch\u0142aniania wapnia<\/strong> \u2013 witamina D3 wspomaga wch\u0142anianie wapnia i fosforu, co jest korzystne dla zdrowia ko\u015bci.<\/li>\n<li><strong>Prawid\u0142owe krzepni\u0119cie krwi<\/strong> \u2013 witamina K2 przyczynia si\u0119 do prawid\u0142owego krzepni\u0119cia krwi.<\/li>\n<\/ul>\n<p>Trec Witamina D3 2000 IU i K2 MK-7 to wysokiej jako\u015bci suplement diety, kt\u00f3ry dostarcza 2000 IU witaminy D3 i 75 \u00b5g witaminy K2 w jednej porcji. Produkt ten wspomaga utrzymanie zdrowych ko\u015bci, uk\u0142ad odporno\u015bciowy oraz poprawia wch\u0142anianie wapnia. Zawiera r\u00f3wnie\u017c olej MCT, kt\u00f3ry wspomaga wch\u0142anianie witamin rozpuszczalnych w t\u0142uszczach.<\/p>\n<p>&nbsp;<\/p>\n<h3><strong>Spos\u00f3b u\u017cycia:<\/strong><\/h3>\n<p>Zaleca si\u0119 spo\u017cywa\u0107 1 kapsu\u0142k\u0119 dziennie, najlepiej po g\u0142\u00f3wnym posi\u0142ku, popijaj\u0105c du\u017c\u0105 ilo\u015bci\u0105 wody.<\/p>\n<p>&nbsp;<\/p>\n<h3><strong>Sk\u0142ad i w\u0142a\u015bciwo\u015bci produktu:<\/strong><\/h3>\n<table class=\"supplements--table mt40\">\n<tbody>\n<tr>\n<th class=\"nf--header\" colspan=\"4\">Informacje \u017cywieniowe<\/th>\n<\/tr>\n<tr>\n<th colspan=\"2\">Sk\u0142adniki aktywne<\/th>\n<th colspan=\"2\">w 1 kap<\/th>\n<\/tr>\n<tr>\n<th colspan=\"2\">Wit. K2<\/th>\n<th colspan=\"2\">75,00 ug (100%*)<\/th>\n<\/tr>\n<tr>\n<th colspan=\"2\">Wit. D3<\/th>\n<th colspan=\"2\">50,00 ug (1000%*)<br \/>\n2000 IU<\/th>\n<\/tr>\n<\/tbody>\n<\/table>\n<p>* Referencyjnej Wartosci Spozycia<\/p>\n<p>&nbsp;<\/p>\n<p><strong>Sk\u0142adniki:<\/strong>\u00a0olej MCT; otoczka kapsu\u0142ki (\u017celatyna; substancja utrzymuj\u0105ca wilgo\u0107 \u2013 glicerol); witamina K2 (menahinon-7); witamina D3 (cholekalcyferol)<\/p>\n<p>&nbsp;<\/p>\n<p><strong>OSTRZE\u017bENIA<\/strong>: Nie nale\u017cy przekracza\u0107 zalecanej porcji do spo\u017cycia w ci\u0105gu dnia. Produkt nie mo\u017ce by\u0107 stosowany jako substytut zr\u00f3\u017cnicowanej diety. Preparat nie jest przeznaczony dla dzieci, kobiet w ci\u0105\u017cy oraz karmi\u0105cych. Zr\u00f3wnowa\u017cona dieta i zdrowy tryb \u017cycia s\u0105 wa\u017cne. Produkt mo\u017ce zawiera\u0107 alergeny takie jak: mleko, soja, pszenica, j\u0119czmie\u0144, owies, jaja, orzeszki ziemne i orzechy.<\/p>\n","protected":false},"excerpt":{"rendered":"<p>VIT. D3+K2 (MK-7) Suplement diety zawieraj\u0105cy 2000 IU witaminy D3 oraz 75 \u00b5g witaminy K2 w jednej kapsu\u0142ce, wspieraj\u0105cy zdrowie ko\u015bci, uk\u0142ad odporno\u015bciowy oraz prawid\u0142owe wch\u0142anianie wapnia. Zalety produktu: Wsparcie uk\u0142adu odporno\u015bciowego \u2013 witamina D3 pomaga w prawid\u0142owym funkcjonowaniu uk\u0142adu odporno\u015bciowego. Wspomaganie zdrowych ko\u015bci \u2013 witamina D3 i K2 wspieraj\u0105 utrzymanie zdrowych ko\u015bci i z\u0119b\u00f3w&#8230;.<\/p>\n","protected":false},"featured_media":51050,"comment_status":"closed","ping_status":"closed","template":"","meta":[],"product_brand":[],"product_cat":[728,869,850],"product_tag":[],"class_list":{"0":"post-10084","1":"product","2":"type-product","3":"status-publish","4":"has-post-thumbnail","6":"product_cat-suplementy-diety","7":"product_cat-witaminy-i-mineraly","8":"product_cat-zdrowie-i-odpornosc","10":"first","11":"instock","12":"taxable","13":"shipping-taxable","14":"purchasable","15":"product-type-simple"},"_links":{"self":[{"href":"https:\/\/muscleforge.nl\/pl\/wp-json\/wp\/v2\/product\/10084","targetHints":{"allow":["GET"]}}],"collection":[{"href":"https:\/\/muscleforge.nl\/pl\/wp-json\/wp\/v2\/product"}],"about":[{"href":"https:\/\/muscleforge.nl\/pl\/wp-json\/wp\/v2\/types\/product"}],"replies":[{"embeddable":true,"href":"https:\/\/muscleforge.nl\/pl\/wp-json\/wp\/v2\/comments?post=10084"}],"wp:featuredmedia":[{"embeddable":true,"href":"https:\/\/muscleforge.nl\/pl\/wp-json\/wp\/v2\/media\/51050"}],"wp:attachment":[{"href":"https:\/\/muscleforge.nl\/pl\/wp-json\/wp\/v2\/media?parent=10084"}],"wp:term":[{"taxonomy":"product_brand","embeddable":true,"href":"https:\/\/muscleforge.nl\/pl\/wp-json\/wp\/v2\/product_brand?post=10084"},{"taxonomy":"product_cat","embeddable":true,"href":"https:\/\/muscleforge.nl\/pl\/wp-json\/wp\/v2\/product_cat?post=10084"},{"taxonomy":"product_tag","embeddable":true,"href":"https:\/\/muscleforge.nl\/pl\/wp-json\/wp\/v2\/product_tag?post=10084"}],"curies":[{"name":"wp","href":"https:\/\/api.w.org\/{rel}","templated":true}]}}