{"id":10096,"date":"2020-11-10T15:32:42","date_gmt":"2020-11-10T14:32:42","guid":{"rendered":"https:\/\/muscleforge.nl\/product\/trec-nutrition-gh-up-120-kaps\/"},"modified":"2024-12-06T16:31:15","modified_gmt":"2024-12-06T15:31:15","slug":"trec-nutrition-gh-up-120-kaps","status":"publish","type":"product","link":"https:\/\/muscleforge.nl\/pl\/produkt\/trec-nutrition-gh-up-120-kaps\/","title":{"rendered":"Trec Nutrition GH Up 120 kaps."},"content":{"rendered":"<h1>GH UP<\/h1>\n<h3 class=\"product-additional-text font-weight-light\">Aminokwasy zwi\u0119kszaj\u0105ce wydzielanie hormonu wzrostu<\/h3>\n<p><strong>Zalety produktu:<\/strong><\/p>\n<ul>\n<li><strong>Wspomaganie naturalnej produkcji hormonu wzrostu<\/strong> \u2013 sk\u0142adniki takie jak arginina, ornityna oraz alfa-ketoglutaran wspieraj\u0105 wydzielanie hormonu wzrostu.<\/li>\n<li><strong>Lepsza regeneracja<\/strong> \u2013 GH Up wspomaga regeneracj\u0119 organizmu po intensywnych treningach, poprawiaj\u0105c czas potrzebny do pe\u0142nej odbudowy mi\u0119\u015bni.<\/li>\n<li><strong>Zwi\u0119kszenie masy mi\u0119\u015bniowej<\/strong> \u2013 suplement wspomaga budowanie masy mi\u0119\u015bniowej, co jest szczeg\u00f3lnie istotne w przypadku intensywnych trening\u00f3w si\u0142owych.<\/li>\n<li><strong>Poprawa wydolno\u015bci<\/strong> \u2013 GH Up wspiera wytrzyma\u0142o\u015b\u0107 i energi\u0119 organizmu, co mo\u017ce przyczyni\u0107 si\u0119 do lepszych wynik\u00f3w sportowych.<\/li>\n<\/ul>\n<p><strong>Trec Nutrition GH Up<\/strong> to suplement diety, kt\u00f3ry wspomaga naturaln\u0105 produkcj\u0119 hormonu wzrostu (GH) w organizmie. Jest idealny dla os\u00f3b intensywnie trenuj\u0105cych, szczeg\u00f3lnie w sportach si\u0142owych i wytrzyma\u0142o\u015bciowych. GH Up pomaga zwi\u0119kszy\u0107 poziom hormonu wzrostu, co przyczynia si\u0119 do szybszej regeneracji mi\u0119\u015bni, lepszego rozwoju masy mi\u0119\u015bniowej i poprawy wydolno\u015bci.<\/p>\n<p>Dzi\u0119ki zawarto\u015bci L-argininy, L-ornityny i alfa-ketoglutaran\u00f3w, suplement wspiera wydzielanie hormonu wzrostu i wspomaga procesy spalania t\u0142uszczu. Regularne stosowanie GH Up przyspiesza regeneracj\u0119 po treningach, a tak\u017ce poprawia jako\u015b\u0107 snu, co ma istotne znaczenie dla regeneracji organizmu. To doskona\u0142e wsparcie dla os\u00f3b d\u0105\u017c\u0105cych do optymalizacji wynik\u00f3w treningowych i zwi\u0119kszenia masy mi\u0119\u015bniowej.<\/p>\n<p>&nbsp;<\/p>\n<h3>SPOS\u00d3B U\u017bYCIA<\/h3>\n<p>Jednorazow\u0105 porcj\u0119 preparatu \u2012 6 kapsu\u0142ek popi\u0107 300 ml wody. Stosowa\u0107 1 porcj\u0119 dziennie, 30 min. przed snem.<\/p>\n<p>&nbsp;<\/p>\n<h3>Warto\u015bci Od\u017cywcze<\/h3>\n<table>\n<thead>\n<tr>\n<th><strong>Sk\u0142adniki aktywne<\/strong><\/th>\n<th><strong>Na 6 kapsu\u0142ek<\/strong><\/th>\n<\/tr>\n<\/thead>\n<tbody>\n<tr>\n<td>L-Arginina<\/td>\n<td>1695,00 mg<\/td>\n<\/tr>\n<tr>\n<td>L-Lizyna<\/td>\n<td>1200,00 mg<\/td>\n<\/tr>\n<tr>\n<td>L-Ornityna<\/td>\n<td>750,00 mg<\/td>\n<\/tr>\n<tr>\n<td>Kwas Gamma-Aminomas\u0142owy (GABA)<\/td>\n<td>750,00 mg<\/td>\n<\/tr>\n<tr>\n<td>L-Tryptofan<\/td>\n<td>300,00 mg<\/td>\n<\/tr>\n<tr>\n<td>D-Aspartam (DAA)<\/td>\n<td>200,00 mg<\/td>\n<\/tr>\n<tr>\n<td>L-Cytrulina<\/td>\n<td>112,00 mg<\/td>\n<\/tr>\n<tr>\n<td>L-Glicyna<\/td>\n<td>100,00 mg<\/td>\n<\/tr>\n<\/tbody>\n<\/table>\n<p>&nbsp;<\/p>\n<h3>Sk\u0142ad<\/h3>\n<p>Alfaketoglutaran L-argininy; chlorowodorek L-lizyny; alfaketoglutaran L-ornityny; jab\u0142czan L-argininy; otoczka kapsu\u0142ki (\u017celatyna; barwniki \u2013 tlenki i wodorotlenki \u017celaza, dwutlenek tytanu); kwas gamma-aminomas\u0142owy (GABA); L-tryptofan; substancja przeciwzbrylaj\u0105ca \u2013 sole magnezowe kwas\u00f3w t\u0142uszczowych<em>;\u00a0<\/em>L-teanina; L-glicyna; jab\u0142czan cytruliny.<\/p>\n<h3>OSTRZE\u017bENIA<\/h3>\n<p>Nie nale\u017cy przekracza\u0107 zalecanej porcji do spo\u017cycia w ci\u0105gu dnia. Produkt nie mo\u017ce by\u0107 stosowany jako substytut zr\u00f3\u017cnicowanej diety. Preparat nie jest przeznaczony dla dzieci, kobiet w ci\u0105\u017cy oraz karmi\u0105cych. Zr\u00f3wnowa\u017cona dieta i zdrowy tryb \u017cycia s\u0105 wa\u017cne. Produkt mo\u017ce zawiera\u0107:\u00a0mleko,\u00a0soj\u0119,\u00a0zbo\u017ca zawieraj\u0105ce gluten,\u00a0jaja,\u00a0orzeszki ziemne\u00a0i\u00a0orzechy.<\/p>\n","protected":false},"excerpt":{"rendered":"<p>GH UP Aminokwasy zwi\u0119kszaj\u0105ce wydzielanie hormonu wzrostu Zalety produktu: Wspomaganie naturalnej produkcji hormonu wzrostu \u2013 sk\u0142adniki takie jak arginina, ornityna oraz alfa-ketoglutaran wspieraj\u0105 wydzielanie hormonu wzrostu. Lepsza regeneracja \u2013 GH Up wspomaga regeneracj\u0119 organizmu po intensywnych treningach, poprawiaj\u0105c czas potrzebny do pe\u0142nej odbudowy mi\u0119\u015bni. Zwi\u0119kszenie masy mi\u0119\u015bniowej \u2013 suplement wspomaga budowanie masy mi\u0119\u015bniowej, co jest&#8230;<\/p>\n","protected":false},"featured_media":7705,"comment_status":"closed","ping_status":"closed","template":"","meta":[],"product_brand":[],"product_cat":[728,867,857],"product_tag":[],"class_list":{"0":"post-10096","1":"product","2":"type-product","3":"status-publish","4":"has-post-thumbnail","6":"product_cat-suplementy-diety","7":"product_cat-boostery-testosteronu-hormonu-wzrostu","8":"product_cat-libido-pl","10":"first","11":"instock","12":"featured","13":"taxable","14":"shipping-taxable","15":"purchasable","16":"product-type-simple"},"_links":{"self":[{"href":"https:\/\/muscleforge.nl\/pl\/wp-json\/wp\/v2\/product\/10096","targetHints":{"allow":["GET"]}}],"collection":[{"href":"https:\/\/muscleforge.nl\/pl\/wp-json\/wp\/v2\/product"}],"about":[{"href":"https:\/\/muscleforge.nl\/pl\/wp-json\/wp\/v2\/types\/product"}],"replies":[{"embeddable":true,"href":"https:\/\/muscleforge.nl\/pl\/wp-json\/wp\/v2\/comments?post=10096"}],"wp:featuredmedia":[{"embeddable":true,"href":"https:\/\/muscleforge.nl\/pl\/wp-json\/wp\/v2\/media\/7705"}],"wp:attachment":[{"href":"https:\/\/muscleforge.nl\/pl\/wp-json\/wp\/v2\/media?parent=10096"}],"wp:term":[{"taxonomy":"product_brand","embeddable":true,"href":"https:\/\/muscleforge.nl\/pl\/wp-json\/wp\/v2\/product_brand?post=10096"},{"taxonomy":"product_cat","embeddable":true,"href":"https:\/\/muscleforge.nl\/pl\/wp-json\/wp\/v2\/product_cat?post=10096"},{"taxonomy":"product_tag","embeddable":true,"href":"https:\/\/muscleforge.nl\/pl\/wp-json\/wp\/v2\/product_tag?post=10096"}],"curies":[{"name":"wp","href":"https:\/\/api.w.org\/{rel}","templated":true}]}}