{"id":10191,"date":"2020-11-09T16:30:01","date_gmt":"2020-11-09T15:30:01","guid":{"rendered":"https:\/\/muscleforge.nl\/product\/scitec-crea-bomb-660g-passioin-fruit\/"},"modified":"2024-12-11T13:34:50","modified_gmt":"2024-12-11T12:34:50","slug":"scitec-crea-bomb-660g-passioin-fruit","status":"publish","type":"product","link":"https:\/\/muscleforge.nl\/pl\/produkt\/scitec-crea-bomb-660g-passioin-fruit\/","title":{"rendered":"Scitec Nutrition CREA BOMB 660g"},"content":{"rendered":"<h1><strong>Scitec Nutrition CREA BOMB<\/strong><\/h1>\n<h3>Suplement diety zawieraj\u0105cy 5 form kreatyny, tauryn\u0119, magnez oraz witamin\u0119 B3, wspomagaj\u0105cy si\u0142\u0119, wytrzyma\u0142o\u015b\u0107 i regeneracj\u0119 organizmu.<\/h3>\n<h3><strong>Zalety produktu:<\/strong><\/h3>\n<ul>\n<li><strong>Zwi\u0119kszenie si\u0142y i wytrzyma\u0142o\u015bci<\/strong> \u2013 Dzi\u0119ki 5 r\u00f3\u017cnym formom kreatyny, suplement wspomaga produkcj\u0119 ATP, co przek\u0142ada si\u0119 na lepsz\u0105 wydolno\u015b\u0107 i si\u0142\u0119, szczeg\u00f3lnie podczas intensywnych trening\u00f3w.<\/li>\n<li><strong>Wspomaganie produkcji masy mi\u0119\u015bniowej<\/strong> \u2013 Kreatyna w r\u00f3\u017cnych formach skutecznie wspiera rozw\u00f3j masy mi\u0119\u015bniowej, pomagaj\u0105c w jej budowie i regeneracji.<\/li>\n<li><strong>Szybsza regeneracja<\/strong> \u2013 Tauryna wspomaga regeneracj\u0119 mi\u0119\u015bni po wysi\u0142ku, a magnez przyspiesza procesy naprawcze.<\/li>\n<li><strong>Poprawa metabolizmu i zdrowia psychicznego<\/strong> \u2013 Witamina B3 (niacyna) wspiera metabolizm, poprawiaj\u0105c wydolno\u015b\u0107 organizmu, a tak\u017ce wp\u0142ywa korzystnie na koncentracj\u0119 i samopoczucie.<\/li>\n<\/ul>\n<div><strong>Scitec Nutrition CREA BOMB <\/strong>to zaawansowany suplement diety zawieraj\u0105cy kombinacj\u0119 pi\u0119ciu form kreatyny, kt\u00f3re synergicznie wspieraj\u0105 produkcj\u0119 ATP i zwi\u0119kszaj\u0105 wydolno\u015b\u0107 organizmu. Dzi\u0119ki zawarto\u015bci tauryny, magnezu i witaminy B3, produkt ten pomaga w szybkim rozwoju masy mi\u0119\u015bniowej, regeneracji organizmu i utrzymaniu optymalnego poziomu energii podczas trening\u00f3w. Jest to idealny wyb\u00f3r dla os\u00f3b d\u0105\u017c\u0105cych do poprawy wynik\u00f3w w treningach si\u0142owych i wytrzyma\u0142o\u015bciowych.<\/div>\n<div><\/div>\n<h3 class=\"p-header2\">SPOS\u00d3B U\u017bYCIA<\/h3>\n<p>Nale\u017cy rozpu\u015bci\u0107 jedn\u0105 porcj\u0119 produktu (6 g) w 400 ml wody. W fazie \u0142adowania kreatyn\u0105 zaleca si\u0119 codzienne stosowanie jednej porcji produktu CREA-BOMB na ka\u017cde 15 kg masy cia\u0142a. Roz\u0142\u00f3\u017c ca\u0142kowit\u0105 ilo\u015b\u0107 do spo\u017cycia na kilka porcji w ci\u0105gu dnia, spo\u017cywaj przed posi\u0142kami. Po 5 dniach zredukuj dzienne spo\u017cycie produktu do 1 porcji produktu (6 g) w celu utrzymania zasob\u00f3w kreatyny w organizmie. Je\u015bli nie chcesz przeprowadza\u0107 fazy \u0142adowania, od razu zacznij od stosowania 1 porcji dziennie.<\/p>\n<p>&nbsp;<\/p>\n<div id=\"p-table\" class=\"box\">\n<h3 class=\"l-title\"><strong>INFORMACJE DOTYCZ\u0104CE PRODUKTU<\/strong><\/h3>\n<table class=\"table composition\">\n<thead>\n<tr>\n<td colspan=\"3\">Warto\u015b\u0107 od\u017cywcza \/ Informacja \u017cywieniowa<\/td>\n<\/tr>\n<tr>\n<td><\/td>\n<td>na\u00a06 g<\/td>\n<td>%\u00a0RWS*<\/td>\n<\/tr>\n<\/thead>\n<tbody>\n<tr>\n<td class=\"composition-header\"><strong>Mieszanka kreatynowa Multi-Creatine Matrix, w tym: *<\/strong><\/td>\n<td class=\"composition\">5000\u00a0mg<\/td>\n<td class=\"composition\">&#8211;<\/td>\n<\/tr>\n<tr>\n<td class=\"composition-header\">&#8211; \u0141\u0105czna zawarto\u015b\u0107 kreatyny<\/td>\n<td class=\"composition\">4393\u00a0mg<\/td>\n<td class=\"composition\">&#8211;<\/td>\n<\/tr>\n<tr>\n<td class=\"composition-header\">&#8211; Monohydrat kreatyny<\/td>\n<td class=\"composition\">&#8211;<\/td>\n<td class=\"composition\">&#8211;<\/td>\n<\/tr>\n<tr>\n<td class=\"composition-header\">&#8211; Mikronizowany monohydrat kreatyny MicronTec<\/td>\n<td class=\"composition\">&#8211;<\/td>\n<td class=\"composition\">&#8211;<\/td>\n<\/tr>\n<tr>\n<td class=\"composition-header\">&#8211; Kre-Alkalyn\u00ae (buforowany monohydrat kreatyny)<\/td>\n<td class=\"composition\">&#8211;<\/td>\n<td class=\"composition\">&#8211;<\/td>\n<\/tr>\n<tr>\n<td class=\"composition-header\">&#8211; Cytrynian kreatyny<\/td>\n<td class=\"composition\">&#8211;<\/td>\n<td class=\"composition\">&#8211;<\/td>\n<\/tr>\n<tr>\n<td class=\"composition-header\">&#8211; Kreatyna bezwodna<\/td>\n<td class=\"composition\">&#8211;<\/td>\n<td class=\"composition\">&#8211;<\/td>\n<\/tr>\n<tr>\n<td class=\"composition-header\">&#8211; Pirogronian kreatyny<\/td>\n<td class=\"composition\">&#8211;<\/td>\n<td class=\"composition\">&#8211;<\/td>\n<\/tr>\n<tr>\n<td class=\"composition-header\"><strong>Mieszanka Support Matrix, w tym: *<\/strong><\/td>\n<td class=\"composition\">621.92\u00a0mg<\/td>\n<td class=\"composition\">&#8211;<\/td>\n<\/tr>\n<tr>\n<td class=\"composition-header\">&#8211; Tauryna<\/td>\n<td class=\"composition\">500\u00a0mg<\/td>\n<td class=\"composition\">&#8211;<\/td>\n<\/tr>\n<tr>\n<td class=\"composition-header\">&#8211; Tlenek magnezu<\/td>\n<td class=\"composition\">109.4\u00a0mg<\/td>\n<td class=\"composition\">&#8211;<\/td>\n<\/tr>\n<tr>\n<td class=\"composition-header\">&#8211; Kwas jab\u0142kowy<\/td>\n<td class=\"composition\">10\u00a0mg<\/td>\n<td class=\"composition\">&#8211;<\/td>\n<\/tr>\n<tr>\n<td class=\"composition-header\">&#8211; Amid kwasu nikotynowego<\/td>\n<td class=\"composition\">2.52\u00a0mg<\/td>\n<td class=\"composition\">&#8211;<\/td>\n<\/tr>\n<tr>\n<td class=\"composition-header\">Magnez<\/td>\n<td class=\"composition\">57\u00a0mg<\/td>\n<td class=\"composition\">15\u00a0%<\/td>\n<\/tr>\n<tr>\n<td class=\"composition-header\">Niacyna (witamina B3)<\/td>\n<td class=\"composition\">2.5\u00a0mg<\/td>\n<td class=\"composition\">15\u00a0%<\/td>\n<\/tr>\n<\/tbody>\n<\/table>\n<\/div>\n<div id=\"p-ingredients\" class=\"box\">\n<p class=\"l-title\"><strong>SK\u0141ADNIKI<\/strong><\/p>\n<p><b>R\u00f3\u017cowa lemoniada:<\/b>\u00a0monohydratkreatyny, tauryna, aromat (r\u00f3\u017cowej lemoniady), tlenek magnezu, substancja przeciwzbrylaj\u0105ca (fosforan triwapniowy), mikronizowany monohydrat kreatyny, barwnik (czerwie\u0144 buraczana), substancje s\u0142odz\u0105ce (acesulfam K, sukraloza), regulator kwasowo\u015bci (kwas cytrynowy), Kre-Alkalyn\u00ae (buforowany mnohydrat kreatyny), cytrynian kreatyny, kreatyna bezwodna, pirogronian kreatyny, kwas DL-jab\u0142kowy, amid kwasu nikotynowego.<\/p>\n<p><b>Marakuja:<\/b>\u00a0monohydrat kreatyny, tauryna, aromat (marakuji), tlenek magnezu, substancje s\u0142odz\u0105ce (sukraloza, acesulfam K), mikronizowany monohydrat kreatyny, substancja przeciwzbrylaj\u0105ca (fosforan triwapniowy), barwniki (ryboflawiny, karmoizyna**), Kre-Alkalyn\u00ae (buforowany monohydrat kreatyny), cytrynian kreatyny, kreatyna bezwodna, pirogronian kreatyny, kwas DL-jab\u0142kowy, amid kwasu nikotynowego.<\/p>\n<h3 class=\"p-header2\">Informacje alergiczne<\/h3>\n<p>Mo\u017cliwa obecno\u015b\u0107 mleka, jaj, glutenu, soi, orzeszk\u00f3w ziemnych, orzech\u00f3w, selera, ryb i skorupiak\u00f3w.<\/p>\n<h3 class=\"p-header2\">Uwaga<\/h3>\n<p>Nie nale\u017cy przekracza\u0107 zalecanej porcji do spo\u017cycia w ci\u0105gu dnia! Suplement diety nie mo\u017ce by\u0107 stosowany jako substytut (zamiennik) zr\u00f3\u017cnicowanej diety.<\/p>\n<\/div>\n","protected":false},"excerpt":{"rendered":"<p>Scitec Nutrition CREA BOMB Suplement diety zawieraj\u0105cy 5 form kreatyny, tauryn\u0119, magnez oraz witamin\u0119 B3, wspomagaj\u0105cy si\u0142\u0119, wytrzyma\u0142o\u015b\u0107 i regeneracj\u0119 organizmu. Zalety produktu: Zwi\u0119kszenie si\u0142y i wytrzyma\u0142o\u015bci \u2013 Dzi\u0119ki 5 r\u00f3\u017cnym formom kreatyny, suplement wspomaga produkcj\u0119 ATP, co przek\u0142ada si\u0119 na lepsz\u0105 wydolno\u015b\u0107 i si\u0142\u0119, szczeg\u00f3lnie podczas intensywnych trening\u00f3w. Wspomaganie produkcji masy mi\u0119\u015bniowej \u2013 Kreatyna&#8230;<\/p>\n","protected":false},"featured_media":10327,"comment_status":"closed","ping_status":"closed","template":"","meta":[],"product_brand":[],"product_cat":[728,842],"product_tag":[],"class_list":{"0":"post-10191","1":"product","2":"type-product","3":"status-publish","4":"has-post-thumbnail","6":"product_cat-suplementy-diety","7":"product_cat-mixy-kreatynowe","9":"first","10":"instock","11":"featured","12":"taxable","13":"shipping-taxable","14":"purchasable","15":"product-type-variable"},"_links":{"self":[{"href":"https:\/\/muscleforge.nl\/pl\/wp-json\/wp\/v2\/product\/10191","targetHints":{"allow":["GET"]}}],"collection":[{"href":"https:\/\/muscleforge.nl\/pl\/wp-json\/wp\/v2\/product"}],"about":[{"href":"https:\/\/muscleforge.nl\/pl\/wp-json\/wp\/v2\/types\/product"}],"replies":[{"embeddable":true,"href":"https:\/\/muscleforge.nl\/pl\/wp-json\/wp\/v2\/comments?post=10191"}],"wp:featuredmedia":[{"embeddable":true,"href":"https:\/\/muscleforge.nl\/pl\/wp-json\/wp\/v2\/media\/10327"}],"wp:attachment":[{"href":"https:\/\/muscleforge.nl\/pl\/wp-json\/wp\/v2\/media?parent=10191"}],"wp:term":[{"taxonomy":"product_brand","embeddable":true,"href":"https:\/\/muscleforge.nl\/pl\/wp-json\/wp\/v2\/product_brand?post=10191"},{"taxonomy":"product_cat","embeddable":true,"href":"https:\/\/muscleforge.nl\/pl\/wp-json\/wp\/v2\/product_cat?post=10191"},{"taxonomy":"product_tag","embeddable":true,"href":"https:\/\/muscleforge.nl\/pl\/wp-json\/wp\/v2\/product_tag?post=10191"}],"curies":[{"name":"wp","href":"https:\/\/api.w.org\/{rel}","templated":true}]}}