{"id":10194,"date":"2020-11-09T15:57:53","date_gmt":"2020-11-09T14:57:53","guid":{"rendered":"https:\/\/muscleforge.nl\/product\/scitec-amino-charge-600g-apple\/"},"modified":"2021-04-20T13:46:04","modified_gmt":"2021-04-20T11:46:04","slug":"scitec-amino-charge-600g-apple","status":"publish","type":"product","link":"https:\/\/muscleforge.nl\/pl\/produkt\/scitec-amino-charge-600g-apple\/","title":{"rendered":"Scitec Nutrition Amino Charge 600g"},"content":{"rendered":"<h1 id=\"p_name\">Amino Charge<\/h1>\n<h3 id=\"p_subname\">Skoncentrowane \u017ar\u00f3d\u0142o aminokwas\u00f3w, booster treningowy<\/h3>\n<p>&nbsp;<\/p>\n<ul>\n<li>Zawarto\u015b\u0107 wszystkich aminokwas\u00f3w w porcji &#8211; 15.7 g!<\/li>\n<li>Zawiera wszystkie 9 aminokwas\u00f3w egzogennych.<\/li>\n<li>6g BCAA w porcji &#8211; L-Leucyna, L-Izoleucyna, L-Walina w proporcji 2:1:1!<\/li>\n<li>3g L- Glutaminy!<\/li>\n<li>100 mg kofeiny!<\/li>\n<li>Bez dodatku cukru!<\/li>\n<\/ul>\n<p>&nbsp;<\/p>\n<p>Amino Charge to kompleks aminokwas\u00f3w niezb\u0119dnych, kt\u00f3ry mo\u017cna za\u017cywa\u0107 przed lub podczas treningu. Przez ca\u0142y dzie\u0144 dostarcza energii do pracy umys\u0142owej i fizycznej, dzi\u0119ki zawartej w niej kofeinie. Sprzyja efektywno\u015bci Twojego treningu oraz dostarcza energii z 15 aktywnych sk\u0142adnik\u00f3w.<\/p>\n<p>Nasz produkt zawiera wszystkie 9 aminokwas\u00f3w egzogennych, w tym tak\u017ce aminokwas\u00f3w o rozga\u0142\u0119zionych \u0142a\u0144cuchach bocznych (BCAA). Aminokwasy egzogenne (leucyna, izoleucyna, walina, fenyloalanina, metionina, tryptofan, histydyna, lizyna, treonina,) s\u0105 bardzo istotne dla nas, poniewa\u017c nasz organizm nie mo\u017ce je syntetyzowa\u0107 samodzielnie, wi\u0119c musz\u0105 zosta\u0107 dostarczane w po\u017cywieniu lub w formie suplement\u00f3w diety. Aminokwasy BCAA stanowi\u0105 oko\u0142o 35% masy mi\u0119\u015bniowej.\u00a0<strong>L-Glutamina<\/strong>\u00a0jest najobficiej wyst\u0119puj\u0105cym aminokwasem w krwiobiegu.\u00a0<strong>L-Glutamina\u00a0<\/strong>i\u00a0<strong>L-Arginina\u00a0<\/strong>s\u0105 niezb\u0119dne np. w trakcie intensywnego treningu si\u0142owego, kiedy nasz organizm nie jest w stanie samodzielnie je syntetyzowa\u0107. L-Arginina jest prekursorem kreatyny oraz tlenku azotu (NO), dlatego jest powszechnie stosowana przez sportowc\u00f3w i kulturyst\u00f3w przed intensywnym treningiem si\u0142owym. L-Cytrulina jest r\u00f3wnie\u017c wa\u017cnym prekursorem tlenku azotu (NO).<\/p>\n<p>Jedna porcja Amino Charge zawiera 100 mg kofeiny, kt\u00f3ra przyczynia si\u0119 do lepszej koncentracji, skupienia uwagi oraz zwi\u0119kszenia intensywno\u015bci treningu.*<\/p>\n<p><em>*O\u015bwiadczenie udowodnione naukowo przez Europejski Urz\u0105d ds. Bezpiecze\u0144stwa \u017bywno\u015bci (EFSA) oraz zatwierdzone przez Komisj\u0119 Europejsk\u0105 (EC)<\/em><\/p>\n<p>&nbsp;<\/p>\n<h3 class=\"p-header2\">Zalecana porcja do spo\u017cycia w ci\u0105gu dnia<\/h3>\n<p><strong>Jab\u0142kowy, Brzoskwiniowy, Gumy balonowej, Cola:<\/strong><br \/>\nWymiesza\u0107 1 porcj\u0119 (19 g) z 500 ml wody i wypi\u0107 raz dziennie w trakcie treningu.<br \/>\n<strong>Niebieskiej maliny:<\/strong><br \/>\nWymiesza\u0107 1 porcj\u0119 (20 g) z 500 ml wody i wypi\u0107 raz dziennie w trakcie treningu.<\/p>\n<h3 class=\"p-header2\">Informacje dot. alergen\u00f3w<\/h3>\n<p>Mo\u017cliwa obecno\u015b\u0107 mleka, jaj, glutenu, soi, orzech\u00f3w, orzeszk\u00f3w ziemnych, selera, ryb i skorupiak\u00f3w.<\/p>\n<h3 class=\"p-header2\">Uwaga!<\/h3>\n<p>Nie nale\u017cy przekracza\u0107 zalecanej porcji do spo\u017cycia w ci\u0105gu dnia! Suplement diety nie mo\u017ce by\u0107 stosowany jako substytut (zamiennik) zr\u00f3\u017cnicowanej diety.<\/p>\n<p>&nbsp;<\/p>\n<div id=\"p-table\" class=\"box\">\n<p class=\"l-title\"><strong>INFORMACJE DOTYCZ\u0104CE PRODUKTU<\/strong><\/p>\n<div class=\"box_border\">\n<table id=\"t-product\" border=\"0\" width=\"958\" cellspacing=\"0\" cellpadding=\"0\">\n<tbody>\n<tr class=\"alsoborder\">\n<td colspan=\"8\"><strong>JAB\u0141KOWY, BRZOSKWINIOWY, GUMY BALONOWEJ, COLA<\/strong><\/td>\n<\/tr>\n<tr class=\"t-row\">\n<td colspan=\"8\"><strong>Dzienna porcja:<\/strong><b>\u00a0<\/b>19 g<\/td>\n<\/tr>\n<tr>\n<td colspan=\"2\" rowspan=\"1\" width=\"37%\"><strong>Dzienna porcja<br \/>\n(19 g)<\/strong><\/td>\n<td align=\"right\" width=\"10%\"><strong>RWS*%\/<br \/>\nDzienna porcja<\/strong><\/td>\n<td width=\"6%\"><\/td>\n<td colspan=\"2\" rowspan=\"1\" width=\"37%\"><strong>Dzienna porcja<br \/>\n(19 g)<\/strong><\/td>\n<td align=\"right\" width=\"10%\"><strong>RWS*%\/<br \/>\nDzienna porcja<\/strong><\/td>\n<\/tr>\n<tr class=\"t-row\">\n<td>l-leucyna<\/td>\n<td align=\"right\">3000 mg<\/td>\n<td>**<\/td>\n<td><\/td>\n<td>l-tryptofan<\/td>\n<td align=\"right\">100 mg<\/td>\n<td align=\"right\">**<\/td>\n<\/tr>\n<tr>\n<td height=\"10\">l-izoleucyna<\/td>\n<td align=\"right\">1500 mg<\/td>\n<td>**<\/td>\n<td><\/td>\n<td>l-glutamina<\/td>\n<td align=\"right\">3000 mg<\/td>\n<td align=\"right\">**<\/td>\n<\/tr>\n<tr class=\"t-row\">\n<td height=\"10\">l-walina<\/td>\n<td align=\"right\">1500 mg<\/td>\n<td>**<\/td>\n<td><\/td>\n<td>Chlorowodorek l-argininy<\/td>\n<td align=\"right\">1000 mg<\/td>\n<td align=\"right\">**<\/td>\n<\/tr>\n<tr>\n<td height=\"10\">Chlorowodorek l-lizyny<\/td>\n<td align=\"right\">500 mg<\/td>\n<td>**<\/td>\n<td><\/td>\n<td>&#8211; w tym l-arginina<\/td>\n<td align=\"right\">827 mg<\/td>\n<td align=\"right\">**<\/td>\n<\/tr>\n<tr class=\"t-row\">\n<td height=\"10\">&#8211; w tym l-lizyna<\/td>\n<td align=\"right\">400 mg<\/td>\n<td>**<\/td>\n<td><\/td>\n<td>l-tyrozyna<\/td>\n<td align=\"right\">1000 mg<\/td>\n<td align=\"right\">**<\/td>\n<\/tr>\n<tr>\n<td height=\"10\">l-histydyna<\/td>\n<td align=\"right\">250 mg<\/td>\n<td>**<\/td>\n<td><\/td>\n<td>l-cytrulina<\/td>\n<td align=\"right\">3000 mg<\/td>\n<td align=\"right\">**<\/td>\n<\/tr>\n<tr class=\"t-row\">\n<td height=\"10\">l-metionina<\/td>\n<td align=\"right\">250 mg<\/td>\n<td>**<\/td>\n<td><\/td>\n<td>kofeina<\/td>\n<td align=\"right\">100 mg<\/td>\n<td align=\"right\">**<\/td>\n<\/tr>\n<tr>\n<td height=\"10\">l-fenyloalanina<\/td>\n<td align=\"right\">250 mg<\/td>\n<td>**<\/td>\n<td><\/td>\n<td>l-teanina<\/td>\n<td align=\"right\">100 mg<\/td>\n<td align=\"right\">**<\/td>\n<\/tr>\n<tr class=\"t-row2\">\n<td height=\"10\">l-treonina<\/td>\n<td align=\"right\">250 mg<\/td>\n<td>**<\/td>\n<td><\/td>\n<td><\/td>\n<td align=\"right\"><\/td>\n<td align=\"right\"><\/td>\n<\/tr>\n<tr class=\"alsoborder\">\n<td colspan=\"7\"><\/td>\n<\/tr>\n<\/tbody>\n<\/table>\n<table id=\"t-product\" border=\"0\" width=\"958\" cellspacing=\"0\" cellpadding=\"0\">\n<tbody>\n<tr class=\"t-row\">\n<td colspan=\"8\"><strong>NIEBIESKIEJ MALINY<\/strong><\/td>\n<\/tr>\n<tr>\n<td colspan=\"8\"><strong>Dzienna porcja:<\/strong><b>\u00a0<\/b>20 g<\/td>\n<\/tr>\n<tr class=\"t-row\">\n<td colspan=\"2\" rowspan=\"1\" width=\"37%\"><strong>Dzienna porcja<br \/>\n(20 g)<\/strong><\/td>\n<td align=\"right\" width=\"10%\"><strong>RWS*%\/<br \/>\nDzienna porcja<\/strong><\/td>\n<td width=\"6%\"><\/td>\n<td colspan=\"2\" rowspan=\"1\" width=\"37%\"><strong>Dzienna porcja<br \/>\n(20 g)<\/strong><\/td>\n<td align=\"right\" width=\"10%\"><strong>RWS*%\/<br \/>\nDzienna porcja<\/strong><\/td>\n<\/tr>\n<tr>\n<td>l-leucyna<\/td>\n<td align=\"right\">3000 mg<\/td>\n<td>**<\/td>\n<td><\/td>\n<td>l-tryptofan<\/td>\n<td align=\"right\">100 mg<\/td>\n<td align=\"right\">**<\/td>\n<\/tr>\n<tr class=\"t-row\">\n<td height=\"10\">l-izoleucyna<\/td>\n<td align=\"right\">1500 mg<\/td>\n<td>**<\/td>\n<td><\/td>\n<td>l-glutamina<\/td>\n<td align=\"right\">3000 mg<\/td>\n<td align=\"right\">**<\/td>\n<\/tr>\n<tr>\n<td height=\"10\">l-walina<\/td>\n<td align=\"right\">1500 mg<\/td>\n<td>**<\/td>\n<td><\/td>\n<td>Chlorowodorek l-argininy<\/td>\n<td align=\"right\">1000 mg<\/td>\n<td align=\"right\">**<\/td>\n<\/tr>\n<tr class=\"t-row\">\n<td height=\"10\">Chlorowodorek l-lizyny<\/td>\n<td align=\"right\">500 mg<\/td>\n<td>**<\/td>\n<td><\/td>\n<td>&#8211; w tym l-arginina<\/td>\n<td align=\"right\">827 mg<\/td>\n<td align=\"right\">**<\/td>\n<\/tr>\n<tr>\n<td height=\"10\">&#8211; w tym l-lizyna<\/td>\n<td align=\"right\">400 mg<\/td>\n<td>**<\/td>\n<td><\/td>\n<td>l-tyrozyna<\/td>\n<td align=\"right\">1000 mg<\/td>\n<td align=\"right\">**<\/td>\n<\/tr>\n<tr class=\"t-row\">\n<td height=\"10\">l-histydyna<\/td>\n<td align=\"right\">250 mg<\/td>\n<td>**<\/td>\n<td><\/td>\n<td>l-cytrulina<\/td>\n<td align=\"right\">3000 mg<\/td>\n<td align=\"right\">**<\/td>\n<\/tr>\n<tr>\n<td height=\"10\">l-metionina<\/td>\n<td align=\"right\">250 mg<\/td>\n<td>**<\/td>\n<td><\/td>\n<td>kofeina<\/td>\n<td align=\"right\">100 mg<\/td>\n<td align=\"right\">**<\/td>\n<\/tr>\n<tr class=\"t-row\">\n<td height=\"10\">l-fenyloalanina<\/td>\n<td align=\"right\">250 mg<\/td>\n<td>**<\/td>\n<td><\/td>\n<td>l-teanina<\/td>\n<td align=\"right\">100 mg<\/td>\n<td align=\"right\">**<\/td>\n<\/tr>\n<tr>\n<td height=\"10\">l-treonina<\/td>\n<td align=\"right\">250 mg<\/td>\n<td>**<\/td>\n<td><\/td>\n<td><\/td>\n<td align=\"right\"><\/td>\n<td align=\"right\"><\/td>\n<\/tr>\n<tr>\n<td colspan=\"7\"><\/td>\n<\/tr>\n<tr class=\"felsoborder\">\n<td colspan=\"7\">* RWS: dzienna referencyjna warto\u015b\u0107 spo\u017cycia dla doros\u0142ych.<br \/>\n**: referencyjna warto\u015b\u0107 spo\u017cycia nie zosta\u0142a ustalona.<\/td>\n<\/tr>\n<\/tbody>\n<\/table>\n<\/div>\n<div class=\"clear\"><\/div>\n<\/div>\n<div id=\"p-ingredients\" class=\"box\">\n<p class=\"l-title\"><strong>SK\u0141ADNIKI<\/strong><\/p>\n<div class=\"box_border\"><strong>Jab\u0142kowy:<\/strong>\u00a0l-cytrulina, l-glutamina, l-leucyna, regulator kwasowo\u015bci (kwas jab\u0142kowy, fosforany potasu), l-izoleucyna, l-walina, chlorowodorek l-argininy, l-tyrozyna, aromat, chlorowodorek l-lizyny, chlorek sodu, l-histydyna, l-metionina, l-fenyloalanina, l-treonina, emulgator (lecytyna\u00a0<strong><u><em>sojowa<\/em><\/u><\/strong>), substancja s\u0142odz\u0105ca (sukraloza), substancja przeciwzbrylaj\u0105ca (sole magnezowe kwas\u00f3w t\u0142uszczowych), kofeina bezwodna, l-teanina, l-tryptofan.<\/p>\n<p><strong>Brzoskwiniowy:<\/strong>\u00a0l-cytrulina, l-glutamina, l-leucyna, regulator kwasowo\u015bci (kwas jab\u0142kowy, fosforany potasu), l-izoleucyna, l-walina, chlorowodorek l-argininy, l-tyrozyna, aromat, chlorowodorek l-lizyny, chlorek sodu, l-histydyna, l-metionina, l-fenyloalanina, l-treonina, emulgator (lecytyna\u00a0<u><em><strong>sojowa<\/strong><\/em><\/u>), substancja s\u0142odz\u0105ca (sukraloza), substancja przeciwzbrylaj\u0105ca (sole magnezowe kwas\u00f3w t\u0142uszczowych), kofeina bezwodna, l-teanina, l-tryptofan.<\/p>\n<p><strong>Gumy balonowej:<\/strong>\u00a0L-cytrulina, L-glutamina, L-leucyna, regulator kwasowo\u015bci (kwas jab\u0142kowy, fosforany potasu), L-izoleucyna, L-walina, chlorowodorek L-argininy, L-tyrozyna, aromaty (kiwi, melonowy, morelowy), chlorowodorek L-lizyny, chlorek sodu, L-histydyna, L-metionina, L-fenyloalanina, L-treonina, emulgator (lecytyna\u00a0<u><em><strong>sojowa<\/strong><\/em><\/u>), substancja s\u0142odz\u0105ca (sukraloza), substancja przeciwzbrylaj\u0105ca (sole magnezowe kwas\u00f3w t\u0142uszczowych), kofeina bezwodna, L-teanina, L-tryptofan.<\/p>\n<p><strong>Cola:<\/strong>\u00a0l-cytrulina, l-glutamina, l-leucyna, regulator kwasowo\u015bci (kwas jab\u0142kowy, fosforany potasu), l-izoleucyna, l-walina, chlorowodorek l-argininy, l-tyrozyna, aromat (cola), chlorowodorek l-lizyny, l-histydyna, l-metionina, l-fenyloalanina, l-treonina, emulgator (lecytyny (<u><em><strong>soja<\/strong><\/em><\/u>)), substancja s\u0142odz\u0105ca (sukraloza), chlorek sodu, substancja przeciwzbrylaj\u0105ca (sole magnezowe kwas\u00f3w t\u0142uszczowych), kofeina bezwodna, l-teanina, l-tryptofan.<\/p>\n<p><strong>Niebieskiej maliny:<\/strong>\u00a0L-cytrulina, L-glutamina, L-leucyna, regulator kwasowo\u015bci (kwas jab\u0142kowy, fosforan dipotasowy), aromat (malinowy), L-izoleucyna, L-walina, chlorowodorek L-argininy, L-tyrozyna, chlorowodorek L-lizyny, L-histydyna, L-metionina, L-fenyloalanina, L-treonina, chlorek sodu, substancja s\u0142odz\u0105ca (sukraloza), substancja przeciwzbrylaj\u0105ca (sole magnezowe kwas\u00f3w t\u0142uszczowych), kofeina bezwodna, L-teanina, L-tryptofan, emulgator (lecytyny (<u><em><strong>soja<\/strong><\/em><\/u>)).<\/div>\n<\/div>\n","protected":false},"excerpt":{"rendered":"<p>Amino Charge Skoncentrowane \u017ar\u00f3d\u0142o aminokwas\u00f3w, booster treningowy &nbsp; Zawarto\u015b\u0107 wszystkich aminokwas\u00f3w w porcji &#8211; 15.7 g! Zawiera wszystkie 9 aminokwas\u00f3w egzogennych. 6g BCAA w porcji &#8211; L-Leucyna, L-Izoleucyna, L-Walina w proporcji 2:1:1! 3g L- Glutaminy! 100 mg kofeiny! Bez dodatku cukru! &nbsp; Amino Charge to kompleks aminokwas\u00f3w niezb\u0119dnych, kt\u00f3ry mo\u017cna za\u017cywa\u0107 przed lub podczas treningu&#8230;.<\/p>\n","protected":false},"featured_media":53541,"comment_status":"closed","ping_status":"closed","template":"","meta":[],"product_brand":[],"product_cat":[728,833,835],"product_tag":[],"class_list":{"0":"post-10194","1":"product","2":"type-product","3":"status-publish","4":"has-post-thumbnail","6":"product_cat-suplementy-diety","7":"product_cat-aminokwasy","8":"product_cat-bcaa","10":"first","11":"instock","12":"featured","13":"taxable","14":"shipping-taxable","15":"purchasable","16":"product-type-variable"},"_links":{"self":[{"href":"https:\/\/muscleforge.nl\/pl\/wp-json\/wp\/v2\/product\/10194","targetHints":{"allow":["GET"]}}],"collection":[{"href":"https:\/\/muscleforge.nl\/pl\/wp-json\/wp\/v2\/product"}],"about":[{"href":"https:\/\/muscleforge.nl\/pl\/wp-json\/wp\/v2\/types\/product"}],"replies":[{"embeddable":true,"href":"https:\/\/muscleforge.nl\/pl\/wp-json\/wp\/v2\/comments?post=10194"}],"wp:featuredmedia":[{"embeddable":true,"href":"https:\/\/muscleforge.nl\/pl\/wp-json\/wp\/v2\/media\/53541"}],"wp:attachment":[{"href":"https:\/\/muscleforge.nl\/pl\/wp-json\/wp\/v2\/media?parent=10194"}],"wp:term":[{"taxonomy":"product_brand","embeddable":true,"href":"https:\/\/muscleforge.nl\/pl\/wp-json\/wp\/v2\/product_brand?post=10194"},{"taxonomy":"product_cat","embeddable":true,"href":"https:\/\/muscleforge.nl\/pl\/wp-json\/wp\/v2\/product_cat?post=10194"},{"taxonomy":"product_tag","embeddable":true,"href":"https:\/\/muscleforge.nl\/pl\/wp-json\/wp\/v2\/product_tag?post=10194"}],"curies":[{"name":"wp","href":"https:\/\/api.w.org\/{rel}","templated":true}]}}