{"id":10260,"date":"2020-10-31T13:09:10","date_gmt":"2020-10-31T12:09:10","guid":{"rendered":"https:\/\/muscleforge.nl\/product\/trec-nutrition-l-carnitine-green-tea-90-cap\/"},"modified":"2024-12-23T14:27:01","modified_gmt":"2024-12-23T13:27:01","slug":"trec-nutrition-l-carnitine-green-tea-90-cap","status":"publish","type":"product","link":"https:\/\/muscleforge.nl\/pl\/produkt\/trec-nutrition-l-carnitine-green-tea-90-cap\/","title":{"rendered":"Trec Nutrition L-Carnitine + Green Tea 90 cap."},"content":{"rendered":"<h1>Trec Nutrition L-Carnitine + Green Tea<\/h1>\n<h3>\nL-Carnitine + Green Tea to suplement wspieraj\u0105cy redukcj\u0119 tkanki t\u0142uszczowej i metabolizm, \u0142\u0105cz\u0105cy dzia\u0142anie L-karnityny i ekstraktu z zielonej herbaty.<\/h3>\n<p><strong>Zalety produktu:<\/strong><\/p>\n<ul>\n<li>Ekstrakt z zielonej herbaty wspiera metabolizm i procesy spalania t\u0142uszczu.<\/li>\n<li>Przyczynia si\u0119 do zwi\u0119kszenia energii podczas wysi\u0142ku fizycznego.<\/li>\n<li>Pomaga w redukcji tkanki t\u0142uszczowej i wspiera regeneracj\u0119.<\/li>\n<li>Idealny dla os\u00f3b aktywnych fizycznie, d\u0105\u017c\u0105cych do poprawy sylwetki.<\/li>\n<\/ul>\n<p>Trec Nutrition L-Carnitine + Green Tea to innowacyjny suplement diety \u0142\u0105cz\u0105cy skuteczno\u015b\u0107 L-karnityny i ekstraktu z zielonej herbaty. L-karnityna wspiera transport kwas\u00f3w t\u0142uszczowych do mitochondri\u00f3w, gdzie s\u0105 przekszta\u0142cane w energi\u0119, co sprzyja redukcji tkanki t\u0142uszczowej i poprawie wydolno\u015bci. Zielona herbata, bogata w polifenole, dzia\u0142a jako silny antyoksydant, wspieraj\u0105c metabolizm i chroni\u0105c kom\u00f3rki przed stresem oksydacyjnym. Suplement jest idealny dla os\u00f3b aktywnych fizycznie, kt\u00f3re chc\u0105 wspiera\u0107 proces odchudzania i regeneracj\u0119 organizmu.<\/p>\n<p>&nbsp;<\/p>\n<h3 class=\"open\" aria-expanded=\"true\">SPOS\u00d3B U\u017bYCIA<\/h3>\n<div class=\"collapse_content product_dosage\" aria-hidden=\"false\">\n<p>Zalecana dzienna porcja do spo\u017cycia to 4 kapsu\u0142ki. Preparat popi\u0107 oko\u0142o 300 ml wody.<\/p>\n<p><strong>W dni treningowe:<\/strong>4 kapsu\u0142ki 30 min. przed treningiem.<\/p>\n<p><strong>W dni nietreningowe:<\/strong>2 razy dziennie po 2 kapsu\u0142ki, najlepiej 30 min. przed posi\u0142kiem.<\/p>\n<p>&nbsp;<\/p>\n<h3>Tabela warto\u015bci od\u017cywczych:<\/h3>\n<table>\n<thead>\n<tr>\n<th><strong>Sk\u0142adniki aktywne<\/strong><\/th>\n<th><strong>w 4 kapsu\u0142kach<\/strong><\/th>\n<th><strong>w 2 kapsu\u0142kach<\/strong><\/th>\n<\/tr>\n<\/thead>\n<tbody>\n<tr>\n<td>L-Karnityna<\/td>\n<td>600,00 mg<\/td>\n<td>300,00 mg<\/td>\n<\/tr>\n<tr>\n<td>Ekstrakt Zielonej Herbaty (Camellia sinensis) [55% EGCG]<\/td>\n<td>364,00 mg<\/td>\n<td>182,00 mg<\/td>\n<\/tr>\n<tr>\n<td>&#8211; w tym EGCG<\/td>\n<td>200,00 mg<\/td>\n<td>100,00 mg<\/td>\n<\/tr>\n<\/tbody>\n<\/table>\n<p>*Dzienna porcja produktu.<\/p>\n<\/div>\n<p>&nbsp;<\/p>\n<p><strong>Sk\u0142adniki:<\/strong><\/p>\n<p>Winian L-karnityny (34 %); ekstrakt zielonej herbaty\u00a0<i>(Camellia sinensis)<\/i>\u00a0[55 % EGCG] (14 %); maltodekstryna; otoczka kapsu\u0142ki [substancja glazuruj\u0105ca (hydroksypropylometyloceluloza)]; substancja przeciwzbrylaj\u0105ca (sole magnezowe kwas\u00f3w t\u0142uszczowych)<\/p>\n<p>&nbsp;<\/p>\n<p><strong>OSTRZE\u017bENIA<\/strong>: Nie nale\u017cy przekracza\u0107 zalecanej porcji do spo\u017cycia w ci\u0105gu dnia. Produkt nie mo\u017ce by\u0107 stosowany jako substytut zr\u00f3\u017cnicowanej diety. Preparat nie jest przeznaczony dla dzieci, kobiet w ci\u0105\u017cy oraz karmi\u0105cych. Zr\u00f3wnowa\u017cona dieta i zdrowy tryb \u017cycia s\u0105 wa\u017cne. W zak\u0142adzie u\u017cywane s\u0105 alergeny takie jak: mleko, soja, pszenica, j\u0119czmie\u0144, jaja, orzeszki ziemne i orzechy.<\/p>\n","protected":false},"excerpt":{"rendered":"<p>Trec Nutrition L-Carnitine + Green Tea L-Carnitine + Green Tea to suplement wspieraj\u0105cy redukcj\u0119 tkanki t\u0142uszczowej i metabolizm, \u0142\u0105cz\u0105cy dzia\u0142anie L-karnityny i ekstraktu z zielonej herbaty. Zalety produktu: Ekstrakt z zielonej herbaty wspiera metabolizm i procesy spalania t\u0142uszczu. Przyczynia si\u0119 do zwi\u0119kszenia energii podczas wysi\u0142ku fizycznego. Pomaga w redukcji tkanki t\u0142uszczowej i wspiera regeneracj\u0119. Idealny&#8230;<\/p>\n","protected":false},"featured_media":8852,"comment_status":"closed","ping_status":"closed","template":"","meta":[],"product_brand":[],"product_cat":[728,847],"product_tag":[],"class_list":{"0":"post-10260","1":"product","2":"type-product","3":"status-publish","4":"has-post-thumbnail","6":"product_cat-suplementy-diety","7":"product_cat-spalacze","9":"first","10":"instock","11":"taxable","12":"shipping-taxable","13":"purchasable","14":"product-type-simple"},"_links":{"self":[{"href":"https:\/\/muscleforge.nl\/pl\/wp-json\/wp\/v2\/product\/10260","targetHints":{"allow":["GET"]}}],"collection":[{"href":"https:\/\/muscleforge.nl\/pl\/wp-json\/wp\/v2\/product"}],"about":[{"href":"https:\/\/muscleforge.nl\/pl\/wp-json\/wp\/v2\/types\/product"}],"replies":[{"embeddable":true,"href":"https:\/\/muscleforge.nl\/pl\/wp-json\/wp\/v2\/comments?post=10260"}],"wp:featuredmedia":[{"embeddable":true,"href":"https:\/\/muscleforge.nl\/pl\/wp-json\/wp\/v2\/media\/8852"}],"wp:attachment":[{"href":"https:\/\/muscleforge.nl\/pl\/wp-json\/wp\/v2\/media?parent=10260"}],"wp:term":[{"taxonomy":"product_brand","embeddable":true,"href":"https:\/\/muscleforge.nl\/pl\/wp-json\/wp\/v2\/product_brand?post=10260"},{"taxonomy":"product_cat","embeddable":true,"href":"https:\/\/muscleforge.nl\/pl\/wp-json\/wp\/v2\/product_cat?post=10260"},{"taxonomy":"product_tag","embeddable":true,"href":"https:\/\/muscleforge.nl\/pl\/wp-json\/wp\/v2\/product_tag?post=10260"}],"curies":[{"name":"wp","href":"https:\/\/api.w.org\/{rel}","templated":true}]}}