{"id":10281,"date":"2020-10-30T17:33:32","date_gmt":"2020-10-30T16:33:32","guid":{"rendered":"https:\/\/muscleforge.nl\/product\/trec-nutrition-bcaa-high-speed-250g-cactus\/"},"modified":"2024-12-28T16:16:30","modified_gmt":"2024-12-28T15:16:30","slug":"trec-nutrition-bcaa-high-speed-250g-cactus","status":"publish","type":"product","link":"https:\/\/muscleforge.nl\/pl\/produkt\/trec-nutrition-bcaa-high-speed-250g-cactus\/","title":{"rendered":"Trec Nutrition BCAA High Speed 250g"},"content":{"rendered":"<h1><strong>TREC NUTRITION BCAA HIGH SPEED<\/strong><\/h1>\n<h3>\nBCAA HIGH SPEED to suplement diety w formie \u0142atwo rozpuszczalnego proszku, zawieraj\u0105cy aminokwasy rozga\u0142\u0119zione (BCAA) w idealnym stosunku 2:1:1, wspieraj\u0105ce regeneracj\u0119 mi\u0119\u015bni, redukcj\u0119 zm\u0119czenia oraz ochron\u0119 przed katabolizmem.<\/h3>\n<p><strong>Zalety produktu:<\/strong><\/p>\n<ul>\n<li>Wysoka zawarto\u015b\u0107 BCAA (L-leucyny, L-izoleucyny i L-waliny) w proporcji 2:1:1,<\/li>\n<li>Przyspiesza regeneracj\u0119 i zmniejsza zm\u0119czenie po wysi\u0142ku,<\/li>\n<li>Chroni mi\u0119\u015bnie przed katabolizmem,<\/li>\n<li>Wspiera procesy anaboliczne i budow\u0119 masy mi\u0119\u015bniowej,<\/li>\n<li>\u0141atwa i szybka do przygotowania formu\u0142a proszku.<\/li>\n<\/ul>\n<p><strong>TREC NUTRITION BCAA HIGH SPEED<\/strong> to produkt stworzony z my\u015bl\u0105 o osobach aktywnych fizycznie, kt\u00f3re potrzebuj\u0105 szybkiej regeneracji oraz ochrony mi\u0119\u015bni po intensywnym treningu. Zawiera aminokwasy rozga\u0142\u0119zione (BCAA) w proporcji 2:1:1, kt\u00f3re odgrywaj\u0105 kluczow\u0105 rol\u0119 w procesach regeneracyjnych i anabolicznych. Dzi\u0119ki doskona\u0142ej rozpuszczalno\u015bci proszek jest szybki w przygotowaniu i \u0142atwo przyswajalny, co sprawia, \u017ce aminokwasy trafiaj\u0105 do organizmu w kr\u00f3tkim czasie po spo\u017cyciu.<\/p>\n<p>&nbsp;<\/p>\n<h3>DAWKOWANIE<\/h3>\n<p>Jednorazow\u0105 porcj\u0119 produktu \u2012 7,5 g (1,5 miarki) &#8211; wymiesza\u0107 z 200-250 ml wody przy u\u017cyciu szejkera. Stosowa\u0107 2 porcje dziennie.<\/p>\n<p><b>W dni treningowe<\/b>: I porcja 30 min. przed treningiem, II porcja bezpo\u015brednio po treningu.<\/p>\n<p><b>W dni nietreningowe<\/b>: I porcja rano po przebudzeniu, II porcja pomi\u0119dzy posi\u0142kami.<\/p>\n<p>&nbsp;<\/p>\n<div>\n<div>\n<h3><strong>Tabela warto\u015bci od\u017cywczych:<\/strong><\/h3>\n<table>\n<thead>\n<tr>\n<th><strong>Sk\u0142adniki aktywne<\/strong><\/th>\n<th><strong>W 20 g<\/strong>*<\/th>\n<th><strong>W 10 g<\/strong><\/th>\n<\/tr>\n<\/thead>\n<tbody>\n<tr>\n<td>L-Leucyna<\/td>\n<td>6000,00 mg<\/td>\n<td>3000,00 mg<\/td>\n<\/tr>\n<tr>\n<td>L-Walina<\/td>\n<td>3000,00 mg<\/td>\n<td>1500,00 mg<\/td>\n<\/tr>\n<tr>\n<td>L-Izoleucyna<\/td>\n<td>3000,00 mg<\/td>\n<td>1500,00 mg<\/td>\n<\/tr>\n<\/tbody>\n<\/table>\n<p>*<strong>Dzienna porcja produktu.<\/strong><\/p>\n<\/div>\n<\/div>\n<h3><b>Sk\u0142adniki<\/b><\/h3>\n<p align=\"justify\">60 % aminokwasy rozga\u0142\u0119zione (L-leucyna; L-walina; L-izoleucyna); maltodekstryna; regulatory kwasowo\u015bci (kwas cytrynowy, kwas jab\u0142kowy); koncentrat soku z buraka dla smaku wi\u015bniowo-grapefruitowego; barwnik dla smaku cola (karmel amoniakalny);\u00a0 aromaty; substancja s\u0142odz\u0105ca (sukraloza); barwnik dla smaku cytrynowego (beta-karoten).<\/p>\n<p align=\"justify\"><b>OSTRZE\u017bENIA:<\/b>\u00a0Nie nale\u017cy przekracza\u0107 zalecanej porcji do spo\u017cycia w ci\u0105gu dnia. Produkt nie mo\u017ce by\u0107 stosowany jako substytut zr\u00f3\u017cnicowanej diety. Preparat nie jest przeznaczony dla dzieci, kobiet w ci\u0105\u017cy oraz karmi\u0105cych. Zr\u00f3wnowa\u017cona dieta i zdrowy tryb \u017cycia s\u0105 wa\u017cne. Azorubina mo\u017ce mie\u0107 negatywny wp\u0142yw na aktywno\u015b\u0107 i skupienie uwagi u dzieci.\u00a0Produkt mo\u017ce zawiera\u0107\u00a0<b>alergeny<\/b>\u00a0takie jak: mleko, soja, pszenica, j\u0119czmie\u0144, jaja, orzeszki ziemne i orzechy.<\/p>\n","protected":false},"excerpt":{"rendered":"<p>TREC NUTRITION BCAA HIGH SPEED BCAA HIGH SPEED to suplement diety w formie \u0142atwo rozpuszczalnego proszku, zawieraj\u0105cy aminokwasy rozga\u0142\u0119zione (BCAA) w idealnym stosunku 2:1:1, wspieraj\u0105ce regeneracj\u0119 mi\u0119\u015bni, redukcj\u0119 zm\u0119czenia oraz ochron\u0119 przed katabolizmem. Zalety produktu: Wysoka zawarto\u015b\u0107 BCAA (L-leucyny, L-izoleucyny i L-waliny) w proporcji 2:1:1, Przyspiesza regeneracj\u0119 i zmniejsza zm\u0119czenie po wysi\u0142ku, Chroni mi\u0119\u015bnie przed&#8230;<\/p>\n","protected":false},"featured_media":7394,"comment_status":"closed","ping_status":"closed","template":"","meta":[],"product_brand":[],"product_cat":[728,835],"product_tag":[],"class_list":{"0":"post-10281","1":"product","2":"type-product","3":"status-publish","4":"has-post-thumbnail","6":"product_cat-suplementy-diety","7":"product_cat-bcaa","9":"first","10":"instock","11":"featured","12":"taxable","13":"shipping-taxable","14":"purchasable","15":"product-type-variable"},"_links":{"self":[{"href":"https:\/\/muscleforge.nl\/pl\/wp-json\/wp\/v2\/product\/10281","targetHints":{"allow":["GET"]}}],"collection":[{"href":"https:\/\/muscleforge.nl\/pl\/wp-json\/wp\/v2\/product"}],"about":[{"href":"https:\/\/muscleforge.nl\/pl\/wp-json\/wp\/v2\/types\/product"}],"replies":[{"embeddable":true,"href":"https:\/\/muscleforge.nl\/pl\/wp-json\/wp\/v2\/comments?post=10281"}],"wp:featuredmedia":[{"embeddable":true,"href":"https:\/\/muscleforge.nl\/pl\/wp-json\/wp\/v2\/media\/7394"}],"wp:attachment":[{"href":"https:\/\/muscleforge.nl\/pl\/wp-json\/wp\/v2\/media?parent=10281"}],"wp:term":[{"taxonomy":"product_brand","embeddable":true,"href":"https:\/\/muscleforge.nl\/pl\/wp-json\/wp\/v2\/product_brand?post=10281"},{"taxonomy":"product_cat","embeddable":true,"href":"https:\/\/muscleforge.nl\/pl\/wp-json\/wp\/v2\/product_cat?post=10281"},{"taxonomy":"product_tag","embeddable":true,"href":"https:\/\/muscleforge.nl\/pl\/wp-json\/wp\/v2\/product_tag?post=10281"}],"curies":[{"name":"wp","href":"https:\/\/api.w.org\/{rel}","templated":true}]}}