{"id":10400,"date":"2020-10-30T14:42:33","date_gmt":"2020-10-30T13:42:33","guid":{"rendered":"https:\/\/muscleforge.nl\/product\/trec-nutrition-cm3-powder-250g-pineapple\/"},"modified":"2025-07-16T08:31:16","modified_gmt":"2025-07-16T06:31:16","slug":"trec-nutrition-cm3-powder-250g-pineapple","status":"publish","type":"product","link":"https:\/\/muscleforge.nl\/pl\/produkt\/trec-nutrition-cm3-powder-250g-pineapple\/","title":{"rendered":"Trec Nutrition CM3 Powder 250g"},"content":{"rendered":"<div class=\"box_section details\">\n<div class=\"content_wrapper skyblue--base\">\n<div class=\"text\">\n<h1>CM3 POWDER<\/h1>\n<\/div>\n<\/div>\n<\/div>\n<div class=\"box_section\">\n<div id=\"collapse_menu\" class=\"skyblue--base\">\n<div class=\"collapse_content product_description\" aria-hidden=\"false\">\n<p><strong>Suplement diety zawieraj\u0105cy jab\u0142czan kreatyny wspomagaj\u0105cy wzrost si\u0142y, wytrzyma\u0142o\u015bci i masy mi\u0119\u015bniowej.<\/strong><\/p>\n<p><strong>Zalety produktu:<\/strong><\/p>\n<ul>\n<li><strong>Zwi\u0119kszenie si\u0142y i wytrzyma\u0142o\u015bci<\/strong> \u2013 Jab\u0142czan kreatyny wspomaga produkcj\u0119 ATP, co przyczynia si\u0119 do wzrostu si\u0142y i wydolno\u015bci organizmu podczas intensywnych trening\u00f3w.<\/li>\n<li><strong>Wzrost masy mi\u0119\u015bniowej<\/strong> \u2013 Regularne stosowanie kreatyny wspomaga przyrost masy mi\u0119\u015bniowej, poprawiaj\u0105c jej obj\u0119to\u015b\u0107 i wydolno\u015b\u0107.<\/li>\n<li><strong>Szybsza regeneracja<\/strong> \u2013 Kreatyna pomaga w szybszym usuwaniu produkt\u00f3w przemiany materii z organizmu po intensywnym wysi\u0142ku fizycznym.<\/li>\n<li><strong>Wysoka biodost\u0119pno\u015b\u0107<\/strong> \u2013 Jab\u0142czan kreatyny jest \u0142atwo przyswajalny przez organizm, co zapewnia skuteczne dzia\u0142anie suplementu.<\/li>\n<\/ul>\n<p><strong>Trec Nutrition CM3 Powder<\/strong> to suplement diety w postaci proszku, kt\u00f3ry zawiera jab\u0142czan kreatyny. Jest to jeden z najskuteczniejszych i najlepiej przyswajalnych typ\u00f3w kreatyny, kt\u00f3ry wspomaga produkcj\u0119 ATP, poprawia wytrzyma\u0142o\u015b\u0107 organizmu oraz wspomaga rozw\u00f3j masy mi\u0119\u015bniowej. Suplementacja jab\u0142czanem kreatyny wp\u0142ywa na lepsze wyniki treningowe oraz szybsz\u0105 regeneracj\u0119 po intensywnym wysi\u0142ku. Jest idealny dla os\u00f3b trenuj\u0105cych si\u0142owo i wytrzyma\u0142o\u015bciowo, kt\u00f3re d\u0105\u017c\u0105 do poprawy swoich wynik\u00f3w sportowych.<\/p>\n<p>&nbsp;<\/p>\n<\/div>\n<h3 class=\"open\">SPOS\u00d3B U\u017bYCIA<\/h3>\n<div class=\"collapse_content product_dosage\" aria-hidden=\"false\">\n<p>Jednorazow\u0105 porcj\u0119 preparatu \u2012 5 g 1 miarka rozpu\u015bci\u0107 w 250\u2013300 ml wody. W zale\u017cno\u015bci od zapotrzebowania stosowa\u0107 2\u20133 porcji dziennie.<\/p>\n<p><strong>W dni treningowe:<\/strong>I porcja rano po przebudzeniu, II porcja 30 min. przed treningiem, III porcja bezpo\u015brednio po treningu.<strong>\u00a0<\/strong><\/p>\n<p><strong>W dni nietreningowe:<\/strong>I porcja rano po przebudzeniu, II porcja pomi\u0119dzy posi\u0142kami, III porcja przed snem.<\/p>\n<p>&nbsp;<\/p>\n<\/div>\n<h3 class=\"open\">Warto\u015b\u0107 Od\u017cywcza<\/h3>\n<div class=\"collapse_content things\" aria-hidden=\"false\">\n<div class=\"supplements--wrapper\">\n<table class=\"supplements--table mt40\">\n<tbody>\n<tr>\n<th class=\"nf--header\" colspan=\"3\">Informacje \u017cywieniowe<\/th>\n<\/tr>\n<tr class=\"bold--cell\">\n<th>Ilo\u015b\u0107 produktu<\/th>\n<td align=\"center\">7 g*<\/td>\n<td align=\"center\">3,5 g<\/td>\n<\/tr>\n<tr>\n<th colspan=\"3\">Sk\u0142adniki aktywne<\/th>\n<\/tr>\n<tr>\n<td>Jab\u0142czan Kreatyny<\/td>\n<td align=\"center\">6650,00 mg<\/td>\n<td align=\"center\">3325,00 mg<\/td>\n<\/tr>\n<tr>\n<td>w tym kreatyna<\/td>\n<td align=\"center\">4690,00 mg<\/td>\n<td align=\"center\">2345,00 mg<\/td>\n<\/tr>\n<\/tbody>\n<\/table>\n<p>* dzienna porcja produktu<\/p>\n<\/div>\n<\/div>\n<\/div>\n<\/div>\n<p>&nbsp;<\/p>\n<p><strong>Sk\u0142adniki:<\/strong>\u00a0Jab\u0142czan kreatyny (95,0%); substancja przeciwzbrylaj\u0105ca \u2013 dwutlenek krzemu; substancja s\u0142odz\u0105ca \u2013 sukraloza; aromaty; substancje zag\u0119szczaj\u0105ce \u2013 guma celulozowa, guma ksantanowa; barwnik dla smaku ananasowego \u2013 beta-karoten; barwnik dla smaku grapefruitowego \u2013 azorubina.<\/p>\n<p><strong>OSTRZE\u017bENIA<\/strong>: Nie nale\u017cy przekracza\u0107 zalecanej porcji do spo\u017cycia w ci\u0105gu dnia. Produkt nie mo\u017ce by\u0107 stosowany jako substytut zr\u00f3\u017cnicowanej diety. Preparat nie jest przeznaczony dla dzieci, kobiet w ci\u0105\u017cy oraz karmi\u0105cych. Zr\u00f3wnowa\u017cona dieta i zdrowy tryb \u017cycia s\u0105 wa\u017cne. Azorubina mo\u017ce mie\u0107 szkodliwy wp\u0142yw na aktywno\u015b\u0107 i skupienie uwagi u dzieci. Produkt mo\u017ce zawiera\u0107 alergeny takie jak: mleko, soja, pszenica, j\u0119czmie\u0144, owies, jaja, orzeszki ziemne i orzechy.<\/p>\n","protected":false},"excerpt":{"rendered":"<p>CM3 POWDER Suplement diety zawieraj\u0105cy jab\u0142czan kreatyny wspomagaj\u0105cy wzrost si\u0142y, wytrzyma\u0142o\u015bci i masy mi\u0119\u015bniowej. Zalety produktu: Zwi\u0119kszenie si\u0142y i wytrzyma\u0142o\u015bci \u2013 Jab\u0142czan kreatyny wspomaga produkcj\u0119 ATP, co przyczynia si\u0119 do wzrostu si\u0142y i wydolno\u015bci organizmu podczas intensywnych trening\u00f3w. Wzrost masy mi\u0119\u015bniowej \u2013 Regularne stosowanie kreatyny wspomaga przyrost masy mi\u0119\u015bniowej, poprawiaj\u0105c jej obj\u0119to\u015b\u0107 i wydolno\u015b\u0107. Szybsza&#8230;<\/p>\n","protected":false},"featured_media":7365,"comment_status":"closed","ping_status":"closed","template":"","meta":[],"product_brand":[],"product_cat":[728,841],"product_tag":[],"class_list":{"0":"post-10400","1":"product","2":"type-product","3":"status-publish","4":"has-post-thumbnail","6":"product_cat-suplementy-diety","7":"product_cat-jablczan-kreatyny","9":"first","10":"instock","11":"taxable","12":"shipping-taxable","13":"purchasable","14":"product-type-variable"},"_links":{"self":[{"href":"https:\/\/muscleforge.nl\/pl\/wp-json\/wp\/v2\/product\/10400","targetHints":{"allow":["GET"]}}],"collection":[{"href":"https:\/\/muscleforge.nl\/pl\/wp-json\/wp\/v2\/product"}],"about":[{"href":"https:\/\/muscleforge.nl\/pl\/wp-json\/wp\/v2\/types\/product"}],"replies":[{"embeddable":true,"href":"https:\/\/muscleforge.nl\/pl\/wp-json\/wp\/v2\/comments?post=10400"}],"wp:featuredmedia":[{"embeddable":true,"href":"https:\/\/muscleforge.nl\/pl\/wp-json\/wp\/v2\/media\/7365"}],"wp:attachment":[{"href":"https:\/\/muscleforge.nl\/pl\/wp-json\/wp\/v2\/media?parent=10400"}],"wp:term":[{"taxonomy":"product_brand","embeddable":true,"href":"https:\/\/muscleforge.nl\/pl\/wp-json\/wp\/v2\/product_brand?post=10400"},{"taxonomy":"product_cat","embeddable":true,"href":"https:\/\/muscleforge.nl\/pl\/wp-json\/wp\/v2\/product_cat?post=10400"},{"taxonomy":"product_tag","embeddable":true,"href":"https:\/\/muscleforge.nl\/pl\/wp-json\/wp\/v2\/product_tag?post=10400"}],"curies":[{"name":"wp","href":"https:\/\/api.w.org\/{rel}","templated":true}]}}