{"id":10479,"date":"2020-10-08T17:22:35","date_gmt":"2020-10-08T15:22:35","guid":{"rendered":"https:\/\/muscleforge.nl\/product\/olimp-l-caritine-1500-120-caps\/"},"modified":"2024-12-28T13:56:10","modified_gmt":"2024-12-28T12:56:10","slug":"olimp-l-caritine-1500-120-caps","status":"publish","type":"product","link":"https:\/\/muscleforge.nl\/pl\/produkt\/olimp-l-caritine-1500-120-caps\/","title":{"rendered":"OLIMP L-CARITINE 1500 120 Caps."},"content":{"rendered":"<div>\n<h1><strong>OLIMP L-CARNITINE 1500<\/strong><\/h1>\n<h3>\nSuplement diety w formie kapsu\u0142ek, zawieraj\u0105cy wysok\u0105 dawk\u0119 L-karnityny, wspieraj\u0105cy metabolizm t\u0142uszcz\u00f3w oraz procesy energetyczne organizmu.<\/h3>\n<p><strong>Zalety produktu:<\/strong><\/p>\n<ul>\n<li>1500 mg L-karnityny w dziennej porcji (2 kapsu\u0142ki),<\/li>\n<li>Wspiera transport kwas\u00f3w t\u0142uszczowych do mitochondri\u00f3w,<\/li>\n<li>Przyspiesza proces spalania tkanki t\u0142uszczowej,<\/li>\n<li>Poprawia wydolno\u015b\u0107 fizyczn\u0105 i wspomaga regeneracj\u0119,<\/li>\n<li>Wygodna forma kapsu\u0142ek, idealna dla os\u00f3b w ruchu,<\/li>\n<li>Polecany dla sportowc\u00f3w oraz os\u00f3b odchudzaj\u0105cych si\u0119.<\/li>\n<\/ul>\n<p>OLIMP L-CARNITINE 1500 to zaawansowany suplement diety w formie kapsu\u0142ek, kt\u00f3ry dostarcza 1500 mg czystej L-karnityny w dziennej porcji. L-karnityna odgrywa kluczow\u0105 rol\u0119 w metabolizmie t\u0142uszcz\u00f3w, transportuj\u0105c kwasy t\u0142uszczowe do mitochondri\u00f3w, gdzie s\u0105 przekszta\u0142cane w energi\u0119. Produkt wspiera redukcj\u0119 tkanki t\u0142uszczowej, poprawia wydolno\u015b\u0107 fizyczn\u0105 oraz przyspiesza regeneracj\u0119 po wysi\u0142ku. Dzi\u0119ki \u0142atwej do stosowania formie kapsu\u0142ek, OLIMP L-CARNITINE 1500 doskonale sprawdzi si\u0119 u os\u00f3b aktywnych fizycznie oraz d\u0105\u017c\u0105cych do poprawy sylwetki.<\/p>\n<\/div>\n<h3><strong>Zalecana dzienna porcja:<\/strong><\/h3>\n<div>1 kapsu\u0142ka 2 razy dziennie pomi\u0119dzy posi\u0142kami. Kapsu\u0142ki nale\u017cy\u00a0popi\u0107 du\u017c\u0105 ilo\u015bci\u0105 wody.<\/div>\n<div><\/div>\n<div><\/div>\n<h3>Tabela warto\u015bci od\u017cywczych:<\/h3>\n<div class=\"table-responsive\">\n<table class=\"table\">\n<thead>\n<tr>\n<td><strong>Warto\u015b\u0107 od\u017cywcza<\/strong><\/td>\n<td><strong>1 kapsu\u0142ka<\/strong><\/td>\n<td><strong>\u00a02 kapsu\u0142ki<\/strong><\/td>\n<\/tr>\n<\/thead>\n<tbody>\n<tr>\n<td>Winian L-karnityny<\/td>\n<td>1500 mg<\/td>\n<td>3000 mg<\/td>\n<\/tr>\n<tr>\n<td>w tym:\u00a0L-karnityna<\/td>\n<td>1000 mg<\/td>\n<td>2000 mg<\/td>\n<\/tr>\n<\/tbody>\n<\/table>\n<\/div>\n<p><strong>Sk\u0142adniki:<\/strong>\u00a090,4% L-winian L-karnityny, substancja wype\u0142niaj\u0105ca \u2013 celuloza mikrokrystaliczna; substancja przeciwzbrylaj\u0105ca \u2013 sole magnezowe kwas\u00f3w t\u0142uszczowych; kapsu\u0142ka (sk\u0142adniki otoczki \u2013 \u017celatyna).<\/p>\n<p>Nie nale\u017cy przekracza\u0107 porcji zalecanej do spo\u017cycia w ci\u0105gu dnia. Suplement diety nie mo\u017ce by\u0107 stosowany jako substytut zr\u00f3\u017cnicowanej\u00a0 diety. Zalecany jest zr\u00f3wnowa\u017cony spos\u00f3b \u017cywienia i zdrowy tryb \u017cycia.<\/p>\n<p><strong>Uwaga<\/strong>: preparatu nie powinny przyjmowa\u0107 kobiety w ci\u0105\u017cy i w okresie karmienia bez konsultacji z lekarzem.<\/p>\n","protected":false},"excerpt":{"rendered":"<p>OLIMP L-CARNITINE 1500 Suplement diety w formie kapsu\u0142ek, zawieraj\u0105cy wysok\u0105 dawk\u0119 L-karnityny, wspieraj\u0105cy metabolizm t\u0142uszcz\u00f3w oraz procesy energetyczne organizmu. Zalety produktu: 1500 mg L-karnityny w dziennej porcji (2 kapsu\u0142ki), Wspiera transport kwas\u00f3w t\u0142uszczowych do mitochondri\u00f3w, Przyspiesza proces spalania tkanki t\u0142uszczowej, Poprawia wydolno\u015b\u0107 fizyczn\u0105 i wspomaga regeneracj\u0119, Wygodna forma kapsu\u0142ek, idealna dla os\u00f3b w ruchu, Polecany&#8230;<\/p>\n","protected":false},"featured_media":6518,"comment_status":"closed","ping_status":"closed","template":"","meta":[],"product_brand":[],"product_cat":[728,847],"product_tag":[],"class_list":{"0":"post-10479","1":"product","2":"type-product","3":"status-publish","4":"has-post-thumbnail","6":"product_cat-suplementy-diety","7":"product_cat-spalacze","9":"first","10":"instock","11":"featured","12":"taxable","13":"shipping-taxable","14":"purchasable","15":"product-type-simple"},"_links":{"self":[{"href":"https:\/\/muscleforge.nl\/pl\/wp-json\/wp\/v2\/product\/10479","targetHints":{"allow":["GET"]}}],"collection":[{"href":"https:\/\/muscleforge.nl\/pl\/wp-json\/wp\/v2\/product"}],"about":[{"href":"https:\/\/muscleforge.nl\/pl\/wp-json\/wp\/v2\/types\/product"}],"replies":[{"embeddable":true,"href":"https:\/\/muscleforge.nl\/pl\/wp-json\/wp\/v2\/comments?post=10479"}],"wp:featuredmedia":[{"embeddable":true,"href":"https:\/\/muscleforge.nl\/pl\/wp-json\/wp\/v2\/media\/6518"}],"wp:attachment":[{"href":"https:\/\/muscleforge.nl\/pl\/wp-json\/wp\/v2\/media?parent=10479"}],"wp:term":[{"taxonomy":"product_brand","embeddable":true,"href":"https:\/\/muscleforge.nl\/pl\/wp-json\/wp\/v2\/product_brand?post=10479"},{"taxonomy":"product_cat","embeddable":true,"href":"https:\/\/muscleforge.nl\/pl\/wp-json\/wp\/v2\/product_cat?post=10479"},{"taxonomy":"product_tag","embeddable":true,"href":"https:\/\/muscleforge.nl\/pl\/wp-json\/wp\/v2\/product_tag?post=10479"}],"curies":[{"name":"wp","href":"https:\/\/api.w.org\/{rel}","templated":true}]}}