{"id":10509,"date":"2020-10-05T12:47:43","date_gmt":"2020-10-05T10:47:43","guid":{"rendered":"https:\/\/muscleforge.nl\/product\/pvl-mutant-mutant-mass-2-27-triple-chocolate\/"},"modified":"2024-12-11T17:44:24","modified_gmt":"2024-12-11T16:44:24","slug":"pvl-mutant-mutant-mass-2-27-triple-chocolate","status":"publish","type":"product","link":"https:\/\/muscleforge.nl\/pl\/produkt\/pvl-mutant-mutant-mass-2-27-triple-chocolate\/","title":{"rendered":"PVL MUTANT Mutant Mass 2.27"},"content":{"rendered":"<div class=\"flex-shrink-0 flex flex-col relative items-end\">\n<div>\n<div class=\"pt-0\">\n<div class=\"gizmo-bot-avatar flex h-8 w-8 items-center justify-center overflow-hidden rounded-full\">\n<h1 class=\"relative p-1 rounded-sm flex items-center justify-center bg-token-main-surface-primary text-token-text-primary h-8 w-8\"><strong>PVL Mutant Mass<\/strong><\/h1>\n<h3 class=\"relative p-1 rounded-sm flex items-center justify-center bg-token-main-surface-primary text-token-text-primary h-8 w-8\"><strong>Suplement diety wspomagaj\u0105cy przyrost masy mi\u0119\u015bniowej<\/strong><\/h3>\n<\/div>\n<\/div>\n<\/div>\n<\/div>\n<div class=\"group\/conversation-turn relative flex w-full min-w-0 flex-col agent-turn\">\n<div class=\"flex-col gap-1 md:gap-3\">\n<div class=\"flex max-w-full flex-col flex-grow\">\n<div class=\"min-h-8 text-message flex w-full flex-col items-end gap-2 whitespace-normal break-words text-start [.text-message+&amp;]:mt-5\" dir=\"auto\" data-message-author-role=\"assistant\" data-message-id=\"d745f465-f974-4c5f-83d7-918417039e8e\" data-message-model-slug=\"gpt-4o-mini\">\n<div class=\"flex w-full flex-col gap-1 empty:hidden first:pt-[3px]\">\n<div class=\"markdown prose w-full break-words dark:prose-invert light\">\n<p><em>PVL Mutant Mass<\/em> to suplement diety o statusie <strong>legendarnym<\/strong>, kt\u00f3ry od lat cieszy si\u0119 uznaniem w\u015br\u00f3d sportowc\u00f3w i kulturyst\u00f3w na ca\u0142ym \u015bwiecie. Jego niezr\u00f3wnana jako\u015b\u0107 sk\u0142adnik\u00f3w oraz doskona\u0142a formu\u0142a sprawiaj\u0105, \u017ce jest to jeden z najbardziej polecanych produkt\u00f3w wspomagaj\u0105cych przyrost masy mi\u0119\u015bniowej.<\/p>\n<p><strong>Zalety produktu<\/strong>:<\/p>\n<ul>\n<li><strong>Legendarny status<\/strong> \u2013 <em>Mutant Mass<\/em> to suplement, kt\u00f3ry zdoby\u0142 zaufanie tysi\u0119cy sportowc\u00f3w na ca\u0142ym \u015bwiecie, oferuj\u0105c niezwyk\u0142\u0105 efektywno\u015b\u0107 w zwi\u0119kszaniu masy mi\u0119\u015bniowej. Dzi\u0119ki wysokiej jako\u015bci sk\u0142adnikom, jest to jeden z najcz\u0119\u015bciej wybieranych produkt\u00f3w w swojej kategorii.<\/li>\n<li><strong>Wysokiej jako\u015bci bia\u0142ko<\/strong> \u2013 Formu\u0142a <em>Mutant Mass<\/em> opiera si\u0119 na wyselekcjonowanych \u017ar\u00f3d\u0142ach bia\u0142ka, w tym koncentracie bia\u0142ka serwatkowego (WPC) i izolacie bia\u0142ka serwatkowego (WPI), co zapewnia optymaln\u0105 syntez\u0119 bia\u0142ek mi\u0119\u015bniowych oraz skuteczn\u0105 regeneracj\u0119 po treningu.<\/li>\n<li><strong>Skuteczno\u015b\u0107 w budowaniu masy mi\u0119\u015bniowej<\/strong> \u2013 Dzi\u0119ki wyj\u0105tkowej mieszance bia\u0142ek i w\u0119glowodan\u00f3w, <em>Mutant Mass<\/em> pomaga zwi\u0119kszy\u0107 mas\u0119 cia\u0142a, uzupe\u0142niaj\u0105c zapasy glikogenu oraz wspomagaj\u0105c procesy anaboliczne w organizmie.<\/li>\n<li><strong>Doskonale zbilansowany profil od\u017cywczy<\/strong> \u2013 Produkt dostarcza du\u017c\u0105 ilo\u015b\u0107 kalorii oraz makrosk\u0142adnik\u00f3w, co czyni go idealnym wyborem dla os\u00f3b, kt\u00f3re pragn\u0105 szybko zwi\u0119kszy\u0107 mas\u0119 mi\u0119\u015bniow\u0105 i poprawi\u0107 wyniki treningowe. Wspomaga tak\u017ce utrzymanie prawid\u0142owego poziomu energii przez ca\u0142y dzie\u0144.<\/li>\n<li><strong>Wspomaganie regeneracji<\/strong> \u2013 <em>Mutant Mass<\/em> zawiera tak\u017ce witaminy i minera\u0142y, kt\u00f3re wspieraj\u0105 procesy regeneracyjne, redukuj\u0105c uczucie zm\u0119czenia i poprawiaj\u0105c og\u00f3ln\u0105 wydolno\u015b\u0107 organizmu.<\/li>\n<\/ul>\n<p><strong>Scitec Nutrition Mutant Mass<\/strong> to nie tylko suplement diety, ale tak\u017ce prawdziwa legenda w \u015bwiecie sport\u00f3w si\u0142owych. Dzi\u0119ki swojemu doskona\u0142emu sk\u0142adowi i niezmiennie wysokiej jako\u015bci, pozostaje on niezawodnym wsparciem dla ka\u017cdego, kto pragnie osi\u0105gn\u0105\u0107 wymarzon\u0105 sylwetk\u0119 i poprawi\u0107 swoje wyniki treningowe.<\/p>\n<\/div>\n<\/div>\n<\/div>\n<\/div>\n<\/div>\n<\/div>\n<p>&nbsp;<\/p>\n<div class=\"widoczna tz_zakladka1\">\n<h3><strong>Zalecane Dzienne Dawkowanie<\/strong><\/h3>\n<ul>\n<li><strong>Dzie\u0144 Treningowy.:<\/strong>\u00a0Jedna porcja (260g) zmieszana z wod\u0105 lub mlekiem, roz\u0142o\u017cona na 2-3 porcje jednorazowe.<\/li>\n<li><strong>Dzie\u0144 Nietreningowy.:\u00a0<\/strong>Jedna porcja (260g) zmieszana z wod\u0105 lub mlekiem, roz\u0142o\u017cona na 2-3 porcje jednorazowe.<\/li>\n<\/ul>\n<p>&nbsp;<\/p>\n<\/div>\n<div class=\"widoczna tz_zakladka2\">\n<div class=\"SkladRamka\">\n<h3 class=\"SkladTytul\">Sk\u0142adniki<\/h3>\n<p><strong>Truskawka Banan<\/strong><\/p>\n<div class=\"divTable divTable\">\n<div class=\"divTableBody\">\n<div class=\"divTableRow\">\n<div class=\"divTableCell td3\">\n<div id=\"pr_composition\">\n<article class=\"w-full scroll-mb-[var(--thread-trailing-height,150px)] text-token-text-primary focus-visible:outline-2 focus-visible:outline-offset-[-4px]\" dir=\"auto\" data-testid=\"conversation-turn-9\" data-scroll-anchor=\"false\">\n<div class=\"m-auto text-base py-[18px] px-3 md:px-4 w-full md:px-5 lg:px-4 xl:px-5\">\n<div class=\"mx-auto flex flex-1 gap-4 text-base md:gap-5 lg:gap-6 md:max-w-3xl lg:max-w-[40rem] xl:max-w-[48rem]\">\n<div class=\"group\/conversation-turn relative flex w-full min-w-0 flex-col agent-turn\">\n<div class=\"flex-col gap-1 md:gap-3\">\n<div class=\"flex max-w-full flex-col flex-grow\">\n<div class=\"min-h-8 text-message flex w-full flex-col items-end gap-2 whitespace-normal break-words text-start [.text-message+&amp;]:mt-5\" dir=\"auto\" data-message-author-role=\"assistant\" data-message-id=\"23e78deb-c0cb-448b-b103-5819404dda3e\" data-message-model-slug=\"gpt-4o\">\n<div class=\"flex w-full flex-col gap-1 empty:hidden first:pt-[3px]\">\n<div class=\"markdown prose w-full break-words dark:prose-invert light\">\n<table>\n<thead>\n<tr>\n<th>Sk\u0142adniki od\u017cywcze<\/th>\n<th>W dw\u00f3ch porcjach (280g)<\/th>\n<th>W porcji (140g)<\/th>\n<th>Na 100g<\/th>\n<\/tr>\n<\/thead>\n<tbody>\n<tr>\n<td>Warto\u015b\u0107 energetyczna<\/td>\n<td>1100 kcal<\/td>\n<td>550 kcal<\/td>\n<td>392.9<\/td>\n<\/tr>\n<tr>\n<td>T\u0142uszcz<\/td>\n<td>10g<\/td>\n<td>5g<\/td>\n<td>3.6<\/td>\n<\/tr>\n<tr>\n<td>w tym kwasy t\u0142uszczowe nasycone<\/td>\n<td>4g<\/td>\n<td>2g<\/td>\n<td>1.4<\/td>\n<\/tr>\n<tr>\n<td>W\u0119glowodany<\/td>\n<td>196g<\/td>\n<td>98g<\/td>\n<td>70.0<\/td>\n<\/tr>\n<tr>\n<td>w tym cukry<\/td>\n<td>18g<\/td>\n<td>9g<\/td>\n<td>6.4<\/td>\n<\/tr>\n<tr>\n<td>B\u0142onnik<\/td>\n<td>6g<\/td>\n<td>3g<\/td>\n<td>2.1<\/td>\n<\/tr>\n<tr>\n<td>Bia\u0142ko<\/td>\n<td>56g<\/td>\n<td>28g<\/td>\n<td>20.0<\/td>\n<\/tr>\n<tr>\n<td>S\u00f3l<\/td>\n<td>0.95g<\/td>\n<td>0.48g<\/td>\n<td>0.34<\/td>\n<\/tr>\n<\/tbody>\n<\/table>\n<\/div>\n<\/div>\n<\/div>\n<\/div>\n<\/div>\n<\/div>\n<\/div>\n<\/div>\n<\/article>\n<article class=\"w-full scroll-mb-[var(--thread-trailing-height,150px)] text-token-text-primary focus-visible:outline-2 focus-visible:outline-offset-[-4px]\" dir=\"auto\" data-testid=\"conversation-turn-11\" data-scroll-anchor=\"true\">\n<div class=\"m-auto text-base py-[18px] px-3 md:px-4 w-full md:px-5 lg:px-4 xl:px-5\">\n<div class=\"mx-auto flex flex-1 gap-4 text-base md:gap-5 lg:gap-6 md:max-w-3xl lg:max-w-[40rem] xl:max-w-[48rem]\">\n<div class=\"group\/conversation-turn relative flex w-full min-w-0 flex-col agent-turn\">\n<div class=\"flex-col gap-1 md:gap-3\">\n<div class=\"flex max-w-full flex-col flex-grow\">\n<div class=\"min-h-8 text-message flex w-full flex-col items-end gap-2 whitespace-normal break-words text-start [.text-message+&amp;]:mt-5\" dir=\"auto\" data-message-author-role=\"assistant\" data-message-id=\"20f94eb9-f2de-4327-9be6-da4508874611\" data-message-model-slug=\"gpt-4o\">\n<div class=\"flex w-full flex-col gap-1 empty:hidden first:pt-[3px]\">\n<div class=\"markdown prose w-full break-words dark:prose-invert light\">\n<p><strong>Sk\u0142adniki Mutant Mass:<\/strong>\u00a0mieszanka w\u0119glowodan\u00f3w (skrobia z kukurydzy woskowej, maltodekstryna, skrobia\u00a0<strong>j\u0119czmienna<\/strong>, s\u0142odki ziemniak, p\u0142atki\u00a0<strong>owsiane<\/strong>),\u00a0Mutant Mass Pro-Matrix (koncentrat bia\u0142ka serwatkowego, hydrolizat bia\u0142ka\u00a0serwatkowego, izolat bia\u0142ka serwatkowego, bia\u0142ko kazeiny micelarnej, koncentrat bia\u0142ka\u00a0<strong>mleka<\/strong>, izolat bia\u0142ka\u00a0<strong>mleka<\/strong>),\u00a0mieszanka lipid\u00f3w pokarmowych (frakcionowany olej kokosowy [MCT], awokado, siemi\u0119 lniane, pestki dyni, olej s\u0142onecznikowy), substancje zag\u0119szczaj\u0105ce (odt\u0142uszczona\u00a0<strong>soja<\/strong>, groch, guma guar), naturalne i sztuczne aromaty, emulgator (lecytyna s\u0142onecznikowa), barwnik (czerwie\u0144 buraczana), substancja s\u0142odz\u0105ca (sukraloza), mieszanka enzym\u00f3w (laktaza, proteaza), ekstrakt z cynamonu (Cinnulin PF<sup>\u00ae<\/sup>), kwa\u015bna wi\u015bnia.<\/p>\n<\/div>\n<\/div>\n<\/div>\n<\/div>\n<\/div>\n<\/div>\n<\/div>\n<\/div>\n<\/article>\n<\/div>\n<div id=\"pr_dosage\">\n<p><strong>Cookie Cream<\/strong><\/p>\n<div class=\"flex max-w-full flex-col flex-grow\">\n<div class=\"min-h-8 text-message flex w-full flex-col items-end gap-2 whitespace-normal break-words text-start [.text-message+&amp;]:mt-5\" dir=\"auto\" data-message-author-role=\"assistant\" data-message-id=\"13c5bcd5-322f-41c0-a24f-7efb0798f205\" data-message-model-slug=\"gpt-4o\">\n<div class=\"flex w-full flex-col gap-1 empty:hidden first:pt-[3px]\">\n<div class=\"markdown prose w-full break-words dark:prose-invert light\">\n<table>\n<thead>\n<tr>\n<th>Sk\u0142adniki od\u017cywcze<\/th>\n<th>W dw\u00f3ch porcjach (280g)<\/th>\n<th>W porcji (140g)<\/th>\n<th>Na 100g<\/th>\n<\/tr>\n<\/thead>\n<tbody>\n<tr>\n<td>Warto\u015b\u0107 energetyczna<\/td>\n<td>1100 kcal<\/td>\n<td>550 kcal<\/td>\n<td>392.9<\/td>\n<\/tr>\n<tr>\n<td>T\u0142uszcz<\/td>\n<td>12g<\/td>\n<td>6g<\/td>\n<td>4.3<\/td>\n<\/tr>\n<tr>\n<td>w tym kwasy t\u0142uszczowe nasycone<\/td>\n<td>6g<\/td>\n<td>3g<\/td>\n<td>2.1<\/td>\n<\/tr>\n<tr>\n<td>W\u0119glowodany<\/td>\n<td>192g<\/td>\n<td>96g<\/td>\n<td>68.5<\/td>\n<\/tr>\n<tr>\n<td>w tym cukry<\/td>\n<td>18g<\/td>\n<td>9g<\/td>\n<td>6.4<\/td>\n<\/tr>\n<tr>\n<td>B\u0142onnik<\/td>\n<td>6g<\/td>\n<td>3g<\/td>\n<td>2.1<\/td>\n<\/tr>\n<tr>\n<td>Bia\u0142ko<\/td>\n<td>56g<\/td>\n<td>28g<\/td>\n<td>20.0<\/td>\n<\/tr>\n<tr>\n<td>S\u00f3l<\/td>\n<td>0.95g<\/td>\n<td>0.48g<\/td>\n<td>0.34<\/td>\n<\/tr>\n<\/tbody>\n<\/table>\n<\/div>\n<\/div>\n<\/div>\n<\/div>\n<div class=\"mb-2 flex gap-3 empty:hidden -ml-2\">\n<div class=\"items-center justify-start rounded-xl p-1 flex\">\n<div class=\"flex items-center\"><strong>Sk\u0142adniki:<\/strong>\u00a0mieszanka w\u0119glowodan\u00f3w (skrobia z kukurydzy woskowej, maltodekstryna, skrobia\u00a0<strong>j\u0119czmienna<\/strong>, s\u0142odki ziemniak, p\u0142atki\u00a0<strong>owsiane<\/strong>),\u00a0Mutant Mass Pro-Matrix (koncentrat bia\u0142ka serwatkowego, hydrolizat bia\u0142ka\u00a0serwatkowego, izolat bia\u0142ka serwatkowego, bia\u0142ko kazeiny micelarnej, koncentrat bia\u0142ka\u00a0<strong>mleka<\/strong>, izolat bia\u0142ka\u00a0<strong>mleka<\/strong>),\u00a0mieszanka lipid\u00f3w pokarmowych (frakcionowany olej kokosowy [MCT], awokado, siemi\u0119 lniane, pestki dyni, olej s\u0142onecznikowy), substancje zag\u0119szczaj\u0105ce (odt\u0142uszczona\u00a0<strong>soja<\/strong>, groch, guma guar), kawa\u0142ki ciastek (wzbogacona m\u0105ka\u00a0<strong>pszenna<\/strong>\u00a0[m\u0105ka\u00a0<strong>pszenna<\/strong>, niacyna, zredukowane \u017celazo, monoazotan tiaminy, ryboflawina, kwas foliowy], cukier, olej rzepakowy, kakao, s\u00f3l, wodorow\u0119glan sodu), naturalne i sztuczne aromaty, substancja s\u0142odz\u0105ca (sukraloza), emulgator (lecytyna s\u0142onecznikowa), mieszanka enzym\u00f3w (laktaza, proteaza), ekstrakt z cynamonu (Cinnulin PF<sup>\u00ae<\/sup>), kwa\u015bna wi\u015bnia.<\/div>\n<div><\/div>\n<\/div>\n<div><strong>Vanilla Ice Cream<\/strong><\/div>\n<div>\n<article class=\"w-full scroll-mb-[var(--thread-trailing-height,150px)] text-token-text-primary focus-visible:outline-2 focus-visible:outline-offset-[-4px]\" dir=\"auto\" data-testid=\"conversation-turn-15\" data-scroll-anchor=\"true\">\n<div class=\"m-auto text-base py-[18px] px-3 md:px-4 w-full md:px-5 lg:px-4 xl:px-5\">\n<div class=\"mx-auto flex flex-1 gap-4 text-base md:gap-5 lg:gap-6 md:max-w-3xl lg:max-w-[40rem] xl:max-w-[48rem]\">\n<div class=\"flex-shrink-0 flex flex-col relative items-end\">\n<div>\n<div class=\"pt-0\">\n<div class=\"gizmo-bot-avatar flex h-8 w-8 items-center justify-center overflow-hidden rounded-full\">\n<div class=\"relative p-1 rounded-sm flex items-center justify-center bg-token-main-surface-primary text-token-text-primary h-8 w-8\"><\/div>\n<\/div>\n<\/div>\n<\/div>\n<\/div>\n<div class=\"group\/conversation-turn relative flex w-full min-w-0 flex-col agent-turn\">\n<div class=\"flex-col gap-1 md:gap-3\">\n<div class=\"flex max-w-full flex-col flex-grow\">\n<div class=\"min-h-8 text-message flex w-full flex-col items-end gap-2 whitespace-normal break-words text-start [.text-message+&amp;]:mt-5\" dir=\"auto\" data-message-author-role=\"assistant\" data-message-id=\"3106ea58-7ebc-4fa4-b7ad-120cdaa833f4\" data-message-model-slug=\"gpt-4o\">\n<div class=\"flex w-full flex-col gap-1 empty:hidden first:pt-[3px]\">\n<div class=\"markdown prose w-full break-words dark:prose-invert light\">\n<table>\n<thead>\n<tr>\n<th>Sk\u0142adniki od\u017cywcze<\/th>\n<th>W dw\u00f3ch porcjach (280g)<\/th>\n<th>W porcji (140g)<\/th>\n<th>Na 100g<\/th>\n<\/tr>\n<\/thead>\n<tbody>\n<tr>\n<td>Warto\u015b\u0107 energetyczna<\/td>\n<td>1100 kcal<\/td>\n<td>550 kcal<\/td>\n<td>392.9<\/td>\n<\/tr>\n<tr>\n<td>T\u0142uszcz<\/td>\n<td>12g<\/td>\n<td>6g<\/td>\n<td>4.3<\/td>\n<\/tr>\n<tr>\n<td>w tym kwasy t\u0142uszczowe nasycone<\/td>\n<td>6g<\/td>\n<td>3g<\/td>\n<td>2.1<\/td>\n<\/tr>\n<tr>\n<td>W\u0119glowodany<\/td>\n<td>192g<\/td>\n<td>96g<\/td>\n<td>68.5<\/td>\n<\/tr>\n<tr>\n<td>w tym cukry<\/td>\n<td>18g<\/td>\n<td>9g<\/td>\n<td>6.4<\/td>\n<\/tr>\n<tr>\n<td>B\u0142onnik<\/td>\n<td>6g<\/td>\n<td>3g<\/td>\n<td>2.1<\/td>\n<\/tr>\n<tr>\n<td>Bia\u0142ko<\/td>\n<td>56g<\/td>\n<td>28g<\/td>\n<td>20.0<\/td>\n<\/tr>\n<tr>\n<td>S\u00f3l<\/td>\n<td>0.95g<\/td>\n<td>0.48g<\/td>\n<td>0.34<\/td>\n<\/tr>\n<\/tbody>\n<\/table>\n<\/div>\n<\/div>\n<\/div>\n<\/div>\n<div class=\"mb-2 flex gap-3 empty:hidden -ml-2\">\n<div class=\"items-center justify-start rounded-xl p-1 flex\">\n<div class=\"flex items-center\"><strong>Sk\u0142adniki:<\/strong>\u00a0mieszanka w\u0119glowodan\u00f3w (skrobia z kukurydzy woskowej, maltodekstryna, skrobia\u00a0<strong>j\u0119czmienna<\/strong>, s\u0142odki ziemniak, p\u0142atki\u00a0<strong>owsiane<\/strong>),\u00a0Mutant Mass Pro-Matrix (koncentrat bia\u0142ka serwatkowego, hydrolizat bia\u0142ka\u00a0serwatkowego, izolat bia\u0142ka serwatkowego, bia\u0142ko kazeiny micelarnej, koncentrat bia\u0142ka\u00a0<strong>mleka<\/strong>, izolat bia\u0142ka\u00a0<strong>mleka<\/strong>),\u00a0mieszanka lipid\u00f3w pokarmowych (frakcionowany olej kokosowy [MCT], awokado, siemi\u0119 lniane, pestki dyni, olej s\u0142onecznikowy), substancje zag\u0119szczaj\u0105ce (odt\u0142uszczona\u00a0<strong>soja<\/strong>, groch, guma guar), naturalne i sztuczne aromaty, emulgator (lecytyna s\u0142onecznikowa), wzmacniacz smaku (cytrynian potasu), substancja s\u0142odz\u0105ca (sukraloza), mieszanka enzym\u00f3w (laktaza, proteaza), ekstrakt z cynamonu (Cinnulin PF<sup>\u00ae<\/sup>), kwa\u015bna wi\u015bnia.<\/div>\n<\/div>\n<\/div>\n<\/div>\n<\/div>\n<\/div>\n<\/div>\n<\/article>\n<\/div>\n<\/div>\n<\/div>\n<\/div>\n<\/div>\n<\/div>\n<\/div>\n<\/div>\n<\/div>\n<div><\/div>\n<div><strong>Chocolate Fudge Brownie<\/strong><\/div>\n<div>\n<div class=\"flex max-w-full flex-col flex-grow\">\n<div class=\"min-h-8 text-message flex w-full flex-col items-end gap-2 whitespace-normal break-words text-start [.text-message+&amp;]:mt-5\" dir=\"auto\" data-message-author-role=\"assistant\" data-message-id=\"7a60bdd7-1937-47ee-a6a4-8f76cf4a0e1e\" data-message-model-slug=\"gpt-4o\">\n<div class=\"flex w-full flex-col gap-1 empty:hidden first:pt-[3px]\">\n<div class=\"markdown prose w-full break-words dark:prose-invert light\">\n<table>\n<thead>\n<tr>\n<th>Sk\u0142adniki od\u017cywcze<\/th>\n<th>W dw\u00f3ch porcjach (280g)<\/th>\n<th>W porcji (140g)<\/th>\n<th>Na 100g<\/th>\n<\/tr>\n<\/thead>\n<tbody>\n<tr>\n<td>Warto\u015b\u0107 energetyczna<\/td>\n<td>1100 kcal<\/td>\n<td>550 kcal<\/td>\n<td>392.<\/td>\n<\/tr>\n<tr>\n<td>T\u0142uszcz<\/td>\n<td>12g<\/td>\n<td>6g<\/td>\n<td>4.3<\/td>\n<\/tr>\n<tr>\n<td>w tym kwasy t\u0142uszczowe nasycone<\/td>\n<td>6g<\/td>\n<td>3g<\/td>\n<td>2.1<\/td>\n<\/tr>\n<tr>\n<td>W\u0119glowodany<\/td>\n<td>192g<\/td>\n<td>96g<\/td>\n<td>68.5<\/td>\n<\/tr>\n<tr>\n<td>w tym cukry<\/td>\n<td>18g<\/td>\n<td>9g<\/td>\n<td>6.4<\/td>\n<\/tr>\n<tr>\n<td>B\u0142onnik<\/td>\n<td>8g<\/td>\n<td>4g<\/td>\n<td>2.9<\/td>\n<\/tr>\n<tr>\n<td>Bia\u0142ko<\/td>\n<td>56g<\/td>\n<td>28g<\/td>\n<td>20.0<\/td>\n<\/tr>\n<tr>\n<td>S\u00f3l<\/td>\n<td>1.45g<\/td>\n<td>0.73g<\/td>\n<td>0.52<\/td>\n<\/tr>\n<\/tbody>\n<\/table>\n<\/div>\n<\/div>\n<\/div>\n<\/div>\n<div class=\"mb-2 flex gap-3 empty:hidden -ml-2\">\n<div class=\"items-center justify-start rounded-xl p-1 flex\">\n<div class=\"flex items-center\"><strong>Sk\u0142adniki :<\/strong>\u00a0mieszanka w\u0119glowodan\u00f3w (skrobia z kukurydzy woskowej, maltodekstryna, skrobia\u00a0<strong>j\u0119czmienna<\/strong>, s\u0142odki ziemniak, p\u0142atki\u00a0<strong>owsiane<\/strong>),\u00a0Mutant Mass Pro-Matrix (koncentrat bia\u0142ka serwatkowego, hydrolizat bia\u0142ka\u00a0serwatkowego, izolat bia\u0142ka serwatkowego, bia\u0142ko kazeiny micelarnej, koncentrat bia\u0142ka\u00a0<strong>mleka<\/strong>, izolat bia\u0142ka\u00a0<strong>mleka<\/strong>),\u00a0mieszanka lipid\u00f3w pokarmowych (frakcionowany olej kokosowy [MCT], awokado, siemi\u0119 lniane, pestki dyni, olej s\u0142onecznikowy), substancje zag\u0119szczaj\u0105ce (odt\u0142uszczona\u00a0<strong>soja<\/strong>, groch, guma guar), kakao, naturalne i sztuczne aromaty, barwnik karmelowy, s\u00f3l, substancja s\u0142odz\u0105ca (sukraloza), sproszkowana kawa, emulgator (lecytyna s\u0142onecznikowa), mieszanka enzym\u00f3w (laktaza, proteaza), ekstrakt z cynamonu (Cinnulin PF<sup>\u00ae<\/sup>), kwa\u015bna wi\u015bnia.<\/div>\n<div><\/div>\n<\/div>\n<h3>Triple Chocolate<\/h3>\n<table>\n<thead>\n<tr>\n<th>Sk\u0142adniki od\u017cywcze<\/th>\n<th>W dw\u00f3ch porcjach (280g)<\/th>\n<th>W porcji (140g)<\/th>\n<th>Na 100g<\/th>\n<\/tr>\n<\/thead>\n<tbody>\n<tr>\n<td>Warto\u015b\u0107 energetyczna<\/td>\n<td>1100 kcal<\/td>\n<td>550 kcal<\/td>\n<td>392<\/td>\n<\/tr>\n<tr>\n<td>T\u0142uszcz<\/td>\n<td>12g<\/td>\n<td>6g<\/td>\n<td>4.3<\/td>\n<\/tr>\n<tr>\n<td>w tym kwasy t\u0142uszczowe nasycone<\/td>\n<td>6g<\/td>\n<td>3g<\/td>\n<td>2.1<\/td>\n<\/tr>\n<tr>\n<td>W\u0119glowodany<\/td>\n<td>192g<\/td>\n<td>96g<\/td>\n<td>68.5<\/td>\n<\/tr>\n<tr>\n<td>w tym cukry<\/td>\n<td>18g<\/td>\n<td>9g<\/td>\n<td>6.4<\/td>\n<\/tr>\n<tr>\n<td>B\u0142onnik<\/td>\n<td>8g<\/td>\n<td>4g<\/td>\n<td>2.9<\/td>\n<\/tr>\n<tr>\n<td>Bia\u0142ko<\/td>\n<td>56g<\/td>\n<td>28g<\/td>\n<td>20.0<\/td>\n<\/tr>\n<tr>\n<td>S\u00f3l<\/td>\n<td>1.45g<\/td>\n<td>0.73g<\/td>\n<td>0.52<\/td>\n<\/tr>\n<\/tbody>\n<\/table>\n<\/div>\n<\/div>\n<div class=\"widoczna tz_zakladka2\">\n<div class=\"SkladRamka\">\n<div class=\"divTable divTable\">\n<div class=\"divTableBody\">\n<div class=\"divTableRow\">\n<div class=\"divTableCell td3\">\n<div id=\"pr_dosage\">\n<p><strong>Sk\u0142adniki:<\/strong>\u00a0mieszanka w\u0119glowodan\u00f3w (skrobia z kukurydzy woskowej, maltodekstryna, skrobia\u00a0<strong>j\u0119czmienna<\/strong>, s\u0142odki ziemniak, p\u0142atki\u00a0<strong>owsiane<\/strong>),\u00a0Mutant Mass Pro-Matrix (koncentrat bia\u0142ka serwatkowego, hydrolizat bia\u0142ka\u00a0serwatkowego, izolat bia\u0142ka serwatkowego, bia\u0142ko kazeiny micelarnej, koncentrat bia\u0142ka\u00a0<strong>mleka<\/strong>, izolat bia\u0142ka\u00a0<strong>mleka<\/strong>),\u00a0mieszanka lipid\u00f3w pokarmowych (frakcionowany olej kokosowy [MCT], awokado, siemi\u0119 lniane, pestki dyni, olej s\u0142onecznikowy), substancje zag\u0119szczaj\u0105ce (odt\u0142uszczona\u00a0<strong>soja<\/strong>, groch, guma guar), kakao, naturalne i sztuczne aromaty, s\u00f3l, substancja s\u0142odz\u0105ca (sukraloza), emulgator (lecytyna s\u0142onecznikowa), mieszanka enzym\u00f3w (laktaza, proteaza), ekstrakt z cynamonu (Cinnulin PF<sup>\u00ae<\/sup>), kwa\u015bna wi\u015bnia.<\/p>\n<p>Suplementy diety nie mog\u0105 by\u0107 stosowane jako substytut zr\u00f3\u017cnicowanej diety. Pami\u0119taj, \u017ce tylko zdrowy tryb \u017cycia i zr\u00f3wnowa\u017cony spos\u00f3b od\u017cywiania zapewniaj\u0105 prawid\u0142owe funkcjonowanie organizmu i zachowanie dobrej kondycji.<\/p>\n<p>Nie przekracza\u0107 zalecanej porcji do spo\u017cycia w ci\u0105gu dnia. Produkt nie mo\u017ce by\u0107 stosowany przez osoby uczulone na kt\u00f3rykolwiek z jego sk\u0142adnik\u00f3w. Przechowywa\u0107 w miejscu niedost\u0119pnym dla ma\u0142ych dzieci. Przechowywa\u0107 w miejscu suchym w temperaturze pokojowej w szczelnie zamkni\u0119tych opakowaniach.<\/p>\n<\/div>\n<\/div>\n<\/div>\n<\/div>\n<\/div>\n<\/div>\n<p>Mo\u017ce zawiera\u0107\u00a0<b><u>pszenic\u0119, jaja, orzechy ziemne, orzechy (w tym orzechy laskowe)<\/u><\/b>.<\/p>\n<\/div>\n","protected":false},"excerpt":{"rendered":"<p>PVL Mutant Mass Suplement diety wspomagaj\u0105cy przyrost masy mi\u0119\u015bniowej PVL Mutant Mass to suplement diety o statusie legendarnym, kt\u00f3ry od lat cieszy si\u0119 uznaniem w\u015br\u00f3d sportowc\u00f3w i kulturyst\u00f3w na ca\u0142ym \u015bwiecie. Jego niezr\u00f3wnana jako\u015b\u0107 sk\u0142adnik\u00f3w oraz doskona\u0142a formu\u0142a sprawiaj\u0105, \u017ce jest to jeden z najbardziej polecanych produkt\u00f3w wspomagaj\u0105cych przyrost masy mi\u0119\u015bniowej. Zalety produktu: Legendarny status&#8230;<\/p>\n","protected":false},"featured_media":10510,"comment_status":"closed","ping_status":"closed","template":"","meta":[],"product_brand":[],"product_cat":[728,859],"product_tag":[],"class_list":{"0":"post-10509","1":"product","2":"type-product","3":"status-publish","4":"has-post-thumbnail","6":"product_cat-suplementy-diety","7":"product_cat-mass-gainers","9":"first","10":"instock","11":"sale","12":"featured","13":"taxable","14":"shipping-taxable","15":"purchasable","16":"product-type-variable"},"_links":{"self":[{"href":"https:\/\/muscleforge.nl\/pl\/wp-json\/wp\/v2\/product\/10509","targetHints":{"allow":["GET"]}}],"collection":[{"href":"https:\/\/muscleforge.nl\/pl\/wp-json\/wp\/v2\/product"}],"about":[{"href":"https:\/\/muscleforge.nl\/pl\/wp-json\/wp\/v2\/types\/product"}],"replies":[{"embeddable":true,"href":"https:\/\/muscleforge.nl\/pl\/wp-json\/wp\/v2\/comments?post=10509"}],"wp:featuredmedia":[{"embeddable":true,"href":"https:\/\/muscleforge.nl\/pl\/wp-json\/wp\/v2\/media\/10510"}],"wp:attachment":[{"href":"https:\/\/muscleforge.nl\/pl\/wp-json\/wp\/v2\/media?parent=10509"}],"wp:term":[{"taxonomy":"product_brand","embeddable":true,"href":"https:\/\/muscleforge.nl\/pl\/wp-json\/wp\/v2\/product_brand?post=10509"},{"taxonomy":"product_cat","embeddable":true,"href":"https:\/\/muscleforge.nl\/pl\/wp-json\/wp\/v2\/product_cat?post=10509"},{"taxonomy":"product_tag","embeddable":true,"href":"https:\/\/muscleforge.nl\/pl\/wp-json\/wp\/v2\/product_tag?post=10509"}],"curies":[{"name":"wp","href":"https:\/\/api.w.org\/{rel}","templated":true}]}}