{"id":10579,"date":"2020-09-16T16:47:42","date_gmt":"2020-09-16T14:47:42","guid":{"rendered":"https:\/\/muscleforge.nl\/product\/olimp-tribusteron-90-120-caps\/"},"modified":"2025-08-27T23:00:36","modified_gmt":"2025-08-27T21:00:36","slug":"olimp-tribusteron-90-120-caps","status":"publish","type":"product","link":"https:\/\/muscleforge.nl\/pl\/produkt\/olimp-tribusteron-90-120-caps\/","title":{"rendered":"Olimp Tribusteron 60  120 caps"},"content":{"rendered":"<h1>Olimp Tribusteron<\/h1>\n<h3>\nOLIMP Tribusteron 60 to zaawansowany suplement diety oparty na ekstrakcie z buzdyganka naziemnego, wspieraj\u0105cy witalno\u015b\u0107, wydolno\u015b\u0107 oraz regeneracj\u0119.<\/h3>\n<p><strong>Zalety produktu:<\/strong><\/p>\n<ul>\n<li>Zawiera skoncentrowany ekstrakt z buzdyganka naziemnego (Tribulus terrestris).<\/li>\n<li>Zwi\u0119kszenie wydzielania testosteronu<\/li>\n<li>Poprawienie libido<\/li>\n<li>Wzmocnienie si\u0142y oraz przy\u015bpieszenie regeneracji mi\u0119\u015bni<\/li>\n<li>Lepsze samopoczucie i zmniejszenie stresu<\/li>\n<\/ul>\n<p>OLIMP Tribusteron 60 to doskona\u0142y wyb\u00f3r dla os\u00f3b poszukuj\u0105cych skutecznego i naturalnego wsparcia w podnoszeniu poziomu testosteronu. Dzi\u0119ki zawarto\u015bci ekstraktu z buzdyganka naziemnego (Tribulus terrestris) o wysokiej koncentracji saponin, produkt dzia\u0142a synergicznie, wspieraj\u0105c organizm w naturalnej regulacji proces\u00f3w hormonalnych.<\/p>\n<p>Testosteron odgrywa kluczow\u0105 rol\u0119 w budowie masy mi\u0119\u015bniowej, regeneracji oraz utrzymaniu wysokiego poziomu energii i si\u0142y. OLIMP Tribusteron 60 pomaga stymulowa\u0107 jego naturaln\u0105 produkcj\u0119, co przek\u0142ada si\u0119 na lepsze wyniki treningowe, wi\u0119ksz\u0105 wytrzyma\u0142o\u015b\u0107 i szybsz\u0105 regeneracj\u0119. To wsparcie dla ka\u017cdego, kto chce maksymalnie wykorzysta\u0107 sw\u00f3j potencja\u0142, jednocze\u015bnie zachowuj\u0105c pe\u0142ne bezpiecze\u0144stwo stosowania.<\/p>\n<p>Regularne stosowanie OLIMP Tribusteron 60 mo\u017ce r\u00f3wnie\u017c wspiera\u0107 libido oraz witalno\u015b\u0107, co czyni go idealnym suplementem zar\u00f3wno dla sportowc\u00f3w, jak i dla os\u00f3b d\u0105\u017c\u0105cych do og\u00f3lnej poprawy jako\u015bci \u017cycia. Je\u015bli szukasz naturalnego rozwi\u0105zania dla poprawy swojej formy i samopoczucia, OLIMP Tribusteron 60 jest odpowiedzi\u0105 na Twoje potrzeby.<\/p>\n<p>Wybieraj\u0105c OLIMP Tribusteron 60, inwestujesz w swoje zdrowie, wydolno\u015b\u0107 i naturaln\u0105 si\u0142\u0119, kt\u00f3ra pomo\u017ce Ci przekracza\u0107 granice ka\u017cdego dnia.<\/p>\n<p>&nbsp;<\/p>\n<h3><strong>Spos\u00f3b u\u017cycia:<\/strong><\/h3>\n<p>Spo\u017cywa\u0107 1-2 kapsu\u0142ki dziennie, najlepiej po posi\u0142ku, popijaj\u0105c szklank\u0105 wody.<\/p>\n<p>&nbsp;<\/p>\n<h3>Tabela warto\u015bci od\u017cywczych:<\/h3>\n<div class=\"table-responsive\">\n<table class=\"table\">\n<tbody>\n<tr>\n<td><strong>Informacja \u017cywieniowa<\/strong><\/td>\n<td><strong>na 1 kapsu\u0142k\u0119<\/strong><\/td>\n<td><strong>2 kapsu\u0142ki<\/strong><\/td>\n<td><strong>na 100g<\/strong><\/td>\n<\/tr>\n<tr>\n<td>Tribulus Terrestris (60%)<\/td>\n<td>500 mg<\/td>\n<td>1000 mg<\/td>\n<td>71,43 g<\/td>\n<\/tr>\n<tr>\n<td valign=\"top\">w tym: Saponin<\/td>\n<td valign=\"top\">300 mg<\/td>\n<td>600 mg<\/td>\n<td valign=\"top\">64,28 g<\/td>\n<\/tr>\n<\/tbody>\n<\/table>\n<\/div>\n<p><strong> Sk\u0142adniki:<\/strong> 80,6% ekstrakt z owoc\u00f3w Tribulus Terrestris, substancja wype\u0142niaj\u0105ca \u2013 celuloza mikrokrystaliczna, substancja przeciwzbrylaj\u0105ca \u2013 sole magnezowe kwas\u00f3w t\u0142uszczowych, kapsu\u0142ka (sk\u0142adnik otoczki \u2013 \u017celatyna, barwnik: E172).<\/p>\n<p>&nbsp;<\/p>\n<p>Nie nale\u017cy przekracza\u0107 zalecanej dziennej porcji do spo\u017cycia w ci\u0105gu dnia. Suplement diety nie mo\u017ce by\u0107 stosowany jako substytut zr\u00f3\u017cnicowanej diety. Zalecany jest zr\u00f3wnowa\u017cony spos\u00f3b \u017cywienia i zdrowy tryb \u017cycia.<\/p>\n<p>Preparat przeznaczony dla doros\u0142ych m\u0119\u017cczyzn, aktywnych fizycznie i sportowc\u00f3w, d\u0105\u017c\u0105cych do podniesienia sprawno\u015bci fizycznej i seksualnej oraz do og\u00f3lnego wzmocnienia organizmu.<\/p>\n","protected":false},"excerpt":{"rendered":"<p>Olimp Tribusteron OLIMP Tribusteron 60 to zaawansowany suplement diety oparty na ekstrakcie z buzdyganka naziemnego, wspieraj\u0105cy witalno\u015b\u0107, wydolno\u015b\u0107 oraz regeneracj\u0119. Zalety produktu: Zawiera skoncentrowany ekstrakt z buzdyganka naziemnego (Tribulus terrestris). Zwi\u0119kszenie wydzielania testosteronu Poprawienie libido Wzmocnienie si\u0142y oraz przy\u015bpieszenie regeneracji mi\u0119\u015bni Lepsze samopoczucie i zmniejszenie stresu OLIMP Tribusteron 60 to doskona\u0142y wyb\u00f3r dla os\u00f3b poszukuj\u0105cych&#8230;<\/p>\n","protected":false},"featured_media":8585,"comment_status":"closed","ping_status":"closed","template":"","meta":[],"product_brand":[],"product_cat":[728,867,857],"product_tag":[],"class_list":{"0":"post-10579","1":"product","2":"type-product","3":"status-publish","4":"has-post-thumbnail","6":"product_cat-suplementy-diety","7":"product_cat-boostery-testosteronu-hormonu-wzrostu","8":"product_cat-libido-pl","10":"first","11":"instock","12":"featured","13":"taxable","14":"shipping-taxable","15":"purchasable","16":"product-type-simple"},"_links":{"self":[{"href":"https:\/\/muscleforge.nl\/pl\/wp-json\/wp\/v2\/product\/10579","targetHints":{"allow":["GET"]}}],"collection":[{"href":"https:\/\/muscleforge.nl\/pl\/wp-json\/wp\/v2\/product"}],"about":[{"href":"https:\/\/muscleforge.nl\/pl\/wp-json\/wp\/v2\/types\/product"}],"replies":[{"embeddable":true,"href":"https:\/\/muscleforge.nl\/pl\/wp-json\/wp\/v2\/comments?post=10579"}],"wp:featuredmedia":[{"embeddable":true,"href":"https:\/\/muscleforge.nl\/pl\/wp-json\/wp\/v2\/media\/8585"}],"wp:attachment":[{"href":"https:\/\/muscleforge.nl\/pl\/wp-json\/wp\/v2\/media?parent=10579"}],"wp:term":[{"taxonomy":"product_brand","embeddable":true,"href":"https:\/\/muscleforge.nl\/pl\/wp-json\/wp\/v2\/product_brand?post=10579"},{"taxonomy":"product_cat","embeddable":true,"href":"https:\/\/muscleforge.nl\/pl\/wp-json\/wp\/v2\/product_cat?post=10579"},{"taxonomy":"product_tag","embeddable":true,"href":"https:\/\/muscleforge.nl\/pl\/wp-json\/wp\/v2\/product_tag?post=10579"}],"curies":[{"name":"wp","href":"https:\/\/api.w.org\/{rel}","templated":true}]}}