{"id":10582,"date":"2020-09-16T16:38:06","date_gmt":"2020-09-16T14:38:06","guid":{"rendered":"https:\/\/muscleforge.nl\/product\/olimp-termo-speed-hardcore-120-caps\/"},"modified":"2024-08-15T15:49:43","modified_gmt":"2024-08-15T13:49:43","slug":"olimp-termo-speed-hardcore-120-caps","status":"publish","type":"product","link":"https:\/\/muscleforge.nl\/pl\/produkt\/olimp-termo-speed-hardcore-120-caps\/","title":{"rendered":"OLIMP THERMO SPEED HARDCORE 120 CAPS"},"content":{"rendered":"<p><span class=\"suplement\">Suplement diety<\/span><\/p>\n<h1>THERMO SPEED HARDCORE &#8211; 120 KAPSU\u0141EK<\/h1>\n<blockquote><p>Jeden z najskuteczniejszych produkt\u00f3w na redukcj\u0119<br \/>\ntkanki t\u0142uszczowej<\/p>\n<p>Aktywuje dwa mechanizmy odpowiedzialne za uwalnianie<br \/>\nenergii zgromadzonej w tkance t\u0142uszczowej &#8211; podwy\u017cszenie<br \/>\ntempa metabolizmu i zwi\u0119kszenie przemiany energii<\/p>\n<p>Uj\u0119ty w dwa blendy: FAT Energy Diffuser<br \/>\noraz MetaboNERGY System<\/p><\/blockquote>\n<p>&nbsp;<\/p>\n<div>\n<p>Jeden z najskuteczniejszych produkt\u00f3w na redukcj\u0119 tkanki t\u0142uszczowej i prawdziw\u0105 letni\u0105 wycink\u0119 ju\u017c dost\u0119pny, teraz w wersji\u00a0<strong>HARDCORE<\/strong>, by jeszcze szybciej zapewni\u0107 Ci wymarzon\u0105 sylwetk\u0119.<\/p>\n<p><strong>Ultra nowoczesna kompozycja sk\u0142adnik\u00f3w przyczyniaj\u0105cych si\u0119 do utrzymania po\u017c\u0105danego tempa przemian energetycznych w organizmie, a tym samym u\u0142atwiaj\u0105cych kontrol\u0119 wagi cia\u0142a.<\/strong><\/p>\n<p><strong>Thermo Speed\u00ae Hardcore<\/strong>\u00a0aktywuje dwa najwa\u017cniejsze mechanizmy odpowiedzialne za szczeg\u00f3lnie efektywne uwalnianie energii zgromadzonej w tkance t\u0142uszczowej organizmu- podwy\u017cszenie tempa metabolizmu i zwi\u0119kszenie podstawowej przemiany energii, a tak\u017ce nasilenie procesu lipolizy i intensyfikacja wykorzystania jej produkt\u00f3w.<\/p>\n<p><strong>Takiego sk\u0142adu jeszcze nie by\u0142o!<\/strong><\/p>\n<p>Kompozycyjnie<strong>\u00a0Thermo Speed\u00ae Hardcore<\/strong>\u00a0zosta\u0142 uj\u0119ty w 2 blendy:\u00a0<strong>FAT Energy Diffuse<\/strong>r oraz\u00a0<strong>MetaboNERGY System<\/strong>.<\/p>\n<p>Grupa sk\u0142adnik\u00f3w pod kodow\u0105 nazw\u0105\u00a0<strong>FAT Energy Diffuser<\/strong>\u00a0tworzona wy\u0142\u0105cznie z najwy\u017cszej jako\u015bci standaryzowanych ekstrakt\u00f3w ro\u015blinnych ma koncentrowa\u0107 synergizm dzia\u0142ania poszczeg\u00f3lnych substancji aktywnych w kierunku przyspieszenia procesu lipolizy i zmniejszania tempa syntezy t\u0142uszczu w organizmie. ekstrakt Garcinia cambogia standaryzowany na 60% kwas hydroksycytrynowy (HCA) \u2013 najbardziej po\u017c\u0105dan\u0105 funkcj\u0105 HCA z punktu widzenia redukcji tkanki t\u0142uszczowej jest pe\u0142nienie funkcji inhibitora wsp\u00f3\u0142zawodnicz\u0105cego dla enzymu liazy ATP-cytrynianowej i w konsekwencji hamowanie syntezy t\u0142uszczu. Dodatkowo temu zwi\u0105zkowi przypisuje si\u0119 redukcj\u0119 poziomu cukru we krwi, jak r\u00f3wnie\u017c obni\u017canie poziomu insuliny.<\/p>\n<\/div>\n<div><\/div>\n<div><\/div>\n<div>\n<h3><strong>Sk\u0142adniki:<\/strong><\/h3>\n<p>ekstrakt z owoc\u00f3w Garcinia cambogia (<em>Garcinia cambogia<\/em>\u00a0(Gaernt) Desr.), substancja wype\u0142niaj\u0105ca \u2013 celuloza mikrokrystaliczna; L-tyrozyna, ekstrakt z owoc\u00f3w gorzkiej pomara\u0144czy (<em>Citrus aurantium<\/em>\u00a0L., 6% synefryny), ekstrakt z k\u0142\u0105cza imbiru (<em>Zingiber officinale<\/em>\u00a0Rosc.), ekstrakt z nasion guarany (<em>Paullinia cupana<\/em>\u00a0Kunth), kofeina, ekstrakt z nasion zielonej kawy (<em>Coffea arabica<\/em>\u00a0L.), ekstrakt z korzenia pokrzywy indyjskiej (<em>Coleus forskholii<\/em>\u00a0(Willd.) Briq.), 3,0% ekstrakt z owoc\u00f3w pieprzu kaje\u0144skiego (<em>Capsicum annuum<\/em>\u00a0var. longum (DC.) Sendtn.), substancja przeciwzbrylaj\u0105ca \u2013 sole magnezowe kwas\u00f3w t\u0142uszczowych; 0,7% kwas nikotynowy \u2013 niacyna, ekstrakt z owoc\u00f3w pieprzu czarnego (<em>Piper nigrum<\/em>\u00a0L.), kapsu\u0142ka (sk\u0142adniki otoczki \u2013 \u017celatyna, barwnik: E 171).<\/p>\n<div class=\"table-responsive\">\n<table class=\"table\">\n<tbody>\n<tr>\n<td><strong>Informacja \u017cywieniowa<br \/>\n<\/strong><\/td>\n<td><strong>1 kapsu\u0142ka<br \/>\n<\/strong><\/td>\n<td><strong>2 kapsu\u0142ki<br \/>\n(&lt; 90 kg)<br \/>\n<\/strong><\/td>\n<td><strong>3 kapsu\u0142ki<br \/>\n(&gt; 90 kg)<br \/>\n<\/strong><\/td>\n<\/tr>\n<tr>\n<td><strong>FAT Energy Diffuser:<\/strong><\/td>\n<td><strong>375 mg<\/strong><\/td>\n<td><strong>750\u00a0 mg<\/strong><\/td>\n<td><strong>1125 mg<\/strong><\/td>\n<\/tr>\n<tr>\n<td>Ekstrakt Garcinia cambogia<br \/>\nw tym: kwas hydroksycytrynowy<\/td>\n<td>200 mg<br \/>\n120 mg<\/td>\n<td>400 mg<br \/>\n240 mg<\/td>\n<td>600 mg<br \/>\n360 mg<\/td>\n<\/tr>\n<tr>\n<td>Ekstrakt gorzkiej pomara\u0144czy<br \/>\nw tym: synefryna<\/td>\n<td>100 mg<br \/>\n6 mg<\/td>\n<td>200 mg<br \/>\n12 mg<\/td>\n<td>300 mg<br \/>\n18 mg<\/td>\n<\/tr>\n<tr>\n<td>Ekstrakt z pokrzywy indyjskiej<br \/>\nw tym: forskolina<\/td>\n<td>35 mg<br \/>\n3,5 mg<\/td>\n<td>70 mg<br \/>\n7 mg<\/td>\n<td>105 mg<br \/>\n10,5 mg<\/td>\n<\/tr>\n<tr>\n<td>Ekstrakt pieprzu kaje\u0144skiego<br \/>\nw tym: kapsaicyna<\/td>\n<td>35 mg<br \/>\n2,8 mg<\/td>\n<td>70 mg<br \/>\n5,6 mg<\/td>\n<td>105 mg<br \/>\n8,4 mg<\/td>\n<\/tr>\n<tr>\n<td>Ekstrakt pieprzu czarnego<strong><br \/>\n<\/strong>w tym: piperyna<\/td>\n<td>5 mg<br \/>\n4,75 mg<\/td>\n<td>10 mg<br \/>\n9,5 mg<\/td>\n<td>15 mg<br \/>\n14,25 mg<\/td>\n<\/tr>\n<tr>\n<td><strong>MetaboNERGY System:<\/strong><\/td>\n<td><strong>455 mg<\/strong><\/td>\n<td><strong>910 mg<\/strong><\/td>\n<td><strong>1365 mg<\/strong><\/td>\n<\/tr>\n<tr>\n<td>Ekstrakt z nasion zielonej kawy<br \/>\nw tym: kwas chlorogenowy<br \/>\nw tym kofeina<\/td>\n<td>40 mg<br \/>\n20 mg<br \/>\n1,6 mg<\/td>\n<td>80 mg<br \/>\n40 mg<br \/>\n3,2 mg<\/td>\n<td>120 mg<br \/>\n60 mg<br \/>\n4,8 mg<\/td>\n<\/tr>\n<tr>\n<td>Kofeina<\/td>\n<td>55 mg<\/td>\n<td>110 mg<\/td>\n<td>165 mg<\/td>\n<\/tr>\n<tr>\n<td>Ekstrakt guarany<br \/>\nw tym: kofeina<\/td>\n<td>77 mg<br \/>\n38,5 mg<\/td>\n<td>154 mg<br \/>\n77 mg<\/td>\n<td>231 mg<br \/>\n115,5 mg<\/td>\n<\/tr>\n<tr>\n<td>Ekstrakt imbiru<br \/>\nw tym: gingerole<\/td>\n<td>100 mg<br \/>\n5 mg<\/td>\n<td>200 mg<br \/>\n10 mg<\/td>\n<td>300 mg<br \/>\n15 mg<\/td>\n<\/tr>\n<tr>\n<td>L-tyrozyna<\/td>\n<td>175 mg<\/td>\n<td>350 mg<\/td>\n<td>525 mg<\/td>\n<\/tr>\n<tr>\n<td>Niacyna<\/td>\n<td>8 mg (50%*)<\/td>\n<td>16 mg (100%*)<\/td>\n<td>24 mg (150%*)<\/td>\n<\/tr>\n<\/tbody>\n<\/table>\n<\/div>\n<p>* %RWS &#8211; referencyjne warto\u015bci spo\u017cycia<\/p>\n<\/div>\n<p>&nbsp;<\/p>\n<p><strong>Zalecana dzienna porcja:<\/strong>\u00a01-3 kapsu\u0142ek dziennie \u2013 w zale\u017cno\u015bci od wagi cia\u0142a sugeruje si\u0119 nast\u0119puj\u0105ce porcje produktu:<\/p>\n<ul>\n<li><span class=\"special-li\">do wagi 90 kg \u2013 2 kapsu\u0142ki, po jednej 30 min przed \u015bniadaniem i treningiem,<\/span><\/li>\n<li><span class=\"special-li\">powy\u017cej 90 kg \u2013 3 kapsu\u0142ki, po jednej przed \u015bniadaniem, obiadem i treningiem.<\/span><\/li>\n<\/ul>\n<p>Za ka\u017cdym razem kapsu\u0142ki nale\u017cy popi\u0107 du\u017c\u0105 ilo\u015bci\u0105 wody.<\/p>\n<p>Nie nale\u017cy przekracza\u0107 zalecanej porcji do spo\u017cycia w ci\u0105gu dnia. Suplement diety nie mo\u017ce by\u0107 stosowany jako substytut zr\u00f3\u017cnicowanej diety. Zalecany jest zr\u00f3wnowa\u017cony spos\u00f3b \u017cywienia i zdrowy tryb \u017cycia.<\/p>\n<p><strong>Uwaga: THERMO SPEED\u00ae HARDCORE<\/strong>\u00a0zawiera kofein\u0119; nie zaleca si\u0119 stosowania u dzieci i kobiet w ci\u0105\u017cy (zawarto\u015b\u0107 kofeiny: 285 mg\/ 3 kapsu\u0142ki). Nie zaleca si\u0119 stosowania u kobiet karmi\u0105cych piersi\u0105, u os\u00f3b z chorobami serca, nadci\u015bnieniem lub w przypadku nadwra\u017cliwo\u015bci na kt\u00f3rykolwiek ze sk\u0142adnik\u00f3w preparatu. Nie przekracza\u0107 spo\u017cycia 400 mg kofeiny dziennie ze wszystkich \u017ar\u00f3de\u0142.<\/p>\n<p><strong>Warunki przechowywania:<\/strong>\u00a0przechowywa\u0107 w suchych pomieszczeniach, w temperaturze pokojowej, w szczelnie zamkni\u0119tych opakowaniach. Przechowywa\u0107 w spos\u00f3b niedost\u0119pny dla ma\u0142ych dzieci.<\/p>\n<p>&nbsp;<\/p>\n<p>Suplement diety przeznaczony dla os\u00f3b doros\u0142ych, aktywnych fizycznie oraz sportowc\u00f3w, d\u0105\u017c\u0105cych do redukcji masy cia\u0142a.<\/p>\n<div><\/div>\n","protected":false},"excerpt":{"rendered":"<p>Suplement diety THERMO SPEED HARDCORE &#8211; 120 KAPSU\u0141EK Jeden z najskuteczniejszych produkt\u00f3w na redukcj\u0119 tkanki t\u0142uszczowej Aktywuje dwa mechanizmy odpowiedzialne za uwalnianie energii zgromadzonej w tkance t\u0142uszczowej &#8211; podwy\u017cszenie tempa metabolizmu i zwi\u0119kszenie przemiany energii Uj\u0119ty w dwa blendy: FAT Energy Diffuser oraz MetaboNERGY System &nbsp; Jeden z najskuteczniejszych produkt\u00f3w na redukcj\u0119 tkanki t\u0142uszczowej i&#8230;<\/p>\n","protected":false},"featured_media":8901,"comment_status":"closed","ping_status":"closed","template":"","meta":[],"product_brand":[],"product_cat":[728,847],"product_tag":[],"class_list":{"0":"post-10582","1":"product","2":"type-product","3":"status-publish","4":"has-post-thumbnail","6":"product_cat-suplementy-diety","7":"product_cat-spalacze","9":"first","10":"instock","11":"featured","12":"taxable","13":"shipping-taxable","14":"purchasable","15":"product-type-simple"},"_links":{"self":[{"href":"https:\/\/muscleforge.nl\/pl\/wp-json\/wp\/v2\/product\/10582","targetHints":{"allow":["GET"]}}],"collection":[{"href":"https:\/\/muscleforge.nl\/pl\/wp-json\/wp\/v2\/product"}],"about":[{"href":"https:\/\/muscleforge.nl\/pl\/wp-json\/wp\/v2\/types\/product"}],"replies":[{"embeddable":true,"href":"https:\/\/muscleforge.nl\/pl\/wp-json\/wp\/v2\/comments?post=10582"}],"wp:featuredmedia":[{"embeddable":true,"href":"https:\/\/muscleforge.nl\/pl\/wp-json\/wp\/v2\/media\/8901"}],"wp:attachment":[{"href":"https:\/\/muscleforge.nl\/pl\/wp-json\/wp\/v2\/media?parent=10582"}],"wp:term":[{"taxonomy":"product_brand","embeddable":true,"href":"https:\/\/muscleforge.nl\/pl\/wp-json\/wp\/v2\/product_brand?post=10582"},{"taxonomy":"product_cat","embeddable":true,"href":"https:\/\/muscleforge.nl\/pl\/wp-json\/wp\/v2\/product_cat?post=10582"},{"taxonomy":"product_tag","embeddable":true,"href":"https:\/\/muscleforge.nl\/pl\/wp-json\/wp\/v2\/product_tag?post=10582"}],"curies":[{"name":"wp","href":"https:\/\/api.w.org\/{rel}","templated":true}]}}