{"id":10646,"date":"2020-08-21T12:59:20","date_gmt":"2020-08-21T10:59:20","guid":{"rendered":"https:\/\/muscleforge.nl\/product\/oshee-pure-zero-750ml-lemon\/"},"modified":"2020-08-21T12:59:20","modified_gmt":"2020-08-21T10:59:20","slug":"oshee-pure-zero-750ml-lemon","status":"publish","type":"product","link":"https:\/\/muscleforge.nl\/pl\/produkt\/oshee-pure-zero-750ml-lemon\/","title":{"rendered":"Oshee Pure Zero 750ML Cytryna"},"content":{"rendered":"<h1 class=\"productName\">OSHEE Isotonic Drink Lemon, 750 ml<\/h1>\n<p>&nbsp;<\/p>\n<p><img decoding=\"async\" src=\"https:\/\/osheeshop.eu\/gfx\/kafelki_osheeshop_iso_lemon.jpg\" alt=\"OSHEE Isotonic Drink Lemon, 750 ml\" \/><\/p>\n<p>&nbsp;<\/p>\n<div>\n<p><b>Nap\u00f3j izotoniczny niegazowany o smaku cytrynowym z dodatkiem witamin. Zawiera cukier\u00a0i substancje s\u0142odz\u0105ce. Zawiera \u017ar\u00f3d\u0142o fenyloalaniny.<\/b><\/p>\n<\/div>\n<div>\n<p><strong>Sk\u0142adniki:<\/strong>\u00a0woda, glukoza, maltodekstryna, kwas: kwas cytrynowy; regulatory kwasowo\u015bci: cytryniany sodu, cytryniany potasu; aromat, substancje konserwuj\u0105ce: sorbinian potasu, benzoesan sodu; stabilizatory: guma arabska, estry glicerolu i \u017cywicy ro\u015blinnej; substancje s\u0142odz\u0105ce: aspartam i\u00a0acesulfam K; barwnik: \u017c\u00f3\u0142cie\u0144 chinolinowa- mo\u017ce mie\u0107 szkodliwy wp\u0142yw na aktywno\u015b\u0107\u00a0i skupienie uwagi u dzieci<b>;\u00a0<\/b>substancje wzbogacaj\u0105ce: witaminy (niacyna, witamina B6 i biotyna).<\/p>\n<p>Tworzenie si\u0119 osad\u00f3w jest zjawiskiem naturalnym. Przed otwarciem delikatnie wstrz\u0105sn\u0105\u0107 Najlepiej spo\u017cy\u0107 przed: data i numer partii produkcyjnej podane na zamkni\u0119ciu lub w g\u00f3rnej cz\u0119\u015bci butelki. Przechowywa\u0107 w suchym i ch\u0142odnym miejscu. Chroni\u0107 przed dzia\u0142aniem promieni s\u0142onecznych. Spo\u017cy\u0107 bezpo\u015brednio po otwarciu.<\/p>\n<\/div>\n<div>\n<p>OSHEE zach\u0119ca do prowadzenia zdrowego trybu \u017cycia i od\u017cywiania si\u0119 w spos\u00f3b zr\u00f3wnowa\u017cony.<\/p>\n<\/div>\n<div>\n<p>Roztwory w\u0119glowodanowo-elektrolitowe zwi\u0119kszaj\u0105 wch\u0142anianie wody podczas \u0107wicze\u0144 fizycznych oraz \u00a0pomagaj\u0105 utrzyma\u0107 wytrzyma\u0142o\u015b\u0107 podczas d\u0142ugotrwa\u0142ych \u0107wicze\u0144 wytrzyma\u0142o\u015bciowych.<\/p>\n<\/div>\n<p>&nbsp;<\/p>\n<div class=\"module productDetails productAttributes\">\n<table class=\"productDetails productAttributes\">\n<tbody>\n<tr>\n<td class=\"tag\">Funkcja<span class=\"colon\">:<\/span><\/td>\n<td class=\"value\">na odporno\u015b\u0107<span class=\"sep\">,<\/span>\u00a0na zm\u0119czenie i znu\u017cenie<span class=\"sep\">,<\/span>\u00a0na zdrowe w\u0142osy i panokcie<span class=\"sep\">,<\/span>\u00a0na zdrow\u0105 sk\u00f3r\u0119<span class=\"sep\">,<\/span>\u00a0na kaca<span class=\"sep\">,<\/span>\u00a0na odwodnienie<\/td>\n<\/tr>\n<tr>\n<td class=\"tag\">Benefity<span class=\"colon\">:<\/span><\/td>\n<td class=\"value\">niacyna<span class=\"sep\">,<\/span>\u00a0biotyna<span class=\"sep\">,<\/span>\u00a0witamina B6<\/td>\n<\/tr>\n<\/tbody>\n<\/table>\n<\/div>\n<div class=\"separator to-productAttributes noPrint\"><\/div>\n<table>\n<tbody>\n<tr>\n<td width=\"165\">Warto\u015b\u0107 od\u017cywcza w<\/td>\n<td width=\"151\">100 ml<\/td>\n<td width=\"149\">750 ml (porcja)<\/td>\n<\/tr>\n<tr>\n<td width=\"165\">Warto\u015b\u0107 energetyczna<\/td>\n<td width=\"151\">101 kJ\/ 24 kcal<\/td>\n<td width=\"149\">758 kJ\/ 180 kcal<\/td>\n<\/tr>\n<tr>\n<td width=\"165\">T\u0142uszcz<\/td>\n<td width=\"151\">0 g<\/td>\n<td width=\"149\">0 g<\/td>\n<\/tr>\n<tr>\n<td width=\"165\">w tym kwasy t\u0142uszczowe nasycone<\/td>\n<td width=\"151\">0 g<\/td>\n<td width=\"149\">0 g<\/td>\n<\/tr>\n<tr>\n<td width=\"165\">W\u0119glowodany<\/td>\n<td width=\"151\">5,7 g<\/td>\n<td width=\"149\">42,7 g<\/td>\n<\/tr>\n<tr>\n<td width=\"165\">w tym cukry<\/td>\n<td width=\"151\">4,0 g<\/td>\n<td width=\"149\">30,0 g<\/td>\n<\/tr>\n<tr>\n<td width=\"165\">Bia\u0142ko<\/td>\n<td width=\"151\">0 g<\/td>\n<td width=\"149\">0 g<\/td>\n<\/tr>\n<tr>\n<td width=\"165\">S\u00f3l<\/td>\n<td width=\"151\">0,12 g<\/td>\n<td width=\"149\">0,9 g<\/td>\n<\/tr>\n<tr>\n<td colspan=\"2\" width=\"315\">Witaminy<\/td>\n<td width=\"149\">&nbsp;<\/td>\n<\/tr>\n<tr>\n<td width=\"165\">Niacyna (B3)<\/td>\n<td width=\"151\">1,2 mg\u00a0 (7,5%*)<\/td>\n<td width=\"149\">9 mg (56%*)<\/td>\n<\/tr>\n<tr>\n<td width=\"165\">Witamina B6<\/td>\n<td width=\"151\">0,105 mg\u00a0 (7,5%*)<\/td>\n<td width=\"149\">0,79 mg (56%*)<\/td>\n<\/tr>\n<tr>\n<td width=\"165\">Biotyna (B7)<\/td>\n<td width=\"151\">3,75 \u00b5g (7,5%*)<\/td>\n<td width=\"149\">28,1 \u00b5g (56%*)<\/td>\n<\/tr>\n<\/tbody>\n<\/table>\n<p>*% dziennej referencyjnej warto\u015bci spo\u017cycia dla osoby doros\u0142ej<\/p>\n","protected":false},"excerpt":{"rendered":"<p>OSHEE Isotonic Drink Lemon, 750 ml &nbsp; &nbsp; Nap\u00f3j izotoniczny niegazowany o smaku cytrynowym z dodatkiem witamin. Zawiera cukier\u00a0i substancje s\u0142odz\u0105ce. Zawiera \u017ar\u00f3d\u0142o fenyloalaniny. Sk\u0142adniki:\u00a0woda, glukoza, maltodekstryna, kwas: kwas cytrynowy; regulatory kwasowo\u015bci: cytryniany sodu, cytryniany potasu; aromat, substancje konserwuj\u0105ce: sorbinian potasu, benzoesan sodu; stabilizatory: guma arabska, estry glicerolu i \u017cywicy ro\u015blinnej; substancje s\u0142odz\u0105ce: aspartam i\u00a0acesulfam&#8230;<\/p>\n","protected":false},"featured_media":8921,"comment_status":"closed","ping_status":"closed","template":"","meta":[],"product_brand":[],"product_cat":[107],"product_tag":[],"class_list":{"0":"post-10646","1":"product","2":"type-product","3":"status-publish","4":"has-post-thumbnail","6":"product_cat-voedingssupplementen","8":"first","9":"outofstock","10":"taxable","11":"shipping-taxable","12":"purchasable","13":"product-type-simple"},"_links":{"self":[{"href":"https:\/\/muscleforge.nl\/pl\/wp-json\/wp\/v2\/product\/10646","targetHints":{"allow":["GET"]}}],"collection":[{"href":"https:\/\/muscleforge.nl\/pl\/wp-json\/wp\/v2\/product"}],"about":[{"href":"https:\/\/muscleforge.nl\/pl\/wp-json\/wp\/v2\/types\/product"}],"replies":[{"embeddable":true,"href":"https:\/\/muscleforge.nl\/pl\/wp-json\/wp\/v2\/comments?post=10646"}],"wp:featuredmedia":[{"embeddable":true,"href":"https:\/\/muscleforge.nl\/pl\/wp-json\/wp\/v2\/media\/8921"}],"wp:attachment":[{"href":"https:\/\/muscleforge.nl\/pl\/wp-json\/wp\/v2\/media?parent=10646"}],"wp:term":[{"taxonomy":"product_brand","embeddable":true,"href":"https:\/\/muscleforge.nl\/pl\/wp-json\/wp\/v2\/product_brand?post=10646"},{"taxonomy":"product_cat","embeddable":true,"href":"https:\/\/muscleforge.nl\/pl\/wp-json\/wp\/v2\/product_cat?post=10646"},{"taxonomy":"product_tag","embeddable":true,"href":"https:\/\/muscleforge.nl\/pl\/wp-json\/wp\/v2\/product_tag?post=10646"}],"curies":[{"name":"wp","href":"https:\/\/api.w.org\/{rel}","templated":true}]}}