{"id":10654,"date":"2020-08-20T18:01:04","date_gmt":"2020-08-20T16:01:04","guid":{"rendered":"https:\/\/muscleforge.nl\/product\/oshee-vitamin-water-555ml-red-grape-dragonfruit\/"},"modified":"2024-04-12T21:04:57","modified_gmt":"2024-04-12T19:04:57","slug":"oshee-vitamin-water-555ml-red-grape-dragonfruit","status":"publish","type":"product","link":"https:\/\/muscleforge.nl\/pl\/produkt\/oshee-vitamin-water-555ml-red-grape-dragonfruit\/","title":{"rendered":"OSHEE VITAMIN WATER 555ML Czerwone Winogrona-Smoczy Owoc"},"content":{"rendered":"<h1 class=\"productName\">OSHEE Vitamin Water Witaminy + minera\u0142y, 555 ml<\/h1>\n<p>&nbsp;<\/p>\n<p><img decoding=\"async\" src=\"https:\/\/osheeshop.eu\/gfx\/kafelki_osheeshop_vitamin_water_wit-min.jpg\" alt=\"OSHEE Vitamin Water Witaminy + minera\u0142y, 555 ml\" \/><\/p>\n<p>&nbsp;<\/p>\n<div>\n<p><b>Nap\u00f3j niegazowany o smaku czerwonych winogron i dragonfruit z dodatkiem witamin,<br \/>\ncynku i jodu. Pasteryzowany<\/b>.<\/p>\n<\/div>\n<div>\n<p><strong>Sk\u0142adniki:<\/strong>\u00a0woda, cukier, regulator kwasowo\u015bci: kwas cytrynowy; zag\u0119szczony sok z czarnej marchwi; naturalne aromaty, substancje wzbogacaj\u0105ce: witaminy (niacyna, witamina\u00a0 B6, biotyna, witamina B12); sk\u0142adniki mineralne: mleczan cynku, jodek potasu.<\/p>\n<p>Tworzenie si\u0119 osad\u00f3w jest zjawiskiem naturalnym. Przed otwarciem wstrz\u0105sn\u0105\u0107. Opakowanie 555 ml zawiera\u00a02 sugerowane porcje produktu po 278 ml. Najlepiej spo\u017cy\u0107 przed: dat\u0119 i numer\u00a0 partii produkcyjnej podano na zamkni\u0119ciu lub w g\u00f3rnej cz\u0119\u015bci butelki. Przechowywa\u0107 w suchym i ch\u0142odnym miejscu. Chroni\u0107 przed dzia\u0142aniem promieni s\u0142onecznych. Po otwarciu przechowywa\u0107 w lod\u00f3wce\u00a0i spo\u017cy\u0107 w ci\u0105gu 12 godzin.<\/p>\n<\/div>\n<p>&nbsp;<\/p>\n<div class=\"module productDetails productAttributes\">\n<table class=\"productDetails productAttributes\">\n<tbody>\n<tr>\n<td class=\"tag\">Funkcja<span class=\"colon\">:<\/span><\/td>\n<td class=\"value\">na odporno\u015b\u0107<span class=\"sep\">,<\/span>\u00a0na zm\u0119czenie i znu\u017cenie<span class=\"sep\">,<\/span>\u00a0na zdrowe w\u0142osy i panokcie<span class=\"sep\">,<\/span>\u00a0na zdrow\u0105 sk\u00f3r\u0119<span class=\"sep\">,<\/span>\u00a0na uk\u0142ad nerwowy<\/td>\n<\/tr>\n<tr>\n<td class=\"tag\">Benefity<span class=\"colon\">:<\/span><\/td>\n<td class=\"value\">niacyna<span class=\"sep\">,<\/span>\u00a0jod<span class=\"sep\">,<\/span>\u00a0cynk<span class=\"sep\">,<\/span>\u00a0biotyna<span class=\"sep\">,<\/span>\u00a0witamina B12<span class=\"sep\">,<\/span>\u00a0witamina B6<\/td>\n<\/tr>\n<\/tbody>\n<\/table>\n<\/div>\n<div class=\"separator to-productAttributes noPrint\"><\/div>\n<table>\n<tbody>\n<tr>\n<td width=\"192\">Warto\u015b\u0107 od\u017cywcza w\/ Nutritional declaration per<\/td>\n<td width=\"132\">100 ml<\/td>\n<td width=\"140\">278 ml (porcja\/ portion)<\/td>\n<\/tr>\n<tr>\n<td width=\"192\">Warto\u015b\u0107 energetyczna\/ Energy<\/td>\n<td width=\"132\">\u00a083 kJ\/ 20 kcal<\/td>\n<td width=\"140\">\u00a0231 kJ\/ 56 kcal<\/td>\n<\/tr>\n<tr>\n<td width=\"192\">T\u0142uszcz\/ Fat<\/td>\n<td width=\"132\">0 g<\/td>\n<td width=\"140\">0 g<\/td>\n<\/tr>\n<tr>\n<td width=\"192\">w tym kwasy t\u0142uszczowe nasycone\/ of which saturates<\/td>\n<td width=\"132\">0 g<\/td>\n<td width=\"140\">0 g<\/td>\n<\/tr>\n<tr>\n<td width=\"192\">W\u0119glowodany\/ Carbohydrate<\/td>\n<td width=\"132\">4,9 g<\/td>\n<td width=\"140\">13,6 g<\/td>\n<\/tr>\n<tr>\n<td width=\"192\">w tym cukry\/ of which sugars<\/td>\n<td width=\"132\">4,9 g<\/td>\n<td width=\"140\">13,6 g<\/td>\n<\/tr>\n<tr>\n<td width=\"192\">Bia\u0142ko\/ Protein<\/td>\n<td width=\"132\">0 g<\/td>\n<td width=\"140\">0 g<\/td>\n<\/tr>\n<tr>\n<td width=\"192\">S\u00f3l\/ Salt<\/td>\n<td width=\"132\">0 g<\/td>\n<td width=\"140\">0 g<\/td>\n<\/tr>\n<tr>\n<td colspan=\"3\" width=\"464\">Witaminy i minera\u0142y\/ Vitamins and minerals<\/td>\n<\/tr>\n<tr>\n<td width=\"192\">Niacyna\/ Niacin (B3)<\/td>\n<td width=\"132\">1,6 mg (10%*)<\/td>\n<td width=\"140\">4,45 mg (28%*)<\/td>\n<\/tr>\n<tr>\n<td width=\"192\">Witamina B6\/ Vitamin B6<\/td>\n<td width=\"132\">0,14 mg (10%*)<\/td>\n<td width=\"140\">0,39 mg (28%*)<\/td>\n<\/tr>\n<tr>\n<td width=\"192\">Biotyna\/ Biotin (B7)<\/td>\n<td width=\"132\">5 \u00b5g (10%*)<\/td>\n<td width=\"140\">13,9 \u00b5g (28%*)<\/td>\n<\/tr>\n<tr>\n<td width=\"192\">Witamina B12\/ Vitamin B12<\/td>\n<td width=\"132\">0,25 \u00b5g (10%*)<\/td>\n<td width=\"140\">0,69 \u00b5g (28%*)<\/td>\n<\/tr>\n<tr>\n<td width=\"192\">Cynk\/ Zinc<\/td>\n<td width=\"132\">1 mg (10%*)<\/td>\n<td width=\"140\">2,78 mg (28%*)<\/td>\n<\/tr>\n<tr>\n<td width=\"192\">Jod\/ Iodine<\/td>\n<td width=\"132\">15 \u00b5g (10%*)<\/td>\n<td width=\"140\">41,7 \u00b5g (28%*)<\/td>\n<\/tr>\n<\/tbody>\n<\/table>\n<p>*% dziennej referencyjnej warto\u015bci spo\u017cycia dla osoby doros\u0142ej\/ *% of reference daily intake per adults<\/p>\n","protected":false},"excerpt":{"rendered":"<p>OSHEE Vitamin Water Witaminy + minera\u0142y, 555 ml &nbsp; &nbsp; Nap\u00f3j niegazowany o smaku czerwonych winogron i dragonfruit z dodatkiem witamin, cynku i jodu. Pasteryzowany. Sk\u0142adniki:\u00a0woda, cukier, regulator kwasowo\u015bci: kwas cytrynowy; zag\u0119szczony sok z czarnej marchwi; naturalne aromaty, substancje wzbogacaj\u0105ce: witaminy (niacyna, witamina\u00a0 B6, biotyna, witamina B12); sk\u0142adniki mineralne: mleczan cynku, jodek potasu. Tworzenie si\u0119&#8230;<\/p>\n","protected":false},"featured_media":10655,"comment_status":"closed","ping_status":"closed","template":"","meta":[],"product_brand":[],"product_cat":[728,868],"product_tag":[],"class_list":{"0":"post-10654","1":"product","2":"type-product","3":"status-publish","4":"has-post-thumbnail","6":"product_cat-suplementy-diety","7":"product_cat-napoje-witaminowe","9":"first","10":"outofstock","11":"taxable","12":"shipping-taxable","13":"purchasable","14":"product-type-simple"},"_links":{"self":[{"href":"https:\/\/muscleforge.nl\/pl\/wp-json\/wp\/v2\/product\/10654","targetHints":{"allow":["GET"]}}],"collection":[{"href":"https:\/\/muscleforge.nl\/pl\/wp-json\/wp\/v2\/product"}],"about":[{"href":"https:\/\/muscleforge.nl\/pl\/wp-json\/wp\/v2\/types\/product"}],"replies":[{"embeddable":true,"href":"https:\/\/muscleforge.nl\/pl\/wp-json\/wp\/v2\/comments?post=10654"}],"wp:featuredmedia":[{"embeddable":true,"href":"https:\/\/muscleforge.nl\/pl\/wp-json\/wp\/v2\/media\/10655"}],"wp:attachment":[{"href":"https:\/\/muscleforge.nl\/pl\/wp-json\/wp\/v2\/media?parent=10654"}],"wp:term":[{"taxonomy":"product_brand","embeddable":true,"href":"https:\/\/muscleforge.nl\/pl\/wp-json\/wp\/v2\/product_brand?post=10654"},{"taxonomy":"product_cat","embeddable":true,"href":"https:\/\/muscleforge.nl\/pl\/wp-json\/wp\/v2\/product_cat?post=10654"},{"taxonomy":"product_tag","embeddable":true,"href":"https:\/\/muscleforge.nl\/pl\/wp-json\/wp\/v2\/product_tag?post=10654"}],"curies":[{"name":"wp","href":"https:\/\/api.w.org\/{rel}","templated":true}]}}