{"id":10658,"date":"2020-08-19T17:18:45","date_gmt":"2020-08-19T15:18:45","guid":{"rendered":"https:\/\/muscleforge.nl\/product\/olimp-bcaa-xplode-powder-500g-xplosive-fruit-punch\/"},"modified":"2024-12-30T12:26:12","modified_gmt":"2024-12-30T11:26:12","slug":"olimp-bcaa-xplode-powder-500g-xplosive-fruit-punch","status":"publish","type":"product","link":"https:\/\/muscleforge.nl\/pl\/produkt\/olimp-bcaa-xplode-powder-500g-xplosive-fruit-punch\/","title":{"rendered":"OLIMP BCAA XPLODE POWDER 500G"},"content":{"rendered":"<h1><strong>OLIMP BCAA XPLODE POWDER<\/strong><\/h1>\n<h4>OLIMP BCAA XPLODE POWDER to suplement diety w formie proszku, zawieraj\u0105cy aminokwasy rozga\u0142\u0119zione (BCAA) w wysokiej dawce, wzbogacony o L-glutamin\u0119 oraz witamin\u0119 B6, kt\u00f3re wspieraj\u0105 regeneracj\u0119, wzrost masy mi\u0119\u015bniowej i ochron\u0119 przed katabolizmem.<\/h4>\n<p><strong>Zalety produktu:<\/strong><\/p>\n<ul>\n<li>Wysoka dawka BCAA (L-leucyna, L-izoleucyna, L-walina) w idealnym stosunku 2:1:1,<\/li>\n<li>Wzbogacony o L-glutamin\u0119 wspieraj\u0105c\u0105 regeneracj\u0119 i odporno\u015b\u0107,<\/li>\n<li>Zawiera witamin\u0119 B6, kt\u00f3ra pomaga zmniejszy\u0107 zm\u0119czenie i wspiera metabolizm bia\u0142ek,<\/li>\n<li>Przyspiesza regeneracj\u0119 mi\u0119\u015bni po intensywnym treningu,<\/li>\n<li>Smaczny i \u0142atwy w przygotowaniu.<\/li>\n<\/ul>\n<p>OLIMP BCAA XPLODE POWDER to doskona\u0142y wyb\u00f3r dla os\u00f3b aktywnych fizycznie, kt\u00f3re d\u0105\u017c\u0105 do poprawy regeneracji, ochrony mi\u0119\u015bni przed katabolizmem i wspierania proces\u00f3w anabolicznych. Dzi\u0119ki optymalnej proporcji aminokwas\u00f3w BCAA (2:1:1) oraz dodatku L-glutaminy, suplement ten wspiera budow\u0119 masy mi\u0119\u015bniowej i skraca czas regeneracji. Witamina B6 zawarta w produkcie dodatkowo wspomaga metabolizm energetyczny oraz zmniejsza uczucie zm\u0119czenia.<\/p>\n<p>&nbsp;<\/p>\n<h3><strong>Zalecana dzienna porcja:<\/strong><\/h3>\n<p>1-2 porcji dziennie \u2013 przed posi\u0142kiem lub treningiem oraz po treningu lub przed snem. 1 porcj\u0119 (10 g proszku = 1 miarka) nale\u017cy\u00a0rozpu\u015bci\u0107 w 200 ml wody i\u00a0spo\u017cy\u0107 zaraz po przygotowaniu.<\/p>\n<p>&nbsp;<\/p>\n<h3>Tabela warto\u015bci od\u017cywczych:<\/h3>\n<div class=\"group\/conversation-turn relative flex w-full min-w-0 flex-col agent-turn\">\n<div class=\"flex-col gap-1 md:gap-3\">\n<div class=\"flex max-w-full flex-col flex-grow\">\n<div class=\"min-h-8 text-message flex w-full flex-col items-end gap-2 whitespace-normal break-words text-start [.text-message+&amp;]:mt-5\" dir=\"auto\" data-message-author-role=\"assistant\" data-message-id=\"817d7728-56d9-4116-bb71-901547c68b79\" data-message-model-slug=\"gpt-4o\">\n<div class=\"flex w-full flex-col gap-1 empty:hidden first:pt-[3px]\">\n<div class=\"markdown prose w-full break-words dark:prose-invert light\">\n<table>\n<thead>\n<tr>\n<th><strong>Informacja o warto\u015bci od\u017cywczej<\/strong><\/th>\n<th><strong>1 porcja (10 g)<\/strong><\/th>\n<th><strong>2 porcje (20 g)<\/strong><\/th>\n<th><strong>na 100 g<\/strong><\/th>\n<\/tr>\n<\/thead>\n<tbody>\n<tr>\n<td>Warto\u015b\u0107 energetyczna<\/td>\n<td>158 kJ \/ 38 kcal<\/td>\n<td>317 kJ \/ 75 kcal<\/td>\n<td>1584 kJ \/ 377 kcal<\/td>\n<\/tr>\n<tr>\n<td>T\u0142uszcz<\/td>\n<td>&lt; 0,5 g<\/td>\n<td>&lt; 0,5 g<\/td>\n<td>&lt; 0,5 g<\/td>\n<\/tr>\n<tr>\n<td>&#8211; w tym kwasy t\u0142uszczowe nasycone<\/td>\n<td>&lt; 0,1 g<\/td>\n<td>&lt; 0,1 g<\/td>\n<td>0,2 g<\/td>\n<\/tr>\n<tr>\n<td>W\u0119glowodany<\/td>\n<td>0 g<\/td>\n<td>0 g<\/td>\n<td>0 g<\/td>\n<\/tr>\n<tr>\n<td>&#8211; w tym cukry<\/td>\n<td>0 g<\/td>\n<td>0 g<\/td>\n<td>0 g<\/td>\n<\/tr>\n<tr>\n<td>Bia\u0142ko<\/td>\n<td>5,1 g<\/td>\n<td>10 g<\/td>\n<td>51 g<\/td>\n<\/tr>\n<tr>\n<td>S\u00f3l<\/td>\n<td>0,60 g<\/td>\n<td>1,2 g<\/td>\n<td>6,0 g<\/td>\n<\/tr>\n<tr>\n<td>Witamina B6<\/td>\n<td>2 mg (143%*)<\/td>\n<td>4 mg (286%*)<\/td>\n<td>20 mg (1429%*)<\/td>\n<\/tr>\n<tr>\n<td>Aminokwasy rozga\u0142\u0119zione (BCAA)<\/td>\n<td>6,0 g<\/td>\n<td>12 g<\/td>\n<td>60 g<\/td>\n<\/tr>\n<tr>\n<td>&#8211; L-leucyna<\/td>\n<td>3,0 g<\/td>\n<td>6,0 g<\/td>\n<td>30 g<\/td>\n<\/tr>\n<tr>\n<td>&#8211; L-walina<\/td>\n<td>1,5 g<\/td>\n<td>3,0 g<\/td>\n<td>15 g<\/td>\n<\/tr>\n<tr>\n<td>&#8211; L-izoleucyna<\/td>\n<td>1,5 g<\/td>\n<td>3,0 g<\/td>\n<td>15 g<\/td>\n<\/tr>\n<tr>\n<td>L-glutamina<\/td>\n<td>1,0 g<\/td>\n<td>2,0 g<\/td>\n<td>10 g<\/td>\n<\/tr>\n<\/tbody>\n<\/table>\n<p>*RWS &#8211; referencyjna warto\u015b\u0107 spo\u017cycia.<\/p>\n<\/div>\n<\/div>\n<\/div>\n<\/div>\n<\/div>\n<\/div>\n<p><strong>Sk\u0142adniki<\/strong>: wolne aminokwasy BCAA (L-leucyna, L-walina, L-izoleucyna), regulatory kwasowo\u015bci \u2013 kwas cytrynowy, cytryniany sodu; L-glutamina, aromaty, substancja zag\u0119szczaj\u0105ca \u2013 guma arabska; barwnik \u2013 E 150d (dla smaku xplosive cola); \u00a0substancje s\u0142odz\u0105ce &#8211;\u00a0 acesulfam K, sukraloza; substancje przeciwzbrylaj\u0105ce \u2013 fosforany wapnia, dwutlenek krzemu; emulgator \u2013 lecytyny (z\u00a0<strong>soi<\/strong>); chlorowodorek pirydoksyny \u2013 wit. B6, barwniki \u2013 karoteny (A), karmin (B), ryboflawiny (C), E 150c (D), E 150d (E), E 133 (F), b\u0142\u0119kit patentowy V (G), indygokarmin (H), chlorofile i chlorofiliny (I), kurkumina (J), antocyjany (K), ekstrakt z papryki (L), betanina (M), w\u0119giel ro\u015blinny (N).<\/p>\n<p>(A)-(Z) \u2013 W zale\u017cno\u015bci od smaku produktu symbol (A-Z) u\u017cytego sk\u0142adnika znajduje si\u0119 obok daty minimalnej trwa\u0142o\u015bci (najlepiej spo\u017cy\u0107 przed).<\/p>\n<p>Nie nale\u017cy przekracza\u0107 porcji zalecanej do spo\u017cycia w ci\u0105gu\u00a0 dnia. Suplement diety nie mo\u017ce by\u0107 stosowany jako substytut zr\u00f3\u017cnicowanej\u00a0 diety. Zalecany jest zr\u00f3wnowa\u017cony spos\u00f3b \u017cywienia i zdrowy tryb \u017cycia.<\/p>\n<p><strong>Uwaga:<\/strong>\u00a0nie zaleca si\u0119 stosowania produktu przez dzieci, kobiety w ci\u0105\u017cy i karmi\u0105ce piersi\u0105. Dopuszczalne wytworzenie si\u0119 osadu niewp\u0142ywaj\u0105ce na jako\u015b\u0107 produktu.<\/p>\n<p>Preparat przeznaczony dla os\u00f3b aktywnych fizycznie i sportowc\u00f3w, d\u0105\u017c\u0105cych do uzupe\u0142nienia diety w aminokwasy BCAA.<\/p>\n","protected":false},"excerpt":{"rendered":"<p>OLIMP BCAA XPLODE POWDER OLIMP BCAA XPLODE POWDER to suplement diety w formie proszku, zawieraj\u0105cy aminokwasy rozga\u0142\u0119zione (BCAA) w wysokiej dawce, wzbogacony o L-glutamin\u0119 oraz witamin\u0119 B6, kt\u00f3re wspieraj\u0105 regeneracj\u0119, wzrost masy mi\u0119\u015bniowej i ochron\u0119 przed katabolizmem. Zalety produktu: Wysoka dawka BCAA (L-leucyna, L-izoleucyna, L-walina) w idealnym stosunku 2:1:1, Wzbogacony o L-glutamin\u0119 wspieraj\u0105c\u0105 regeneracj\u0119 i&#8230;<\/p>\n","protected":false},"featured_media":12603,"comment_status":"closed","ping_status":"closed","template":"","meta":[],"product_brand":[],"product_cat":[728,835],"product_tag":[],"class_list":{"0":"post-10658","1":"product","2":"type-product","3":"status-publish","4":"has-post-thumbnail","6":"product_cat-suplementy-diety","7":"product_cat-bcaa","9":"first","10":"instock","11":"featured","12":"taxable","13":"shipping-taxable","14":"purchasable","15":"product-type-variable"},"_links":{"self":[{"href":"https:\/\/muscleforge.nl\/pl\/wp-json\/wp\/v2\/product\/10658","targetHints":{"allow":["GET"]}}],"collection":[{"href":"https:\/\/muscleforge.nl\/pl\/wp-json\/wp\/v2\/product"}],"about":[{"href":"https:\/\/muscleforge.nl\/pl\/wp-json\/wp\/v2\/types\/product"}],"replies":[{"embeddable":true,"href":"https:\/\/muscleforge.nl\/pl\/wp-json\/wp\/v2\/comments?post=10658"}],"wp:featuredmedia":[{"embeddable":true,"href":"https:\/\/muscleforge.nl\/pl\/wp-json\/wp\/v2\/media\/12603"}],"wp:attachment":[{"href":"https:\/\/muscleforge.nl\/pl\/wp-json\/wp\/v2\/media?parent=10658"}],"wp:term":[{"taxonomy":"product_brand","embeddable":true,"href":"https:\/\/muscleforge.nl\/pl\/wp-json\/wp\/v2\/product_brand?post=10658"},{"taxonomy":"product_cat","embeddable":true,"href":"https:\/\/muscleforge.nl\/pl\/wp-json\/wp\/v2\/product_cat?post=10658"},{"taxonomy":"product_tag","embeddable":true,"href":"https:\/\/muscleforge.nl\/pl\/wp-json\/wp\/v2\/product_tag?post=10658"}],"curies":[{"name":"wp","href":"https:\/\/api.w.org\/{rel}","templated":true}]}}