{"id":10688,"date":"2020-08-19T15:51:06","date_gmt":"2020-08-19T13:51:06","guid":{"rendered":"https:\/\/muscleforge.nl\/product\/scitec-vitargo-900g-orange\/"},"modified":"2021-04-20T16:28:43","modified_gmt":"2021-04-20T14:28:43","slug":"scitec-vitargo-900g-orange","status":"publish","type":"product","link":"https:\/\/muscleforge.nl\/pl\/produkt\/scitec-vitargo-900g-orange\/","title":{"rendered":"Scitec Nutrition VitarGo! 900g Pomara\u0144cza"},"content":{"rendered":"<h1 id=\"p_name\">Vitargo!<\/h1>\n<h2 id=\"p_subname\">Opatentowane w\u0119glowodany b\u0119d\u0105ce \u017ar\u00f3d\u0142em energii!<\/h2>\n<p>&nbsp;<\/p>\n<p>VITARGO! Zawiera Vitargo\u00ae, opatentowany rodzaj w\u0119glowodan\u00f3w o wysokiej masie cz\u0105steczkowej, kt\u00f3ra wynosi \u015brednio 500 000 \u2013 700 000. Vitargo\u00ae jest unikalne poniewa\u017c jest przetwarzane w taki spos\u00f3b \u017ceby uzyska\u0107 charakterystyk\u0119 cz\u0105steczkow\u0105 zupe\u0142nie odmienn\u0105 od tradycyjnych cukr\u00f3w prostych (np. Glukozy, Fruktozy) oraz Maltodekstryny, kt\u00f3re stosowane s\u0105 w wielu innych produktach. Waga cz\u0105steczkowa Maltodekstryny wynosi oko\u0142o 1 000 \u2013 10 000, a Dekstrozy oko\u0142o 180!<\/p>\n<p>Jest powszechnie przyj\u0119te w kr\u0119gach naukowych, \u017ce zdolno\u015b\u0107 organizmu do wykonywania wyd\u0142u\u017conego, submaksymalnego wysi\u0142ku ograniczona jest poprzez dost\u0119pno\u015b\u0107 glikogenu zgromadzonego w mi\u0119\u015bniach i w\u0105trobie oraz, \u017ce jego zapasy mog\u0105 zosta\u0107 zwi\u0119kszone poprzez przyjmowanie du\u017cej ilo\u015bci w\u0119glowodan\u00f3w. Udowodniono tak\u017ce, \u017ce tempo syntezy glikogenu jest najwi\u0119ksze w mi\u0119\u015bniach, kt\u00f3re wcze\u015bniej zosta\u0142y z niego opr\u00f3\u017cnione poprzez \u0107wiczenia fizyczne. Szybko\u015b\u0107 regeneracji glikogenu po wysi\u0142ku jest bardzo wa\u017cna dla sportowc\u00f3w, kt\u00f3rych trening opiera si\u0119 na wykonywaniu \u0107wicze\u0144 wykorzystuj\u0105cych wysokie, submaksymalne obci\u0105\u017cenie oraz dla tych startuj\u0105cych w zawodach obejmuj\u0105cych konkurencje o podobnym charakterze. Synteza glikogenu mi\u0119\u015bniowego ze spo\u017cytych w\u0119glowodan\u00f3w jest uzale\u017cniona od wydajno\u015bci procesu transportu glukozy poprzez \u015bciany jelit oraz poprzez b\u0142on\u0119 kom\u00f3rkow\u0105 kom\u00f3rek mi\u0119\u015bniowych, jak r\u00f3wnie\u017c od aktywno\u015bci enzym\u00f3w odpowiedzialnych za fosforylacj\u0119 i syntez\u0119 glikogenu.<\/p>\n<p>Na koncentracj\u0119 glukozy we krwi wp\u0142ywa jej transport z \u017co\u0142\u0105dka, poprzez jelit, do krwi. Udowodniono, \u017ce osmolalno\u015b\u0107 przyj\u0119tego napoju ma wp\u0142yw na szybko\u015b\u0107 opr\u00f3\u017cniania \u017co\u0142\u0105dka \u2013 wysoka osmolalno\u015b\u0107 mo\u017ce spowolni\u0107 ten proces, a tym samym op\u00f3\u017ani\u0107 uwolnienie glukozy z jelit do krwi. Korzystaj\u0105c z Vitargo\u00ae mo\u017cna stworzy\u0107 nap\u00f3j o niskiej osmolalno\u015b\u0107i i wysokiej zawarto\u015bci w\u0119glowodan\u00f3w!<br \/>\nCarbohydrates contribute to the recovery of normal muscle function (contraction) after highly intensive and\/or long-lasting physical exercise leading to muscle fatigue and the depletion of glycogen stores in skeletal muscle*. The beneficial effect is obtained with the consumption of carbohydrates, from all sources, at a total intake of 4 g per kg body weight, at doses, within the first 4 hours and no later than 6 hours, following highly intensive and\/or long-lasting physical exercise leading to muscle fatigue and the depletion of glycogen stores in skeletal muscle.<\/p>\n<p>&nbsp;<\/p>\n<p>W\u0119glowodany odgrywaj\u0105 bardzo wa\u017cn\u0105 rol\u0119 zar\u00f3wno w procesie regeneracji, jak i pracy mi\u0119\u015bni. Dzi\u0119ki uzupe\u0142nionym zasobom glikogenu w mi\u0119\u015bniach szkieletowych stanowi\u0105 wsparcie organizmu podczas intensywnego i\/lub d\u0142ugotrwa\u0142ego wysi\u0142ku fizycznego.* Korzystny efekt zauwa\u017calny jest przy spo\u017cyciu 4 g w\u0119glowodan\u00f3w na ka\u017cdy kilogram masy cia\u0142a. Taka porcja zapewnia prawid\u0142owe funkcjonowanie mi\u0119\u015bni podczas intensywnego wysi\u0142ku fizycznego trwaj\u0105cego nawet 4-6 godzin. D\u0142u\u017cszy wysi\u0142ek prowadzi do zm\u0119czenia mi\u0119\u015bni i wyczerpanie zapas\u00f3w glikogenu w mi\u0119\u015bniach szkieletowych.<\/p>\n<h3 class=\"p-header2\">Spos\u00f3b u\u017cycia<\/h3>\n<p>Spo\u017cywa\u0107 1 porcj\u0119 (30 g) wymieszan\u0105 z 400 ml wody. Produkt spo\u017cywa\u0107 przed, w trakcie lub po treningu w celu dostarczenia organizmowi w\u0119glowodan\u00f3w.<\/p>\n<h3 class=\"p-header2\">Informacje alergiczne<\/h3>\n<p>Mo\u017cliwa obecno\u015b\u0107 mleka, jaj, glutenu, soi, orzeszk\u00f3w ziemnych, orzech\u00f3w, ryb i skorupiak\u00f3w.<\/p>\n<h3 class=\"p-header2\">Uwaga<\/h3>\n<p>Nie nale\u017cy przekracza\u0107 zalecanej dziennej porcji do spo\u017cycia! Suplementy diety nie mo\u017ce by\u0107 stosowany jako substytut (zamiennik) zr\u00f3\u017cnicowanej diety. Zr\u00f3wnowa\u017cony spos\u00f3b \u017cywienia oraz zdrowy tryb \u017cycia s\u0105 podstaw\u0105 prawid\u0142owego funkcjonowania organizmu. Produkt przeznaczony dla os\u00f3b doros\u0142ych, kt\u00f3re podj\u0119\u0142y bardzo wyt\u0119\u017cony lub d\u0142ugotrwa\u0142y wysi\u0142ek fizyczny prowadz\u0105cy do zm\u0119czenia mi\u0119\u015bni i wyczerpania zapas\u00f3w glikogenu w mi\u0119\u015bniach szkieletowych. Korzystne dzia\u0142anie wyst\u0119puje w przypadku spo\u017cywania w\u0119glowodan\u00f3w, ze wszystkich \u017ar\u00f3de\u0142, przy \u0142\u0105cznym spo\u017cyciu wynosz\u0105cym 4 g na kg masy cia\u0142a, w dawkach przyjmowanych w ci\u0105gu pierwszych 4 godzin po bardzo wyt\u0119\u017conym lub d\u0142ugotrwa\u0142ym wysi\u0142ku fizycznym prowadz\u0105cym do zm\u0119czenia mi\u0119\u015bni i wyczerpania zapas\u00f3w glikogenu w mi\u0119\u015bniach szkieletowych i nie p\u00f3\u017aniej ni\u017c 6 godzin po takim wysi\u0142ku.<\/p>\n<p>&nbsp;<\/p>\n<div id=\"p-table\" class=\"box\">\n<p class=\"l-title\"><strong>INFORMACJE DOTYCZ\u0104CE PRODUKTU<\/strong><\/p>\n<div class=\"box_border\">\n<table id=\"t-product\" border=\"0\" width=\"958\" cellspacing=\"0\" cellpadding=\"0\">\n<tbody>\n<tr>\n<td colspan=\"11\"><strong>1 porcja:<\/strong>\u00a030 g (ok. 3\/4 miarki)<br \/>\n<strong>Ilo\u015b\u0107 porcji w opakowaniu:<\/strong>\u00a030<\/td>\n<\/tr>\n<tr class=\"t-row\">\n<td rowspan=\"1\"><\/td>\n<td rowspan=\"1\"><strong>30 g<\/strong><\/td>\n<td align=\"right\"><strong>RWS*%<br \/>\n(30 g)<\/strong><\/td>\n<td align=\"right\"><strong>100 g<\/strong><\/td>\n<td align=\"right\"><strong>RWS*%<br \/>\n(100 g)<\/strong><\/td>\n<td width=\"6%\"><\/td>\n<td rowspan=\"1\"><\/td>\n<td rowspan=\"1\"><strong>30 g<\/strong><\/td>\n<td align=\"right\"><strong>RWS*%<br \/>\n(30 g)<\/strong><\/td>\n<td align=\"right\"><strong>100 g<\/strong><\/td>\n<td align=\"right\"><strong>RWS*%<br \/>\n(100 g)<\/strong><\/td>\n<\/tr>\n<tr>\n<td width=\"16%\"><strong>Warto\u015b\u0107 energetyczna<\/strong><\/td>\n<td align=\"right\" width=\"7%\">470 kJ<\/td>\n<td align=\"right\" width=\"7%\">6%<\/td>\n<td align=\"right\" width=\"7%\">1562 kJ<\/td>\n<td align=\"right\" width=\"10%\">19%<\/td>\n<td width=\"6%\"><\/td>\n<td width=\"16%\"><strong>Bia\u0142ko<\/strong><\/td>\n<td width=\"7%\">0 g<\/td>\n<td width=\"7%\">0%<\/td>\n<td width=\"7%\">0 g<\/td>\n<td width=\"10%\">0%<\/td>\n<\/tr>\n<tr class=\"t-row\">\n<td><\/td>\n<td align=\"right\">112 kcal<\/td>\n<td align=\"right\"><\/td>\n<td align=\"right\">372 kcal<\/td>\n<td align=\"right\"><\/td>\n<td><\/td>\n<td rowspan=\"1\"><strong>S\u00f3l<\/strong><\/td>\n<td rowspan=\"1\">0 g<\/td>\n<td rowspan=\"1\">0%<\/td>\n<td rowspan=\"1\">0 g<\/td>\n<td rowspan=\"1\">0%<\/td>\n<\/tr>\n<tr>\n<td><strong>T\u0142uszcz<\/strong><\/td>\n<td align=\"right\">0 g<\/td>\n<td align=\"right\">0%<\/td>\n<td align=\"right\">0 g<\/td>\n<td align=\"right\">0%<\/td>\n<td><\/td>\n<td rowspan=\"1\"><\/td>\n<td rowspan=\"1\"><\/td>\n<td rowspan=\"1\"><\/td>\n<td rowspan=\"1\"><\/td>\n<td rowspan=\"1\"><\/td>\n<\/tr>\n<tr class=\"t-row2\">\n<td>w tym kwasy t\u0142uszczowe nasycone<\/td>\n<td align=\"right\">0 g<\/td>\n<td align=\"right\">0%<\/td>\n<td align=\"right\">0 g<\/td>\n<td align=\"right\">0%<\/td>\n<td><\/td>\n<td rowspan=\"1\"><strong>Vitargo\u00ae<\/strong><\/td>\n<td rowspan=\"1\">30 g<\/td>\n<td rowspan=\"1\"><\/td>\n<td rowspan=\"1\">100 g<\/td>\n<td rowspan=\"1\"><\/td>\n<\/tr>\n<tr>\n<td><strong>Weglowodany<\/strong><\/td>\n<td align=\"right\">28 g<\/td>\n<td align=\"right\">11%<\/td>\n<td align=\"right\">93 g<\/td>\n<td align=\"right\">36%<\/td>\n<td><\/td>\n<td><\/td>\n<td><\/td>\n<td><\/td>\n<td><\/td>\n<td><\/td>\n<\/tr>\n<tr class=\"t-row2\">\n<td>w tym cukry<\/td>\n<td align=\"right\">0 g<\/td>\n<td align=\"right\">0%<\/td>\n<td align=\"right\">0 g<\/td>\n<td align=\"right\">0%<\/td>\n<td><\/td>\n<td><\/td>\n<td><\/td>\n<td><\/td>\n<td><\/td>\n<td><\/td>\n<\/tr>\n<tr>\n<td colspan=\"10\" height=\"10\"><\/td>\n<td height=\"10\"><\/td>\n<\/tr>\n<tr class=\"felsoborder\">\n<td colspan=\"11\">*RWS: dzienna referencyjna warto\u015b\u0107 spo\u017cycia dla doros\u0142ych. Referencyjna warto\u015b\u0107 spo\u017cycia dla przeci\u0119tnej osoby doros\u0142ej (8400 kJ\/ 2000 kcal).<\/td>\n<\/tr>\n<\/tbody>\n<\/table>\n<\/div>\n<div class=\"clear\"><\/div>\n<\/div>\n<div id=\"p-ingredients\" class=\"box\">\n<p class=\"l-title\"><strong>SK\u0141ADNIKI<\/strong><\/p>\n<div class=\"box_border\">\n<p><b>Pomara\u0144czowy:<\/b>\u00a0Vitargo\u00ae (opatentowany, wysokocz\u0105steczkowy w\u0119glowodan ze skrobi kukurydzianej), aromat (pomara\u0144czowy), substancje s\u0142odz\u0105ce (Acesulfam K, sukraloza), regulator kwasowo\u015bci (kwas cytrynowy), barwniki (ekstrakt z papryki, \u017c\u00f3\u0142cie\u0144 pomara\u0144czowa FCF**).<\/p>\n<p><em>** \u017b\u00f3\u0142cie\u0144 pomara\u0144czowa FCF: mo\u017ce mie\u0107 szkodliwy wp\u0142yw na aktywno\u015b\u0107 i skupienie uwagi u dzieci.<\/em><\/p>\n<\/div>\n<\/div>\n","protected":false},"excerpt":{"rendered":"<p>Vitargo! Opatentowane w\u0119glowodany b\u0119d\u0105ce \u017ar\u00f3d\u0142em energii! &nbsp; VITARGO! Zawiera Vitargo\u00ae, opatentowany rodzaj w\u0119glowodan\u00f3w o wysokiej masie cz\u0105steczkowej, kt\u00f3ra wynosi \u015brednio 500 000 \u2013 700 000. Vitargo\u00ae jest unikalne poniewa\u017c jest przetwarzane w taki spos\u00f3b \u017ceby uzyska\u0107 charakterystyk\u0119 cz\u0105steczkow\u0105 zupe\u0142nie odmienn\u0105 od tradycyjnych cukr\u00f3w prostych (np. Glukozy, Fruktozy) oraz Maltodekstryny, kt\u00f3re stosowane s\u0105 w wielu innych&#8230;<\/p>\n","protected":false},"featured_media":12654,"comment_status":"closed","ping_status":"closed","template":"","meta":[],"product_brand":[],"product_cat":[107],"product_tag":[],"class_list":{"0":"post-10688","1":"product","2":"type-product","3":"status-publish","4":"has-post-thumbnail","6":"product_cat-voedingssupplementen","8":"first","9":"outofstock","10":"taxable","11":"shipping-taxable","12":"purchasable","13":"product-type-simple"},"_links":{"self":[{"href":"https:\/\/muscleforge.nl\/pl\/wp-json\/wp\/v2\/product\/10688","targetHints":{"allow":["GET"]}}],"collection":[{"href":"https:\/\/muscleforge.nl\/pl\/wp-json\/wp\/v2\/product"}],"about":[{"href":"https:\/\/muscleforge.nl\/pl\/wp-json\/wp\/v2\/types\/product"}],"replies":[{"embeddable":true,"href":"https:\/\/muscleforge.nl\/pl\/wp-json\/wp\/v2\/comments?post=10688"}],"wp:featuredmedia":[{"embeddable":true,"href":"https:\/\/muscleforge.nl\/pl\/wp-json\/wp\/v2\/media\/12654"}],"wp:attachment":[{"href":"https:\/\/muscleforge.nl\/pl\/wp-json\/wp\/v2\/media?parent=10688"}],"wp:term":[{"taxonomy":"product_brand","embeddable":true,"href":"https:\/\/muscleforge.nl\/pl\/wp-json\/wp\/v2\/product_brand?post=10688"},{"taxonomy":"product_cat","embeddable":true,"href":"https:\/\/muscleforge.nl\/pl\/wp-json\/wp\/v2\/product_cat?post=10688"},{"taxonomy":"product_tag","embeddable":true,"href":"https:\/\/muscleforge.nl\/pl\/wp-json\/wp\/v2\/product_tag?post=10688"}],"curies":[{"name":"wp","href":"https:\/\/api.w.org\/{rel}","templated":true}]}}