{"id":10696,"date":"2020-08-19T15:31:56","date_gmt":"2020-08-19T13:31:56","guid":{"rendered":"https:\/\/muscleforge.nl\/product\/scitec-tgh-240g\/"},"modified":"2024-12-09T16:34:44","modified_gmt":"2024-12-09T15:34:44","slug":"scitec-tgh-240g","status":"publish","type":"product","link":"https:\/\/muscleforge.nl\/pl\/produkt\/scitec-tgh-240g\/","title":{"rendered":"Scitec Nutrition TGH 240g"},"content":{"rendered":"<div id=\"p-text\" class=\"box_top_border\">\n<h1><strong>Scitec Nutrition TGH\u00a0<\/strong><\/h1>\n<h3><strong>Booster Testosteronu i Hormonu Wzrostu<\/strong><\/h3>\n<p><strong>Zalety produktu:<\/strong><\/p>\n<ul>\n<li><strong>Wspomaganie produkcji testosteronu<\/strong> \u2013 TGH wspomaga naturalny proces produkcji testosteronu, co mo\u017ce prowadzi\u0107 do zwi\u0119kszenia si\u0142y, poprawy masy mi\u0119\u015bniowej oraz og\u00f3lnej wydolno\u015bci organizmu. Testosteron jest kluczowym hormonem, kt\u00f3ry wp\u0142ywa na wzrost masy mi\u0119\u015bniowej i regeneracj\u0119 po treningach.<\/li>\n<li><strong>Wspomaganie produkcji hormonu wzrostu<\/strong> \u2013 TGH zwi\u0119ksza wydzielanie hormonu wzrostu (GH), kt\u00f3ry jest odpowiedzialny za regeneracj\u0119 tkanek, przyrost masy mi\u0119\u015bniowej oraz redukcj\u0119 t\u0142uszczu. Wy\u017cszy poziom GH wspiera szybsz\u0105 regeneracj\u0119 organizmu, co pozwala na lepsze wyniki w d\u0142ugoterminowych treningach.<\/li>\n<li><strong>Poprawa masy mi\u0119\u015bniowej i si\u0142y<\/strong> \u2013 Zwi\u0119kszenie poziomu testosteronu oraz hormonu wzrostu przyczynia si\u0119 do szybszego rozwoju masy mi\u0119\u015bniowej i poprawy si\u0142y, co jest szczeg\u00f3lnie korzystne podczas intensywnych trening\u00f3w si\u0142owych.<\/li>\n<li><strong>Wspomaganie regeneracji<\/strong> \u2013 Dzi\u0119ki zwi\u0119kszonej produkcji testosteronu i GH, TGH wspomaga regeneracj\u0119 organizmu, przyspieszaj\u0105c procesy naprawcze mi\u0119\u015bni po wysi\u0142ku fizycznym, co pozwala na szybszy powr\u00f3t do pe\u0142nej formy.<\/li>\n<\/ul>\n<p><strong>Scitec Nutrition TGH<\/strong> to zaawansowany suplement diety stworzony z my\u015bl\u0105 o osobach, kt\u00f3re pragn\u0105 naturalnie wspiera\u0107 poziom testosteronu oraz hormonu wzrostu w organizmie. Dzi\u0119ki po\u0142\u0105czeniu starannie dobranych sk\u0142adnik\u00f3w, TGH mo\u017ce pom\u00f3c w zwi\u0119kszeniu produkcji tych dw\u00f3ch kluczowych hormon\u00f3w, co ma bezpo\u015bredni wp\u0142yw na popraw\u0119 wynik\u00f3w treningowych, przyrost masy mi\u0119\u015bniowej, si\u0142\u0119 oraz og\u00f3ln\u0105 wydolno\u015b\u0107 organizmu. Produkt jest idealnym rozwi\u0105zaniem dla m\u0119\u017cczyzn aktywnych fizycznie, szczeg\u00f3lnie tych, kt\u00f3rzy trenuj\u0105 si\u0142owo lub uprawiaj\u0105 sporty wymagaj\u0105ce du\u017cego wysi\u0142ku.<\/p>\n<p><strong>Scitec Nutrition TGH<\/strong> to idealny wyb\u00f3r dla os\u00f3b d\u0105\u017c\u0105cych do optymalizacji swoich wynik\u00f3w treningowych, zwi\u0119kszenia masy mi\u0119\u015bniowej oraz poprawy og\u00f3lnej wydolno\u015bci. Produkt wspomaga naturalne procesy produkcji testosteronu oraz hormonu wzrostu, co ma bezpo\u015bredni wp\u0142yw na przyspieszenie regeneracji oraz osi\u0105ganie lepszych rezultat\u00f3w w sporcie.<\/p>\n<p>&nbsp;<\/p>\n<h3 class=\"p-header2\">Zalecana porcja do spo\u017cycia w ci\u0105gu dnia<\/h3>\n<p>Wymiesza\u0107 jedn\u0105 porcj\u0119 produktu 10 g w 100 ml wody, spo\u017cywa\u0107 raz dziennie, przed snem.<\/p>\n<p>&nbsp;<\/p>\n<\/div>\n<div id=\"p-table\" class=\"box\">\n<div class=\"clear\">\n<p>Tabela Warto\u015bci Od\u017cywczych<\/p>\n<table>\n<thead>\n<tr>\n<th><strong>Sk\u0142adnik aktywny<\/strong><\/th>\n<th><strong>W 10 g (1 porcja)<\/strong><\/th>\n<th><strong>% RWS<\/strong><\/th>\n<\/tr>\n<\/thead>\n<tbody>\n<tr>\n<td><strong>MATRIX AMINOKWASOWY<\/strong><\/td>\n<td><\/td>\n<td><\/td>\n<\/tr>\n<tr>\n<td>Kwas D-Asparaginowy<\/td>\n<td>3000 mg<\/td>\n<td>***<\/td>\n<\/tr>\n<tr>\n<td>L-Arginina w postaci chlorowodorku<\/td>\n<td>1500 mg<\/td>\n<td>***<\/td>\n<\/tr>\n<tr>\n<td>L-Lizyna w postaci chlorowodorku<\/td>\n<td>500 mg<\/td>\n<td>***<\/td>\n<\/tr>\n<tr>\n<td>Glicyna<\/td>\n<td>500 mg<\/td>\n<td>***<\/td>\n<\/tr>\n<tr>\n<td>L-Ornityna w postaci chlorowodorku<\/td>\n<td>270 mg<\/td>\n<td>***<\/td>\n<\/tr>\n<tr>\n<td><strong>KOMPLEKS KARNITYNOWY<\/strong><\/td>\n<td><\/td>\n<td><\/td>\n<\/tr>\n<tr>\n<td>Acetyl-L-karnityna<\/td>\n<td>500 mg<\/td>\n<td>***<\/td>\n<\/tr>\n<tr>\n<td>L-Karnityna L-winian<\/td>\n<td>500 mg<\/td>\n<td>***<\/td>\n<\/tr>\n<tr>\n<td><strong>WITAMINY I MINERA\u0141Y<\/strong><\/td>\n<td><\/td>\n<td><\/td>\n<\/tr>\n<tr>\n<td>Magnez<\/td>\n<td>57,5 mg<\/td>\n<td>15%<\/td>\n<\/tr>\n<tr>\n<td>Bor<\/td>\n<td>3,0 mg<\/td>\n<td>***<\/td>\n<\/tr>\n<tr>\n<td>Cynk<\/td>\n<td>1,5 mg<\/td>\n<td>15%<\/td>\n<\/tr>\n<tr>\n<td>Witamina D<\/td>\n<td>5 \u00b5g<\/td>\n<td>100%<\/td>\n<\/tr>\n<\/tbody>\n<\/table>\n<p>&nbsp;<\/p>\n<\/div>\n<\/div>\n<div id=\"p-ingredients\" class=\"box\">\n<h3 class=\"l-title\">SK\u0141ADNIKI<\/h3>\n<\/div>\n<div id=\"tw-target-text\" class=\"tw-data-text tw-text-large tw-ta\" data-placeholder=\"T\u0142umaczenie\" aria-label=\"Przet\u0142umaczony tekst\" data-ved=\"2ahUKEwj1mrudjbGIAxVW8wIHHZAlLAgQ3ewLegQIBxAU\"><span class=\"Y2IQFc\" lang=\"pl\">Kwas D-asparaginowy 30%, aromaty, chlorowodorek L-argininy 15%, substancja przeciwzbrylaj\u0105ca (fosforany wapnia), chlorowodorek L-lizyny 5,0%, wzmacniacz smaku (glicyna i jej s\u00f3l sodowa), acetylo-L-karnityna 5,0%, L-winian L-karnityny 5,0%, chlorowodorek L-ornityny 2,7%, magnez w\u0119glany, substancje s\u0142odz\u0105ce (acesulfam K, sukraloza), koncentrat buraka w proszku [maltodekstryna, koncentrat buraka, kwas (kwas cytrynowy)], substancja wype\u0142niaj\u0105ca (polidekstroza), kwas borowy, kwas (kwas cytrynowy), barwnik (karmoizyna), siarczan cynku, cholekalcyferol .<\/span><\/div>\n<div id=\"p-ingredients\" class=\"box\">\n<div>\n<h3 class=\"p-header2\">Informacje dot. alergen\u00f3w<\/h3>\n<p>Produkt mo\u017ce zawiera\u0107 \u015bladowe ilo\u015bci mleka, jaj, glutenu, soi, orzech\u00f3w, seler, skorupiak\u00f3w i ryb.<\/p>\n<h3 class=\"p-header2\">Uwaga<\/h3>\n<p>Produkt nie mo\u017ce by\u0107 spo\u017cywany jako substytut (zamiennik) zr\u00f3\u017cnicowanej diety.<\/p>\n<\/div>\n<\/div>\n","protected":false},"excerpt":{"rendered":"<p>Scitec Nutrition TGH\u00a0 Booster Testosteronu i Hormonu Wzrostu Zalety produktu: Wspomaganie produkcji testosteronu \u2013 TGH wspomaga naturalny proces produkcji testosteronu, co mo\u017ce prowadzi\u0107 do zwi\u0119kszenia si\u0142y, poprawy masy mi\u0119\u015bniowej oraz og\u00f3lnej wydolno\u015bci organizmu. Testosteron jest kluczowym hormonem, kt\u00f3ry wp\u0142ywa na wzrost masy mi\u0119\u015bniowej i regeneracj\u0119 po treningach. Wspomaganie produkcji hormonu wzrostu \u2013 TGH zwi\u0119ksza wydzielanie&#8230;<\/p>\n","protected":false},"featured_media":48520,"comment_status":"closed","ping_status":"closed","template":"","meta":[],"product_brand":[],"product_cat":[728,867],"product_tag":[],"class_list":{"0":"post-10696","1":"product","2":"type-product","3":"status-publish","4":"has-post-thumbnail","6":"product_cat-suplementy-diety","7":"product_cat-boostery-testosteronu-hormonu-wzrostu","9":"first","10":"instock","11":"featured","12":"taxable","13":"shipping-taxable","14":"purchasable","15":"product-type-variable"},"_links":{"self":[{"href":"https:\/\/muscleforge.nl\/pl\/wp-json\/wp\/v2\/product\/10696","targetHints":{"allow":["GET"]}}],"collection":[{"href":"https:\/\/muscleforge.nl\/pl\/wp-json\/wp\/v2\/product"}],"about":[{"href":"https:\/\/muscleforge.nl\/pl\/wp-json\/wp\/v2\/types\/product"}],"replies":[{"embeddable":true,"href":"https:\/\/muscleforge.nl\/pl\/wp-json\/wp\/v2\/comments?post=10696"}],"wp:featuredmedia":[{"embeddable":true,"href":"https:\/\/muscleforge.nl\/pl\/wp-json\/wp\/v2\/media\/48520"}],"wp:attachment":[{"href":"https:\/\/muscleforge.nl\/pl\/wp-json\/wp\/v2\/media?parent=10696"}],"wp:term":[{"taxonomy":"product_brand","embeddable":true,"href":"https:\/\/muscleforge.nl\/pl\/wp-json\/wp\/v2\/product_brand?post=10696"},{"taxonomy":"product_cat","embeddable":true,"href":"https:\/\/muscleforge.nl\/pl\/wp-json\/wp\/v2\/product_cat?post=10696"},{"taxonomy":"product_tag","embeddable":true,"href":"https:\/\/muscleforge.nl\/pl\/wp-json\/wp\/v2\/product_tag?post=10696"}],"curies":[{"name":"wp","href":"https:\/\/api.w.org\/{rel}","templated":true}]}}