{"id":10721,"date":"2020-08-12T16:47:23","date_gmt":"2020-08-12T14:47:23","guid":{"rendered":"https:\/\/muscleforge.nl\/product\/trec-nutrition-nitrobolon-orange-600g\/"},"modified":"2026-03-27T07:20:50","modified_gmt":"2026-03-27T06:20:50","slug":"trec-nutrition-nitrobolon-orange-600g","status":"publish","type":"product","link":"https:\/\/muscleforge.nl\/pl\/produkt\/trec-nutrition-nitrobolon-orange-600g\/","title":{"rendered":"TREC NUTRITION NITROBOLON 600G"},"content":{"rendered":"<div class=\"collapse_content product_description\" aria-hidden=\"false\">\n<div class=\"flex-shrink-0 flex flex-col relative items-end\">\n<div>\n<div class=\"pt-0\">\n<div class=\"gizmo-bot-avatar flex h-8 w-8 items-center justify-center overflow-hidden rounded-full\">\n<h1 class=\"relative p-1 rounded-sm flex items-center justify-center bg-token-main-surface-primary text-token-text-primary h-8 w-8\"><strong>TREC NUTRITION NITROBOLON<\/strong><\/h1>\n<\/div>\n<\/div>\n<\/div>\n<\/div>\n<div class=\"group\/conversation-turn relative flex w-full min-w-0 flex-col agent-turn\">\n<div class=\"flex-col gap-1 md:gap-3\">\n<div class=\"flex max-w-full flex-col flex-grow\">\n<div class=\"min-h-8 text-message flex w-full flex-col items-end gap-2 whitespace-normal break-words text-start [.text-message+&amp;]:mt-5\" dir=\"auto\" data-message-author-role=\"assistant\" data-message-id=\"711f46ff-9e72-477d-8f05-30d97878cd68\" data-message-model-slug=\"gpt-4o\">\n<div class=\"flex w-full flex-col gap-1 empty:hidden first:pt-[3px]\">\n<div class=\"markdown prose w-full break-words dark:prose-invert light\">\n<h4>TREC NUTRITION NITROBOLON to zaawansowany suplement przedtreningowy w proszku, stworzony z my\u015bl\u0105 o sportowcach i osobach aktywnych fizycznie. Formu\u0142a oparta na zaawansowanych prekursorach tlenku azotu (NO), kreatynie oraz substancjach wspieraj\u0105cych energi\u0119 i wydolno\u015b\u0107, pozwala na osi\u0105gni\u0119cie maksymalnej efektywno\u015bci treningowej.<\/h4>\n<p><strong>Zalety produktu:<\/strong><\/p>\n<ul>\n<li>Kompleks prekursor\u00f3w tlenku azotu (NO) wspieraj\u0105cych &#8222;pomp\u0119 mi\u0119\u015bniow\u0105&#8221;<\/li>\n<li>Zawiera kreatyn\u0119 wspomagaj\u0105c\u0105 si\u0142\u0119 i wytrzyma\u0142o\u015b\u0107 mi\u0119\u015bniow\u0105<\/li>\n<li>Wspiera transport sk\u0142adnik\u00f3w od\u017cywczych do mi\u0119\u015bni<\/li>\n<li>Poprawia wydolno\u015b\u0107 fizyczn\u0105 i op\u00f3\u017ania zm\u0119czenie<\/li>\n<li>\u0141atwa do przygotowania formu\u0142a proszku<\/li>\n<\/ul>\n<p><strong>TREC NUTRITION NITROBOLON<\/strong> to innowacyjny suplement przedtreningowy, kt\u00f3ry \u0142\u0105czy w sobie zaawansowane sk\u0142adniki wspieraj\u0105ce si\u0142\u0119, wytrzyma\u0142o\u015b\u0107 i regeneracj\u0119. Produkt dostarcza 3000 mg kreatyny w postaci jab\u0142czanu trikreatyny i monohydratu kreatyny, co znacz\u0105co zwi\u0119ksza wydolno\u015b\u0107 podczas intensywnych trening\u00f3w.<\/p>\n<p>Kompleks argininy (2660 mg) i cytruliny (500 mg) wspiera produkcj\u0119 tlenku azotu (NO), poprawiaj\u0105c przep\u0142yw krwi, dotlenienie mi\u0119\u015bni oraz zapewniaj\u0105c efekt intensywnej &#8222;pompy mi\u0119\u015bniowej&#8221;. Dodatek tauryny, L-tyrozyny i inozyny wspomaga koncentracj\u0119, skupienie i energi\u0119, co pozwala na maksymaln\u0105 efektywno\u015b\u0107 podczas ka\u017cdego treningu.<\/p>\n<p>Dzi\u0119ki obecno\u015bci L-glutaminy, NITROBOLON wspiera regeneracj\u0119 mi\u0119\u015bni po wysi\u0142ku, a jego \u0142atwo przyswajalna formu\u0142a proszku gwarantuje szybkie dzia\u0142anie. Ten kompleksowy produkt to idealne rozwi\u0105zanie dla os\u00f3b, kt\u00f3re pragn\u0105 poprawi\u0107 swoje wyniki sportowe, zwi\u0119kszy\u0107 mas\u0119 mi\u0119\u015bniow\u0105 i skuteczniej si\u0119 regenerowa\u0107.<\/p>\n<p>&nbsp;<\/p>\n<\/div>\n<\/div>\n<\/div>\n<\/div>\n<\/div>\n<\/div>\n<\/div>\n<h3 class=\"open\" aria-expanded=\"true\">SPOS\u00d3B U\u017bYCIA<\/h3>\n<div class=\"collapse_content product_dosage\" aria-hidden=\"false\">\n<p>Jednorazow\u0105 porcj\u0119 preparatu \u2012 15 g (2,5 miarki) rozpu\u015bci\u0107 w 300 ml wody, u\u017cywaj\u0105c do tego szejkera. Stosowa\u0107 1 porcj\u0119 dziennie.<\/p>\n<p>W dni treningowe: I porcja 30 min. przed treningiem.<\/p>\n<p>W dni nietreningowe: I porcja 30 min. przed g\u0142\u00f3wnym posi\u0142kiem.<\/p>\n<p>&nbsp;<\/p>\n<h3>Tabela warto\u015bci od\u017cywczych:<\/h3>\n<\/div>\n<p><strong>Tabela warto\u015bci od\u017cywczych<\/strong><\/p>\n<table>\n<thead>\n<tr>\n<th><strong>Sk\u0142adniki aktywne<\/strong><\/th>\n<th><strong>w 15 g<\/strong>*<\/th>\n<\/tr>\n<\/thead>\n<tbody>\n<tr>\n<td><strong>CREATINE MATRIX<\/strong><\/td>\n<td><\/td>\n<\/tr>\n<tr>\n<td>[Jab\u0142czan Trikreatyny, Monohydrat Kreatyny]<\/td>\n<td>3420,00 mg<\/td>\n<\/tr>\n<tr>\n<td>&#8211; w tym Kreatyna<\/td>\n<td>3000,00 mg<\/td>\n<\/tr>\n<tr>\n<td><strong>MENTAL OPTIMIZER<\/strong><\/td>\n<td><\/td>\n<\/tr>\n<tr>\n<td>Tauryna<\/td>\n<td>1000,00 mg<\/td>\n<\/tr>\n<tr>\n<td>L-Tyrozyna<\/td>\n<td>750,00 mg<\/td>\n<\/tr>\n<tr>\n<td>Inozyna<\/td>\n<td>450,00 mg<\/td>\n<\/tr>\n<tr>\n<td><strong>ARGININE MATRIX<\/strong><\/td>\n<td><\/td>\n<\/tr>\n<tr>\n<td>[Alfa-Ketoglutaran L-Argininy, Jab\u0142czan L-Argininy]<\/td>\n<td>2660,00 mg<\/td>\n<\/tr>\n<tr>\n<td>&#8211; w tym L-Arginina<\/td>\n<td>1830,00 mg<\/td>\n<\/tr>\n<tr>\n<td><strong>GLUTAMINE MATRIX<\/strong><\/td>\n<td><\/td>\n<\/tr>\n<tr>\n<td>L-Glutamina<\/td>\n<td>800,00 mg<\/td>\n<\/tr>\n<tr>\n<td><strong>POWER ACCELERATOR<\/strong><\/td>\n<td><\/td>\n<\/tr>\n<tr>\n<td>Jab\u0142czan Cytruliny<\/td>\n<td>500,00 mg<\/td>\n<\/tr>\n<tr>\n<td>&#8211; w tym L-Cytrulina<\/td>\n<td>280,00 mg<\/td>\n<\/tr>\n<\/tbody>\n<\/table>\n<p>**<em>Dzienna porcja produktu<\/em><\/p>\n<p><strong>Sk\u0142adniki:<\/strong> CREATINE MATRIX [jab\u0142czan trikreatyny, monohydrat kreatyny]; ARGININE MATRIX [alfa-ketoglutaran L-argininy, jab\u0142czan L-argininy]; maltodestryna; MENTAL OPTIMIZER [tauryna, L-tyrozyna, inozyna]; GLUTAMINE MATRIX [L-glutamina]; regulator kwasowo\u015bci (kwas cytrynowy); substancja przeciwzbrylaj\u0105ca (dwutlenek krzemu); POWER ACCELERATOR [jab\u0142czan cytruliny]; aromaty; substancje s\u0142odz\u0105ce (cyklaminian sodu, sacharynian sodu); barwnik (beta-karoten).<\/p>\n<p>&nbsp;<\/p>\n<p>OSTRZE\u017bENIA: Nie nale\u017cy przekracza\u0107 zalecanej porcji do spo\u017cycia w ci\u0105gu dnia. Produkt nie mo\u017ce by\u0107 stosowany jako substytut zr\u00f3\u017cnicowanej diety. Preparat nie jest przeznaczony dla dzieci, kobiet w ci\u0105\u017cy i karmi\u0105cych. \u017b\u00f3\u0142cie\u0144 pomara\u0144czowa FCF, tartrazyna mo\u017ce mie\u0107 szkodliwy wp\u0142yw na aktywno\u015b\u0107 i skupienie uwagi u dzieci. Produkt mo\u017ce zawiera\u0107 alergeny, takie jak: mleko, soja, pszenica, j\u0119czmie\u0144, jaja, orzeszki ziemne i orzechy.<\/p>\n","protected":false},"excerpt":{"rendered":"<p>TREC NUTRITION NITROBOLON TREC NUTRITION NITROBOLON to zaawansowany suplement przedtreningowy w proszku, stworzony z my\u015bl\u0105 o sportowcach i osobach aktywnych fizycznie. Formu\u0142a oparta na zaawansowanych prekursorach tlenku azotu (NO), kreatynie oraz substancjach wspieraj\u0105cych energi\u0119 i wydolno\u015b\u0107, pozwala na osi\u0105gni\u0119cie maksymalnej efektywno\u015bci treningowej. Zalety produktu: Kompleks prekursor\u00f3w tlenku azotu (NO) wspieraj\u0105cych &#8222;pomp\u0119 mi\u0119\u015bniow\u0105&#8221; Zawiera kreatyn\u0119 wspomagaj\u0105c\u0105&#8230;<\/p>\n","protected":false},"featured_media":15256,"comment_status":"closed","ping_status":"closed","template":"","meta":[],"product_brand":[],"product_cat":[728,870,862,864],"product_tag":[],"class_list":{"0":"post-10721","1":"product","2":"type-product","3":"status-publish","4":"has-post-thumbnail","6":"product_cat-suplementy-diety","7":"product_cat-na-pompe-miesniowa","8":"product_cat-przedtreningowki","9":"product_cat-pre-workout-zonder-cafeine-pl","11":"first","12":"instock","13":"featured","14":"taxable","15":"shipping-taxable","16":"purchasable","17":"product-type-variable"},"_links":{"self":[{"href":"https:\/\/muscleforge.nl\/pl\/wp-json\/wp\/v2\/product\/10721","targetHints":{"allow":["GET"]}}],"collection":[{"href":"https:\/\/muscleforge.nl\/pl\/wp-json\/wp\/v2\/product"}],"about":[{"href":"https:\/\/muscleforge.nl\/pl\/wp-json\/wp\/v2\/types\/product"}],"replies":[{"embeddable":true,"href":"https:\/\/muscleforge.nl\/pl\/wp-json\/wp\/v2\/comments?post=10721"}],"wp:featuredmedia":[{"embeddable":true,"href":"https:\/\/muscleforge.nl\/pl\/wp-json\/wp\/v2\/media\/15256"}],"wp:attachment":[{"href":"https:\/\/muscleforge.nl\/pl\/wp-json\/wp\/v2\/media?parent=10721"}],"wp:term":[{"taxonomy":"product_brand","embeddable":true,"href":"https:\/\/muscleforge.nl\/pl\/wp-json\/wp\/v2\/product_brand?post=10721"},{"taxonomy":"product_cat","embeddable":true,"href":"https:\/\/muscleforge.nl\/pl\/wp-json\/wp\/v2\/product_cat?post=10721"},{"taxonomy":"product_tag","embeddable":true,"href":"https:\/\/muscleforge.nl\/pl\/wp-json\/wp\/v2\/product_tag?post=10721"}],"curies":[{"name":"wp","href":"https:\/\/api.w.org\/{rel}","templated":true}]}}