{"id":10897,"date":"2020-05-18T20:05:23","date_gmt":"2020-05-18T18:05:23","guid":{"rendered":"https:\/\/muscleforge.nl\/product\/oshee-isotonic-drink-750-ml-red-orange\/"},"modified":"2020-05-18T20:05:23","modified_gmt":"2020-05-18T18:05:23","slug":"oshee-isotonic-drink-750-ml-red-orange","status":"publish","type":"product","link":"https:\/\/muscleforge.nl\/pl\/produkt\/oshee-isotonic-drink-750-ml-red-orange\/","title":{"rendered":"OSHEE ISOTONIC DRINK 750 ML. CZERWONA POMARA\u0143CZA"},"content":{"rendered":"<h1>OSHEE Nap\u00f3j izotoniczny o smaku czerwonej pomara\u0144czy<\/h1>\n<h3 class=\"subname\">Nap\u00f3j izotoniczny niegazowany o smaku czerwonej pomara\u0144czy z dodatkiem witamin. Zawiera cukier i substancj\u0119 s\u0142odz\u0105c\u0105.<\/h3>\n<p>&nbsp;<\/p>\n<p>Nap\u00f3j izotoniczny niegazowany o smaku czerwonej pomara\u0144czy z dodatkiem witamin (B3, E, B5, B6, B7) dla os\u00f3b uprawiaj\u0105cych sport.<br \/>\nZawiera cukier i substancj\u0119 s\u0142odz\u0105c\u0105.<br \/>\nZastosowana substancja s\u0142odz\u0105ca jest pochodzenia naturalnego (ekstrakt ze stewii).<br \/>\nStewia pochodzi z Paragwaju, gdzie jest u\u017cywana do s\u0142odzenia potraw i napoj\u00f3w.<br \/>\nZe wzgl\u0119du na znaczn\u0105 s\u0142odycz rdzenne plemionaIndian Guarani nazywaj\u0105 j\u0105 Caa-chee, czyli miodowy li\u015b\u0107.<\/p>\n<p>&nbsp;<\/p>\n<h3>Sk\u0142adniki<\/h3>\n<p>woda<\/p>\n<p>glukoza<\/p>\n<p>maltodekstryna<\/p>\n<p>kwas: kwas cytrynowy<\/p>\n<p>cytryniany sodu<\/p>\n<p>regulator kwasowo\u015bci: cytryniany potasu<\/p>\n<p>aromaty<\/p>\n<p>substancje konserwuj\u0105ce: sorbinian potasu i benzoesan sodu<\/p>\n<p>stabilizatory: guma arabska, estry glicerolu i \u017cywicy ro\u015blinnej<\/p>\n<p>substancja s\u0142odz\u0105ca: sukrolaza<\/p>\n<p>substancje wzbogacaj\u0105ce: witaminy (niacyna, witamina E, kwas pantotenowy, witamina B6, biotyna)<\/p>\n<p>barwnik: czerwie\u0144 allura AC &#8211; mo\u017ce mie\u0107 szkodliwy wp\u0142yw na aktywno\u015b\u0107 i skupienie uwagi u dzieci<\/p>\n<p>&nbsp;<\/p>\n<h3>Obliczona warto\u015b\u0107 od\u017cywcza<\/h3>\n<table>\n<thead>\n<tr>\n<th>Okre\u015blenie<\/th>\n<th>w 100g<\/th>\n<th>w jednostce<\/th>\n<\/tr>\n<\/thead>\n<tbody>\n<tr>\n<td>Warto\u015b\u0107 energetyczna (kJ)<\/td>\n<td>101.0000<\/td>\n<td>757.0000<\/td>\n<\/tr>\n<tr>\n<td>Warto\u015b\u0107 energetyczna (kcal)<\/td>\n<td>24.0000<\/td>\n<td>180.0000<\/td>\n<\/tr>\n<tr>\n<td>T\u0142uszcz (g)<\/td>\n<td>0.0000<\/td>\n<td>0.0000<\/td>\n<\/tr>\n<tr>\n<td>w tym kwasy t\u0142uszczowe nasycone (g)<\/td>\n<td>0.0000<\/td>\n<td>0.0000<\/td>\n<\/tr>\n<tr>\n<td>W\u0119glowodany (g)<\/td>\n<td>5.7000<\/td>\n<td>42.7000<\/td>\n<\/tr>\n<tr>\n<td>w tym cukry (g)<\/td>\n<td>4.0000<\/td>\n<td>30.0000<\/td>\n<\/tr>\n<tr>\n<td>Bia\u0142ko (g)<\/td>\n<td>0.0000<\/td>\n<td>0.0000<\/td>\n<\/tr>\n<tr>\n<td>S\u00f3l (g)<\/td>\n<td>0.1200<\/td>\n<td>0.9000<\/td>\n<\/tr>\n<tr>\n<td>Witamina E (mg)<\/td>\n<td>0.9000<\/td>\n<td>6.7000<\/td>\n<\/tr>\n<tr>\n<td>Niacyna (B3) (mg)<\/td>\n<td>1.2000<\/td>\n<td>9.0000<\/td>\n<\/tr>\n<tr>\n<td>Witamina B6 (mg)<\/td>\n<td>0.1050<\/td>\n<td>0.7900<\/td>\n<\/tr>\n<tr>\n<td>Biotyna (\u00b5g)<\/td>\n<td>3.7500<\/td>\n<td>28.1000<\/td>\n<\/tr>\n<tr>\n<td>Kwas pantotenowy (mg)<\/td>\n<td>0.4500<\/td>\n<td>3.4000<\/td>\n<\/tr>\n<\/tbody>\n<\/table>\n","protected":false},"excerpt":{"rendered":"<p>OSHEE Nap\u00f3j izotoniczny o smaku czerwonej pomara\u0144czy Nap\u00f3j izotoniczny niegazowany o smaku czerwonej pomara\u0144czy z dodatkiem witamin. Zawiera cukier i substancj\u0119 s\u0142odz\u0105c\u0105. &nbsp; Nap\u00f3j izotoniczny niegazowany o smaku czerwonej pomara\u0144czy z dodatkiem witamin (B3, E, B5, B6, B7) dla os\u00f3b uprawiaj\u0105cych sport. Zawiera cukier i substancj\u0119 s\u0142odz\u0105c\u0105. Zastosowana substancja s\u0142odz\u0105ca jest pochodzenia naturalnego (ekstrakt ze&#8230;<\/p>\n","protected":false},"featured_media":10898,"comment_status":"closed","ping_status":"closed","template":"","meta":[],"product_brand":[],"product_cat":[728,868],"product_tag":[],"class_list":{"0":"post-10897","1":"product","2":"type-product","3":"status-publish","4":"has-post-thumbnail","6":"product_cat-suplementy-diety","7":"product_cat-napoje-witaminowe","9":"first","10":"outofstock","11":"taxable","12":"shipping-taxable","13":"purchasable","14":"product-type-simple"},"_links":{"self":[{"href":"https:\/\/muscleforge.nl\/pl\/wp-json\/wp\/v2\/product\/10897","targetHints":{"allow":["GET"]}}],"collection":[{"href":"https:\/\/muscleforge.nl\/pl\/wp-json\/wp\/v2\/product"}],"about":[{"href":"https:\/\/muscleforge.nl\/pl\/wp-json\/wp\/v2\/types\/product"}],"replies":[{"embeddable":true,"href":"https:\/\/muscleforge.nl\/pl\/wp-json\/wp\/v2\/comments?post=10897"}],"wp:featuredmedia":[{"embeddable":true,"href":"https:\/\/muscleforge.nl\/pl\/wp-json\/wp\/v2\/media\/10898"}],"wp:attachment":[{"href":"https:\/\/muscleforge.nl\/pl\/wp-json\/wp\/v2\/media?parent=10897"}],"wp:term":[{"taxonomy":"product_brand","embeddable":true,"href":"https:\/\/muscleforge.nl\/pl\/wp-json\/wp\/v2\/product_brand?post=10897"},{"taxonomy":"product_cat","embeddable":true,"href":"https:\/\/muscleforge.nl\/pl\/wp-json\/wp\/v2\/product_cat?post=10897"},{"taxonomy":"product_tag","embeddable":true,"href":"https:\/\/muscleforge.nl\/pl\/wp-json\/wp\/v2\/product_tag?post=10897"}],"curies":[{"name":"wp","href":"https:\/\/api.w.org\/{rel}","templated":true}]}}