{"id":11105,"date":"2020-05-15T14:46:45","date_gmt":"2020-05-15T12:46:45","guid":{"rendered":"https:\/\/muscleforge.nl\/product\/olimp-creatine-monohydrate-1250-400-caps\/"},"modified":"2024-12-20T14:04:48","modified_gmt":"2024-12-20T13:04:48","slug":"olimp-creatine-monohydrate-1250-400-caps","status":"publish","type":"product","link":"https:\/\/muscleforge.nl\/pl\/produkt\/olimp-creatine-monohydrate-1250-400-caps\/","title":{"rendered":"OLIMP CREATINE MONOHYDRATE 1250 400 CAPS."},"content":{"rendered":"<h1>LIMP CREATINE MONOHYDRATE 1250 CAPS.<\/h1>\n<h3>\nOLIMP Creatine Monohydrate 1250 Caps to wysokiej jako\u015bci suplement diety zawieraj\u0105cy monohydrat kreatyny, kt\u00f3ry wspiera wzrost si\u0142y, masy mi\u0119\u015bniowej i wydolno\u015bci fizycznej.<\/h3>\n<p><strong>Zalety produktu:<\/strong><\/p>\n<ul>\n<li>Zawiera czysty monohydrat kreatyny w wygodnej formie kapsu\u0142ek.<\/li>\n<li>Wspiera wzrost si\u0142y i wytrzyma\u0142o\u015bci mi\u0119\u015bniowej.<\/li>\n<li>Przyczynia si\u0119 do poprawy wydolno\u015bci podczas intensywnych \u0107wicze\u0144.<\/li>\n<li>\u0141atwy w u\u017cyciu \u2013 nie wymaga mieszania ani przygotowywania.<\/li>\n<li>Odpowiedni dla sportowc\u00f3w r\u00f3\u017cnych dyscyplin.<\/li>\n<\/ul>\n<p>OLIMP Creatine Monohydrate 1250 Caps to doskona\u0142e rozwi\u0105zanie dla sportowc\u00f3w i os\u00f3b aktywnych fizycznie, kt\u00f3re chc\u0105 poprawi\u0107 swoje osi\u0105gi treningowe. Kreatyna jest jednym z najlepiej przebadanych sk\u0142adnik\u00f3w, kt\u00f3rego skuteczno\u015b\u0107 w poprawie si\u0142y, wytrzyma\u0142o\u015bci i regeneracji zosta\u0142a potwierdzona wieloma badaniami.<\/p>\n<p>Ka\u017cda kapsu\u0142ka zawiera 1250 mg monohydratu kreatyny, co pozwala na precyzyjne dawkowanie bez potrzeby odmierzania proszku. Produkt jest szczeg\u00f3lnie polecany podczas intensywnych trening\u00f3w si\u0142owych i wytrzyma\u0142o\u015bciowych. Dzi\u0119ki \u0142atwo\u015bci spo\u017cycia kapsu\u0142ki OLIMP Creatine Monohydrate s\u0105 wygodnym rozwi\u0105zaniem dla os\u00f3b prowadz\u0105cych aktywny tryb \u017cycia.<\/p>\n<p>&nbsp;<\/p>\n<h3><strong>Spos\u00f3b u\u017cycia:<\/strong><\/h3>\n<div>4 kapsu\u0142ki dziennie po treningu lub o podobnej porze w dni nietreningowe. Kapsu\u0142ki nale\u017cy popi\u0107 du\u017c\u0105 ilo\u015bci\u0105 wody.<\/div>\n<div><\/div>\n<div><strong>\u00a0<\/strong><\/div>\n<div><\/div>\n<div class=\"table-responsive\">\n<table class=\"table\">\n<tbody>\n<tr>\n<td><strong>Informacja o warto\u015bci od\u017cywczej<\/strong><\/td>\n<td><strong>1 kapsu\u0142ka<\/strong><\/td>\n<td><strong>4 kapsu\u0142ki<\/strong><\/td>\n<td><strong>na 100 g<\/strong><\/td>\n<\/tr>\n<tr>\n<td><strong>Warto\u015b\u0107 energetyczna<\/strong><\/td>\n<td><strong>21 kJ \/ 5 kcal<\/strong><\/td>\n<td><strong>84 kJ \/ 20 kcal<\/strong><\/td>\n<td><strong>1501 kJ \/ 359 kcal<\/strong><\/td>\n<\/tr>\n<tr>\n<td valign=\"top\">T\u0142uszcz,<br \/>\nw tym: kwasy t\u0142uszczowe nasycone<\/td>\n<td valign=\"top\">0 g<br \/>\n0 g<\/td>\n<td>0 g<br \/>\n0 g<\/td>\n<td>0 g<br \/>\n0 g<\/td>\n<\/tr>\n<tr>\n<td valign=\"top\">W\u0119glowodany,<br \/>\nw tym: cukry<\/td>\n<td valign=\"top\">0 g<br \/>\n0 g<\/td>\n<td>0 g<br \/>\n0 g<\/td>\n<td>0 g<br \/>\n0 g<\/td>\n<\/tr>\n<tr>\n<td valign=\"top\">Bia\u0142ko<\/td>\n<td valign=\"top\">0 g<\/td>\n<td>0 g<\/td>\n<td>0 g<\/td>\n<\/tr>\n<tr>\n<td valign=\"top\">S\u00f3l<\/td>\n<td valign=\"top\">0 g<\/td>\n<td>0 g<\/td>\n<td>0,16 g<\/td>\n<\/tr>\n<tr>\n<td valign=\"top\">Monohydrat kreatyny,<br \/>\nw tym: kreatyna<strong><br \/>\n<\/strong><\/td>\n<td valign=\"top\">1250 mg<br \/>\n1100 mg<\/td>\n<td>5000 mg<br \/>\n4400 mg<\/td>\n<td>89,3 g<br \/>\n78,6 g<\/td>\n<\/tr>\n<\/tbody>\n<\/table>\n<\/div>\n<p><strong>Sk\u0142adniki:<\/strong>\u00a089,3% mikronizowany monohydrat kreatyny, substancja wype\u0142niaj\u0105ca \u2013 celuloza mikrokrystaliczna; substancja przeciwzbrylaj\u0105ca \u2013 sole magnezowe kwas\u00f3w t\u0142uszczowych; kapsu\u0142ka (sk\u0142adniki otoczki \u2013 \u017celatyna, barwnik: E 171).<\/p>\n<p>&nbsp;<\/p>\n<p>Nie nale\u017cy przekracza\u0107 porcji zalecanej do spo\u017cycia w ci\u0105gu dnia. Suplement diety nie mo\u017ce by\u0107 stosowany jako substytut zr\u00f3\u017cnicowanej diety. Zalecany jest zr\u00f3wnowa\u017cony spos\u00f3b \u017cywienia i zdrowy tryb \u017cycia.<\/p>\n<p>Preparat przeznaczony dla os\u00f3b doros\u0142ych, aktywnych fizycznie i sportowc\u00f3w, wykonuj\u0105cych \u0107wiczenia fizyczne o du\u017cej intensywno\u015bci.<\/p>\n","protected":false},"excerpt":{"rendered":"<p>LIMP CREATINE MONOHYDRATE 1250 CAPS. OLIMP Creatine Monohydrate 1250 Caps to wysokiej jako\u015bci suplement diety zawieraj\u0105cy monohydrat kreatyny, kt\u00f3ry wspiera wzrost si\u0142y, masy mi\u0119\u015bniowej i wydolno\u015bci fizycznej. Zalety produktu: Zawiera czysty monohydrat kreatyny w wygodnej formie kapsu\u0142ek. Wspiera wzrost si\u0142y i wytrzyma\u0142o\u015bci mi\u0119\u015bniowej. Przyczynia si\u0119 do poprawy wydolno\u015bci podczas intensywnych \u0107wicze\u0144. \u0141atwy w u\u017cyciu \u2013&#8230;<\/p>\n","protected":false},"featured_media":11106,"comment_status":"closed","ping_status":"closed","template":"","meta":[],"product_brand":[],"product_cat":[728,843],"product_tag":[],"class_list":{"0":"post-11105","1":"product","2":"type-product","3":"status-publish","4":"has-post-thumbnail","6":"product_cat-suplementy-diety","7":"product_cat-monohydrat-kreatyny","9":"first","10":"instock","11":"taxable","12":"shipping-taxable","13":"purchasable","14":"product-type-simple"},"_links":{"self":[{"href":"https:\/\/muscleforge.nl\/pl\/wp-json\/wp\/v2\/product\/11105","targetHints":{"allow":["GET"]}}],"collection":[{"href":"https:\/\/muscleforge.nl\/pl\/wp-json\/wp\/v2\/product"}],"about":[{"href":"https:\/\/muscleforge.nl\/pl\/wp-json\/wp\/v2\/types\/product"}],"replies":[{"embeddable":true,"href":"https:\/\/muscleforge.nl\/pl\/wp-json\/wp\/v2\/comments?post=11105"}],"wp:featuredmedia":[{"embeddable":true,"href":"https:\/\/muscleforge.nl\/pl\/wp-json\/wp\/v2\/media\/11106"}],"wp:attachment":[{"href":"https:\/\/muscleforge.nl\/pl\/wp-json\/wp\/v2\/media?parent=11105"}],"wp:term":[{"taxonomy":"product_brand","embeddable":true,"href":"https:\/\/muscleforge.nl\/pl\/wp-json\/wp\/v2\/product_brand?post=11105"},{"taxonomy":"product_cat","embeddable":true,"href":"https:\/\/muscleforge.nl\/pl\/wp-json\/wp\/v2\/product_cat?post=11105"},{"taxonomy":"product_tag","embeddable":true,"href":"https:\/\/muscleforge.nl\/pl\/wp-json\/wp\/v2\/product_tag?post=11105"}],"curies":[{"name":"wp","href":"https:\/\/api.w.org\/{rel}","templated":true}]}}