{"id":11142,"date":"2020-05-15T14:04:56","date_gmt":"2020-05-15T12:04:56","guid":{"rendered":"https:\/\/muscleforge.nl\/product\/olimp-bcaa-1100-mega-caps-120\/"},"modified":"2024-12-30T13:16:50","modified_gmt":"2024-12-30T12:16:50","slug":"olimp-bcaa-1100-mega-caps-120","status":"publish","type":"product","link":"https:\/\/muscleforge.nl\/pl\/produkt\/olimp-bcaa-1100-mega-caps-120\/","title":{"rendered":"OLIMP Nutrition BCAA 1100 MEGA CAPS 120"},"content":{"rendered":"<h1><strong>OLIMP NUTRITION BCAA 1100 MEGA CAPS<\/strong><\/h1>\n<h3>\nOLIMP NUTRITION BCAA 1100 MEGA CAPS to zaawansowany suplement diety w formie kapsu\u0142ek, zawieraj\u0105cy aminokwasy rozga\u0142\u0119zione BCAA (L-leucyna, L-izoleucyna, L-walina) w optymalnym stosunku 2:1:1. Produkt wspiera regeneracj\u0119, wzrost masy mi\u0119\u015bniowej oraz ochron\u0119 przed katabolizmem.<\/h3>\n<p><strong>Zalety produktu:<\/strong><\/p>\n<ul>\n<li>Wysoka dawka BCAA w ka\u017cdej kapsu\u0142ce<\/li>\n<li>Optymalny stosunek aminokwas\u00f3w 2:1:1 (L-leucyna, L-izoleucyna, L-walina)<\/li>\n<li>Wspomaga regeneracj\u0119 mi\u0119\u015bni i zmniejsza zm\u0119czenie<\/li>\n<li>Chroni mi\u0119\u015bnie przed katabolizmem<\/li>\n<li>Wygodna forma kapsu\u0142ek, idealna w podr\u00f3\u017cy<\/li>\n<\/ul>\n<p>OLIMP NUTRITION BCAA 1100 MEGA CAPS to doskona\u0142y wyb\u00f3r dla sportowc\u00f3w i os\u00f3b aktywnych fizycznie, kt\u00f3rzy chc\u0105 poprawi\u0107 swoje wyniki treningowe oraz przyspieszy\u0107 regeneracj\u0119. Aminokwasy rozga\u0142\u0119zione BCAA odgrywaj\u0105 kluczow\u0105 rol\u0119 w procesach anabolicznych i regeneracyjnych organizmu. Dzi\u0119ki wysokiej koncentracji sk\u0142adnik\u00f3w w kapsu\u0142kach, suplement jest wygodny i \u0142atwy w stosowaniu, nawet w trakcie intensywnych trening\u00f3w.<\/p>\n<p>&nbsp;<\/p>\n<h3><strong>Zalecana dzienna porcja:<\/strong><\/h3>\n<p>5 kapsu\u0142ek 3 razy dziennie \u2013 przed \u015bniadaniem, przed treningiem, po treningu lub przed snem popijaj\u0105c du\u017c\u0105 ilo\u015bci\u0105 wody.<\/p>\n<p>&nbsp;<\/p>\n<h3>Tabela warto\u015bci od\u017cywczych<\/h3>\n<div class=\"table-responsive\">\n<table class=\"table\">\n<tbody>\n<tr>\n<td><strong>Warto\u015b\u0107 od\u017cywcza<\/strong><\/td>\n<td><strong>3 kapsu\u0142ki<\/strong><\/td>\n<td><strong>9 kapsu\u0142ek<\/strong><\/td>\n<td><strong>15 kapsu\u0142ek<\/strong><\/td>\n<td><strong>na 100 g<\/strong><\/td>\n<\/tr>\n<tr>\n<td>Warto\u015b\u0107 energetyczna<\/td>\n<td>64 kJ \/ 15 kcal<\/td>\n<td>192 kJ \/ 46 kcal<\/td>\n<td>321 kJ \/ 77 kcal<\/td>\n<td>1670 kJ \/ 399 kcal<\/td>\n<\/tr>\n<tr>\n<td>T\u0142uszcz<br \/>\ntym kwasy t\u0142uszczowe nasycone<\/td>\n<td>0 g<br \/>\n0 g<\/td>\n<td>0 g<br \/>\n0 g<\/td>\n<td>0 g<br \/>\n0 g<\/td>\n<td>&lt;0,5 g<br \/>\n0 g<\/td>\n<\/tr>\n<tr>\n<td>W\u0119glowodany<br \/>\nw tym cukry<\/td>\n<td>0 g<br \/>\n0 g<\/td>\n<td>0 g<br \/>\n0 g<\/td>\n<td>0 g<br \/>\n0 g<\/td>\n<td>0 g<br \/>\n0 g<\/td>\n<\/tr>\n<tr>\n<td>Bia\u0142ko<\/td>\n<td>2,8 g<\/td>\n<td>8,4 g<\/td>\n<td>14 g<\/td>\n<td>73 g<\/td>\n<\/tr>\n<tr>\n<td>S\u00f3l<\/td>\n<td>0 g<\/td>\n<td>&lt; 0,01 g<\/td>\n<td>&lt; 0,02 g<\/td>\n<td>&lt; 0,1 g<\/td>\n<\/tr>\n<tr>\n<td>wit. B6<\/td>\n<td>0,7 mg (50%*)<\/td>\n<td>2,1 mg (150%*)<\/td>\n<td>3,5 mg (250,8%*)<\/td>\n<td>18 mg (1286%*)<\/td>\n<\/tr>\n<tr>\n<td bgcolor=\"#dddddd\"><strong>Aminokwasy rozga\u0142\u0119zione BCAA:<\/strong><\/td>\n<td bgcolor=\"#dddddd\"><strong>3,3 g<\/strong><\/td>\n<td bgcolor=\"#dddddd\"><strong>9,9 g<\/strong><\/td>\n<td bgcolor=\"#dddddd\"><strong>16,5 g<\/strong><\/td>\n<td bgcolor=\"#dddddd\"><strong>86 g<\/strong><\/td>\n<\/tr>\n<tr>\n<td bgcolor=\"#dddddd\">L-leucyna<\/td>\n<td bgcolor=\"#dddddd\">1,65 g<\/td>\n<td bgcolor=\"#dddddd\">4,95 g<\/td>\n<td bgcolor=\"#dddddd\">8,26 g<\/td>\n<td bgcolor=\"#dddddd\">43,0 g<\/td>\n<\/tr>\n<tr>\n<td bgcolor=\"#dddddd\">L-walina<\/td>\n<td bgcolor=\"#dddddd\">0,83 g<\/td>\n<td bgcolor=\"#dddddd\">2,48 g<\/td>\n<td bgcolor=\"#dddddd\">4,13 g<\/td>\n<td bgcolor=\"#dddddd\">21,5 g<\/td>\n<\/tr>\n<tr>\n<td bgcolor=\"#dddddd\">L-izoleucyna<\/td>\n<td bgcolor=\"#dddddd\">0,83 g<\/td>\n<td bgcolor=\"#dddddd\">2,48 g<\/td>\n<td bgcolor=\"#dddddd\">4,13 g<\/td>\n<td bgcolor=\"#dddddd\">21,5 g<\/td>\n<\/tr>\n<\/tbody>\n<\/table>\n<\/div>\n<p>* % RWS &#8211; referencyjne warto\u015bci spo\u017cycia<br \/>\n1 kapsu\u0142ka 1280 mg<\/p>\n<p><strong>Sk\u0142adniki:\u00a0<\/strong>wolne aminokwasy: L-leucyna, L-walina, L-izoleucyna; substancja wype\u0142niaj\u0105ca \u2013 celuloza mikrokrystaliczna; chlorowodorek pirydoksyny (wit. B6), emulgator \u2013 lecytyny (z\u00a0<strong>soi<\/strong>); kapsu\u0142ka \u2013 \u017celatyna.<\/p>\n<p>Nie nale\u017cy przekracza\u0107 zalecanej dziennej porcji do spo\u017cycia w ci\u0105gu dnia. Suplement diety nie mo\u017ce by\u0107 stosowany jako substytut zr\u00f3\u017cnicowanej diety. Zalecany jest zr\u00f3wnowa\u017cony spos\u00f3b \u017cywienia i zdrowy tryb \u017cycia.<\/p>\n<p><strong>Uwaga:<\/strong>\u00a0Preparatu nie powinny przyjmowa\u0107 kobiety w ci\u0105\u017cy i w okresie karmienia bez konsultacji z lekarzem. Przechowywa\u0107 w spos\u00f3b niedost\u0119pny dla ma\u0142ych dzieci.<\/p>\n","protected":false},"excerpt":{"rendered":"<p>OLIMP NUTRITION BCAA 1100 MEGA CAPS OLIMP NUTRITION BCAA 1100 MEGA CAPS to zaawansowany suplement diety w formie kapsu\u0142ek, zawieraj\u0105cy aminokwasy rozga\u0142\u0119zione BCAA (L-leucyna, L-izoleucyna, L-walina) w optymalnym stosunku 2:1:1. Produkt wspiera regeneracj\u0119, wzrost masy mi\u0119\u015bniowej oraz ochron\u0119 przed katabolizmem. Zalety produktu: Wysoka dawka BCAA w ka\u017cdej kapsu\u0142ce Optymalny stosunek aminokwas\u00f3w 2:1:1 (L-leucyna, L-izoleucyna, L-walina)&#8230;<\/p>\n","protected":false},"featured_media":12769,"comment_status":"closed","ping_status":"closed","template":"","meta":[],"product_brand":[],"product_cat":[728,835],"product_tag":[],"class_list":{"0":"post-11142","1":"product","2":"type-product","3":"status-publish","4":"has-post-thumbnail","6":"product_cat-suplementy-diety","7":"product_cat-bcaa","9":"first","10":"instock","11":"taxable","12":"shipping-taxable","13":"purchasable","14":"product-type-simple"},"_links":{"self":[{"href":"https:\/\/muscleforge.nl\/pl\/wp-json\/wp\/v2\/product\/11142","targetHints":{"allow":["GET"]}}],"collection":[{"href":"https:\/\/muscleforge.nl\/pl\/wp-json\/wp\/v2\/product"}],"about":[{"href":"https:\/\/muscleforge.nl\/pl\/wp-json\/wp\/v2\/types\/product"}],"replies":[{"embeddable":true,"href":"https:\/\/muscleforge.nl\/pl\/wp-json\/wp\/v2\/comments?post=11142"}],"wp:featuredmedia":[{"embeddable":true,"href":"https:\/\/muscleforge.nl\/pl\/wp-json\/wp\/v2\/media\/12769"}],"wp:attachment":[{"href":"https:\/\/muscleforge.nl\/pl\/wp-json\/wp\/v2\/media?parent=11142"}],"wp:term":[{"taxonomy":"product_brand","embeddable":true,"href":"https:\/\/muscleforge.nl\/pl\/wp-json\/wp\/v2\/product_brand?post=11142"},{"taxonomy":"product_cat","embeddable":true,"href":"https:\/\/muscleforge.nl\/pl\/wp-json\/wp\/v2\/product_cat?post=11142"},{"taxonomy":"product_tag","embeddable":true,"href":"https:\/\/muscleforge.nl\/pl\/wp-json\/wp\/v2\/product_tag?post=11142"}],"curies":[{"name":"wp","href":"https:\/\/api.w.org\/{rel}","templated":true}]}}