{"id":11242,"date":"2020-05-15T12:13:52","date_gmt":"2020-05-15T10:13:52","guid":{"rendered":"https:\/\/muscleforge.nl\/product\/trec-daa-ultra-120-caps\/"},"modified":"2024-12-07T16:59:55","modified_gmt":"2024-12-07T15:59:55","slug":"trec-daa-ultra-120-caps","status":"publish","type":"product","link":"https:\/\/muscleforge.nl\/pl\/produkt\/trec-daa-ultra-120-caps\/","title":{"rendered":"TREC DAA ULTRA 120 CAPS"},"content":{"rendered":"<h1>DAA ULTRA<\/h1>\n<h3>DAA ULTRA zawiera kwas D-asparaginowy (DAA).<\/h3>\n<p>Silny stymulator produkcji testosteronu przeznaczony wy\u0142\u0105cznie dla os\u00f3b doros\u0142ych.<\/p>\n<p><strong>Zalety produktu:<\/strong><\/p>\n<ul>\n<li><strong>Wsparcie produkcji testosteronu<\/strong> \u2013 DAA pomaga zwi\u0119kszy\u0107 poziom testosteronu w organizmie, co ma istotne znaczenie dla si\u0142y, masy mi\u0119\u015bniowej i og\u00f3lnej wydolno\u015bci fizycznej.<\/li>\n<li><strong>Zwi\u0119kszenie si\u0142y i wytrzyma\u0142o\u015bci<\/strong> \u2013 DAA wspomaga produkcj\u0119 testosteronu, co przek\u0142ada si\u0119 na popraw\u0119 wydolno\u015bci i zwi\u0119kszenie si\u0142y, szczeg\u00f3lnie podczas intensywnych trening\u00f3w.<\/li>\n<li><strong>Wsparcie regeneracji<\/strong> \u2013 regularne stosowanie DAA przyspiesza regeneracj\u0119 organizmu po wysi\u0142ku fizycznym, wspieraj\u0105c procesy naprawcze i wzrost mi\u0119\u015bni.<\/li>\n<li><strong>Wspomaganie zdrowia hormonalnego<\/strong> \u2013 DAA pomaga w regulacji poziomu hormon\u00f3w, wp\u0142ywaj\u0105c na r\u00f3wnowag\u0119 hormonaln\u0105 i og\u00f3lne samopoczucie.<\/li>\n<\/ul>\n<p><br data-mce-bogus=\"1\"><\/p>\n<h3 class=\"open\">SPOS\u00d3B U\u017bYCIA<\/h3>\n<div class=\"open\">Jednorazow\u0105 porcj\u0119 produktu \u2013 2 kapsu\u0142ki popi\u0107 300 ml wody. Stosowa\u0107 2 porcje dziennie, najlepiej 1 porcj\u0119 rano po przebudzeniu, 1 porcj\u0119 na 30-60 min przed snem. Nie nale\u017cy przekracza\u0107 zalecanej porcji do spo\u017cycia w ci\u0105gu dnia.<\/div>\n<div><br data-mce-bogus=\"1\"><\/div>\n<div><br data-mce-bogus=\"1\"><\/div>\n<h3>Warto\u015b\u0107 Od\u017cwcza<\/h3>\n<div class=\"flex max-w-full flex-col flex-grow\">\n<div class=\"min-h-8 text-message flex w-full flex-col items-end gap-2 whitespace-normal break-words text-start [.text-message+&amp;]:mt-5\" dir=\"auto\" data-message-author-role=\"assistant\" data-message-id=\"2621def9-6991-43f8-ac1f-c8740e29f44b\" data-message-model-slug=\"gpt-4o-mini\">\n<div class=\"flex w-full flex-col gap-1 empty:hidden first:pt-[3px]\">\n<div class=\"markdown prose w-full break-words dark:prose-invert light\">\n<table class=\"mce-item-table\">\n<thead>\n<tr>\n<th><strong>Sk\u0142adniki aktywne<\/strong><\/th>\n<th><strong>W 4 kapsu\u0142kach<\/strong><\/th>\n<\/tr>\n<\/thead>\n<tbody>\n<tr>\n<td>Kwas D-Aspartaginowy (DAA)<\/td>\n<td>3000,00 mg<\/td>\n<\/tr>\n<tr>\n<td><strong>Dzienna porcja produktu<\/strong><\/td>\n<td><strong>4 kapsu\u0142ki<\/strong><\/td>\n<\/tr>\n<\/tbody>\n<\/table>\n<\/div>\n<\/div>\n<\/div>\n<\/div>\n<div><br data-mce-bogus=\"1\"><\/div>\n<p><strong>SK\u0141ADNIKI:<\/strong><br \/>Kwas D-asparaginowy (79%); otoczka kapsu\u0142ki (\u017celatyna); barwnik (tlenki i wodorotlenki \u017celaza); substancja glazuruj\u0105ca (hydroksypropylometyloceluloza); barwnik (tlenki i wodorotlenki \u017celaza); substancja przeciwzbrylaj\u0105ca (sole magnezowe kwas\u00f3w t\u0142uszczowych).<\/p>\n<p><strong>OSTRZE\u017bENIA:<\/strong><br \/>Produkt nie mo\u017ce by\u0107 stosowany jako substytut zr\u00f3\u017cnicowanej diety. Preparat nie jest przeznaczony dla dzieci, kobiet w ci\u0105\u017cy oraz karmi\u0105cych. Zr\u00f3wnowa\u017cona dieta i zdrowy tryb \u017cycia s\u0105 wa\u017cne.<\/p>\n","protected":false},"excerpt":{"rendered":"<p><br data-mce-bogus=\"1\"><\/p>\n","protected":false},"featured_media":8590,"comment_status":"closed","ping_status":"closed","template":"","meta":[],"product_brand":[],"product_cat":[728,867,857],"product_tag":[],"class_list":{"0":"post-11242","1":"product","2":"type-product","3":"status-publish","4":"has-post-thumbnail","6":"product_cat-suplementy-diety","7":"product_cat-boostery-testosteronu-hormonu-wzrostu","8":"product_cat-libido-pl","10":"first","11":"instock","12":"featured","13":"taxable","14":"shipping-taxable","15":"purchasable","16":"product-type-simple"},"_links":{"self":[{"href":"https:\/\/muscleforge.nl\/pl\/wp-json\/wp\/v2\/product\/11242","targetHints":{"allow":["GET"]}}],"collection":[{"href":"https:\/\/muscleforge.nl\/pl\/wp-json\/wp\/v2\/product"}],"about":[{"href":"https:\/\/muscleforge.nl\/pl\/wp-json\/wp\/v2\/types\/product"}],"replies":[{"embeddable":true,"href":"https:\/\/muscleforge.nl\/pl\/wp-json\/wp\/v2\/comments?post=11242"}],"wp:featuredmedia":[{"embeddable":true,"href":"https:\/\/muscleforge.nl\/pl\/wp-json\/wp\/v2\/media\/8590"}],"wp:attachment":[{"href":"https:\/\/muscleforge.nl\/pl\/wp-json\/wp\/v2\/media?parent=11242"}],"wp:term":[{"taxonomy":"product_brand","embeddable":true,"href":"https:\/\/muscleforge.nl\/pl\/wp-json\/wp\/v2\/product_brand?post=11242"},{"taxonomy":"product_cat","embeddable":true,"href":"https:\/\/muscleforge.nl\/pl\/wp-json\/wp\/v2\/product_cat?post=11242"},{"taxonomy":"product_tag","embeddable":true,"href":"https:\/\/muscleforge.nl\/pl\/wp-json\/wp\/v2\/product_tag?post=11242"}],"curies":[{"name":"wp","href":"https:\/\/api.w.org\/{rel}","templated":true}]}}