{"id":11352,"date":"2020-05-14T16:29:51","date_gmt":"2020-05-14T14:29:51","guid":{"rendered":"https:\/\/muscleforge.nl\/product\/trec-nutrition-creatine-100-300-g-2\/"},"modified":"2025-02-27T22:21:36","modified_gmt":"2025-02-27T21:21:36","slug":"trec-nutrition-creatine-100-300-g-2","status":"publish","type":"product","link":"https:\/\/muscleforge.nl\/pl\/produkt\/trec-nutrition-creatine-100-300-g-2\/","title":{"rendered":"Trec Nutrition Creatine 100% 300 g"},"content":{"rendered":"<div class=\"box_section details\">\n<div class=\"content_wrapper skyblue--base\">\n<div class=\"text\">\n<h1>CREATINE 100%<\/h1>\n<p><strong>Zalety produktu:<\/strong><\/p>\n<ul>\n<li><strong>Zwi\u0119kszenie si\u0142y i wytrzyma\u0142o\u015bci<\/strong> \u2013 kreatyna wspomaga produkcj\u0119 ATP, co przyczynia si\u0119 do wzrostu si\u0142y i wydolno\u015bci organizmu podczas intensywnych trening\u00f3w.<\/li>\n<li><strong>Wzrost masy mi\u0119\u015bniowej<\/strong> \u2013 regularne stosowanie kreatyny wspiera przyrost masy mi\u0119\u015bniowej, poprawiaj\u0105c jej obj\u0119to\u015b\u0107 i wydolno\u015b\u0107.<\/li>\n<li><strong>Szybsza regeneracja<\/strong> \u2013 kreatyna pomaga w szybszym usuwaniu produkt\u00f3w przemiany materii z organizmu po intensywnym wysi\u0142ku fizycznym.<\/li>\n<li><strong>Wysoka jako\u015b\u0107<\/strong> \u2013 Trec Nutrition Creatine 100% Powder to czysta forma kreatyny, bez dodatk\u00f3w, co zapewnia wysok\u0105 biodost\u0119pno\u015b\u0107 i skuteczno\u015b\u0107 suplementu.<\/li>\n<\/ul>\n<\/div>\n<\/div>\n<\/div>\n<div class=\"box_section\">\n<div id=\"collapse_menu\" class=\"skyblue--base\">\n<div class=\"collapse_content product_description\" aria-hidden=\"false\">\n<div class=\"group\/conversation-turn relative flex w-full min-w-0 flex-col agent-turn\">\n<div class=\"flex-col gap-1 md:gap-3\">\n<div class=\"flex max-w-full flex-col flex-grow\">\n<div class=\"min-h-8 text-message flex w-full flex-col items-end gap-2 whitespace-normal break-words text-start [.text-message+&amp;]:mt-5\" dir=\"auto\" data-message-author-role=\"assistant\" data-message-id=\"60d8b4a9-e2bf-4ef4-8627-6cbc04145858\" data-message-model-slug=\"gpt-4o-mini\">\n<div class=\"flex w-full flex-col gap-1 empty:hidden first:pt-[3px]\">\n<div class=\"markdown prose w-full break-words dark:prose-invert light\">\n<p>Trec Nutrition Creatine 100% Powder to wysokiej jako\u015bci kreatyna monohydratowa, kt\u00f3ra wspomaga wzrost si\u0142y, wytrzyma\u0142o\u015bci oraz masy mi\u0119\u015bniowej. Jest to jedna z najbardziej popularnych i efektywnych form kreatyny, szczeg\u00f3lnie ceniona przez sportowc\u00f3w w dyscyplinach wymagaj\u0105cych du\u017cego wysi\u0142ku fizycznego, takich jak kulturystyka, trening si\u0142owy czy sporty wytrzyma\u0142o\u015bciowe.<\/p>\n<p>Kreatyna monohydratowa zwi\u0119ksza produkcj\u0119 ATP \u2013 g\u0142\u00f3wnego \u017ar\u00f3d\u0142a energii w organizmach \u017cywych, co przek\u0142ada si\u0119 na lepsz\u0105 wydolno\u015b\u0107, wytrzyma\u0142o\u015b\u0107 oraz si\u0142\u0119. Suplementacja kreatyn\u0105 sprzyja tak\u017ce wzrostowi masy mi\u0119\u015bniowej, poprawiaj\u0105c ich obj\u0119to\u015b\u0107 i przyspieszaj\u0105c procesy regeneracyjne. Dzi\u0119ki temu Trec Nutrition Creatine 100% Powder pomaga w zwi\u0119kszeniu wydajno\u015bci trening\u00f3w oraz szybszej regeneracji po intensywnym wysi\u0142ku.<\/p>\n<p>Produkt charakteryzuje si\u0119 wysok\u0105 biodost\u0119pno\u015bci\u0105, co zapewnia szybkie przyswajanie i wykorzystanie kreatyny przez organizm. Dzi\u0119ki prostocie formu\u0142y, Trec Nutrition Creatine 100% Powder doskonale \u0142\u0105czy si\u0119 z innymi suplementami i mo\u017ce stanowi\u0107 wa\u017cny element wspomagaj\u0105cy popraw\u0119 wynik\u00f3w sportowych.<\/p>\n<p>&nbsp;<\/p>\n<\/div>\n<\/div>\n<\/div>\n<\/div>\n<\/div>\n<\/div>\n<\/div>\n<h3 class=\"open\" aria-expanded=\"true\">SPOS\u00d3B U\u017bYCIA<\/h3>\n<div class=\"collapse_content product_dosage\" aria-hidden=\"false\">\n<p>Jednorazow\u0105 porcj\u0119 preparatu \u2012 5 g 1 miarka rozpu\u015bci\u0107 w 250 ml wody lub soku. Nale\u017cy stosowa\u0107 2 porcje dziennie.<\/p>\n<p><strong>W dni treningowe:<\/strong>I porcja 30 min. przed treningiem, II porcja bezpo\u015brednio po treningu.<\/p>\n<p><strong>W dni nietreningowe:<\/strong>I porcja rano po przebudzeniu, II porcja przed snem.<\/p>\n<p>&nbsp;<\/p>\n<\/div>\n<h3 class=\"open\" aria-expanded=\"true\">SK\u0141ADNIKI<\/h3>\n<div class=\"collapse_content things\" aria-hidden=\"false\">\n<div class=\"supplements--wrapper\">\n<table class=\"supplements--table mt40\">\n<tbody>\n<tr>\n<th class=\"nf--header\" colspan=\"5\">Informacje \u017cywieniowe<\/th>\n<\/tr>\n<tr class=\"bold--cell\">\n<th>Ilo\u015b\u0107 produktu<\/th>\n<td colspan=\"2\" align=\"center\">w 2,5 g<sup>[FR]<\/sup><\/td>\n<td colspan=\"2\" align=\"center\">w 5 g**<\/td>\n<\/tr>\n<tr>\n<th colspan=\"5\">Sk\u0142adniki aktywne<\/th>\n<\/tr>\n<tr>\n<td align=\"center\">Monohydrat Kreatyny<\/td>\n<td align=\"center\">1,91<\/td>\n<td align=\"center\">g<\/td>\n<td align=\"center\">3,82<\/td>\n<td align=\"center\">g<\/td>\n<\/tr>\n<tr>\n<td align=\"center\">w tym Kreatyna<\/td>\n<td align=\"center\">1,68<\/td>\n<td align=\"center\">g<\/td>\n<td align=\"center\">3,36<\/td>\n<td align=\"center\">g<\/td>\n<\/tr>\n<tr>\n<td align=\"center\">S\u00f3d<\/td>\n<td align=\"center\">95,00<\/td>\n<td align=\"center\">mg<\/td>\n<td align=\"center\">190,00<\/td>\n<td align=\"center\">mg<\/td>\n<\/tr>\n<tr>\n<td align=\"center\">Wit. C<\/td>\n<td align=\"center\">45,00<\/td>\n<td align=\"center\">mg (56%*)<\/td>\n<td align=\"center\">90,00<\/td>\n<td align=\"center\">mg (113%*)<\/td>\n<\/tr>\n<\/tbody>\n<\/table>\n<p>*Referencyjna Warto\u015b\u0107 Spo\u017cycia<\/p>\n<p>**Dzienna porcja produktu<\/p>\n<\/div>\n<\/div>\n<\/div>\n<\/div>\n<p>&nbsp;<\/p>\n<p><strong>Sk\u0142adniki:<\/strong> monohydrat kreatyny (76,4%); cytrynian sodu; witamina C (kwas L-askorbinowy).<\/p>\n<p><strong>OSTRZE\u017bENIA:<\/strong> Nie nale\u017cy przekracza\u0107 zalecanej porcji do spo\u017cycia w ci\u0105gu dnia. Produkt nie mo\u017ce by\u0107 stosowany jako substytut zr\u00f3\u017cnicowanej diety. Preparat nie jest przeznaczony dla dzieci, kobiet w ci\u0105\u017cy oraz karmi\u0105cych. Zr\u00f3wnowa\u017cona dieta i zdrowy styl \u017cycia s\u0105 wa\u017cne. Produkt mo\u017ce zawiera\u0107 alergeny takie jak: mleko, soja, pszenica, j\u0119czmie\u0144, jaja, orzeszki ziemne i orzechy.<\/p>\n","protected":false},"excerpt":{"rendered":"<p>CREATINE 100% Zalety produktu: Zwi\u0119kszenie si\u0142y i wytrzyma\u0142o\u015bci \u2013 kreatyna wspomaga produkcj\u0119 ATP, co przyczynia si\u0119 do wzrostu si\u0142y i wydolno\u015bci organizmu podczas intensywnych trening\u00f3w. Wzrost masy mi\u0119\u015bniowej \u2013 regularne stosowanie kreatyny wspiera przyrost masy mi\u0119\u015bniowej, poprawiaj\u0105c jej obj\u0119to\u015b\u0107 i wydolno\u015b\u0107. Szybsza regeneracja \u2013 kreatyna pomaga w szybszym usuwaniu produkt\u00f3w przemiany materii z organizmu po&#8230;<\/p>\n","protected":false},"featured_media":9005,"comment_status":"closed","ping_status":"closed","template":"","meta":[],"product_brand":[],"product_cat":[728,843],"product_tag":[],"class_list":{"0":"post-11352","1":"product","2":"type-product","3":"status-publish","4":"has-post-thumbnail","6":"product_cat-suplementy-diety","7":"product_cat-monohydrat-kreatyny","9":"first","10":"instock","11":"sale","12":"featured","13":"taxable","14":"shipping-taxable","15":"purchasable","16":"product-type-simple"},"_links":{"self":[{"href":"https:\/\/muscleforge.nl\/pl\/wp-json\/wp\/v2\/product\/11352","targetHints":{"allow":["GET"]}}],"collection":[{"href":"https:\/\/muscleforge.nl\/pl\/wp-json\/wp\/v2\/product"}],"about":[{"href":"https:\/\/muscleforge.nl\/pl\/wp-json\/wp\/v2\/types\/product"}],"replies":[{"embeddable":true,"href":"https:\/\/muscleforge.nl\/pl\/wp-json\/wp\/v2\/comments?post=11352"}],"wp:featuredmedia":[{"embeddable":true,"href":"https:\/\/muscleforge.nl\/pl\/wp-json\/wp\/v2\/media\/9005"}],"wp:attachment":[{"href":"https:\/\/muscleforge.nl\/pl\/wp-json\/wp\/v2\/media?parent=11352"}],"wp:term":[{"taxonomy":"product_brand","embeddable":true,"href":"https:\/\/muscleforge.nl\/pl\/wp-json\/wp\/v2\/product_brand?post=11352"},{"taxonomy":"product_cat","embeddable":true,"href":"https:\/\/muscleforge.nl\/pl\/wp-json\/wp\/v2\/product_cat?post=11352"},{"taxonomy":"product_tag","embeddable":true,"href":"https:\/\/muscleforge.nl\/pl\/wp-json\/wp\/v2\/product_tag?post=11352"}],"curies":[{"name":"wp","href":"https:\/\/api.w.org\/{rel}","templated":true}]}}