{"id":11495,"date":"2020-03-31T14:22:13","date_gmt":"2020-03-31T12:22:13","guid":{"rendered":"https:\/\/muscleforge.nl\/product\/scitec-creatine-250-cap\/"},"modified":"2024-12-11T14:08:51","modified_gmt":"2024-12-11T13:08:51","slug":"scitec-creatine-250-cap","status":"publish","type":"product","link":"https:\/\/muscleforge.nl\/pl\/produkt\/scitec-creatine-250-cap\/","title":{"rendered":"Scitec Nutrition Creatine 250 cap"},"content":{"rendered":"<h1 id=\"p_name\"><strong>Scitec Nutrition Crea Caps<\/strong><\/h1>\n<h3>Suplement diety zawieraj\u0105cy Monohydrat kreatyny w kapsu\u0142kach, wspomagaj\u0105cy si\u0142\u0119, wytrzyma\u0142o\u015b\u0107 oraz rozw\u00f3j masy mi\u0119\u015bniowej.<\/h3>\n<p><strong>Zalety produktu:<\/strong><\/p>\n<ul>\n<li><strong>Zwi\u0119kszenie si\u0142y i wytrzyma\u0142o\u015bci<\/strong> \u2013 Kreatyna wspomaga produkcj\u0119 ATP, co przyczynia si\u0119 do zwi\u0119kszenia si\u0142y i wydolno\u015bci organizmu podczas intensywnych trening\u00f3w.<\/li>\n<li><strong>Wzrost masy mi\u0119\u015bniowej<\/strong> \u2013 Kreatyna pomaga w zwi\u0119kszeniu masy mi\u0119\u015bniowej poprzez zwi\u0119kszenie retencji wody w mi\u0119\u015bniach, co sprzyja syntezowi bia\u0142ek mi\u0119\u015bniowych.<\/li>\n<li><strong>Szybsza regeneracja<\/strong> \u2013 Kreatyna przyspiesza regeneracj\u0119 mi\u0119\u015bni po intensywnym wysi\u0142ku fizycznym, skracaj\u0105c czas potrzebny do pe\u0142nego odzyskania si\u0142.<\/li>\n<li><strong>Poprawa wynik\u00f3w sportowych<\/strong> \u2013 Kreatyna jest jednym z najbardziej efektywnych suplement\u00f3w poprawiaj\u0105cych wyniki w sportach si\u0142owych i wymagaj\u0105cych wybuchowej mocy.<\/li>\n<\/ul>\n<p><strong>Scitec Nutrition Crea Caps<\/strong> to wygodna forma suplementacji kreatyn\u0105, zawieraj\u0105ca monohydrat kreatyny \u2013 najlepiej przebadan\u0105 i najbardziej skuteczn\u0105 form\u0119 kreatyny. Produkt w kapsu\u0142kach jest \u0142atwy do spo\u017cycia i idealny dla os\u00f3b, kt\u00f3re chc\u0105 poprawi\u0107 wyniki w treningach si\u0142owych, zwi\u0119kszy\u0107 mas\u0119 mi\u0119\u015bniow\u0105 oraz poprawi\u0107 tempo regeneracji po intensywnym wysi\u0142ku.<\/p>\n<p>&nbsp;<\/p>\n<h3 class=\"p-header2\">Spos\u00f3b u\u017cycia<\/h3>\n<p>W celu wolnego \u0142adowania kreatyn\u0105 zaleca si\u0119 spo\u017cywanie 3 kapsu\u0142ek 2 razy dziennie na pusty \u017co\u0142\u0105dek obficie popijaj\u0105c. Najlepiej jest spo\u017cywa\u0107 przed i po treningu, szczeg\u00f3lnie w po\u0142\u0105czeniu z w\u0119glowodanami prostymi.<\/p>\n<h3 class=\"p-header2\">Opakowania<\/h3>\n<p>250 kapsu\u0142ek \u2013 41 porcji<\/p>\n<p>&nbsp;<\/p>\n<div id=\"p-table\" class=\"box\">\n<h3 class=\"l-title\">INFORMACJE DOTYCZ\u0104CE PRODUKTU<\/h3>\n<div class=\"clear\">\n<article class=\"w-full scroll-mb-[var(--thread-trailing-height,150px)] text-token-text-primary focus-visible:outline-2 focus-visible:outline-offset-[-4px]\" dir=\"auto\" data-testid=\"conversation-turn-426\" data-scroll-anchor=\"false\">\n<div class=\"m-auto text-base py-[18px] px-3 md:px-4 w-full md:px-5 lg:px-4 xl:px-5\">\n<div class=\"mx-auto flex flex-1 gap-4 text-base md:gap-5 lg:gap-6 md:max-w-3xl lg:max-w-[40rem] xl:max-w-[48rem]\">\n<div class=\"group\/conversation-turn relative flex w-full min-w-0 flex-col agent-turn\">\n<div class=\"flex-col gap-1 md:gap-3\">\n<div class=\"flex max-w-full flex-col flex-grow\">\n<div class=\"min-h-8 text-message flex w-full flex-col items-end gap-2 whitespace-normal break-words text-start [.text-message+&amp;]:mt-5\" dir=\"auto\" data-message-author-role=\"assistant\" data-message-id=\"f49a9aef-44d6-4bf6-8bc8-436893dd0aa5\" data-message-model-slug=\"gpt-4o-mini\">\n<div class=\"flex w-full flex-col gap-1 empty:hidden first:pt-[3px]\">\n<div class=\"markdown prose w-full break-words dark:prose-invert light\">\n<table>\n<thead>\n<tr>\n<th><strong>Sk\u0142adnik<\/strong><\/th>\n<th><strong>Na 1 kapsu\u0142k\u0119 \/ tabletk\u0119<\/strong><\/th>\n<th><strong>Na 5 kapsu\u0142ek \/ tabletek (1 porcja)<\/strong><\/th>\n<\/tr>\n<\/thead>\n<tbody>\n<tr>\n<td>Monohydrat kreatyny<\/td>\n<td>650 mg<\/td>\n<td>3250 mg<\/td>\n<\/tr>\n<tr>\n<td>&#8211; w tym kreatyna<\/td>\n<td>572 mg<\/td>\n<td>2860 mg<\/td>\n<\/tr>\n<\/tbody>\n<\/table>\n<\/div>\n<\/div>\n<\/div>\n<\/div>\n<\/div>\n<\/div>\n<\/div>\n<\/div>\n<\/article>\n<\/div>\n<\/div>\n<div id=\"p-ingredients\" class=\"box\">\n<div class=\"box_border\">\n<div class=\"group\/conversation-turn relative flex w-full min-w-0 flex-col agent-turn\">\n<div class=\"flex-col gap-1 md:gap-3\">\n<div class=\"flex max-w-full flex-col flex-grow\">\n<div class=\"min-h-8 text-message flex w-full flex-col items-end gap-2 whitespace-normal break-words text-start [.text-message+&amp;]:mt-5\" dir=\"auto\" data-message-author-role=\"assistant\" data-message-id=\"abfac6d4-de00-489d-a386-d539deb20e5e\" data-message-model-slug=\"gpt-4o-mini\">\n<div class=\"flex w-full flex-col gap-1 empty:hidden first:pt-[3px]\">\n<div class=\"markdown prose w-full break-words dark:prose-invert light\">\n<p><strong>Sk\u0142adniki:<\/strong> mikronizowany monohydrat kreatyny 84%, otoczka kapsu\u0142ki [\u017celatyna, substancja glazuruj\u0105ca (szelak), barwnik (tlenki i wodorotlenki \u017celaza), regulatory kwasowo\u015bci (wodorotlenek amonu, wodorotlenek potasu)], substancja przeciwzbrylaj\u0105ca (sole magnezowe kwas\u00f3w t\u0142uszczowych).<\/p>\n<\/div>\n<\/div>\n<\/div>\n<\/div>\n<\/div>\n<\/div>\n<\/div>\n<div>\n<h3 class=\"p-header2\">Informacja o alergenach<\/h3>\n<p>Wyprodukowano w zak\u0142adzie przetwarzaj\u0105cym mleko, soj\u0119, jaja, gluten, orzechy oraz sk\u0142adniki ryb i skorupiak\u00f3w.<\/p>\n<h3 class=\"p-header2\">Uwaga<\/h3>\n<p>Produkt nie mo\u017ce by\u0107 stosowany jako substytut (zamiennik) zr\u00f3\u017cnicowanej diety. Nie nale\u017cy przekracza\u0107 zalecanej dziennej porcji do spo\u017cycia! Przechowywa\u0107 w miejscu niedost\u0119pnym dla ma\u0142ych dzieci.<\/p>\n<\/div>\n<\/div>\n","protected":false},"excerpt":{"rendered":"<p>Scitec Nutrition Crea Caps Suplement diety zawieraj\u0105cy Monohydrat kreatyny w kapsu\u0142kach, wspomagaj\u0105cy si\u0142\u0119, wytrzyma\u0142o\u015b\u0107 oraz rozw\u00f3j masy mi\u0119\u015bniowej. Zalety produktu: Zwi\u0119kszenie si\u0142y i wytrzyma\u0142o\u015bci \u2013 Kreatyna wspomaga produkcj\u0119 ATP, co przyczynia si\u0119 do zwi\u0119kszenia si\u0142y i wydolno\u015bci organizmu podczas intensywnych trening\u00f3w. Wzrost masy mi\u0119\u015bniowej \u2013 Kreatyna pomaga w zwi\u0119kszeniu masy mi\u0119\u015bniowej poprzez zwi\u0119kszenie retencji wody&#8230;<\/p>\n","protected":false},"featured_media":48515,"comment_status":"closed","ping_status":"closed","template":"","meta":[],"product_brand":[],"product_cat":[728,843],"product_tag":[],"class_list":{"0":"post-11495","1":"product","2":"type-product","3":"status-publish","4":"has-post-thumbnail","6":"product_cat-suplementy-diety","7":"product_cat-monohydrat-kreatyny","9":"first","10":"instock","11":"featured","12":"taxable","13":"shipping-taxable","14":"purchasable","15":"product-type-simple"},"_links":{"self":[{"href":"https:\/\/muscleforge.nl\/pl\/wp-json\/wp\/v2\/product\/11495","targetHints":{"allow":["GET"]}}],"collection":[{"href":"https:\/\/muscleforge.nl\/pl\/wp-json\/wp\/v2\/product"}],"about":[{"href":"https:\/\/muscleforge.nl\/pl\/wp-json\/wp\/v2\/types\/product"}],"replies":[{"embeddable":true,"href":"https:\/\/muscleforge.nl\/pl\/wp-json\/wp\/v2\/comments?post=11495"}],"wp:featuredmedia":[{"embeddable":true,"href":"https:\/\/muscleforge.nl\/pl\/wp-json\/wp\/v2\/media\/48515"}],"wp:attachment":[{"href":"https:\/\/muscleforge.nl\/pl\/wp-json\/wp\/v2\/media?parent=11495"}],"wp:term":[{"taxonomy":"product_brand","embeddable":true,"href":"https:\/\/muscleforge.nl\/pl\/wp-json\/wp\/v2\/product_brand?post=11495"},{"taxonomy":"product_cat","embeddable":true,"href":"https:\/\/muscleforge.nl\/pl\/wp-json\/wp\/v2\/product_cat?post=11495"},{"taxonomy":"product_tag","embeddable":true,"href":"https:\/\/muscleforge.nl\/pl\/wp-json\/wp\/v2\/product_tag?post=11495"}],"curies":[{"name":"wp","href":"https:\/\/api.w.org\/{rel}","templated":true}]}}