{"id":11578,"date":"2020-03-31T14:20:59","date_gmt":"2020-03-31T12:20:59","guid":{"rendered":"https:\/\/muscleforge.nl\/product\/trek-nutritionashwagandha-800-60-cap\/"},"modified":"2025-03-25T13:28:44","modified_gmt":"2025-03-25T12:28:44","slug":"trek-nutritionashwagandha-800-60-cap","status":"publish","type":"product","link":"https:\/\/muscleforge.nl\/pl\/produkt\/trek-nutritionashwagandha-800-60-cap\/","title":{"rendered":"Trec Nutrition\tAshwagandha 800 60 cap."},"content":{"rendered":"<h1>ASHWAGANDHA 800<\/h1>\n<p>EKSTRAKT KORZENIA ASHWAGANDHY<\/p>\n<p><strong>Zalety produktu:<\/strong><\/p>\n<ul>\n<li><strong>Wspomaganie adaptacji do stresu<\/strong> \u2013 ashwagandha pomaga organizmowi radzi\u0107 sobie ze stresem, poprawiaj\u0105c zdolno\u015b\u0107 adaptacyjn\u0105.<\/li>\n<li><strong>Poprawa samopoczucia<\/strong> \u2013 regularne stosowanie ashwagandhy wspomaga popraw\u0119 nastroju, zmniejszaj\u0105c uczucie napi\u0119cia i niepokoju.<\/li>\n<li><strong>Redukcja zm\u0119czenia<\/strong> \u2013 pomaga w zmniejszeniu odczuwanego zm\u0119czenia, wspieraj\u0105c energi\u0119 i witalno\u015b\u0107.<\/li>\n<li><strong>Wspomaganie regeneracji<\/strong> \u2013 ashwagandha przyspiesza procesy regeneracyjne, wspieraj\u0105c regeneracj\u0119 mi\u0119\u015bni po intensywnym wysi\u0142ku.<\/li>\n<\/ul>\n<p><strong>Trec Nutrition Ashwagandha 800<\/strong> to suplement diety, kt\u00f3ry zawiera standaryzowany ekstrakt z korzenia ashwagandhy (Withania somnifera) w dawce 800 mg na kapsu\u0142k\u0119. Produkt wspomaga adaptacj\u0119 organizmu do stresu, poprawia jako\u015b\u0107 \u017cycia, zwi\u0119ksza witalno\u015b\u0107 i wspiera regeneracj\u0119. Jest to idealny wyb\u00f3r dla os\u00f3b nara\u017conych na stres oraz dla sportowc\u00f3w, kt\u00f3rzy potrzebuj\u0105 wsparcia w utrzymaniu wysokiego poziomu energii i regeneracji.<\/p>\n<div class=\"collapse_content product_description\" aria-hidden=\"false\">\n<p>&nbsp;<\/p>\n<\/div>\n<h3 class=\"open\" aria-expanded=\"true\">SPOS\u00d3B U\u017bYCIA<\/h3>\n<div class=\"collapse_content product_dosage\" aria-hidden=\"false\">\n<p>Jednorazow\u0105 porcj\u0119 produktu \u2013 1 kapsu\u0142k\u0119 popi\u0107 250 ml wody. Stosowa\u0107 1 porcj\u0119 dziennie w trakcie posi\u0142ku.<\/p>\n<p>&nbsp;<\/p>\n<\/div>\n<h3 class=\"open\" aria-expanded=\"true\">WARTO\u015aCI OD\u017bYWCZE<\/h3>\n<div class=\"collapse_content things\" aria-hidden=\"false\">\n<div class=\"supplements--wrapper\">\n<table class=\"supplements--table mt40\">\n<tbody>\n<tr>\n<th class=\"nf--header\" colspan=\"2\"><strong>Informacje \u017cywieniowe<\/strong><\/th>\n<\/tr>\n<tr class=\"bold--cell\">\n<th>Ilo\u015b\u0107 produktu<\/th>\n<td align=\"center\">w 1 kapsu\u0142ce<\/td>\n<\/tr>\n<tr>\n<th colspan=\"2\"><strong>Sk\u0142adniki aktywne<\/strong><\/th>\n<\/tr>\n<tr>\n<th>Ekstrakt z Korzenia Ashwagandhy (Withania somnifera) [1,5% witanolidy]<\/th>\n<th>800,00 mg<\/th>\n<\/tr>\n<tr>\n<th>w tym Witanolidy<\/th>\n<th>12,00 mg<\/th>\n<\/tr>\n<\/tbody>\n<\/table>\n<p>*Dzienna porcja produktu<\/p>\n<\/div>\n<\/div>\n<p><strong>Sk\u0142adniki:<\/strong>\u00a0ekstrakt z korzenia Ashwagandhy (<em>Withania somnifera<\/em>) [1,5% witanolidy] (85,1%); otoczka kapsu\u0142ki (\u017celatyna; barwniki \u2013 dwutlenek tytanu, tlenki i wodorotlenki \u017celaza, b\u0142\u0119kit patentowy V); substancja przeciwzbrylaj\u0105ca \u2013 sole magnezowe kwas\u00f3w t\u0142uszczowych.<\/p>\n<p><strong>OSTRZE\u017bENIA<\/strong>: Nie nale\u017cy przekracza\u0107 zalecanej porcji do spo\u017cycia w ci\u0105gu dnia. Produkt nie mo\u017ce by\u0107 stosowany jako substytut zr\u00f3\u017cnicowanej diety. Preparat nie jest przeznaczony dla dzieci, kobiet w ci\u0105\u017cy oraz karmi\u0105cych. Zr\u00f3\u017cnicowana dieta i zdrowy styl \u017cycia s\u0105 wa\u017cne. Produkt mo\u017ce zawiera\u0107 alergeny takie jak: mleko, soja, pszenica, j\u0119czmie\u0144, owies, jaja, orzeszki ziemne i orzechy.<\/p>\n","protected":false},"excerpt":{"rendered":"<p>ASHWAGANDHA 800 EKSTRAKT KORZENIA ASHWAGANDHY Zalety produktu: Wspomaganie adaptacji do stresu \u2013 ashwagandha pomaga organizmowi radzi\u0107 sobie ze stresem, poprawiaj\u0105c zdolno\u015b\u0107 adaptacyjn\u0105. Poprawa samopoczucia \u2013 regularne stosowanie ashwagandhy wspomaga popraw\u0119 nastroju, zmniejszaj\u0105c uczucie napi\u0119cia i niepokoju. Redukcja zm\u0119czenia \u2013 pomaga w zmniejszeniu odczuwanego zm\u0119czenia, wspieraj\u0105c energi\u0119 i witalno\u015b\u0107. Wspomaganie regeneracji \u2013 ashwagandha przyspiesza procesy regeneracyjne,&#8230;<\/p>\n","protected":false},"featured_media":38034,"comment_status":"closed","ping_status":"closed","template":"","meta":[],"product_brand":[],"product_cat":[728,834,867,836,857],"product_tag":[],"class_list":{"0":"post-11578","1":"product","2":"type-product","3":"status-publish","4":"has-post-thumbnail","6":"product_cat-suplementy-diety","7":"product_cat-ashwagandha-pl","8":"product_cat-boostery-testosteronu-hormonu-wzrostu","9":"product_cat-lepszy-sen","10":"product_cat-libido-pl","12":"first","13":"instock","14":"taxable","15":"shipping-taxable","16":"purchasable","17":"product-type-simple"},"_links":{"self":[{"href":"https:\/\/muscleforge.nl\/pl\/wp-json\/wp\/v2\/product\/11578","targetHints":{"allow":["GET"]}}],"collection":[{"href":"https:\/\/muscleforge.nl\/pl\/wp-json\/wp\/v2\/product"}],"about":[{"href":"https:\/\/muscleforge.nl\/pl\/wp-json\/wp\/v2\/types\/product"}],"replies":[{"embeddable":true,"href":"https:\/\/muscleforge.nl\/pl\/wp-json\/wp\/v2\/comments?post=11578"}],"wp:featuredmedia":[{"embeddable":true,"href":"https:\/\/muscleforge.nl\/pl\/wp-json\/wp\/v2\/media\/38034"}],"wp:attachment":[{"href":"https:\/\/muscleforge.nl\/pl\/wp-json\/wp\/v2\/media?parent=11578"}],"wp:term":[{"taxonomy":"product_brand","embeddable":true,"href":"https:\/\/muscleforge.nl\/pl\/wp-json\/wp\/v2\/product_brand?post=11578"},{"taxonomy":"product_cat","embeddable":true,"href":"https:\/\/muscleforge.nl\/pl\/wp-json\/wp\/v2\/product_cat?post=11578"},{"taxonomy":"product_tag","embeddable":true,"href":"https:\/\/muscleforge.nl\/pl\/wp-json\/wp\/v2\/product_tag?post=11578"}],"curies":[{"name":"wp","href":"https:\/\/api.w.org\/{rel}","templated":true}]}}