{"id":11644,"date":"2020-03-31T14:11:10","date_gmt":"2020-03-31T12:11:10","guid":{"rendered":"https:\/\/muscleforge.nl\/product\/trec-sleep-er-225g-jar-tropical-orange\/"},"modified":"2024-12-06T14:38:15","modified_gmt":"2024-12-06T13:38:15","slug":"trec-sleep-er-225g-jar-tropical-orange","status":"publish","type":"product","link":"https:\/\/muscleforge.nl\/pl\/produkt\/trec-sleep-er-225g-jar-tropical-orange\/","title":{"rendered":"TREC Nutrition SLEEP-ER 225G JAR"},"content":{"rendered":"<h1>SLEEP-ER<\/h1>\n<h3>Kompleksowy suplement diety z melatonin\u0105.<\/h3>\n<p><strong>Zalety produktu:<\/strong><\/p>\n<ul>\n<li><strong>Poprawa jako\u015bci snu<\/strong> \u2013 melatonina pomaga w skr\u00f3ceniu czasu potrzebnego na za\u015bni\u0119cie.<\/li>\n<li><strong>Wsparcie regeneracji<\/strong> \u2013 kwas D-asparaginowy (DAA) i GABA wspieraj\u0105 procesy regeneracyjne organizmu.<\/li>\n<li><strong>Redukcja zm\u0119czenia<\/strong> \u2013 magnez przyczynia si\u0119 do zmniejszenia uczucia zm\u0119czenia i znu\u017cenia.<\/li>\n<li><strong>Wsparcie uk\u0142adu nerwowego<\/strong> \u2013 witamina B6 wspiera prawid\u0142owe funkcjonowanie uk\u0142adu nerwowego.<\/li>\n<li><strong>Utrzymanie poziomu testosteronu<\/strong> \u2013 cynk pomaga w utrzymaniu prawid\u0142owego poziomu testosteronu we krwi.<\/li>\n<\/ul>\n<p><strong>Trec Nutrition SLEEP-ER<\/strong> to kompleksowy suplement diety w proszku, zaprojektowany w celu poprawy jako\u015bci snu oraz wspomagania regeneracji organizmu. Formu\u0142a produktu zawiera melatonin\u0119, kwas D-asparaginowy (DAA), kwas gamma-aminomas\u0142owy (GABA), ekstrakty ro\u015blinne z koz\u0142ka lekarskiego i melisy, aminokwasy oraz minera\u0142y. Magnez w sk\u0142adzie przyczynia si\u0119 do zmniejszenia uczucia zm\u0119czenia i znu\u017cenia, a witamina B6 wspiera regulacj\u0119 aktywno\u015bci hormonalnej oraz prawid\u0142owe funkcjonowanie uk\u0142adu nerwowego. Dodatkowo, cynk pomaga w utrzymaniu prawid\u0142owego poziomu testosteronu we krwi.<\/p>\n<p>&nbsp;<\/p>\n<h3 class=\"open\">SPOS\u00d3B U\u017bYCIA<\/h3>\n<div class=\"collapse_content product_dosage\" aria-hidden=\"false\">\n<p>Jednorazow\u0105 porcj\u0119 preparatu \u2013 9 g (1,5 miarki) rozpu\u015bci\u0107 w 150-200 ml wody. Stosowa\u0107 1 porcj\u0119 dziennie, najlepiej na 30 min. przed snem.<\/p>\n<p>&nbsp;<\/p>\n<\/div>\n<div class=\"collapse_content\" aria-hidden=\"false\">\n<h3><strong>Informacje \u017cywieniowe<\/strong><\/h3>\n<table>\n<thead>\n<tr>\n<th><strong>Sk\u0142adnik aktywny<\/strong><\/th>\n<th><strong>W 9 g (1 porcja)<\/strong><\/th>\n<\/tr>\n<\/thead>\n<tbody>\n<tr>\n<td>L-Arginina<\/td>\n<td>996 mg<\/td>\n<\/tr>\n<tr>\n<td>L-Glutamina<\/td>\n<td>900 mg<\/td>\n<\/tr>\n<tr>\n<td>Kwas Gamma-Aminomas\u0142owy (GABA)<\/td>\n<td>750 mg<\/td>\n<\/tr>\n<tr>\n<td>Kwas D-Asparaginowy (DAA)<\/td>\n<td>600 mg<\/td>\n<\/tr>\n<tr>\n<td>L-Asparaginian L-Ornityny<\/td>\n<td>600 mg<\/td>\n<\/tr>\n<tr>\n<td>L-Lizyna<\/td>\n<td>480 mg<\/td>\n<\/tr>\n<tr>\n<td>L-Tryptofan<\/td>\n<td>300 mg<\/td>\n<\/tr>\n<tr>\n<td>Ekstrakt z korzenia koz\u0142ka lekarskiego (4:1)<\/td>\n<td>180 mg<\/td>\n<\/tr>\n<tr>\n<td>Ekstrakt z li\u015bci melisy lekarskiej (4:1)<\/td>\n<td>180 mg<\/td>\n<\/tr>\n<tr>\n<td>Magnez<\/td>\n<td>165 mg (44% RWS*)<\/td>\n<\/tr>\n<tr>\n<td>Cynk<\/td>\n<td>9 mg (90% RWS*)<\/td>\n<\/tr>\n<tr>\n<td>Witamina B6<\/td>\n<td>5,60 mg (400% RWS*)<\/td>\n<\/tr>\n<tr>\n<td>Melatonina<\/td>\n<td>1 mg<\/td>\n<\/tr>\n<\/tbody>\n<\/table>\n<p>*Referencyjnej Warto\u015bci Spo\u017cycia<\/p>\n<\/div>\n<div class=\"collapse_content things\" aria-hidden=\"false\">\n<div class=\"supplements--wrapper\">\n<p>**Dzienna porcja produktu<\/p>\n<p>&nbsp;<\/p>\n<\/div>\n<\/div>\n<p><strong>Sk\u0142adniki:<\/strong>\u00a0maltodekstryna; chlorowodorek L-argininy; magnez (cytrynian magnezu, mleczan magnezu); L-glutamina; kwas D-asparaginowy (DAA); chlorowodorek L-lizyny; alfa ketogutaran L- ornityny; kwas gamma-aminomas\u0142owy (GABA); L-tryptofan; ekstrakt z korzenia koz\u0142ka lekarskiego (Valeriana officinalis) [4:1]; ekstrakt z li\u015bci melisy lekarskiej (Melissa officinalis) [4:1]; aromaty; substancja przeciwzbrylaj\u0105ca \u2013 dwutlenek krzemu; regulator kwasowo\u015bci \u2013 kwas jab\u0142kowy; L-teanina; cynk (glukonian cynku); substancje zag\u0119szczaj\u0105ce &#8211; s\u00f3l sodowa karboksymetylocelulozy, guma ksantanowa; substancja s\u0142odz\u0105ca \u2013 sukraloza; barwnik dla smaku tropikalno-pomara\u0144czowego \u2013 beta-karoten; wit. B6 (chlorowodorek pirydoksyny); barwnik dla smaku landrynkowego \u2013 azorubina; melatonina.<\/p>\n<h4>Ostrze\u017cenia<\/h4>\n<p>Nie nale\u017cy przekracza\u0107 zalecanej porcji do spo\u017cycia w ci\u0105gu dnia. Produkt nie mo\u017ce by\u0107 stosowany jako substytut zr\u00f3\u017cnicowanej diety. Preparat nie jest przeznaczony dla dzieci, kobiet w ci\u0105\u017cy oraz karmi\u0105cych. Zr\u00f3\u017cnicowana dieta i zdrowy styl \u017cycia s\u0105 wa\u017cne. Azorubina mo\u017ce mie\u0107 negatywny wp\u0142yw na aktywno\u015b\u0107 i skupienie uwagi u dzieci. Produkt mo\u017ce zawiera\u0107 alergeny takie jak: mleko, soja, pszenica, j\u0119czmie\u0144, jaja, orzeszki ziemne i orzechy.<\/p>\n","protected":false},"excerpt":{"rendered":"<p>SLEEP-ER Kompleksowy suplement diety z melatonin\u0105. Zalety produktu: Poprawa jako\u015bci snu \u2013 melatonina pomaga w skr\u00f3ceniu czasu potrzebnego na za\u015bni\u0119cie. Wsparcie regeneracji \u2013 kwas D-asparaginowy (DAA) i GABA wspieraj\u0105 procesy regeneracyjne organizmu. Redukcja zm\u0119czenia \u2013 magnez przyczynia si\u0119 do zmniejszenia uczucia zm\u0119czenia i znu\u017cenia. Wsparcie uk\u0142adu nerwowego \u2013 witamina B6 wspiera prawid\u0142owe funkcjonowanie uk\u0142adu nerwowego&#8230;.<\/p>\n","protected":false},"featured_media":11646,"comment_status":"closed","ping_status":"closed","template":"","meta":[],"product_brand":[],"product_cat":[728,836],"product_tag":[],"class_list":{"0":"post-11644","1":"product","2":"type-product","3":"status-publish","4":"has-post-thumbnail","6":"product_cat-suplementy-diety","7":"product_cat-lepszy-sen","9":"first","10":"instock","11":"taxable","12":"shipping-taxable","13":"purchasable","14":"product-type-variable"},"_links":{"self":[{"href":"https:\/\/muscleforge.nl\/pl\/wp-json\/wp\/v2\/product\/11644","targetHints":{"allow":["GET"]}}],"collection":[{"href":"https:\/\/muscleforge.nl\/pl\/wp-json\/wp\/v2\/product"}],"about":[{"href":"https:\/\/muscleforge.nl\/pl\/wp-json\/wp\/v2\/types\/product"}],"replies":[{"embeddable":true,"href":"https:\/\/muscleforge.nl\/pl\/wp-json\/wp\/v2\/comments?post=11644"}],"wp:featuredmedia":[{"embeddable":true,"href":"https:\/\/muscleforge.nl\/pl\/wp-json\/wp\/v2\/media\/11646"}],"wp:attachment":[{"href":"https:\/\/muscleforge.nl\/pl\/wp-json\/wp\/v2\/media?parent=11644"}],"wp:term":[{"taxonomy":"product_brand","embeddable":true,"href":"https:\/\/muscleforge.nl\/pl\/wp-json\/wp\/v2\/product_brand?post=11644"},{"taxonomy":"product_cat","embeddable":true,"href":"https:\/\/muscleforge.nl\/pl\/wp-json\/wp\/v2\/product_cat?post=11644"},{"taxonomy":"product_tag","embeddable":true,"href":"https:\/\/muscleforge.nl\/pl\/wp-json\/wp\/v2\/product_tag?post=11644"}],"curies":[{"name":"wp","href":"https:\/\/api.w.org\/{rel}","templated":true}]}}