{"id":11652,"date":"2020-03-31T14:05:45","date_gmt":"2020-03-31T12:05:45","guid":{"rendered":"https:\/\/muscleforge.nl\/product\/trec-nutrition-gaba-750-60-caps\/"},"modified":"2024-12-06T16:37:38","modified_gmt":"2024-12-06T15:37:38","slug":"trec-nutrition-gaba-750-60-caps","status":"publish","type":"product","link":"https:\/\/muscleforge.nl\/pl\/produkt\/trec-nutrition-gaba-750-60-caps\/","title":{"rendered":"Trec Nutrition GABA 750 60 caps"},"content":{"rendered":"<h1>GABA 750<\/h1>\n<p>Suplement diety wspomagaj\u0105cy sen i regeneracj\u0119 organizmu<\/p>\n<p><strong>Zalety produktu:<\/strong><\/p>\n<ul>\n<li><strong>Poprawa jako\u015bci snu<\/strong> \u2013 GABA wspomaga g\u0142\u0119boki sen, co przyczynia si\u0119 do lepszej regeneracji organizmu.<\/li>\n<li><strong>Redukcja stresu<\/strong> \u2013 GABA pomaga obni\u017cy\u0107 poziom stresu, co wp\u0142ywa pozytywnie na samopoczucie i regeneracj\u0119.<\/li>\n<li><strong>Wspomaganie produkcji hormonu wzrostu<\/strong> \u2013 GABA stymuluje wydzielanie hormonu wzrostu, co wspiera regeneracj\u0119 i rozw\u00f3j mi\u0119\u015bni.<\/li>\n<li><strong>Naturalna formu\u0142a<\/strong> \u2013 produkt zawiera naturaln\u0105 form\u0119 GABA, co zapewnia bezpiecze\u0144stwo stosowania.<\/li>\n<\/ul>\n<p>Trec Nutrition GABA 750 to suplement diety, kt\u00f3ry wspiera regeneracj\u0119 organizmu, poprawia jako\u015b\u0107 snu oraz pomaga w redukcji poziomu stresu. GABA (kwas gamma-aminomas\u0142owy) jest neuroprzeka\u017anikiem, kt\u00f3ry odgrywa kluczow\u0105 rol\u0119 w poprawie jako\u015bci snu, co jest niezb\u0119dne do pe\u0142nej regeneracji organizmu. Suplement ten jest szczeg\u00f3lnie polecany osobom, kt\u00f3re maj\u0105 trudno\u015bci ze snem, s\u0105 nara\u017cone na stres lub intensywnie trenuj\u0105, gdy\u017c wspomaga procesy regeneracyjne po wysi\u0142ku fizycznym.<\/p>\n<p>&nbsp;<\/p>\n<h3><strong>SPOS\u00d3B U\u017bYCIA<\/strong><\/h3>\n<p>Zaleca si\u0119 przyjmowanie 1 kapsu\u0142ki przed snem, popijaj\u0105c wod\u0105.<\/p>\n<p>&nbsp;<\/p>\n<p><strong>Warto\u015bci Od\u017cywcze<\/strong><\/p>\n<table>\n<thead>\n<tr>\n<th><strong>Sk\u0142adniki aktywne<\/strong><\/th>\n<th><strong>Na 1 kapsu\u0142k\u0119<\/strong><\/th>\n<\/tr>\n<\/thead>\n<tbody>\n<tr>\n<td>GABA<\/td>\n<td>750 mg<\/td>\n<\/tr>\n<\/tbody>\n<\/table>\n<div class=\"collapse_content things\" aria-hidden=\"false\">\n<p><b>Sk\u0142adniki<\/b>:\u00a0<b>GABA<\/b> (kwas gamma-aminomas\u0142owy) (85,2%); otoczka kapsu\u0142ki (\u017celatyna; barwnik \u2013 dwutlenek tytanu); substancja przeciwzbrylaj\u0105ca (sole magnezowe kwas\u00f3w t\u0142uszczowych).<\/p>\n<\/div>\n<p><strong>OSTRZE\u017bENIA<\/strong>: Nie nale\u017cy przekracza\u0107 zalecanej porcji do spo\u017cycia w ci\u0105gu dnia. Produkt nie mo\u017ce by\u0107 stosowany jako substytut zr\u00f3\u017cnicowanej diety. Preparat nie jest przeznaczony dla dzieci, kobiet w ci\u0105\u017cy oraz karmi\u0105cych. Zr\u00f3wnowa\u017cona dieta i zdrowy tryb \u017cycia s\u0105 wa\u017cne. Produkt mo\u017ce zawiera\u0107 alergeny takie jak: mleko, soja, pszenica, j\u0119czmie\u0144, jaja, orzeszki ziemne i orzechy.<\/p>\n","protected":false},"excerpt":{"rendered":"<p>GABA 750 Suplement diety wspomagaj\u0105cy sen i regeneracj\u0119 organizmu Zalety produktu: Poprawa jako\u015bci snu \u2013 GABA wspomaga g\u0142\u0119boki sen, co przyczynia si\u0119 do lepszej regeneracji organizmu. Redukcja stresu \u2013 GABA pomaga obni\u017cy\u0107 poziom stresu, co wp\u0142ywa pozytywnie na samopoczucie i regeneracj\u0119. Wspomaganie produkcji hormonu wzrostu \u2013 GABA stymuluje wydzielanie hormonu wzrostu, co wspiera regeneracj\u0119 i&#8230;<\/p>\n","protected":false},"featured_media":11654,"comment_status":"closed","ping_status":"closed","template":"","meta":[],"product_brand":[],"product_cat":[728,867,836,857],"product_tag":[],"class_list":{"0":"post-11652","1":"product","2":"type-product","3":"status-publish","4":"has-post-thumbnail","6":"product_cat-suplementy-diety","7":"product_cat-boostery-testosteronu-hormonu-wzrostu","8":"product_cat-lepszy-sen","9":"product_cat-libido-pl","11":"first","12":"instock","13":"taxable","14":"shipping-taxable","15":"purchasable","16":"product-type-simple"},"_links":{"self":[{"href":"https:\/\/muscleforge.nl\/pl\/wp-json\/wp\/v2\/product\/11652","targetHints":{"allow":["GET"]}}],"collection":[{"href":"https:\/\/muscleforge.nl\/pl\/wp-json\/wp\/v2\/product"}],"about":[{"href":"https:\/\/muscleforge.nl\/pl\/wp-json\/wp\/v2\/types\/product"}],"replies":[{"embeddable":true,"href":"https:\/\/muscleforge.nl\/pl\/wp-json\/wp\/v2\/comments?post=11652"}],"wp:featuredmedia":[{"embeddable":true,"href":"https:\/\/muscleforge.nl\/pl\/wp-json\/wp\/v2\/media\/11654"}],"wp:attachment":[{"href":"https:\/\/muscleforge.nl\/pl\/wp-json\/wp\/v2\/media?parent=11652"}],"wp:term":[{"taxonomy":"product_brand","embeddable":true,"href":"https:\/\/muscleforge.nl\/pl\/wp-json\/wp\/v2\/product_brand?post=11652"},{"taxonomy":"product_cat","embeddable":true,"href":"https:\/\/muscleforge.nl\/pl\/wp-json\/wp\/v2\/product_cat?post=11652"},{"taxonomy":"product_tag","embeddable":true,"href":"https:\/\/muscleforge.nl\/pl\/wp-json\/wp\/v2\/product_tag?post=11652"}],"curies":[{"name":"wp","href":"https:\/\/api.w.org\/{rel}","templated":true}]}}