{"id":11745,"date":"2020-03-31T14:08:22","date_gmt":"2020-03-31T12:08:22","guid":{"rendered":"https:\/\/muscleforge.nl\/product\/scitec-omega-3-100-caps\/"},"modified":"2024-12-11T13:13:05","modified_gmt":"2024-12-11T12:13:05","slug":"scitec-omega-3-100-caps","status":"publish","type":"product","link":"https:\/\/muscleforge.nl\/pl\/produkt\/scitec-omega-3-100-caps\/","title":{"rendered":"Scitec Nutrition Omega 3 100 caps"},"content":{"rendered":"<h1><strong>Scitec Nutrition Omega 3<\/strong><\/h1>\n<h3><strong>Suplement diety zawieraj\u0105cy kwasy t\u0142uszczowe omega-3<\/strong><\/h3>\n<p><strong>Zalety produktu:<\/strong><\/p>\n<ul>\n<li><strong>Wspieranie zdrowia serca<\/strong> \u2013 Omega-3 wspomaga utrzymanie zdrowego serca, reguluj\u0105c poziom cholesterolu i wspieraj\u0105c prawid\u0142owe funkcjonowanie uk\u0142adu kr\u0105\u017cenia.<\/li>\n<li><strong>Wspomaganie uk\u0142adu nerwowego<\/strong> \u2013 Kwasy omega-3 s\u0105 niezb\u0119dne dla prawid\u0142owego funkcjonowania m\u00f3zgu, poprawiaj\u0105c koncentracj\u0119, pami\u0119\u0107 oraz wspieraj\u0105c zdrowie psychiczne.<\/li>\n<li><strong>Przeciwzapalne dzia\u0142anie<\/strong> \u2013 Omega-3 wykazuje silne w\u0142a\u015bciwo\u015bci przeciwzapalne, co pomaga zmniejszy\u0107 stany zapalne w organizmie i wspomaga regeneracj\u0119 po wysi\u0142ku fizycznym.<\/li>\n<li><strong>Wspomaganie zdrowia oczu<\/strong> \u2013 Kwasy t\u0142uszczowe omega-3 s\u0105 wa\u017cne dla utrzymania dobrego wzroku, wspieraj\u0105c zdrowie siatk\u00f3wki i zmniejszaj\u0105c ryzyko chor\u00f3b oczu.<\/li>\n<li><strong>Poprawa kondycji sk\u00f3ry<\/strong> \u2013 Omega-3 wspomaga nawil\u017cenie sk\u00f3ry, poprawiaj\u0105c jej elastyczno\u015b\u0107 i wygl\u0105d, a tak\u017ce pomagaj\u0105c w walce z such\u0105 sk\u00f3r\u0105 i stanami zapalnymi sk\u00f3ry.<\/li>\n<\/ul>\n<p><strong>Scitec Nutrition Omega 3<\/strong> to suplement diety, kt\u00f3ry dostarcza wysokiej jako\u015bci kwas\u00f3w t\u0142uszczowych omega-3, pozyskiwanych z ryb morskich. Regularne stosowanie omega-3 mo\u017ce poprawi\u0107 zdrowie serca, uk\u0142adu nerwowego oraz sk\u00f3ry, a tak\u017ce wspomaga\u0107 regeneracj\u0119 organizmu po wysi\u0142ku. Produkt ten jest idealnym rozwi\u0105zaniem dla os\u00f3b, kt\u00f3re chc\u0105 zadba\u0107 o swoje zdrowie, poprawi\u0107 kondycj\u0119 fizyczn\u0105 oraz wspom\u00f3c uk\u0142ad immunologiczny i nerwowy.<\/p>\n<p>&nbsp;<\/p>\n<h3 class=\"p-header2\">Spos\u00f3b u\u017cycia<\/h3>\n<p>Spo\u017cywa\u0107 1 mi\u0119kk\u0105 kapsu\u0142k\u0119 dwa razy dziennie, z posi\u0142kami.<\/p>\n<p>&nbsp;<\/p>\n<div id=\"p-table\" class=\"box\">\n<h3 class=\"l-title\">INFORMACJE DOTYCZ\u0104CE PRODUKTU<\/h3>\n<div class=\"clear\">\n<section id=\"projector_longdescription\" class=\"longdescription cm  col-12\" data-dictionary=\"true\">\n<table id=\"tabelka6\">\n<tbody>\n<tr>\n<th>Sk\u0142adniki aktywne<\/th>\n<th>Porcja 2 kapsu\u0142ki<\/th>\n<\/tr>\n<tr>\n<td>Olej z ryb<\/td>\n<td>2000 mg<\/td>\n<\/tr>\n<tr>\n<td>Kwasy t\u0142uszczowe Omega-3<\/td>\n<td>600 mg<\/td>\n<\/tr>\n<tr>\n<td>EPA<\/td>\n<td>331 mg<\/td>\n<\/tr>\n<tr>\n<td>DHA<\/td>\n<td>207 mg<\/td>\n<\/tr>\n<\/tbody>\n<\/table>\n<\/section>\n<\/div>\n<\/div>\n<div id=\"p-ingredients\" class=\"box\">\n<h3 class=\"l-title\">SK\u0141ADNIKI<\/h3>\n<div class=\"box_border\">Preparat z olejem rybnym 69%\u00a0 [olej rybny, przeciwutleniacz (ekstrakt bogaty w tokoferol), olej s\u0142onecznikowy], otoczka kapsu\u0142ki [\u017celatyna, substancja utrzymuj\u0105ca wilgo\u0107 (glicerol), woda].<\/div>\n<\/div>\n<div><\/div>\n<div>\n<h3 class=\"p-header2\">Informacje alergiczne<\/h3>\n<p>Mo\u017cliwa obecno\u015b\u0107 mleka, jaj, glutenu, soi, orzeszk\u00f3w ziemnych, orzech\u00f3w, selera, ryby oraz skorupiak\u00f3w.<\/p>\n<h3 class=\"p-header2\">Uwaga!<\/h3>\n<p>Nie nale\u017cy przekracza\u0107 zalecanej porcji do spo\u017cycia w ci\u0105gu dnia! Suplement diety nie mo\u017ce by\u0107 stosowany jako substytut (zamiennik) zr\u00f3\u017cnicowanej diety. Zr\u00f3wnowa\u017cony spos\u00f3b \u017cywienia oraz zdrowy tryb \u017cycia s\u0105 podstaw\u0105 prawid\u0142owego funkcjonowania organizmu.<\/p>\n<\/div>\n","protected":false},"excerpt":{"rendered":"<p>Scitec Nutrition Omega 3 Suplement diety zawieraj\u0105cy kwasy t\u0142uszczowe omega-3 Zalety produktu: Wspieranie zdrowia serca \u2013 Omega-3 wspomaga utrzymanie zdrowego serca, reguluj\u0105c poziom cholesterolu i wspieraj\u0105c prawid\u0142owe funkcjonowanie uk\u0142adu kr\u0105\u017cenia. Wspomaganie uk\u0142adu nerwowego \u2013 Kwasy omega-3 s\u0105 niezb\u0119dne dla prawid\u0142owego funkcjonowania m\u00f3zgu, poprawiaj\u0105c koncentracj\u0119, pami\u0119\u0107 oraz wspieraj\u0105c zdrowie psychiczne. Przeciwzapalne dzia\u0142anie \u2013 Omega-3 wykazuje silne&#8230;<\/p>\n","protected":false},"featured_media":31372,"comment_status":"closed","ping_status":"closed","template":"","meta":[],"product_brand":[],"product_cat":[728,860,850],"product_tag":[],"class_list":{"0":"post-11745","1":"product","2":"type-product","3":"status-publish","4":"has-post-thumbnail","6":"product_cat-suplementy-diety","7":"product_cat-omega-3-pl","8":"product_cat-zdrowie-i-odpornosc","10":"first","11":"instock","12":"taxable","13":"shipping-taxable","14":"purchasable","15":"product-type-simple"},"_links":{"self":[{"href":"https:\/\/muscleforge.nl\/pl\/wp-json\/wp\/v2\/product\/11745","targetHints":{"allow":["GET"]}}],"collection":[{"href":"https:\/\/muscleforge.nl\/pl\/wp-json\/wp\/v2\/product"}],"about":[{"href":"https:\/\/muscleforge.nl\/pl\/wp-json\/wp\/v2\/types\/product"}],"replies":[{"embeddable":true,"href":"https:\/\/muscleforge.nl\/pl\/wp-json\/wp\/v2\/comments?post=11745"}],"wp:featuredmedia":[{"embeddable":true,"href":"https:\/\/muscleforge.nl\/pl\/wp-json\/wp\/v2\/media\/31372"}],"wp:attachment":[{"href":"https:\/\/muscleforge.nl\/pl\/wp-json\/wp\/v2\/media?parent=11745"}],"wp:term":[{"taxonomy":"product_brand","embeddable":true,"href":"https:\/\/muscleforge.nl\/pl\/wp-json\/wp\/v2\/product_brand?post=11745"},{"taxonomy":"product_cat","embeddable":true,"href":"https:\/\/muscleforge.nl\/pl\/wp-json\/wp\/v2\/product_cat?post=11745"},{"taxonomy":"product_tag","embeddable":true,"href":"https:\/\/muscleforge.nl\/pl\/wp-json\/wp\/v2\/product_tag?post=11745"}],"curies":[{"name":"wp","href":"https:\/\/api.w.org\/{rel}","templated":true}]}}