{"id":11878,"date":"2020-12-26T14:33:47","date_gmt":"2020-12-26T13:33:47","guid":{"rendered":"https:\/\/muscleforge.nl\/product\/olimp-citrulline-malate-200-g-lemonade\/"},"modified":"2024-12-30T13:04:59","modified_gmt":"2024-12-30T12:04:59","slug":"olimp-citrulline-malate-200-g-lemonade","status":"publish","type":"product","link":"https:\/\/muscleforge.nl\/pl\/produkt\/olimp-citrulline-malate-200-g-lemonade\/","title":{"rendered":"OLIMP CITRULLINE MALATE 200 G"},"content":{"rendered":"<h1><strong>OLIMP CITRULLINE MALATE<\/strong><\/h1>\n<h3>\nOLIMP CITRULLINE MALATE to zaawansowany suplement diety w formie proszku, zawieraj\u0105cy jab\u0142czan cytruliny oraz witamin\u0119 B6. Produkt wspiera produkcj\u0119 tlenku azotu (NO), poprawia przep\u0142yw krwi, zwi\u0119ksza wydolno\u015b\u0107 fizyczn\u0105 oraz wspomaga regeneracj\u0119 i metabolizm energetyczny.<\/h3>\n<p><strong>Zalety produktu:<\/strong><\/p>\n<ul>\n<li>Wysoka dawka jab\u0142czanu cytruliny w ka\u017cdej porcji<\/li>\n<li>Wspiera produkcj\u0119 tlenku azotu (NO), poprawiaj\u0105c ukrwienie i &#8222;pomp\u0119 mi\u0119\u015bniow\u0105&#8221;<\/li>\n<li>Zwi\u0119ksza wydolno\u015b\u0107 fizyczn\u0105 i op\u00f3\u017ania zm\u0119czenie<\/li>\n<li>Zawiera witamin\u0119 B6 wspieraj\u0105c\u0105 metabolizm energetyczny i zmniejszaj\u0105c\u0105 uczucie zm\u0119czenia<\/li>\n<li>Przyspiesza regeneracj\u0119 mi\u0119\u015bni po intensywnym wysi\u0142ku<\/li>\n<li>\u0141atwa do przygotowania i smaczna formu\u0142a proszku<\/li>\n<\/ul>\n<p>OLIMP CITRULLINE MALATE to idealny wyb\u00f3r dla sportowc\u00f3w i os\u00f3b aktywnych fizycznie, kt\u00f3re chc\u0105 poprawi\u0107 swoje wyniki treningowe i szybciej regenerowa\u0107 si\u0119 po wysi\u0142ku. Jab\u0142czan cytruliny wspiera produkcj\u0119 tlenku azotu (NO), co poprawia przep\u0142yw krwi, dotlenienie mi\u0119\u015bni oraz transport sk\u0142adnik\u00f3w od\u017cywczych. Dodatkowo witamina B6 zawarta w suplemencie wspomaga metabolizm energetyczny, zmniejsza uczucie zm\u0119czenia i reguluje funkcjonowanie uk\u0142adu nerwowego, co czyni ten produkt wszechstronnym wsparciem dla aktywno\u015bci fizycznej.<\/p>\n<p>&nbsp;<\/p>\n<h3><strong>Zalecana dzienna porcja:<\/strong><\/h3>\n<p>1 porcja dziennie, na oko\u0142o 30 minut przed treningiem. 1 porcj\u0119 (9 g proszku = 3 miarki) rozpu\u015bci\u0107 w 300 ml wody. Spo\u017cy\u0107 bezpo\u015brednio po przygotowaniu.<\/p>\n<p>&nbsp;<\/p>\n<h3><strong>Tabela warto\u015bci od\u017cywczych<\/strong><\/h3>\n<table>\n<thead>\n<tr>\n<th><strong>Informacja \u017cywieniowa<\/strong><\/th>\n<th><strong>1 porcja (9 g)<\/strong><\/th>\n<\/tr>\n<\/thead>\n<tbody>\n<tr>\n<td>Jab\u0142czan cytruliny<\/td>\n<td>8,1 g<\/td>\n<\/tr>\n<tr>\n<td>&#8211; w tym L-cytrulina<\/td>\n<td>4,6 g<\/td>\n<\/tr>\n<tr>\n<td>Witamina B6<\/td>\n<td>2,46 mg (176%*)<\/td>\n<\/tr>\n<\/tbody>\n<\/table>\n<p>*RWS \u2013 referencyjna warto\u015b\u0107 spo\u017cycia.<\/p>\n<p><strong>Sk\u0142adniki:<\/strong>\u00a0jab\u0142czan cytruliny, regulator kwasowosci \u2013 cytryniany sodu; aromat, substancje s\u0142odzace \u2013 acesulfam K, sukraloza; substancja przeciwzbrylajaca \u2013 dwutlenek krzemu; chlorowodorek pirydoksyny \u2013 witamina B6.<\/p>\n<p>Wyprodukowano w zak\u0142adzie wykorzystujacym sk\u0142adniki pochodzace z<strong>\u00a0mleka, jaj, soi, orzech\u00f3w, orzeszk\u00f3w ziemnych (arachidowych), zb\u00f3z zawierajacych gluten, ryb, skorupiak\u00f3w, mieczak\u00f3w.<\/strong><\/p>\n<p>Nie nale\u017cy przekracza\u0107 porcji zalecanej do spo\u017cycia w ci\u0105gu dnia. Suplement diety nie mo\u017ce by\u0107 stosowany jako substytut zr\u00f3znicowanej diety. Zalecany jest zr\u00f3wnowa\u017cony spos\u00f3b \u017cywienia i zdrowy tryb \u017cycia.<\/p>\n<p><strong>Uwaga:<\/strong>\u00a0nie zaleca sie stosowania produktu przez dzieci, kobiety w ci\u0105\u017cy i karmi\u0105ce piersi\u0105 oraz w przypadku nadwra\u017cliwo\u015bci na kt\u00f3rykolwiek ze sk\u0142adnik\u00f3w produktu.<\/p>\n<p>Produkt przeznaczony dla os\u00f3b aktywnych fizycznie oraz sportowc\u00f3w w okresie wyczerpujacych trening\u00f3w wytrzyma\u0142osciowych i si\u0142owych.<\/p>\n","protected":false},"excerpt":{"rendered":"<p>OLIMP CITRULLINE MALATE OLIMP CITRULLINE MALATE to zaawansowany suplement diety w formie proszku, zawieraj\u0105cy jab\u0142czan cytruliny oraz witamin\u0119 B6. Produkt wspiera produkcj\u0119 tlenku azotu (NO), poprawia przep\u0142yw krwi, zwi\u0119ksza wydolno\u015b\u0107 fizyczn\u0105 oraz wspomaga regeneracj\u0119 i metabolizm energetyczny. Zalety produktu: Wysoka dawka jab\u0142czanu cytruliny w ka\u017cdej porcji Wspiera produkcj\u0119 tlenku azotu (NO), poprawiaj\u0105c ukrwienie i &#8222;pomp\u0119&#8230;<\/p>\n","protected":false},"featured_media":48714,"comment_status":"closed","ping_status":"closed","template":"","meta":[],"product_brand":[],"product_cat":[728,839,870],"product_tag":[],"class_list":{"0":"post-11878","1":"product","2":"type-product","3":"status-publish","4":"has-post-thumbnail","6":"product_cat-suplementy-diety","7":"product_cat-cytrulina","8":"product_cat-na-pompe-miesniowa","10":"first","11":"instock","12":"featured","13":"taxable","14":"shipping-taxable","15":"purchasable","16":"product-type-variable"},"_links":{"self":[{"href":"https:\/\/muscleforge.nl\/pl\/wp-json\/wp\/v2\/product\/11878","targetHints":{"allow":["GET"]}}],"collection":[{"href":"https:\/\/muscleforge.nl\/pl\/wp-json\/wp\/v2\/product"}],"about":[{"href":"https:\/\/muscleforge.nl\/pl\/wp-json\/wp\/v2\/types\/product"}],"replies":[{"embeddable":true,"href":"https:\/\/muscleforge.nl\/pl\/wp-json\/wp\/v2\/comments?post=11878"}],"wp:featuredmedia":[{"embeddable":true,"href":"https:\/\/muscleforge.nl\/pl\/wp-json\/wp\/v2\/media\/48714"}],"wp:attachment":[{"href":"https:\/\/muscleforge.nl\/pl\/wp-json\/wp\/v2\/media?parent=11878"}],"wp:term":[{"taxonomy":"product_brand","embeddable":true,"href":"https:\/\/muscleforge.nl\/pl\/wp-json\/wp\/v2\/product_brand?post=11878"},{"taxonomy":"product_cat","embeddable":true,"href":"https:\/\/muscleforge.nl\/pl\/wp-json\/wp\/v2\/product_cat?post=11878"},{"taxonomy":"product_tag","embeddable":true,"href":"https:\/\/muscleforge.nl\/pl\/wp-json\/wp\/v2\/product_tag?post=11878"}],"curies":[{"name":"wp","href":"https:\/\/api.w.org\/{rel}","templated":true}]}}