{"id":16259,"date":"2021-03-25T12:39:31","date_gmt":"2021-03-25T11:39:31","guid":{"rendered":"https:\/\/muscleforge.nl\/product\/trec-nutrition-vit-b-complex-60-cap\/"},"modified":"2024-04-12T20:24:06","modified_gmt":"2024-04-12T18:24:06","slug":"trec-nutrition-vit-b-complex-60-cap","status":"publish","type":"product","link":"https:\/\/muscleforge.nl\/pl\/produkt\/trec-nutrition-vit-b-complex-60-cap\/","title":{"rendered":"Trec Nutrition Vit. B Complex 60 cap."},"content":{"rendered":"<h1>VIT. B COMPLEX<\/h1>\n<h3>Kompleks witamin z grupy B<\/h3>\n<p>&nbsp;<\/p>\n<ul>\n<li>Kompozycja kluczowych mikrosk\u0142adnik\u00f3w od\u017cywczych;<\/li>\n<li>Zawarta wit.B6 wspiera prawid\u0142owe funkcjonowanie uk\u0142adu odporno\u015bciowego;<\/li>\n<li>Witamina B12 pomaga w utrzymaniu prawid\u0142owych funkcji psychologicznych oraz przyczynia si\u0119 do zmniejszenia uczucia zm\u0119czenia i znu\u017cenia;<\/li>\n<li>Ryboflawina przyczynia si\u0119 do utrzymania prawid\u0142owego metabolizmu energetycznego, pomaga zachowa\u0107 zdrow\u0105 sk\u00f3r\u0119 i wspiera utrzymanie prawid\u0142owego widzenia.<\/li>\n<\/ul>\n<p>&nbsp;<\/p>\n<p>VIT. B COMPLEX to kompozycja kluczowych dla metabolizmu sportowc\u00f3w i os\u00f3b aktywnych fizycznie mikrosk\u0142adnik\u00f3w od\u017cywczych. VIT. B COMPLEX zawiera tiamin\u0119, wit. B6, wit. B2 oraz wit. B12, przyczyniaj\u0105ce si\u0119 do prawid\u0142owego metabolizmu energii w organizmie oraz wspomagaj\u0105ce funkcjonowanie uk\u0142adu nerwowego.<\/p>\n<p><strong>VIT. B COMPLEX<\/strong>\u00a0zawiera m.in:<\/p>\n<ul>\n<li><strong>Tiamin\u0119<\/strong><\/li>\n<\/ul>\n<p>-Przyczynia si\u0119 do utrzymania prawid\u0142owego metabolizmu energetycznego.<br \/>\n-Pomaga w prawid\u00ad \u0142owym funkcjonowaniu uk\u0142adu nerwowego;<br \/>\n-Wspiera w prawid\u00ad\u0142owym funkcjonowaniu serca.<\/p>\n<ul>\n<li><strong>Witamin\u0119 B6\u00a0<\/strong><\/li>\n<\/ul>\n<p>-Przyczynia si\u0119 do utrzymania prawid\u0142owego metabolizmu bia\u0142ka i glikogenu;<br \/>\n-Pomaga w prawid\u0142owej produkcji czerwonych krwinek;<br \/>\n-Wspiera prawid\u0142owe funkcjonowaniu uk\u0142adu odporno\u015bciowego.<\/p>\n<ul>\n<li><strong>Witamin\u0119 B12<\/strong><\/li>\n<\/ul>\n<p>-Przyczynia si\u0119 do zmniejszenia uczucia zm\u0119czenia i znu\u017cenia;<br \/>\n-Pomaga w utrzymaniu prawid\u0142owych funkcji psychologicznych.<\/p>\n<ul>\n<li><strong>Ryboflawin\u0119<\/strong><\/li>\n<\/ul>\n<p>-Przyczynia si\u0119 do utrzymania prawid\u0142owego metabolizmu \u017celaza;<br \/>\n-Pomaga w utrzymaniu prawid\u0142owego widzenia;<br \/>\n-Pomaga zachowa\u0107 zdrow\u0105 sk\u00f3r\u0119.<\/p>\n<p>&nbsp;<\/p>\n<h3 class=\"open\" aria-expanded=\"true\">SPOS\u00d3B U\u017bYCIA<\/h3>\n<div class=\"collapse_content product_dosage\" aria-hidden=\"false\">\n<p>Zalecan\u0105 dzienn\u0105 porcj\u0119 preparatu \u2012 1 kapsu\u0142k\u0119 popi\u0107 300 ml wody podczas lub bezpo\u015brednio po posi\u0142ku.<\/p>\n<p>&nbsp;<\/p>\n<\/div>\n<h3 class=\"open\" aria-expanded=\"true\">SK\u0141ADNIKI<\/h3>\n<div class=\"collapse_content things\" aria-hidden=\"false\">\n<p>&nbsp;<\/p>\n<div class=\"supplements--wrapper\">\n<table class=\"supplements--table mt40\">\n<tbody>\n<tr>\n<th class=\"nf--header\" colspan=\"2\">Informacje \u017cywieniowe<\/th>\n<\/tr>\n<tr class=\"bold--cell\">\n<th>Ilo\u015b\u0107 produktu<\/th>\n<td align=\"center\">1 kap<\/td>\n<\/tr>\n<tr>\n<th colspan=\"2\">Sk\u0142adniki aktywne<\/th>\n<\/tr>\n<tr>\n<td align=\"center\">Wit. B1<\/td>\n<td align=\"center\">20,00 mg\u00a0<span class=\"small--info\">(1818%)<\/span><\/td>\n<\/tr>\n<tr>\n<td align=\"center\">Wit. B2<\/td>\n<td align=\"center\">20,00 mg\u00a0<span class=\"small--info\">(1429%)<\/span><\/td>\n<\/tr>\n<tr>\n<td align=\"center\">Niacyna<\/td>\n<td align=\"center\">20,00 mg\u00a0<span class=\"small--info\">(125%)<\/span><\/td>\n<\/tr>\n<tr>\n<td align=\"center\">Kwas Pantontenowy<\/td>\n<td align=\"center\">20,00 mg\u00a0<span class=\"small--info\">(333%)<\/span><\/td>\n<\/tr>\n<tr>\n<td align=\"center\">Wit. B6<\/td>\n<td align=\"center\">10,00 ug\u00a0<span class=\"small--info\">(714%)<\/span><\/td>\n<\/tr>\n<tr>\n<td align=\"center\">Kwas foliowy<\/td>\n<td align=\"center\">160,00 ug\u00a0<span class=\"small--info\">(80%)<\/span><\/td>\n<\/tr>\n<tr>\n<td align=\"center\">Wit. B12<\/td>\n<td align=\"center\">20,00 ug\u00a0<span class=\"small--info\">(800%)<\/span><\/td>\n<\/tr>\n<tr>\n<td align=\"center\">Biotyna<\/td>\n<td align=\"center\">20,00 ug\u00a0<span class=\"small--info\">(40%)<\/span><\/td>\n<\/tr>\n<tr>\n<td align=\"center\">Inozytol<\/td>\n<td align=\"center\">20,00 mg<\/td>\n<\/tr>\n<tr>\n<td align=\"center\">Kwas P-Aminobenzoesowy<\/td>\n<td align=\"center\">20,00 mg<\/td>\n<\/tr>\n<tr>\n<td align=\"center\">Dwuwinian Choliny<\/td>\n<td align=\"center\">8,20 mg<\/td>\n<\/tr>\n<tr>\n<td align=\"center\">w tym Cholina<\/td>\n<td align=\"center\">3,36 mg<\/td>\n<\/tr>\n<\/tbody>\n<\/table>\n<h2 class=\"title title--h2 product-details__section-title\">Sk\u0142adniki<\/h2>\n<div class=\"product-details__section-content\">\n<p>B-COMPLEX BLEND [tiamina (monoazotan tiaminy), ryboflawina,\u00a0niacyna (amid kwasu nikotynowego),\u00a0kwas pantotenowy (D-pantotenian wapnia),\u00a0witamina B6\u00a0(chlorowodorek pirydoksyny),\u00a0kwas foliowy (kwas pteroilomonoglutaminowy);\u00a0witamina B12\u00a0(cyjanokobalamina),\u00a0biotyna\u00a0(D-biotyna)],\u00a0POWER SUPLY BOOSTER [inozytol,\u00a0kwas P-aminobenzoesowy,\u00a0dwuwinian choliny],\u00a0maltodekstryna,\u00a0otoczka kapsu\u0142ki (\u017celatyna:\u00a0barwnik \u2013 dwutlenek tytanu); substancja przeciwzbrylaj\u0105ca: sole magnezowe kwas\u00f3w t\u0142uszczowych.<\/p>\n<\/div>\n<\/div>\n<\/div>\n<p>&nbsp;<\/p>\n<p>&nbsp;<\/p>\n<p><strong>OSTRZE\u017bENIA<\/strong>: Nie nale\u017cy przekracza\u0107 zalecanej porcji do spo\u017cycia w ci\u0105gu dnia. Produkt nie mo\u017ce by\u0107 stosowany jako substytut zr\u00f3\u017cnicowanej diety. Preparat nie jest przeznaczony dla dzieci, kobiet w ci\u0105\u017cy oraz karmi\u0105cych. Zr\u00f3wnowa\u017cona dieta i zdrowy tryb \u017cycia s\u0105 wa\u017cne. Produkt mo\u017ce zawiera\u0107 alergeny takie jak: mleko, soja, pszenica, j\u0119czmie\u0144, owies, jaja, orzeszki ziemne i orzechy.<\/p>\n","protected":false},"excerpt":{"rendered":"<p>VIT. B COMPLEX Kompleks witamin z grupy B &nbsp; Kompozycja kluczowych mikrosk\u0142adnik\u00f3w od\u017cywczych; Zawarta wit.B6 wspiera prawid\u0142owe funkcjonowanie uk\u0142adu odporno\u015bciowego; Witamina B12 pomaga w utrzymaniu prawid\u0142owych funkcji psychologicznych oraz przyczynia si\u0119 do zmniejszenia uczucia zm\u0119czenia i znu\u017cenia; Ryboflawina przyczynia si\u0119 do utrzymania prawid\u0142owego metabolizmu energetycznego, pomaga zachowa\u0107 zdrow\u0105 sk\u00f3r\u0119 i wspiera utrzymanie prawid\u0142owego widzenia. &nbsp;&#8230;<\/p>\n","protected":false},"featured_media":51065,"comment_status":"closed","ping_status":"closed","template":"","meta":[],"product_brand":[],"product_cat":[728,853,869,850],"product_tag":[],"class_list":{"0":"post-16259","1":"product","2":"type-product","3":"status-publish","4":"has-post-thumbnail","6":"product_cat-suplementy-diety","7":"product_cat-skora-wlosy-i-paznokcie","8":"product_cat-witaminy-i-mineraly","9":"product_cat-zdrowie-i-odpornosc","11":"first","12":"instock","13":"taxable","14":"shipping-taxable","15":"purchasable","16":"product-type-simple"},"_links":{"self":[{"href":"https:\/\/muscleforge.nl\/pl\/wp-json\/wp\/v2\/product\/16259","targetHints":{"allow":["GET"]}}],"collection":[{"href":"https:\/\/muscleforge.nl\/pl\/wp-json\/wp\/v2\/product"}],"about":[{"href":"https:\/\/muscleforge.nl\/pl\/wp-json\/wp\/v2\/types\/product"}],"replies":[{"embeddable":true,"href":"https:\/\/muscleforge.nl\/pl\/wp-json\/wp\/v2\/comments?post=16259"}],"wp:featuredmedia":[{"embeddable":true,"href":"https:\/\/muscleforge.nl\/pl\/wp-json\/wp\/v2\/media\/51065"}],"wp:attachment":[{"href":"https:\/\/muscleforge.nl\/pl\/wp-json\/wp\/v2\/media?parent=16259"}],"wp:term":[{"taxonomy":"product_brand","embeddable":true,"href":"https:\/\/muscleforge.nl\/pl\/wp-json\/wp\/v2\/product_brand?post=16259"},{"taxonomy":"product_cat","embeddable":true,"href":"https:\/\/muscleforge.nl\/pl\/wp-json\/wp\/v2\/product_cat?post=16259"},{"taxonomy":"product_tag","embeddable":true,"href":"https:\/\/muscleforge.nl\/pl\/wp-json\/wp\/v2\/product_tag?post=16259"}],"curies":[{"name":"wp","href":"https:\/\/api.w.org\/{rel}","templated":true}]}}