{"id":16260,"date":"2021-03-25T12:11:11","date_gmt":"2021-03-25T11:11:11","guid":{"rendered":"https:\/\/muscleforge.nl\/product\/trec-nutrition-mass-xxl-4800g\/"},"modified":"2026-04-01T23:17:32","modified_gmt":"2026-04-01T21:17:32","slug":"trec-nutrition-mass-xxl-4800g","status":"publish","type":"product","link":"https:\/\/muscleforge.nl\/pl\/produkt\/trec-nutrition-mass-xxl-4800g\/","title":{"rendered":"Trec Nutrition Mass XXL 4800g"},"content":{"rendered":"<h1>MASS XXL<\/h1>\n<h3>Najpopularniejsza od\u017cywka typu gainer od Trec Nutrition<\/h3>\n<p><strong>Zalety produktu:<\/strong><\/p>\n<ul>\n<li><strong>Wysoka zawarto\u015b\u0107 bia\u0142ka i w\u0119glowodan\u00f3w<\/strong> \u2013 doskona\u0142a proporcja bia\u0142ek i w\u0119glowodan\u00f3w w jednej porcji wspiera rozw\u00f3j masy mi\u0119\u015bniowej oraz szybkie uzupe\u0142nianie energii po treningu.<\/li>\n<li><strong>Szybka regeneracja<\/strong> \u2013 zawarto\u015b\u0107 kreatyny oraz aminokwas\u00f3w przyspiesza regeneracj\u0119 mi\u0119\u015bni po intensywnym wysi\u0142ku.<\/li>\n<li><strong>Wysoka kaloryczno\u015b\u0107<\/strong> \u2013 idealny dla os\u00f3b, kt\u00f3re maj\u0105 trudno\u015bci z przyrostem masy cia\u0142a.<\/li>\n<li><strong>Smak i rozpuszczalno\u015b\u0107<\/strong> \u2013 \u0142atwa do rozpuszczenia formu\u0142a oraz przyjemny smak sprawiaj\u0105, \u017ce suplementacja staje si\u0119 przyjemno\u015bci\u0105.<\/li>\n<\/ul>\n<p>&nbsp;<\/p>\n<div class=\"collapse_content product_description\" aria-hidden=\"false\">\n<p>MASS XXL jest preparatem typu \u201egainer\u201d wyprodukowanym na bazie wysokiej jako\u015bci koncentratu bia\u0142ka serwatki oraz odpowiednio dobranych mono-, oligo- i polisacharyd\u00f3w. MASS XXL zawiera w\u0119glowodany oraz bia\u0142ko, kt\u00f3re przyczynia si\u0119 do wzrostu i utrzymania masy mi\u0119\u015bniowej. Preparat wzbogacono w kompleks witamin, zawieraj\u0105cy wit. B6, kt\u00f3ra wspomaga prawid\u0142owy metabolizm protein i glikogenu. MASS XXL to produkt polecany dla sportowc\u00f3w d\u0105\u017c\u0105cych do szybkiego wzrostu masy cia\u0142a.<\/p>\n<\/div>\n<h3 class=\"open\">SPOS\u00d3B U\u017bYCIA<\/h3>\n<div class=\"collapse_content product_dosage\" aria-hidden=\"false\">\n<p>Jednorazow\u0105 porcj\u0119 preparatu \u2013 70 g (3 miarki) rozpu\u015bci\u0107 w 200 ml wody lub mleka, u\u017cywaj\u0105c do tego szejkera lub miksera. Stosowa\u0107 4 porcje dziennie. W dni treningowe: I porcja rano po przebudzeniu, II porcja do 1,5 godziny po treningu, pozosta\u0142e porcje pomi\u0119dzy posi\u0142kami. W dni nietreningowe: I porcja rano po przebudzeniu, pozosta\u0142e porcje pomi\u0119dzy posi\u0142kami.<\/p>\n<p>&nbsp;<\/p>\n<\/div>\n<h3 class=\"open\">SK\u0141ADNIKI<\/h3>\n<div class=\"collapse_content things\" aria-hidden=\"false\">\n<p>&nbsp;<\/p>\n<div class=\"supplements--wrapper\">\n<table class=\"supplements--table mt40\">\n<tbody>\n<tr>\n<th class=\"nf--header\" colspan=\"4\">Informacje \u017cywieniowe<\/th>\n<\/tr>\n<tr class=\"bold--cell\">\n<th>Ilo\u015b\u0107 produktu<\/th>\n<td align=\"center\">w 280\u00a0g**<\/td>\n<td align=\"center\">w 100 g<\/td>\n<td align=\"center\">w 70 g<\/td>\n<\/tr>\n<tr>\n<th>Warto\u015b\u0107 energetyczna<\/th>\n<td align=\"center\">4574kj \/ 1077kcal (54%*)<\/td>\n<td align=\"center\">1634kj \/ 385kcal (19%*)<\/td>\n<td align=\"center\">1151kj \/ 271kcal<\/td>\n<\/tr>\n<tr>\n<td align=\"center\">T\u0142uszcz<\/td>\n<td align=\"center\">3,61\u00a0g (5%*)<\/td>\n<td align=\"center\">1,29 g (2%*)<\/td>\n<td align=\"center\">0,90 g (1%*)<\/td>\n<\/tr>\n<tr>\n<td align=\"center\"><em>w tym kwasy t\u0142uszczowe nasycone<\/em><\/td>\n<td align=\"center\">1,82\u00a0g (9%*)<\/td>\n<td align=\"center\">0,65 g (3%*)<\/td>\n<td align=\"center\">0,46 g (2%*)<\/td>\n<\/tr>\n<tr>\n<td align=\"center\">W\u0119glowodany<\/td>\n<td align=\"center\">207,95\u00a0g (80%*)<\/td>\n<td align=\"center\">74,27 g (29%*)<\/td>\n<td align=\"center\">51,99 g (20%*)<\/td>\n<\/tr>\n<tr>\n<td align=\"center\"><em>w tym cukry<\/em><\/td>\n<td align=\"center\">64,12\u00a0g (71%*)<\/td>\n<td align=\"center\">22,90 g (25%*)<\/td>\n<td align=\"center\">16,03 g (18%*)<\/td>\n<\/tr>\n<tr>\n<td align=\"center\">Bia\u0142ko<\/td>\n<td align=\"center\">53,27\u00a0g (107%*)<\/td>\n<td align=\"center\">19,03 g (38%*)<\/td>\n<td align=\"center\">13,32 g (27%*)<\/td>\n<\/tr>\n<tr>\n<td align=\"center\">S\u00f3l<\/td>\n<td align=\"center\">5,18\u00a0g (86%*)<\/td>\n<td align=\"center\">1,85 g (31%*)<\/td>\n<td align=\"center\">1,30 g (22%*)<\/td>\n<\/tr>\n<tr>\n<td align=\"center\">Wit. C<\/td>\n<td align=\"center\">56,00mg (70%*)<\/td>\n<td align=\"center\">20,00 mg (25%*)<\/td>\n<td align=\"center\">14,00 mg (18%*)<\/td>\n<\/tr>\n<tr>\n<td align=\"center\">Niacyna (mg NE)<\/td>\n<td align=\"center\">11,20\u00a0mg (70%*)<\/td>\n<td align=\"center\">4,00 mg (25%*)<\/td>\n<td align=\"center\">2,80 mg (18%*)<\/td>\n<\/tr>\n<tr>\n<td align=\"center\">Wit. E (mg \u03b1-TE)<\/td>\n<td align=\"center\">8,40\u00a0mg (70%*)<\/td>\n<td align=\"center\">3,00 mg (25%*)<\/td>\n<td align=\"center\">2,10 mg (18%*)<\/td>\n<\/tr>\n<tr>\n<td align=\"center\">Kwas Pantotenowy<\/td>\n<td align=\"center\">4,20\u00a0mg (70%*)<\/td>\n<td align=\"center\">1,50 mg (25%*)<\/td>\n<td align=\"center\">1,05 mg (18%*)<\/td>\n<\/tr>\n<tr>\n<td align=\"center\">Wit. B6<\/td>\n<td align=\"center\">0,98\u00a0mg (70%*)<\/td>\n<td align=\"center\">0,35 mg (25%*)<\/td>\n<td align=\"center\">0,25 mg (18%*)<\/td>\n<\/tr>\n<tr>\n<td align=\"center\">Ryboflawina<\/td>\n<td align=\"center\">0,98\u00a0mg (70%*)<\/td>\n<td align=\"center\">0,35 mg (25%*)<\/td>\n<td align=\"center\">0,25 mg (18%*)<\/td>\n<\/tr>\n<tr>\n<td align=\"center\">Tiamina<\/td>\n<td align=\"center\">0,78\u00a0mg (70%*)<\/td>\n<td align=\"center\">0,27 mg (25%*)<\/td>\n<td align=\"center\">0,19 mg (18%*)<\/td>\n<\/tr>\n<tr>\n<td align=\"center\">Kwas Foliowy<\/td>\n<td align=\"center\">140,00\u00a0\u00b5g (70%*)<\/td>\n<td align=\"center\">50,00 \u00b5g (25%*)<\/td>\n<td align=\"center\">35,00 \u00b5g (18%*)<\/td>\n<\/tr>\n<tr>\n<td align=\"center\">Biotyna<\/td>\n<td align=\"center\">35,00\u00a0\u00b5g (70%*)<\/td>\n<td align=\"center\">12,50 \u00b5g (25%*)<\/td>\n<td align=\"center\">7,75 \u00b5g (18%*)<\/td>\n<\/tr>\n<tr>\n<td align=\"center\">Wit. B12<\/td>\n<td align=\"center\">1,76\u00a0\u00b5g (70%*)<\/td>\n<td align=\"center\">0,63 \u00b5g (25%*)<\/td>\n<td align=\"center\">0,44 \u00b5g (18%*)<\/td>\n<\/tr>\n<tr>\n<td colspan=\"4\" align=\"center\">Sk\u0142adniki aktywne<\/td>\n<\/tr>\n<tr>\n<td align=\"center\">Maltodekstryny<\/td>\n<td align=\"center\">159,32 g<\/td>\n<td align=\"center\">56,90 g<\/td>\n<td align=\"center\">39,83 g<\/td>\n<\/tr>\n<tr>\n<td align=\"center\">Koncentrat Bia\u0142ka Serwatki<\/td>\n<td align=\"center\">66,64 g<\/td>\n<td align=\"center\">23,80 g<\/td>\n<td align=\"center\">16,66 g<\/td>\n<\/tr>\n<tr>\n<td align=\"center\">Dekstroza<\/td>\n<td align=\"center\">30,71 g<\/td>\n<td align=\"center\">10,97 g<\/td>\n<td align=\"center\">7,68 g<\/td>\n<\/tr>\n<\/tbody>\n<\/table>\n<p><strong>*Referencyjna warto\u015b\u0107 spo\u017cycia dla przeci\u0119tnej osoby doros\u0142ej (8400 kJ\/2000 kcal)<\/strong><\/p>\n<p><strong>**Dzienna porcja produktu<\/strong><\/p>\n<\/div>\n<\/div>\n<p>&nbsp;<\/p>\n<p><strong>Sk\u0142ad Mass XXL:<\/strong>\u00a0Maltodekstryny; koncentrat bia\u0142ka serwatkowego (z mleka); dekstroza; kakao dla smaku czekoladowego; zag\u0119stnik \u2013 skrobia modyfikowana (z j\u0119czmienia); aromaty; regulator kwasowo\u015bci dla smaku truskawkowego \u2013 kwas cytrynowy; substancje s\u0142odz\u0105ce \u2013 cyklaminian sodu, sacharynian sodu; kompleks witamin [wit. C (kwas L-askorbinowy); niacyna (nikotynamid); wit. E (octan DL-alfa-tokoferylu); kwas pantotenowy (D-pantotenian wapnia); wit. B6 (chlorowodorek pirydoksyny); ryboflawina; tiamina (monoazotan tiaminy); kwas foliowy (kwas pteroilomonoglutaminowy); biotyna (D-biotyna); wit. B12 (cyjanokobalamina)]; barwnik dla smaku bananowego, waniliowego, pinakolada i karmelowo-waniliowego \u2013 beta karoten; barwnik dla smaku truskawkowego \u2013 czerwie\u0144 koszenilowa A.<\/p>\n<p>&nbsp;<\/p>\n<p><strong>OSTRZE\u017bENIA<\/strong>: Nie nale\u017cy przekracza\u0107 zalecanej porcji do spo\u017cycia w ci\u0105gu dnia. Produkt nie mo\u017ce by\u0107 stosowany jako substytut zr\u00f3\u017cnicowanej diety. Preparat nie jest przeznaczony dla dzieci, kobiet w ci\u0105\u017cy oraz karmi\u0105cych. Zr\u00f3wnowa\u017cona dieta i zdrowy tryb \u017cycia s\u0105 wa\u017cne. Czerwie\u0144 koszenilowa A mo\u017ce mie\u0107 negatywny wp\u0142yw na aktywno\u015b\u0107 i skupienie uwagi u dzieci. Produkt mo\u017ce zawiera\u0107 alergeny takie jak: soja, pszenica, jaja, orzeszki ziemne i orzechy.<\/p>\n","protected":false},"excerpt":{"rendered":"<p>MASS XXL Najpopularniejsza od\u017cywka typu gainer od Trec Nutrition Zalety produktu: Wysoka zawarto\u015b\u0107 bia\u0142ka i w\u0119glowodan\u00f3w \u2013 doskona\u0142a proporcja bia\u0142ek i w\u0119glowodan\u00f3w w jednej porcji wspiera rozw\u00f3j masy mi\u0119\u015bniowej oraz szybkie uzupe\u0142nianie energii po treningu. Szybka regeneracja \u2013 zawarto\u015b\u0107 kreatyny oraz aminokwas\u00f3w przyspiesza regeneracj\u0119 mi\u0119\u015bni po intensywnym wysi\u0142ku. Wysoka kaloryczno\u015b\u0107 \u2013 idealny dla os\u00f3b, kt\u00f3re&#8230;<\/p>\n","protected":false},"featured_media":19370,"comment_status":"closed","ping_status":"closed","template":"","meta":[],"product_brand":[],"product_cat":[728,859],"product_tag":[],"class_list":{"0":"post-16260","1":"product","2":"type-product","3":"status-publish","4":"has-post-thumbnail","6":"product_cat-suplementy-diety","7":"product_cat-mass-gainers","9":"first","10":"instock","11":"featured","12":"taxable","13":"shipping-taxable","14":"purchasable","15":"product-type-variable"},"_links":{"self":[{"href":"https:\/\/muscleforge.nl\/pl\/wp-json\/wp\/v2\/product\/16260","targetHints":{"allow":["GET"]}}],"collection":[{"href":"https:\/\/muscleforge.nl\/pl\/wp-json\/wp\/v2\/product"}],"about":[{"href":"https:\/\/muscleforge.nl\/pl\/wp-json\/wp\/v2\/types\/product"}],"replies":[{"embeddable":true,"href":"https:\/\/muscleforge.nl\/pl\/wp-json\/wp\/v2\/comments?post=16260"}],"wp:featuredmedia":[{"embeddable":true,"href":"https:\/\/muscleforge.nl\/pl\/wp-json\/wp\/v2\/media\/19370"}],"wp:attachment":[{"href":"https:\/\/muscleforge.nl\/pl\/wp-json\/wp\/v2\/media?parent=16260"}],"wp:term":[{"taxonomy":"product_brand","embeddable":true,"href":"https:\/\/muscleforge.nl\/pl\/wp-json\/wp\/v2\/product_brand?post=16260"},{"taxonomy":"product_cat","embeddable":true,"href":"https:\/\/muscleforge.nl\/pl\/wp-json\/wp\/v2\/product_cat?post=16260"},{"taxonomy":"product_tag","embeddable":true,"href":"https:\/\/muscleforge.nl\/pl\/wp-json\/wp\/v2\/product_tag?post=16260"}],"curies":[{"name":"wp","href":"https:\/\/api.w.org\/{rel}","templated":true}]}}