{"id":16472,"date":"2020-09-28T16:48:53","date_gmt":"2020-09-28T14:48:53","guid":{"rendered":"https:\/\/muscleforge.nl\/product\/pit-bull-hoodie-oldschool-black-s\/"},"modified":"2021-04-22T14:36:48","modified_gmt":"2021-04-22T12:36:48","slug":"pit-bull-hoodie-oldschool-black-s","status":"publish","type":"product","link":"https:\/\/muscleforge.nl\/pl\/produkt\/pit-bull-hoodie-oldschool-black-s\/","title":{"rendered":"Pit Bull Womens Hoodie OLDSCHOOL Black"},"content":{"rendered":"<p>Sk\u0142ad materia\u0142u: 92% Bawe\u0142na , 8% Elastan<\/p>\n<div class=\"rte__table-wrapper\">\n<table class=\"sizetable\">\n<thead>\n<tr class=\"sizetable_header\">\n<th class=\"col_0\" data-colname=\"rozmiar\">ROZMIAR<\/th>\n<th class=\"col_1\" data-colname=\"a\">D\u0141UGO\u015a\u0106<\/th>\n<th class=\"col_2\" data-colname=\"b\">SZEROKO\u015a\u0106<\/th>\n<th class=\"col_3\" data-colname=\"c\">R\u0118KAW<\/th>\n<\/tr>\n<\/thead>\n<tbody>\n<tr class=\"sizetable_data row_1\">\n<td class=\"col_0\" data-colname=\"rozmiar\">XS<\/td>\n<td class=\"col_1\" data-colname=\"a\">58 CM<\/td>\n<td class=\"col_2\" data-colname=\"b\">46 CM<\/td>\n<td class=\"col_3\" data-colname=\"c\">56 CM<\/td>\n<\/tr>\n<tr class=\"sizetable_data row_2\">\n<td class=\"col_0\" data-colname=\"rozmiar\">S<\/td>\n<td class=\"col_1\" data-colname=\"a\">58 CM<\/td>\n<td class=\"col_2\" data-colname=\"b\">48 CM<\/td>\n<td class=\"col_3\" data-colname=\"c\">58 CM<\/td>\n<\/tr>\n<tr class=\"sizetable_data row_3\">\n<td class=\"col_0\" data-colname=\"rozmiar\">M<\/td>\n<td class=\"col_1\" data-colname=\"a\">61 CM<\/td>\n<td class=\"col_2\" data-colname=\"b\">49 CM<\/td>\n<td class=\"col_3\" data-colname=\"c\">59 CM<\/td>\n<\/tr>\n<tr class=\"sizetable_data row_4\">\n<td class=\"col_0\" data-colname=\"rozmiar\">L<\/td>\n<td class=\"col_1\" data-colname=\"a\">61 CM<\/td>\n<td class=\"col_2\" data-colname=\"b\">52 CM<\/td>\n<td class=\"col_3\" data-colname=\"c\">60 CM<\/td>\n<\/tr>\n<tr class=\"sizetable_data row_5\">\n<td class=\"col_0\" data-colname=\"rozmiar\">XL<\/td>\n<td class=\"col_1\" data-colname=\"a\">65 CM<\/td>\n<td class=\"col_2\" data-colname=\"b\">54 CM<\/td>\n<td class=\"col_3\" data-colname=\"c\">62 CM<\/td>\n<\/tr>\n<\/tbody>\n<\/table>\n<\/div>\n","protected":false},"excerpt":{"rendered":"<p>Sk\u0142ad materia\u0142u: 92% Bawe\u0142na , 8% Elastan ROZMIAR D\u0141UGO\u015a\u0106 SZEROKO\u015a\u0106 R\u0118KAW XS 58 CM 46 CM 56 CM S 58 CM 48 CM 58 CM M 61 CM 49 CM 59 CM L 61 CM 52 CM 60 CM XL 65 CM 54 CM 62 CM<\/p>\n","protected":false},"featured_media":16473,"comment_status":"closed","ping_status":"closed","template":"","meta":[],"product_brand":[],"product_cat":[107],"product_tag":[],"class_list":{"0":"post-16472","1":"product","2":"type-product","3":"status-publish","4":"has-post-thumbnail","6":"product_cat-voedingssupplementen","8":"first","9":"outofstock","10":"taxable","11":"shipping-taxable","12":"purchasable","13":"product-type-variable"},"_links":{"self":[{"href":"https:\/\/muscleforge.nl\/pl\/wp-json\/wp\/v2\/product\/16472","targetHints":{"allow":["GET"]}}],"collection":[{"href":"https:\/\/muscleforge.nl\/pl\/wp-json\/wp\/v2\/product"}],"about":[{"href":"https:\/\/muscleforge.nl\/pl\/wp-json\/wp\/v2\/types\/product"}],"replies":[{"embeddable":true,"href":"https:\/\/muscleforge.nl\/pl\/wp-json\/wp\/v2\/comments?post=16472"}],"wp:featuredmedia":[{"embeddable":true,"href":"https:\/\/muscleforge.nl\/pl\/wp-json\/wp\/v2\/media\/16473"}],"wp:attachment":[{"href":"https:\/\/muscleforge.nl\/pl\/wp-json\/wp\/v2\/media?parent=16472"}],"wp:term":[{"taxonomy":"product_brand","embeddable":true,"href":"https:\/\/muscleforge.nl\/pl\/wp-json\/wp\/v2\/product_brand?post=16472"},{"taxonomy":"product_cat","embeddable":true,"href":"https:\/\/muscleforge.nl\/pl\/wp-json\/wp\/v2\/product_cat?post=16472"},{"taxonomy":"product_tag","embeddable":true,"href":"https:\/\/muscleforge.nl\/pl\/wp-json\/wp\/v2\/product_tag?post=16472"}],"curies":[{"name":"wp","href":"https:\/\/api.w.org\/{rel}","templated":true}]}}