{"id":16650,"date":"2021-04-09T21:04:34","date_gmt":"2021-04-09T19:04:34","guid":{"rendered":"https:\/\/muscleforge.nl\/product\/pit-bull-el-jeffe-2-nylon-jacket-black\/"},"modified":"2024-04-12T20:22:38","modified_gmt":"2024-04-12T18:22:38","slug":"pit-bull-el-jeffe-2-nylon-jacket-black","status":"publish","type":"product","link":"https:\/\/muscleforge.nl\/pl\/produkt\/pit-bull-el-jeffe-2-nylon-jacket-black\/","title":{"rendered":"PIT BULL EL JEFFE 2 NYLON JACKET BLACK"},"content":{"rendered":"<div class=\"product__desc__content\" data-qa-product-description=\"\">\n<div>\n<h3>Kurtka m\u0119ska z najnowszej kolekcji firmy\u00a0<span class=\"caps\">PIT<\/span>\u00a0<span class=\"caps\">BULL<\/span>\u00a0<span class=\"caps\">WEST<\/span>\u00a0<span class=\"caps\">COAST<\/span>\u00a0\u2013 El Jefe<\/h3>\n<p>&#8211; uniwersalny sportowy fason typu bomber<br \/>\n&#8211; wykonana z wysokiej jako\u015bci \u015bredniej grubo\u015bci nylonu<br \/>\n&#8211; podszyta cienk\u0105 lekk\u0105 podszewk\u0105<br \/>\n&#8211; mocne \u017cebrowane \u015bci\u0105gacze na r\u0119kawach oraz u do\u0142u<br \/>\n&#8211; \u017cebrowany ko\u0142nierz<br \/>\n&#8211; dwie wszyte otwarte boczne kieszenie na r\u0119ce<br \/>\n&#8211; praktyczna wewn\u0119trzna kiesze\u0144 na telefon i dokumenty<br \/>\n&#8211; kurtka zapinana na wyt\u0142aczane metalowe zatrzaski<br \/>\n&#8211; ma\u0142y nadrukowany napis Pit Bull na piersi<br \/>\n&#8211; efektowne kontrastowe wyko\u0144czenie bogate w detale<br \/>\n&#8211; sk\u0142ad materia\u0142u: na zewn\u0105trz \u2013 100% nylon \/ podszewka \u2013 100% poliester<\/p>\n<\/div>\n<\/div>\n<p>&nbsp;<\/p>\n<div class=\"product__desc\" data-qa-product_desc=\"\">\n<div class=\"tabs__container ng-star-inserted\">\n<div class=\"product__tabs_content\">\n<div class=\"sizetable_container\">\n<div class=\"sizetable__main ng-star-inserted\">\n<p><img loading=\"lazy\" decoding=\"async\" class=\"alignnone size-medium wp-image-25710\" src=\"https:\/\/muscleforge.nl\/wp-content\/uploads\/2021\/04\/PIT-BULL-EL-JEFFE-2-NYLON-JACKET-BLACK9-300x291.png\" alt=\"\" width=\"300\" height=\"291\" srcset=\"https:\/\/muscleforge.nl\/wp-content\/uploads\/2021\/04\/PIT-BULL-EL-JEFFE-2-NYLON-JACKET-BLACK9-300x291.png 300w, https:\/\/muscleforge.nl\/wp-content\/uploads\/2021\/04\/PIT-BULL-EL-JEFFE-2-NYLON-JACKET-BLACK9-580x564.png 580w, https:\/\/muscleforge.nl\/wp-content\/uploads\/2021\/04\/PIT-BULL-EL-JEFFE-2-NYLON-JACKET-BLACK9-600x583.png 600w, https:\/\/muscleforge.nl\/wp-content\/uploads\/2021\/04\/PIT-BULL-EL-JEFFE-2-NYLON-JACKET-BLACK9.png 740w\" sizes=\"auto, (max-width: 300px) 100vw, 300px\" \/><\/p>\n<div class=\"sizetable__main__content\">\n<table id=\"scrollable-table\" class=\"sizes-table ng-star-inserted\">\n<tbody>\n<tr class=\"single-row ng-star-inserted\">\n<td class=\"single-item ng-star-inserted\"><strong>ROZMIAR<\/strong><\/td>\n<td class=\"single-item ng-star-inserted\"><strong>A<\/strong><\/td>\n<td class=\"single-item ng-star-inserted\"><strong>B<\/strong><\/td>\n<td class=\"single-item ng-star-inserted\"><strong>C<\/strong><\/td>\n<\/tr>\n<tr class=\"single-row ng-star-inserted\">\n<td class=\"single-item ng-star-inserted\">S<\/td>\n<td class=\"single-item ng-star-inserted\">65 cm<\/td>\n<td class=\"single-item ng-star-inserted\">58 cm<\/td>\n<td class=\"single-item ng-star-inserted\">50 cm<\/td>\n<\/tr>\n<tr class=\"single-row ng-star-inserted\">\n<td class=\"single-item ng-star-inserted\">M<\/td>\n<td class=\"single-item ng-star-inserted\">67 cm<\/td>\n<td class=\"single-item ng-star-inserted\">61 cm<\/td>\n<td class=\"single-item ng-star-inserted\">51 cm<\/td>\n<\/tr>\n<tr class=\"single-row ng-star-inserted\">\n<td class=\"single-item ng-star-inserted\">L<\/td>\n<td class=\"single-item ng-star-inserted\">69 cm<\/td>\n<td class=\"single-item ng-star-inserted\">64 cm<\/td>\n<td class=\"single-item ng-star-inserted\">52 cm<\/td>\n<\/tr>\n<tr class=\"single-row ng-star-inserted\">\n<td class=\"single-item ng-star-inserted\">XL<\/td>\n<td class=\"single-item ng-star-inserted\">71 cm<\/td>\n<td class=\"single-item ng-star-inserted\">66 cm<\/td>\n<td class=\"single-item ng-star-inserted\">53 cm<\/td>\n<\/tr>\n<tr class=\"single-row ng-star-inserted\">\n<td class=\"single-item ng-star-inserted\">XXL<\/td>\n<td class=\"single-item ng-star-inserted\">72 cm<\/td>\n<td class=\"single-item ng-star-inserted\">68 cm<\/td>\n<td class=\"single-item ng-star-inserted\">53 cm<\/td>\n<\/tr>\n<tr class=\"single-row ng-star-inserted\">\n<td class=\"single-item ng-star-inserted\">3XL<\/td>\n<td class=\"single-item ng-star-inserted\">74 cm<\/td>\n<td class=\"single-item ng-star-inserted\">69 cm<\/td>\n<td class=\"single-item ng-star-inserted\">54 cm<\/td>\n<\/tr>\n<tr class=\"single-row ng-star-inserted\">\n<td class=\"single-item ng-star-inserted\">Tolerancja +\/- 1 cm<\/td>\n<td class=\"single-item ng-star-inserted\"><\/td>\n<td class=\"single-item ng-star-inserted\"><\/td>\n<td class=\"single-item ng-star-inserted\"><\/td>\n<\/tr>\n<\/tbody>\n<\/table>\n<\/div>\n<\/div>\n<\/div>\n<\/div>\n<\/div>\n<\/div>\n<div class=\"similar-products ng-star-inserted\">\n<div class=\"associations ng-star-inserted\">\n<h2 class=\"associations__header\"><\/h2>\n<\/div>\n<\/div>\n","protected":false},"excerpt":{"rendered":"<p>Kurtka m\u0119ska z najnowszej kolekcji firmy\u00a0PIT\u00a0BULL\u00a0WEST\u00a0COAST\u00a0\u2013 El Jefe &#8211; uniwersalny sportowy fason typu bomber &#8211; wykonana z wysokiej jako\u015bci \u015bredniej grubo\u015bci nylonu &#8211; podszyta cienk\u0105 lekk\u0105 podszewk\u0105 &#8211; mocne \u017cebrowane \u015bci\u0105gacze na r\u0119kawach oraz u do\u0142u &#8211; \u017cebrowany ko\u0142nierz &#8211; dwie wszyte otwarte boczne kieszenie na r\u0119ce &#8211; praktyczna wewn\u0119trzna kiesze\u0144 na telefon i dokumenty&#8230;<\/p>\n","protected":false},"featured_media":16643,"comment_status":"closed","ping_status":"closed","template":"","meta":[],"product_brand":[],"product_cat":[798,799,800,804,805],"product_tag":[],"class_list":{"0":"post-16650","1":"product","2":"type-product","3":"status-publish","4":"has-post-thumbnail","6":"product_cat-odziez","7":"product_cat-dla-mezczyzn","8":"product_cat-promocja","9":"product_cat-kurtki","10":"product_cat-kurtki-letnie","12":"first","13":"instock","14":"sale","15":"taxable","16":"shipping-taxable","17":"purchasable","18":"product-type-variable"},"_links":{"self":[{"href":"https:\/\/muscleforge.nl\/pl\/wp-json\/wp\/v2\/product\/16650","targetHints":{"allow":["GET"]}}],"collection":[{"href":"https:\/\/muscleforge.nl\/pl\/wp-json\/wp\/v2\/product"}],"about":[{"href":"https:\/\/muscleforge.nl\/pl\/wp-json\/wp\/v2\/types\/product"}],"replies":[{"embeddable":true,"href":"https:\/\/muscleforge.nl\/pl\/wp-json\/wp\/v2\/comments?post=16650"}],"wp:featuredmedia":[{"embeddable":true,"href":"https:\/\/muscleforge.nl\/pl\/wp-json\/wp\/v2\/media\/16643"}],"wp:attachment":[{"href":"https:\/\/muscleforge.nl\/pl\/wp-json\/wp\/v2\/media?parent=16650"}],"wp:term":[{"taxonomy":"product_brand","embeddable":true,"href":"https:\/\/muscleforge.nl\/pl\/wp-json\/wp\/v2\/product_brand?post=16650"},{"taxonomy":"product_cat","embeddable":true,"href":"https:\/\/muscleforge.nl\/pl\/wp-json\/wp\/v2\/product_cat?post=16650"},{"taxonomy":"product_tag","embeddable":true,"href":"https:\/\/muscleforge.nl\/pl\/wp-json\/wp\/v2\/product_tag?post=16650"}],"curies":[{"name":"wp","href":"https:\/\/api.w.org\/{rel}","templated":true}]}}