{"id":16738,"date":"2021-04-10T12:52:25","date_gmt":"2021-04-10T10:52:25","guid":{"rendered":"https:\/\/muscleforge.nl\/product\/pit-bull-crewneck-cal-flag-charcoal\/"},"modified":"2024-04-15T23:45:29","modified_gmt":"2024-04-15T21:45:29","slug":"pit-bull-crewneck-cal-flag-charcoal","status":"publish","type":"product","link":"https:\/\/muscleforge.nl\/pl\/produkt\/pit-bull-crewneck-cal-flag-charcoal\/","title":{"rendered":"PIT BULL CREWNECK CAL FLAG CHARCOAL"},"content":{"rendered":"<h3>Bluza z najnowszej kolekcji\u00a0<span class=\"caps\">PIT<\/span>\u00a0<span class=\"caps\">BULL<\/span>\u00a0<span class=\"caps\">WEST<\/span>\u00a0<span class=\"caps\">COAST<\/span><\/h3>\n<p>&#8211; wykonana z wysokogatunkowej grubej bawe\u0142ny o gramaturze 400g\/m<br \/>\n&#8211; mocne \u015bci\u0105gacze w r\u0119kawach oraz u do\u0142u bluzy chroni\u0105ce przed zimnem<br \/>\n&#8211; welurowa lam\u00f3wka przy karku chroni\u0105ca przed otarciami<br \/>\n&#8211; wysokiej jako\u015bci nadruki wykonane specjalistyczn\u0105 technologi\u0105 sitodruku<br \/>\n&#8211; sk\u0142ad materia\u0142u: 80% bawe\u0142na \/ 20% poliester<\/p>\n<div class=\"rte__table-wrapper\">\n<table class=\"sizetable\">\n<thead>\n<tr class=\"sizetable_header\">\n<th class=\"col_0\" data-colname=\"rozmiar\">ROZMIAR<\/th>\n<th class=\"col_1\" data-colname=\"a\">D\u0141UGO\u015a\u0106<\/th>\n<th class=\"col_2\" data-colname=\"b\">SZEROKO\u015a\u0106<\/th>\n<th class=\"col_3\" data-colname=\"c\">R\u0118KAW<\/th>\n<\/tr>\n<\/thead>\n<tbody>\n<tr class=\"sizetable_data row_1\">\n<td class=\"col_0\" data-colname=\"rozmiar\">S<\/td>\n<td class=\"col_1\" data-colname=\"a\">71 CM<\/td>\n<td class=\"col_2\" data-colname=\"b\">58 CM<\/td>\n<td class=\"col_3\" data-colname=\"c\">63 CM<\/td>\n<\/tr>\n<tr class=\"sizetable_data row_2\">\n<td class=\"col_0\" data-colname=\"rozmiar\">M<\/td>\n<td class=\"col_1\" data-colname=\"a\">73 CM<\/td>\n<td class=\"col_2\" data-colname=\"b\">61 CM<\/td>\n<td class=\"col_3\" data-colname=\"c\">64 CM<\/td>\n<\/tr>\n<tr class=\"sizetable_data row_3\">\n<td class=\"col_0\" data-colname=\"rozmiar\">L<\/td>\n<td class=\"col_1\" data-colname=\"a\">74 CM<\/td>\n<td class=\"col_2\" data-colname=\"b\">62 CM<\/td>\n<td class=\"col_3\" data-colname=\"c\">65 CM<\/td>\n<\/tr>\n<tr class=\"sizetable_data row_4\">\n<td class=\"col_0\" data-colname=\"rozmiar\">XL<\/td>\n<td class=\"col_1\" data-colname=\"a\">75 CM<\/td>\n<td class=\"col_2\" data-colname=\"b\">66 CM<\/td>\n<td class=\"col_3\" data-colname=\"c\">68 CM<\/td>\n<\/tr>\n<tr class=\"sizetable_data row_5\">\n<td class=\"col_0\" data-colname=\"rozmiar\">2XL<\/td>\n<td class=\"col_1\" data-colname=\"a\">80 CM<\/td>\n<td class=\"col_2\" data-colname=\"b\">70 CM<\/td>\n<td class=\"col_3\" data-colname=\"c\">69 CM<\/td>\n<\/tr>\n<tr class=\"sizetable_data row_6\">\n<td class=\"col_0\" data-colname=\"rozmiar\">3XL<\/td>\n<td class=\"col_1\" data-colname=\"a\">81 CM<\/td>\n<td class=\"col_2\" data-colname=\"b\">74 CM<\/td>\n<td class=\"col_3\" data-colname=\"c\">70 CM<\/td>\n<\/tr>\n<\/tbody>\n<\/table>\n<\/div>\n","protected":false},"excerpt":{"rendered":"<p>Bluza z najnowszej kolekcji\u00a0PIT\u00a0BULL\u00a0WEST\u00a0COAST &#8211; wykonana z wysokogatunkowej grubej bawe\u0142ny o gramaturze 400g\/m &#8211; mocne \u015bci\u0105gacze w r\u0119kawach oraz u do\u0142u bluzy chroni\u0105ce przed zimnem &#8211; welurowa lam\u00f3wka przy karku chroni\u0105ca przed otarciami &#8211; wysokiej jako\u015bci nadruki wykonane specjalistyczn\u0105 technologi\u0105 sitodruku &#8211; sk\u0142ad materia\u0142u: 80% bawe\u0142na \/ 20% poliester ROZMIAR D\u0141UGO\u015a\u0106 SZEROKO\u015a\u0106 R\u0118KAW S 71&#8230;<\/p>\n","protected":false},"featured_media":16733,"comment_status":"closed","ping_status":"closed","template":"","meta":[],"product_brand":[],"product_cat":[798,799,800,814,890],"product_tag":[],"class_list":{"0":"post-16738","1":"product","2":"type-product","3":"status-publish","4":"has-post-thumbnail","6":"product_cat-odziez","7":"product_cat-dla-mezczyzn","8":"product_cat-promocja","9":"product_cat-bez-kaptura","10":"product_cat-bluzy-pl-3","12":"first","13":"instock","14":"sale","15":"taxable","16":"shipping-taxable","17":"purchasable","18":"product-type-variable"},"_links":{"self":[{"href":"https:\/\/muscleforge.nl\/pl\/wp-json\/wp\/v2\/product\/16738","targetHints":{"allow":["GET"]}}],"collection":[{"href":"https:\/\/muscleforge.nl\/pl\/wp-json\/wp\/v2\/product"}],"about":[{"href":"https:\/\/muscleforge.nl\/pl\/wp-json\/wp\/v2\/types\/product"}],"replies":[{"embeddable":true,"href":"https:\/\/muscleforge.nl\/pl\/wp-json\/wp\/v2\/comments?post=16738"}],"wp:featuredmedia":[{"embeddable":true,"href":"https:\/\/muscleforge.nl\/pl\/wp-json\/wp\/v2\/media\/16733"}],"wp:attachment":[{"href":"https:\/\/muscleforge.nl\/pl\/wp-json\/wp\/v2\/media?parent=16738"}],"wp:term":[{"taxonomy":"product_brand","embeddable":true,"href":"https:\/\/muscleforge.nl\/pl\/wp-json\/wp\/v2\/product_brand?post=16738"},{"taxonomy":"product_cat","embeddable":true,"href":"https:\/\/muscleforge.nl\/pl\/wp-json\/wp\/v2\/product_cat?post=16738"},{"taxonomy":"product_tag","embeddable":true,"href":"https:\/\/muscleforge.nl\/pl\/wp-json\/wp\/v2\/product_tag?post=16738"}],"curies":[{"name":"wp","href":"https:\/\/api.w.org\/{rel}","templated":true}]}}