{"id":16798,"date":"2021-04-10T14:42:36","date_gmt":"2021-04-10T12:42:36","guid":{"rendered":"https:\/\/muscleforge.nl\/product\/pit-bull-hooded-zip-cal-flag-charcoal\/"},"modified":"2024-04-15T23:45:27","modified_gmt":"2024-04-15T21:45:27","slug":"pit-bull-hooded-zip-cal-flag-charcoal","status":"publish","type":"product","link":"https:\/\/muscleforge.nl\/pl\/produkt\/pit-bull-hooded-zip-cal-flag-charcoal\/","title":{"rendered":"PIT BULL HOODED ZIP CAL FLAG CHARCOAL"},"content":{"rendered":"<h3>Rozpinana bluza z kapturem z najnowszej kolekcji\u00a0<span class=\"caps\">PIT<\/span>\u00a0<span class=\"caps\">BULL<\/span>\u00a0<span class=\"caps\">WEST<\/span>\u00a0<span class=\"caps\">COAST<\/span><\/h3>\n<p>&nbsp;<\/p>\n<p>Podobaj\u0105 Ci si\u0119 nasze bluzy rozpinane z kapturem? Sprawd\u017a nasz najnowszy model Cal Flag Pitbull West Coast. Jest on wykonany w 80% z bawe\u0142ny wysokiego gatunku oraz w 20% z poliestru. Naniesiony nadruk jest wykonany w nowoczesnej technologii sitodruku, dzi\u0119ki czemu jest trwa\u0142y. Kaptur jest podszyty i regulowany za pomoc\u0105 bawe\u0142nianych sznurk\u00f3w z logiem. Bluza posiada \u015bci\u0105gacze zar\u00f3wno na r\u0119kawach jak i na spodzie, dzi\u0119ki czemu dobrze chroni przed zimnem. Wysoka st\u00f3jka posiada metalowe wyt\u0142aczane otwory, przez kt\u00f3re przechodzi regulacja powietrza. Welurowa lam\u00f3wka na karku, chroni przed otarciami. Metalowy kontrastowy zamek odpowiada za zapinanie i rozpinanie bluzy.<\/p>\n<p>&nbsp;<\/p>\n<p>&#8211; wykonana z wysokogatunkowej grubej bawe\u0142ny o gramaturze 400g\/m<br \/>\n&#8211; mocne \u015bci\u0105gacze w r\u0119kawach oraz u do\u0142u bluzy chroni\u0105ce przed zimnem<br \/>\n&#8211; posiada podszyty gruby kaptur regulowany za pomoc\u0105 bawe\u0142nianych bia\u0142ych sznurk\u00f3w z kontrastow\u0105 naszywk\u0105<br \/>\n&#8211; wysoka st\u00f3jka z metalowymi wyt\u0142aczanymi otworami przez kt\u00f3re przechodzi regulacja<br \/>\n&#8211; welurowa lam\u00f3wka przy karku chroni\u0105ca przed otarciami<br \/>\n&#8211; przednia du\u017ca kiesze\u0144 typu kangurka<br \/>\n&#8211; wysokiej jako\u015bci nadruki wykonane specjalistyczn\u0105 technologi\u0105 sitodruku<br \/>\n&#8211; metalowy kontrastowy zamek<br \/>\n&#8211; sk\u0142ad materia\u0142u: 80% bawe\u0142na \/ 20% poliester<\/p>\n<div class=\"rte__table-wrapper\">\n<table class=\"sizetable\">\n<thead>\n<tr class=\"sizetable_header\">\n<th class=\"col_0\" data-colname=\"rozmiar\">ROZMIAR<\/th>\n<th class=\"col_1\" data-colname=\"a\">D\u0141UGO\u015a\u0106<\/th>\n<th class=\"col_2\" data-colname=\"b\">SZEROKO\u015a\u0106<\/th>\n<th class=\"col_3\" data-colname=\"c\">R\u0118KAW<\/th>\n<\/tr>\n<\/thead>\n<tbody>\n<tr class=\"sizetable_data row_1\">\n<td class=\"col_0\" data-colname=\"rozmiar\">S<\/td>\n<td class=\"col_1\" data-colname=\"a\">70<\/td>\n<td class=\"col_2\" data-colname=\"b\">58<\/td>\n<td class=\"col_3\" data-colname=\"c\">65<\/td>\n<\/tr>\n<tr class=\"sizetable_data row_2\">\n<td class=\"col_0\" data-colname=\"rozmiar\">M<\/td>\n<td class=\"col_1\" data-colname=\"a\">73<\/td>\n<td class=\"col_2\" data-colname=\"b\">60<\/td>\n<td class=\"col_3\" data-colname=\"c\">66<\/td>\n<\/tr>\n<tr class=\"sizetable_data row_3\">\n<td class=\"col_0\" data-colname=\"rozmiar\">L<\/td>\n<td class=\"col_1\" data-colname=\"a\">74<\/td>\n<td class=\"col_2\" data-colname=\"b\">62<\/td>\n<td class=\"col_3\" data-colname=\"c\">67<\/td>\n<\/tr>\n<tr class=\"sizetable_data row_4\">\n<td class=\"col_0\" data-colname=\"rozmiar\">XL<\/td>\n<td class=\"col_1\" data-colname=\"a\">77<\/td>\n<td class=\"col_2\" data-colname=\"b\">66<\/td>\n<td class=\"col_3\" data-colname=\"c\">68<\/td>\n<\/tr>\n<tr class=\"sizetable_data row_5\">\n<td class=\"col_0\" data-colname=\"rozmiar\">XXL<\/td>\n<td class=\"col_1\" data-colname=\"a\">80<\/td>\n<td class=\"col_2\" data-colname=\"b\">68<\/td>\n<td class=\"col_3\" data-colname=\"c\">69<\/td>\n<\/tr>\n<\/tbody>\n<\/table>\n<\/div>\n","protected":false},"excerpt":{"rendered":"<p>Rozpinana bluza z kapturem z najnowszej kolekcji\u00a0PIT\u00a0BULL\u00a0WEST\u00a0COAST &nbsp; Podobaj\u0105 Ci si\u0119 nasze bluzy rozpinane z kapturem? Sprawd\u017a nasz najnowszy model Cal Flag Pitbull West Coast. Jest on wykonany w 80% z bawe\u0142ny wysokiego gatunku oraz w 20% z poliestru. Naniesiony nadruk jest wykonany w nowoczesnej technologii sitodruku, dzi\u0119ki czemu jest trwa\u0142y. Kaptur jest podszyty i&#8230;<\/p>\n","protected":false},"featured_media":16793,"comment_status":"closed","ping_status":"closed","template":"","meta":[],"product_brand":[],"product_cat":[798,799,800,814,891,892],"product_tag":[],"class_list":{"0":"post-16798","1":"product","2":"type-product","3":"status-publish","4":"has-post-thumbnail","6":"product_cat-odziez","7":"product_cat-dla-mezczyzn","8":"product_cat-promocja","9":"product_cat-bez-kaptura","10":"product_cat-z-kapturem-pl-2","11":"product_cat-z-zasuwakiem-pl","13":"first","14":"instock","15":"sale","16":"taxable","17":"shipping-taxable","18":"purchasable","19":"product-type-variable"},"_links":{"self":[{"href":"https:\/\/muscleforge.nl\/pl\/wp-json\/wp\/v2\/product\/16798","targetHints":{"allow":["GET"]}}],"collection":[{"href":"https:\/\/muscleforge.nl\/pl\/wp-json\/wp\/v2\/product"}],"about":[{"href":"https:\/\/muscleforge.nl\/pl\/wp-json\/wp\/v2\/types\/product"}],"replies":[{"embeddable":true,"href":"https:\/\/muscleforge.nl\/pl\/wp-json\/wp\/v2\/comments?post=16798"}],"wp:featuredmedia":[{"embeddable":true,"href":"https:\/\/muscleforge.nl\/pl\/wp-json\/wp\/v2\/media\/16793"}],"wp:attachment":[{"href":"https:\/\/muscleforge.nl\/pl\/wp-json\/wp\/v2\/media?parent=16798"}],"wp:term":[{"taxonomy":"product_brand","embeddable":true,"href":"https:\/\/muscleforge.nl\/pl\/wp-json\/wp\/v2\/product_brand?post=16798"},{"taxonomy":"product_cat","embeddable":true,"href":"https:\/\/muscleforge.nl\/pl\/wp-json\/wp\/v2\/product_cat?post=16798"},{"taxonomy":"product_tag","embeddable":true,"href":"https:\/\/muscleforge.nl\/pl\/wp-json\/wp\/v2\/product_tag?post=16798"}],"curies":[{"name":"wp","href":"https:\/\/api.w.org\/{rel}","templated":true}]}}