{"id":17228,"date":"2021-04-12T13:52:01","date_gmt":"2021-04-12T11:52:01","guid":{"rendered":"https:\/\/muscleforge.nl\/product\/pit-bull-socks-pad-tnt-thick-3-p-graym-charcoal-black\/"},"modified":"2024-04-12T20:19:15","modified_gmt":"2024-04-12T18:19:15","slug":"pit-bull-socks-pad-tnt-thick-3-p-graym-charcoal-black","status":"publish","type":"product","link":"https:\/\/muscleforge.nl\/pl\/produkt\/pit-bull-socks-pad-tnt-thick-3-p-graym-charcoal-black\/","title":{"rendered":"PIT BULL Socks Pad TNT Thick 3 P GrayM-Charcoal-Black"},"content":{"rendered":"<div class=\"product__desc__content\" data-qa-product-description=\"\">\n<div>\n<h3>Skarpety firmy\u00a0<span class=\"caps\">PIT<\/span>\u00a0<span class=\"caps\">BULL<\/span>\u00a0<span class=\"caps\">WEST<\/span>\u00a0<span class=\"caps\">COAST<\/span>\u00a0\u2013 Pad\u00a0<span class=\"caps\">TNT<\/span>\u00a0cienkie (3-pak)<\/h3>\n<p>&#8211; Niska cholewka pod kostk\u0119<br \/>\n&#8211; Cie\u0144sza dzianina<br \/>\n&#8211; Wykonane z wysokiej jako\u015bci prz\u0119dzy, dzi\u0119ki czemu pozostaj\u0105 suche daj\u0105c wysokie poczucie komfortu<br \/>\n&#8211; Znacznie szlachetniejsza mieszanka tkaniny ni\u017c powszechnie wyst\u0119puj\u0105ce na rynku<br \/>\n&#8211; Termoaktywne i oddychaj\u0105ce dzi\u0119ki czemu doskonale odprowadzaj\u0105 ciep\u0142o z twojej sk\u00f3ry<br \/>\n&#8211; Elastyczna tkanina dzi\u0119ki czemu idealne dopasowuj\u0105 si\u0119 do stopy<br \/>\n&#8211; Zapewniaj\u0105 dobr\u0105 wentylacj\u0119 stopy i utrzymuj\u0105 sucho\u015b\u0107 na powierzchni sk\u00f3ry<br \/>\n&#8211; Sk\u0142ad materia\u0142u: 80% bawe\u0142na \/ 18% poliester \/ 2% elastan<\/p>\n<\/div>\n<\/div>\n<table class=\"product__desc__profile_table\">\n<tbody>\n<tr class=\"ng-star-inserted\">\n<th>Manufacturer:<\/th>\n<td class=\"property_value\">Pit Bull<\/td>\n<\/tr>\n<tr class=\"ng-star-inserted\">\n<th class=\"ng-star-inserted\">Color:<\/th>\n<td class=\"property_value ng-star-inserted\"><span class=\"ng-star-inserted\">Black,\u00a0<\/span><span class=\"ng-star-inserted\">Gray,\u00a0<\/span><span class=\"ng-star-inserted\">Graphite<\/span><\/td>\n<\/tr>\n<\/tbody>\n<\/table>\n","protected":false},"excerpt":{"rendered":"<p>Skarpety firmy\u00a0PIT\u00a0BULL\u00a0WEST\u00a0COAST\u00a0\u2013 Pad\u00a0TNT\u00a0cienkie (3-pak) &#8211; Niska cholewka pod kostk\u0119 &#8211; Cie\u0144sza dzianina &#8211; Wykonane z wysokiej jako\u015bci prz\u0119dzy, dzi\u0119ki czemu pozostaj\u0105 suche daj\u0105c wysokie poczucie komfortu &#8211; Znacznie szlachetniejsza mieszanka tkaniny ni\u017c powszechnie wyst\u0119puj\u0105ce na rynku &#8211; Termoaktywne i oddychaj\u0105ce dzi\u0119ki czemu doskonale odprowadzaj\u0105 ciep\u0142o z twojej sk\u00f3ry &#8211; Elastyczna tkanina dzi\u0119ki czemu idealne dopasowuj\u0105&#8230;<\/p>\n","protected":false},"featured_media":17221,"comment_status":"closed","ping_status":"closed","template":"","meta":[],"product_brand":[],"product_cat":[798,799,808],"product_tag":[],"class_list":{"0":"post-17228","1":"product","2":"type-product","3":"status-publish","4":"has-post-thumbnail","6":"product_cat-odziez","7":"product_cat-dla-mezczyzn","8":"product_cat-bielizna","10":"first","11":"instock","12":"sale","13":"taxable","14":"shipping-taxable","15":"purchasable","16":"product-type-variable"},"_links":{"self":[{"href":"https:\/\/muscleforge.nl\/pl\/wp-json\/wp\/v2\/product\/17228","targetHints":{"allow":["GET"]}}],"collection":[{"href":"https:\/\/muscleforge.nl\/pl\/wp-json\/wp\/v2\/product"}],"about":[{"href":"https:\/\/muscleforge.nl\/pl\/wp-json\/wp\/v2\/types\/product"}],"replies":[{"embeddable":true,"href":"https:\/\/muscleforge.nl\/pl\/wp-json\/wp\/v2\/comments?post=17228"}],"wp:featuredmedia":[{"embeddable":true,"href":"https:\/\/muscleforge.nl\/pl\/wp-json\/wp\/v2\/media\/17221"}],"wp:attachment":[{"href":"https:\/\/muscleforge.nl\/pl\/wp-json\/wp\/v2\/media?parent=17228"}],"wp:term":[{"taxonomy":"product_brand","embeddable":true,"href":"https:\/\/muscleforge.nl\/pl\/wp-json\/wp\/v2\/product_brand?post=17228"},{"taxonomy":"product_cat","embeddable":true,"href":"https:\/\/muscleforge.nl\/pl\/wp-json\/wp\/v2\/product_cat?post=17228"},{"taxonomy":"product_tag","embeddable":true,"href":"https:\/\/muscleforge.nl\/pl\/wp-json\/wp\/v2\/product_tag?post=17228"}],"curies":[{"name":"wp","href":"https:\/\/api.w.org\/{rel}","templated":true}]}}