{"id":17847,"date":"2021-04-15T12:53:38","date_gmt":"2021-04-15T10:53:38","guid":{"rendered":"https:\/\/muscleforge.nl\/product\/pit-bull-flip-flop-el-jefe-d-navy-red\/"},"modified":"2024-04-12T20:17:27","modified_gmt":"2024-04-12T18:17:27","slug":"pit-bull-flip-flop-el-jefe-d-navy-red","status":"publish","type":"product","link":"https:\/\/muscleforge.nl\/pl\/produkt\/pit-bull-flip-flop-el-jefe-d-navy-red\/","title":{"rendered":"PIT BULL Flip Flop El Jefe D.Navy-Red"},"content":{"rendered":"<div class=\"product__desc__content\" data-qa-product-description=\"\">\n<div>\n<h3>Klapki japonki z najnowszej kolekcji firmy\u00a0<span class=\"caps\">PIT<\/span>\u00a0<span class=\"caps\">BULL<\/span>\u00a0<span class=\"caps\">WEST<\/span>\u00a0<span class=\"caps\">COAST<\/span>\u00a0\u2013 El Jefe<\/h3>\n<p>&#8211; Uniwersalny sportowy fason<br \/>\n&#8211; Wykonane z wysokiej jako\u015bci materia\u0142\u00f3w z dba\u0142o\u015bci\u0105 o detale<br \/>\n&#8211; \u0141atwe w utrzymaniu w czysto\u015bci i stosowaniu piel\u0119gnacji<br \/>\n&#8211; Po zamoczeniu klapki szybko wysychaj\u0105, dzi\u0119ki czemu \u015bwietnie sprawdz\u0105 si\u0119 podczas wakacyjnego wypoczynku lub na basenie<br \/>\n&#8211; Profilowana, wygodna mi\u0119kka wk\u0142adka z pianki zapewniaj\u0105ca wygod\u0119 noszenia, lekko\u015b\u0107 oraz dobr\u0105 amortyzacj\u0119<br \/>\n&#8211; Bie\u017cnikowana podeszwa zewn\u0119trzna z octanu etylenowo-winylowego zapewnia wysok\u0105 przyczepno\u015b\u0107 i trwa\u0142o\u015b\u0107<br \/>\n&#8211; Paski z mi\u0119kkiego materia\u0142u nie powoduj\u0105 otar\u0107 oraz nie uwieraj\u0105 stopy<br \/>\n&#8211; Du\u017cy napis\u00a0<span class=\"caps\">PIT<\/span>\u00a0<span class=\"caps\">BULL<\/span>\u00a0nadrukowany na ca\u0142ej d\u0142ugo\u015bci wk\u0142adki oraz ma\u0142y napis na pasku<\/p>\n<\/div>\n<\/div>\n<p>&nbsp;<\/p>\n<table id=\"scrollable-table\" class=\"sizes-table ng-star-inserted\">\n<tbody>\n<tr class=\"single-row ng-star-inserted\">\n<td class=\"single-item ng-star-inserted\">ROZMIAR<\/td>\n<td class=\"single-item ng-star-inserted\"><\/td>\n<\/tr>\n<tr class=\"single-row ng-star-inserted\">\n<td class=\"single-item ng-star-inserted\">37<\/td>\n<td class=\"single-item ng-star-inserted\">24 CM<\/td>\n<\/tr>\n<tr class=\"single-row ng-star-inserted\">\n<td class=\"single-item ng-star-inserted\">38<\/td>\n<td class=\"single-item ng-star-inserted\">24,5 CM<\/td>\n<\/tr>\n<tr class=\"single-row ng-star-inserted\">\n<td class=\"single-item ng-star-inserted\">39<\/td>\n<td class=\"single-item ng-star-inserted\">25 CM<\/td>\n<\/tr>\n<tr class=\"single-row ng-star-inserted\">\n<td class=\"single-item ng-star-inserted\">40<\/td>\n<td class=\"single-item ng-star-inserted\">25,5 CM<\/td>\n<\/tr>\n<tr class=\"single-row ng-star-inserted\">\n<td class=\"single-item ng-star-inserted\">41<\/td>\n<td class=\"single-item ng-star-inserted\">26,5 CM<\/td>\n<\/tr>\n<tr class=\"single-row ng-star-inserted\">\n<td class=\"single-item ng-star-inserted\">42<\/td>\n<td class=\"single-item ng-star-inserted\">27 CM<\/td>\n<\/tr>\n<tr class=\"single-row ng-star-inserted\">\n<td class=\"single-item ng-star-inserted\">43<\/td>\n<td class=\"single-item ng-star-inserted\">27,5 CM<\/td>\n<\/tr>\n<tr class=\"single-row ng-star-inserted\">\n<td class=\"single-item ng-star-inserted\">44<\/td>\n<td class=\"single-item ng-star-inserted\">28 CM<\/td>\n<\/tr>\n<tr class=\"single-row ng-star-inserted\">\n<td class=\"single-item ng-star-inserted\">45<\/td>\n<td class=\"single-item ng-star-inserted\">28,5 CM<\/td>\n<\/tr>\n<tr class=\"single-row ng-star-inserted\">\n<td class=\"single-item ng-star-inserted\">46<\/td>\n<td class=\"single-item ng-star-inserted\">29 CM<\/td>\n<\/tr>\n<tr class=\"single-row ng-star-inserted\">\n<td class=\"single-item ng-star-inserted\">+\/- 1 CM<\/td>\n<td class=\"single-item ng-star-inserted\"><\/td>\n<\/tr>\n<\/tbody>\n<\/table>\n","protected":false},"excerpt":{"rendered":"<p>Klapki japonki z najnowszej kolekcji firmy\u00a0PIT\u00a0BULL\u00a0WEST\u00a0COAST\u00a0\u2013 El Jefe &#8211; Uniwersalny sportowy fason &#8211; Wykonane z wysokiej jako\u015bci materia\u0142\u00f3w z dba\u0142o\u015bci\u0105 o detale &#8211; \u0141atwe w utrzymaniu w czysto\u015bci i stosowaniu piel\u0119gnacji &#8211; Po zamoczeniu klapki szybko wysychaj\u0105, dzi\u0119ki czemu \u015bwietnie sprawdz\u0105 si\u0119 podczas wakacyjnego wypoczynku lub na basenie &#8211; Profilowana, wygodna mi\u0119kka wk\u0142adka z pianki&#8230;<\/p>\n","protected":false},"featured_media":17822,"comment_status":"closed","ping_status":"closed","template":"","meta":[],"product_brand":[],"product_cat":[774],"product_tag":[],"class_list":{"0":"post-17847","1":"product","2":"type-product","3":"status-publish","4":"has-post-thumbnail","6":"product_cat-akcesoria","8":"first","9":"instock","10":"sale","11":"taxable","12":"shipping-taxable","13":"purchasable","14":"product-type-variable"},"_links":{"self":[{"href":"https:\/\/muscleforge.nl\/pl\/wp-json\/wp\/v2\/product\/17847","targetHints":{"allow":["GET"]}}],"collection":[{"href":"https:\/\/muscleforge.nl\/pl\/wp-json\/wp\/v2\/product"}],"about":[{"href":"https:\/\/muscleforge.nl\/pl\/wp-json\/wp\/v2\/types\/product"}],"replies":[{"embeddable":true,"href":"https:\/\/muscleforge.nl\/pl\/wp-json\/wp\/v2\/comments?post=17847"}],"wp:featuredmedia":[{"embeddable":true,"href":"https:\/\/muscleforge.nl\/pl\/wp-json\/wp\/v2\/media\/17822"}],"wp:attachment":[{"href":"https:\/\/muscleforge.nl\/pl\/wp-json\/wp\/v2\/media?parent=17847"}],"wp:term":[{"taxonomy":"product_brand","embeddable":true,"href":"https:\/\/muscleforge.nl\/pl\/wp-json\/wp\/v2\/product_brand?post=17847"},{"taxonomy":"product_cat","embeddable":true,"href":"https:\/\/muscleforge.nl\/pl\/wp-json\/wp\/v2\/product_cat?post=17847"},{"taxonomy":"product_tag","embeddable":true,"href":"https:\/\/muscleforge.nl\/pl\/wp-json\/wp\/v2\/product_tag?post=17847"}],"curies":[{"name":"wp","href":"https:\/\/api.w.org\/{rel}","templated":true}]}}