{"id":18223,"date":"2020-10-14T14:20:30","date_gmt":"2020-10-14T12:20:30","guid":{"rendered":"https:\/\/muscleforge.nl\/product\/pit-bull-crewneck-tnt-charcoal-m-xs\/"},"modified":"2024-04-15T23:49:07","modified_gmt":"2024-04-15T21:49:07","slug":"pit-bull-crewneck-tnt-charcoal-m-xs","status":"publish","type":"product","link":"https:\/\/muscleforge.nl\/pl\/produkt\/pit-bull-crewneck-tnt-charcoal-m-xs\/","title":{"rendered":"PIT BULL CREWNECK TNT CHARCOAL"},"content":{"rendered":"<div class=\"product__desc__content\" data-qa-product-description=\"\">\n<div>\n<h3>Bluza m\u0119ska z najnowszej kolekcji firmy\u00a0<span class=\"caps\">PIT<\/span>\u00a0<span class=\"caps\">BULL<\/span>\u00a0<span class=\"caps\">WEST<\/span>\u00a0<span class=\"caps\">COAST<\/span>\u00a0\u2013\u00a0<span class=\"caps\">TNT<\/span><\/h3>\n<p>&#8211; klasyczny fason z okr\u0105g\u0142ym dekoltem<br \/>\n&#8211; wykonana z wysokogatunkowej grubej bawe\u0142ny 400g\/m<br \/>\n&#8211; tkanina od wewn\u0119trznej strony jest szczotkowana i przyjemna w dotyku<br \/>\n&#8211; mocne \u015bci\u0105gacze w r\u0119kawach oraz u do\u0142u<br \/>\n&#8211; welurowa lam\u00f3wka przy karku chroni\u0105ca przed otarciami<br \/>\n&#8211; wysokiej jako\u015bci nie\u015bcieralne nadruki wykonane specjalistyczn\u0105 technologi\u0105 sitodruku<br \/>\n&#8211; sk\u0142ad materia\u0142u: 60% bawe\u0142na \/ 40% poliester<\/p>\n<\/div>\n<\/div>\n<table class=\"product__desc__profile_table\">\n<tbody>\n<tr class=\"ng-star-inserted\">\n<th>Producent:<\/th>\n<td class=\"property_value\">Pit Bull<\/td>\n<\/tr>\n<tr class=\"ng-star-inserted\">\n<th class=\"ng-star-inserted\">Kolor:<\/th>\n<td class=\"property_value ng-star-inserted\"><span class=\"ng-star-inserted\">Grafitowy<\/span><\/td>\n<\/tr>\n<\/tbody>\n<\/table>\n<p>&nbsp;<\/p>\n<p><img loading=\"lazy\" decoding=\"async\" class=\"ng-star-inserted lazy-loaded\" src=\"https:\/\/pitbull.pl\/picture\/fit-in\/300x300\/filters:fill(white):quality(100)\/f561d1ee50351a9e627b1119de7e1ae8\" alt=\"\" width=\"300\" height=\"300\" \/><\/p>\n<div class=\"sizetable__main__content\">\n<table id=\"scrollable-table\" class=\"sizes-table ng-star-inserted\">\n<tbody>\n<tr class=\"single-row ng-star-inserted\">\n<td class=\"single-item ng-star-inserted\">ROZMIAR<\/td>\n<td class=\"single-item ng-star-inserted\">A<\/td>\n<td class=\"single-item ng-star-inserted\">B<\/td>\n<td class=\"single-item ng-star-inserted\">C<\/td>\n<\/tr>\n<tr class=\"single-row ng-star-inserted\">\n<td class=\"single-item ng-star-inserted\">S<\/td>\n<td class=\"single-item ng-star-inserted\">68 CM<\/td>\n<td class=\"single-item ng-star-inserted\">55 CM<\/td>\n<td class=\"single-item ng-star-inserted\">64 CM<\/td>\n<\/tr>\n<tr class=\"single-row ng-star-inserted\">\n<td class=\"single-item ng-star-inserted\">M<\/td>\n<td class=\"single-item ng-star-inserted\">69 CM<\/td>\n<td class=\"single-item ng-star-inserted\">58 CM<\/td>\n<td class=\"single-item ng-star-inserted\">65 CM<\/td>\n<\/tr>\n<tr class=\"single-row ng-star-inserted\">\n<td class=\"single-item ng-star-inserted\">L<\/td>\n<td class=\"single-item ng-star-inserted\">73 CM<\/td>\n<td class=\"single-item ng-star-inserted\">60 CM<\/td>\n<td class=\"single-item ng-star-inserted\">66 CM<\/td>\n<\/tr>\n<tr class=\"single-row ng-star-inserted\">\n<td class=\"single-item ng-star-inserted\">XL<\/td>\n<td class=\"single-item ng-star-inserted\">74 CM<\/td>\n<td class=\"single-item ng-star-inserted\">63 CM<\/td>\n<td class=\"single-item ng-star-inserted\">67 CM<\/td>\n<\/tr>\n<tr class=\"single-row ng-star-inserted\">\n<td class=\"single-item ng-star-inserted\">XXL<\/td>\n<td class=\"single-item ng-star-inserted\">78 CM<\/td>\n<td class=\"single-item ng-star-inserted\">64 CM<\/td>\n<td class=\"single-item ng-star-inserted\">68 CM<\/td>\n<\/tr>\n<tr class=\"single-row ng-star-inserted\">\n<td class=\"single-item ng-star-inserted\">3XL<\/td>\n<td class=\"single-item ng-star-inserted\">80 CM<\/td>\n<td class=\"single-item ng-star-inserted\">68 CM<\/td>\n<td class=\"single-item ng-star-inserted\">69 CM<\/td>\n<\/tr>\n<tr class=\"single-row ng-star-inserted\">\n<td class=\"single-item ng-star-inserted\">+\/- 1 CM<\/td>\n<td class=\"single-item ng-star-inserted\"><\/td>\n<\/tr>\n<\/tbody>\n<\/table>\n<\/div>\n","protected":false},"excerpt":{"rendered":"<p>Bluza m\u0119ska z najnowszej kolekcji firmy\u00a0PIT\u00a0BULL\u00a0WEST\u00a0COAST\u00a0\u2013\u00a0TNT &#8211; klasyczny fason z okr\u0105g\u0142ym dekoltem &#8211; wykonana z wysokogatunkowej grubej bawe\u0142ny 400g\/m &#8211; tkanina od wewn\u0119trznej strony jest szczotkowana i przyjemna w dotyku &#8211; mocne \u015bci\u0105gacze w r\u0119kawach oraz u do\u0142u &#8211; welurowa lam\u00f3wka przy karku chroni\u0105ca przed otarciami &#8211; wysokiej jako\u015bci nie\u015bcieralne nadruki wykonane specjalistyczn\u0105 technologi\u0105 sitodruku&#8230;<\/p>\n","protected":false},"featured_media":14544,"comment_status":"closed","ping_status":"closed","template":"","meta":[],"product_brand":[],"product_cat":[798,799,800,814,890],"product_tag":[],"class_list":{"0":"post-18223","1":"product","2":"type-product","3":"status-publish","4":"has-post-thumbnail","6":"product_cat-odziez","7":"product_cat-dla-mezczyzn","8":"product_cat-promocja","9":"product_cat-bez-kaptura","10":"product_cat-bluzy-pl-3","12":"first","13":"instock","14":"sale","15":"taxable","16":"shipping-taxable","17":"purchasable","18":"product-type-variable"},"_links":{"self":[{"href":"https:\/\/muscleforge.nl\/pl\/wp-json\/wp\/v2\/product\/18223","targetHints":{"allow":["GET"]}}],"collection":[{"href":"https:\/\/muscleforge.nl\/pl\/wp-json\/wp\/v2\/product"}],"about":[{"href":"https:\/\/muscleforge.nl\/pl\/wp-json\/wp\/v2\/types\/product"}],"replies":[{"embeddable":true,"href":"https:\/\/muscleforge.nl\/pl\/wp-json\/wp\/v2\/comments?post=18223"}],"wp:featuredmedia":[{"embeddable":true,"href":"https:\/\/muscleforge.nl\/pl\/wp-json\/wp\/v2\/media\/14544"}],"wp:attachment":[{"href":"https:\/\/muscleforge.nl\/pl\/wp-json\/wp\/v2\/media?parent=18223"}],"wp:term":[{"taxonomy":"product_brand","embeddable":true,"href":"https:\/\/muscleforge.nl\/pl\/wp-json\/wp\/v2\/product_brand?post=18223"},{"taxonomy":"product_cat","embeddable":true,"href":"https:\/\/muscleforge.nl\/pl\/wp-json\/wp\/v2\/product_cat?post=18223"},{"taxonomy":"product_tag","embeddable":true,"href":"https:\/\/muscleforge.nl\/pl\/wp-json\/wp\/v2\/product_tag?post=18223"}],"curies":[{"name":"wp","href":"https:\/\/api.w.org\/{rel}","templated":true}]}}