{"id":18444,"date":"2020-10-16T16:43:13","date_gmt":"2020-10-16T14:43:13","guid":{"rendered":"https:\/\/muscleforge.nl\/product\/pit-bull-mens-cargo-short-carver-d-navy-m\/"},"modified":"2024-04-12T20:41:03","modified_gmt":"2024-04-12T18:41:03","slug":"pit-bull-mens-cargo-short-carver-d-navy-m","status":"publish","type":"product","link":"https:\/\/muscleforge.nl\/pl\/produkt\/pit-bull-mens-cargo-short-carver-d-navy-m\/","title":{"rendered":"PIT BULL MENS CARGO SHORT CARVER D. NAVY"},"content":{"rendered":"<div class=\"product__desc__content\" data-qa-product-description=\"\">\n<div>\n<h3>Szorty boj\u00f3wki z najnowszej kolekcji firmy\u00a0<span class=\"caps\">PIT<\/span>\u00a0<span class=\"caps\">BULL<\/span>\u00a0<span class=\"caps\">WEST<\/span>\u00a0<span class=\"caps\">COAST<\/span>\u00a0\u2013 Carver<\/h3>\n<p>&#8211; klasyczny fason w militarnym stylu<br \/>\n&#8211; lekko zw\u0119\u017cane nogawki do kolan<br \/>\n&#8211; wykonane z wysokiej jako\u015bci bawe\u0142ny z domieszk\u0105 elastanu<br \/>\n&#8211; tkanina lekko elastyczna dzi\u0119ki czemu nie kr\u0119puje ruch\u00f3w<br \/>\n&#8211; dwie otwarte kieszenie na r\u0119ce z jedna mniejsza wewn\u0105trz<br \/>\n&#8211; pojemne boczne kieszenie na nogawkach zapinane na zatrzaski<br \/>\n&#8211; tylne kieszenie przykryte klapami zapinanymi na zatrzaski<br \/>\n&#8211; efektowne wzmocnienia i przeszycia kieszeni<br \/>\n&#8211; mo\u017cliwo\u015b\u0107 regulacji nogawek za pomoc\u0105 ta\u015bmy<br \/>\n&#8211; na lewej bocznej kieszeni tkana prostok\u0105tna naszywka<br \/>\n&#8211; sk\u0142ad materia\u0142u: 97% bawe\u0142na \/ 3% elastan<\/p>\n<\/div>\n<\/div>\n<p>&nbsp;<\/p>\n<div class=\"sizetable__main__content\">\n<table id=\"scrollable-table\" class=\"sizes-table ng-star-inserted\">\n<tbody>\n<tr class=\"single-row ng-star-inserted\">\n<td class=\"single-item ng-star-inserted\"><strong>ROZMIAR<\/strong><\/td>\n<td class=\"single-item ng-star-inserted\"><strong>A<\/strong><\/td>\n<td class=\"single-item ng-star-inserted\"><strong>B<\/strong><\/td>\n<td class=\"single-item ng-star-inserted\"><strong>C<\/strong><\/td>\n<td class=\"single-item ng-star-inserted\"><strong>D<\/strong><\/td>\n<\/tr>\n<tr class=\"single-row ng-star-inserted\">\n<td class=\"single-item ng-star-inserted\"><strong>S<\/strong><\/td>\n<td class=\"single-item ng-star-inserted\">49 cm<\/td>\n<td class=\"single-item ng-star-inserted\">38 cm<\/td>\n<td class=\"single-item ng-star-inserted\">26 cm<\/td>\n<td class=\"single-item ng-star-inserted\">22 cm<\/td>\n<\/tr>\n<tr class=\"single-row ng-star-inserted\">\n<td class=\"single-item ng-star-inserted\"><strong>M<\/strong><\/td>\n<td class=\"single-item ng-star-inserted\">50 cm<\/td>\n<td class=\"single-item ng-star-inserted\">40 cm<\/td>\n<td class=\"single-item ng-star-inserted\">26 cm<\/td>\n<td class=\"single-item ng-star-inserted\">22 cm<\/td>\n<\/tr>\n<tr class=\"single-row ng-star-inserted\">\n<td class=\"single-item ng-star-inserted\"><strong>L<\/strong><\/td>\n<td class=\"single-item ng-star-inserted\">51 cm<\/td>\n<td class=\"single-item ng-star-inserted\">42 cm<\/td>\n<td class=\"single-item ng-star-inserted\">27 cm<\/td>\n<td class=\"single-item ng-star-inserted\">23 cm<\/td>\n<\/tr>\n<tr class=\"single-row ng-star-inserted\">\n<td class=\"single-item ng-star-inserted\"><strong>XL<\/strong><\/td>\n<td class=\"single-item ng-star-inserted\">52 cm<\/td>\n<td class=\"single-item ng-star-inserted\">45 cm<\/td>\n<td class=\"single-item ng-star-inserted\">28 cm<\/td>\n<td class=\"single-item ng-star-inserted\">25 cm<\/td>\n<\/tr>\n<tr class=\"single-row ng-star-inserted\">\n<td class=\"single-item ng-star-inserted\"><strong>XXL<\/strong><\/td>\n<td class=\"single-item ng-star-inserted\">52 cm<\/td>\n<td class=\"single-item ng-star-inserted\">47 cm<\/td>\n<td class=\"single-item ng-star-inserted\">28 cm<\/td>\n<td class=\"single-item ng-star-inserted\">26 cm<\/td>\n<\/tr>\n<tr class=\"single-row ng-star-inserted\">\n<td class=\"single-item ng-star-inserted\"><strong>3XL<\/strong><\/td>\n<td class=\"single-item ng-star-inserted\">54 cm<\/td>\n<td class=\"single-item ng-star-inserted\">50 cm<\/td>\n<td class=\"single-item ng-star-inserted\">29 cm<\/td>\n<td class=\"single-item ng-star-inserted\">26 cm<\/td>\n<\/tr>\n<tr class=\"single-row ng-star-inserted\">\n<td class=\"single-item ng-star-inserted\">Tolerancja +\/- 1 cm<\/td>\n<td class=\"single-item ng-star-inserted\"><\/td>\n<td class=\"single-item ng-star-inserted\"><\/td>\n<\/tr>\n<\/tbody>\n<\/table>\n<\/div>\n","protected":false},"excerpt":{"rendered":"<p>Szorty boj\u00f3wki z najnowszej kolekcji firmy\u00a0PIT\u00a0BULL\u00a0WEST\u00a0COAST\u00a0\u2013 Carver &#8211; klasyczny fason w militarnym stylu &#8211; lekko zw\u0119\u017cane nogawki do kolan &#8211; wykonane z wysokiej jako\u015bci bawe\u0142ny z domieszk\u0105 elastanu &#8211; tkanina lekko elastyczna dzi\u0119ki czemu nie kr\u0119puje ruch\u00f3w &#8211; dwie otwarte kieszenie na r\u0119ce z jedna mniejsza wewn\u0105trz &#8211; pojemne boczne kieszenie na nogawkach zapinane na&#8230;<\/p>\n","protected":false},"featured_media":18445,"comment_status":"closed","ping_status":"closed","template":"","meta":[],"product_brand":[],"product_cat":[798,799,800,807],"product_tag":[],"class_list":{"0":"post-18444","1":"product","2":"type-product","3":"status-publish","4":"has-post-thumbnail","6":"product_cat-odziez","7":"product_cat-dla-mezczyzn","8":"product_cat-promocja","9":"product_cat-kr","11":"first","12":"instock","13":"sale","14":"taxable","15":"shipping-taxable","16":"purchasable","17":"product-type-variable"},"_links":{"self":[{"href":"https:\/\/muscleforge.nl\/pl\/wp-json\/wp\/v2\/product\/18444","targetHints":{"allow":["GET"]}}],"collection":[{"href":"https:\/\/muscleforge.nl\/pl\/wp-json\/wp\/v2\/product"}],"about":[{"href":"https:\/\/muscleforge.nl\/pl\/wp-json\/wp\/v2\/types\/product"}],"replies":[{"embeddable":true,"href":"https:\/\/muscleforge.nl\/pl\/wp-json\/wp\/v2\/comments?post=18444"}],"wp:featuredmedia":[{"embeddable":true,"href":"https:\/\/muscleforge.nl\/pl\/wp-json\/wp\/v2\/media\/18445"}],"wp:attachment":[{"href":"https:\/\/muscleforge.nl\/pl\/wp-json\/wp\/v2\/media?parent=18444"}],"wp:term":[{"taxonomy":"product_brand","embeddable":true,"href":"https:\/\/muscleforge.nl\/pl\/wp-json\/wp\/v2\/product_brand?post=18444"},{"taxonomy":"product_cat","embeddable":true,"href":"https:\/\/muscleforge.nl\/pl\/wp-json\/wp\/v2\/product_cat?post=18444"},{"taxonomy":"product_tag","embeddable":true,"href":"https:\/\/muscleforge.nl\/pl\/wp-json\/wp\/v2\/product_tag?post=18444"}],"curies":[{"name":"wp","href":"https:\/\/api.w.org\/{rel}","templated":true}]}}