{"id":18582,"date":"2021-04-28T20:14:21","date_gmt":"2021-04-28T18:14:21","guid":{"rendered":"https:\/\/muscleforge.nl\/product\/pit-bull-crewneck-woman-cal-flag-black\/"},"modified":"2024-04-12T20:17:17","modified_gmt":"2024-04-12T18:17:17","slug":"pit-bull-crewneck-woman-cal-flag-black","status":"publish","type":"product","link":"https:\/\/muscleforge.nl\/pl\/produkt\/pit-bull-crewneck-woman-cal-flag-black\/","title":{"rendered":"PIT BULL Crewneck Woman Cal Flag Black"},"content":{"rendered":"<h3 class=\"product-single__title\">BLUZA DAMSKA CALIFORNIA FLAG Czarna<\/h3>\n<p>&nbsp;<\/p>\n<ul>\n<li>wykonana z wysokojako\u015bciowej grubej bawe\u0142ny z domieszk\u0105 elastanu<\/li>\n<li>klasyczny lekko taliowany fason dopasowany do cia\u0142a<\/li>\n<li>\u00a0mocne \u015bci\u0105gacze w r\u0119kawach oraz u do\u0142u bluzy<\/li>\n<li>\u00a0obszyty otw\u00f3r na kciuk w r\u0119kawie<\/li>\n<li>\u00a0wysokiej jako\u015bci odporny na spieranie nadruk wykonany specjalistyczn\u0105 technologi\u0105 sitodruku<\/li>\n<li>Sklad materialu 92% Bawelna , 8% Elastan<\/li>\n<\/ul>\n<div class=\"rte__table-wrapper\">\n<table class=\"sizetable\">\n<thead>\n<tr class=\"sizetable_header\">\n<th class=\"col_0\" data-colname=\"rozmiar\">ROZMIAR<\/th>\n<th class=\"col_1\" data-colname=\"a\">D\u0141UGO\u015a\u0106<\/th>\n<th class=\"col_2\" data-colname=\"b\">SZEROKO\u015a\u0106<\/th>\n<th class=\"col_3\" data-colname=\"c\">R\u0118KAW<\/th>\n<\/tr>\n<\/thead>\n<tbody>\n<tr class=\"sizetable_data row_1\">\n<td class=\"col_0\" data-colname=\"rozmiar\">XS<\/td>\n<td class=\"col_1\" data-colname=\"a\">58 CM<\/td>\n<td class=\"col_2\" data-colname=\"b\">47 CM<\/td>\n<td class=\"col_3\" data-colname=\"c\">57 CM<\/td>\n<\/tr>\n<tr class=\"sizetable_data row_2\">\n<td class=\"col_0\" data-colname=\"rozmiar\">S<\/td>\n<td class=\"col_1\" data-colname=\"a\">59 CM<\/td>\n<td class=\"col_2\" data-colname=\"b\">47 CM<\/td>\n<td class=\"col_3\" data-colname=\"c\">57 CM<\/td>\n<\/tr>\n<tr class=\"sizetable_data row_3\">\n<td class=\"col_0\" data-colname=\"rozmiar\">M<\/td>\n<td class=\"col_1\" data-colname=\"a\">60 CM<\/td>\n<td class=\"col_2\" data-colname=\"b\">49 CM<\/td>\n<td class=\"col_3\" data-colname=\"c\">59 CM<\/td>\n<\/tr>\n<tr class=\"sizetable_data row_4\">\n<td class=\"col_0\" data-colname=\"rozmiar\">L<\/td>\n<td class=\"col_1\" data-colname=\"a\">62 CM<\/td>\n<td class=\"col_2\" data-colname=\"b\">51 CM<\/td>\n<td class=\"col_3\" data-colname=\"c\">63 CM<\/td>\n<\/tr>\n<tr class=\"sizetable_data row_5\">\n<td class=\"col_0\" data-colname=\"rozmiar\">XL<\/td>\n<td class=\"col_1\" data-colname=\"a\">67 CM<\/td>\n<td class=\"col_2\" data-colname=\"b\">55 CM<\/td>\n<td class=\"col_3\" data-colname=\"c\">66 CM<\/td>\n<\/tr>\n<\/tbody>\n<\/table>\n<\/div>\n","protected":false},"excerpt":{"rendered":"<p>BLUZA DAMSKA CALIFORNIA FLAG Czarna &nbsp; wykonana z wysokojako\u015bciowej grubej bawe\u0142ny z domieszk\u0105 elastanu klasyczny lekko taliowany fason dopasowany do cia\u0142a \u00a0mocne \u015bci\u0105gacze w r\u0119kawach oraz u do\u0142u bluzy \u00a0obszyty otw\u00f3r na kciuk w r\u0119kawie \u00a0wysokiej jako\u015bci odporny na spieranie nadruk wykonany specjalistyczn\u0105 technologi\u0105 sitodruku Sklad materialu 92% Bawelna , 8% Elastan ROZMIAR D\u0141UGO\u015a\u0106 SZEROKO\u015a\u0106&#8230;<\/p>\n","protected":false},"featured_media":18596,"comment_status":"closed","ping_status":"closed","template":"","meta":[],"product_brand":[],"product_cat":[798,817,818,829,830],"product_tag":[],"class_list":{"0":"post-18582","1":"product","2":"type-product","3":"status-publish","4":"has-post-thumbnail","6":"product_cat-odziez","7":"product_cat-dla-kobiet","8":"product_cat-promocja-pl","9":"product_cat-bez-kaptura-2","10":"product_cat-bluzy-pl-2","12":"first","13":"instock","14":"sale","15":"taxable","16":"shipping-taxable","17":"purchasable","18":"product-type-variable"},"_links":{"self":[{"href":"https:\/\/muscleforge.nl\/pl\/wp-json\/wp\/v2\/product\/18582","targetHints":{"allow":["GET"]}}],"collection":[{"href":"https:\/\/muscleforge.nl\/pl\/wp-json\/wp\/v2\/product"}],"about":[{"href":"https:\/\/muscleforge.nl\/pl\/wp-json\/wp\/v2\/types\/product"}],"replies":[{"embeddable":true,"href":"https:\/\/muscleforge.nl\/pl\/wp-json\/wp\/v2\/comments?post=18582"}],"wp:featuredmedia":[{"embeddable":true,"href":"https:\/\/muscleforge.nl\/pl\/wp-json\/wp\/v2\/media\/18596"}],"wp:attachment":[{"href":"https:\/\/muscleforge.nl\/pl\/wp-json\/wp\/v2\/media?parent=18582"}],"wp:term":[{"taxonomy":"product_brand","embeddable":true,"href":"https:\/\/muscleforge.nl\/pl\/wp-json\/wp\/v2\/product_brand?post=18582"},{"taxonomy":"product_cat","embeddable":true,"href":"https:\/\/muscleforge.nl\/pl\/wp-json\/wp\/v2\/product_cat?post=18582"},{"taxonomy":"product_tag","embeddable":true,"href":"https:\/\/muscleforge.nl\/pl\/wp-json\/wp\/v2\/product_tag?post=18582"}],"curies":[{"name":"wp","href":"https:\/\/api.w.org\/{rel}","templated":true}]}}