{"id":19133,"date":"2021-04-30T20:03:25","date_gmt":"2021-04-30T18:03:25","guid":{"rendered":"https:\/\/muscleforge.nl\/product\/pit-bull-womens-performance-leggins-black-charc\/"},"modified":"2021-04-30T20:06:30","modified_gmt":"2021-04-30T18:06:30","slug":"pit-bull-womens-performance-leggins-black-charc","status":"publish","type":"product","link":"https:\/\/muscleforge.nl\/pl\/produkt\/pit-bull-womens-performance-leggins-black-charc\/","title":{"rendered":"PIT BULL Womens Performance Leggins Black-Charc."},"content":{"rendered":"<h3>Techniczne damskie leginsy sportowe z najnowszej kolekcji\u00a0<span class=\"caps\">PIT<\/span>\u00a0<span class=\"caps\">BULL<\/span>\u00a0<span class=\"caps\">WEST<\/span>\u00a0<span class=\"caps\">COAST<\/span>\u00a0\u2013 Performance Pro plus<\/h3>\n<p>&#8211; L\u017cejsza i dopasowana konstrukcja zapewniaj\u0105ca maksimum komfortu w trakcie trening\u00f3w<br \/>\n&#8211; Wykonane z najwy\u017cszej jako\u015bci w\u0142\u00f3kien poliamidowych z dodatkiem elastycznej prz\u0119dzy<br \/>\n&#8211; Znacznie szlachetniejsza mieszanka tkaniny ni\u017c powszechnie wyst\u0119puj\u0105ce na rynku<br \/>\n&#8211; Termoaktywne i oddychaj\u0105ce dzi\u0119ki czemu doskonale odprowadzaj\u0105 ciep\u0142o z twojej sk\u00f3ry, powoduj\u0105c uczucie przyjemnego ch\u0142odu<br \/>\n&#8211; Szybkoschn\u0105cy materia\u0142 pomaga utrzyma\u0107 higien\u0119 i nie powoduj\u0119 przykrego zapachu<br \/>\n&#8211; Tkanina z systemem 4-way stretch dzi\u0119ki czemu rozci\u0105ga si\u0119 w ka\u017cdym kierunku nie krepuj\u0105c ruch\u00f3w<br \/>\n&#8211; Przeznaczone do uprawiania wszystkich sport\u00f3w oraz wszelkiej aktywno\u015bci fizycznej<br \/>\n&#8211; Linia przeznaczona dla os\u00f3b poszukuj\u0105cych produkt\u00f3w do d\u0142ugich i ci\u0119\u017ckich trening\u00f3w zar\u00f3wno pod dachem jak i na wolnym powietrzu<br \/>\n&#8211; Dzi\u0119ki zastosowaniu nylonu produkty s\u0105 g\u0142adkie i bardzo komfortowe<br \/>\n&#8211; Materia\u0142 zosta\u0142 poddany uszlachetniaj\u0105cemu procesowi antybakteryjnemu kt\u00f3ry zapobiega rozwojowi drobnoustroj\u00f3w<br \/>\n&#8211; P\u0142askie elastyczne szwy wykonane mi\u0119kkimi ni\u0107mi dzi\u0119ki czemu chroni\u0105 przed obtarciami nask\u00f3rka<br \/>\n&#8211; Nadruki wykonane metod\u0105 sublimacji \u2013 nie\u015bcieralne i trwa\u0142e<br \/>\n&#8211; Niekt\u00f3re loga s\u0105 odblaskowe dla wi\u0119kszego bezpiecze\u0144stwa w s\u0142abo o\u015bwietlonych warunkach<br \/>\n&#8211; Ma\u0142a kieszonka wewn\u0105trz tylnej cz\u0119\u015bci pasa<br \/>\n&#8211; Sk\u0142ad materia\u0142u: 45% nylon \/ 38% poliester \/ 15% spandex<\/p>\n<p>&nbsp;<\/p>\n<p><img loading=\"lazy\" decoding=\"async\" class=\"ng-star-inserted lazy-loaded\" src=\"https:\/\/pitbull.pl\/picture\/fit-in\/300x300\/filters:fill(white):quality(100)\/90ea8ce8b00885095dc3569a29561e02\" alt=\"\" width=\"300\" height=\"300\" \/><\/p>\n<div class=\"sizetable__main__content\">\n<table id=\"scrollable-table\" class=\"sizes-table ng-star-inserted\">\n<tbody>\n<tr class=\"single-row ng-star-inserted\">\n<td class=\"single-item ng-star-inserted\">Rozmiar<\/td>\n<td class=\"single-item ng-star-inserted\">A<\/td>\n<td class=\"single-item ng-star-inserted\">B<\/td>\n<td class=\"single-item ng-star-inserted\">C<\/td>\n<td class=\"single-item ng-star-inserted\">D<\/td>\n<td class=\"single-item ng-star-inserted\">E<\/td>\n<\/tr>\n<tr class=\"single-row ng-star-inserted\">\n<td class=\"single-item ng-star-inserted\">XS<\/td>\n<td class=\"single-item ng-star-inserted\">30 &#8211; 34 cm<\/td>\n<td class=\"single-item ng-star-inserted\">9 &#8211; 12 cm<\/td>\n<td class=\"single-item ng-star-inserted\">67 cm<\/td>\n<td class=\"single-item ng-star-inserted\">85 cm<\/td>\n<td class=\"single-item ng-star-inserted\">18 &#8211; 24 cm<\/td>\n<\/tr>\n<tr class=\"single-row ng-star-inserted\">\n<td class=\"single-item ng-star-inserted\">S<\/td>\n<td class=\"single-item ng-star-inserted\">31 &#8211; 36 cm<\/td>\n<td class=\"single-item ng-star-inserted\">10 &#8211; 13 cm<\/td>\n<td class=\"single-item ng-star-inserted\">69 cm<\/td>\n<td class=\"single-item ng-star-inserted\">89 cm<\/td>\n<td class=\"single-item ng-star-inserted\">20 &#8211; 26 cm<\/td>\n<\/tr>\n<tr class=\"single-row ng-star-inserted\">\n<td class=\"single-item ng-star-inserted\">M<\/td>\n<td class=\"single-item ng-star-inserted\">33 &#8211; 38 cm<\/td>\n<td class=\"single-item ng-star-inserted\">11 &#8211; 14 cm<\/td>\n<td class=\"single-item ng-star-inserted\">70 cm<\/td>\n<td class=\"single-item ng-star-inserted\">91 cm<\/td>\n<td class=\"single-item ng-star-inserted\">22 &#8211; 29 cm<\/td>\n<\/tr>\n<tr class=\"single-row ng-star-inserted\">\n<td class=\"single-item ng-star-inserted\">L<\/td>\n<td class=\"single-item ng-star-inserted\">35 &#8211; 40 cm<\/td>\n<td class=\"single-item ng-star-inserted\">11 &#8211; 14 cm<\/td>\n<td class=\"single-item ng-star-inserted\">71 cm<\/td>\n<td class=\"single-item ng-star-inserted\">92 cm<\/td>\n<td class=\"single-item ng-star-inserted\">23 &#8211; 30 cm<\/td>\n<\/tr>\n<tr class=\"single-row ng-star-inserted\">\n<td class=\"single-item ng-star-inserted\">XL<\/td>\n<td class=\"single-item ng-star-inserted\">37 &#8211; 43 cm<\/td>\n<td class=\"single-item ng-star-inserted\">12 &#8211; 15 cm<\/td>\n<td class=\"single-item ng-star-inserted\">72 cm<\/td>\n<td class=\"single-item ng-star-inserted\">95 cm<\/td>\n<td class=\"single-item ng-star-inserted\">24 &#8211; 32 cm<\/td>\n<\/tr>\n<tr class=\"single-row ng-star-inserted\">\n<td class=\"single-item ng-star-inserted\">UWAGA: Produkt wykonany z elastycznego materia\u0142u &#8211; mierzony na p\u0142asko &#8211; tolerancja +\/- 0,5 cm<\/td>\n<td class=\"single-item ng-star-inserted\">wymiar A podany jest przed oraz po \u015brednim naci\u0105gni\u0119ciu \u015bci\u0105gacza w pasie<\/td>\n<td class=\"single-item ng-star-inserted\">wymiar B podany jest przed oraz po \u015brednim naci\u0105gni\u0119ciu<\/td>\n<td class=\"single-item ng-star-inserted\">wymiar C podany jest od kroku do kraw\u0119dzi nogawki<\/td>\n<td class=\"single-item ng-star-inserted\">wymiar D podany jest od kraw\u0119dzi pasa do kraw\u0119dzi nogawki<\/td>\n<td class=\"single-item ng-star-inserted\">wymiar E podany jest 10 cm od kroku przed oraz po \u015brednim naci\u0105gni\u0119ciu<\/td>\n<\/tr>\n<\/tbody>\n<\/table>\n<\/div>\n","protected":false},"excerpt":{"rendered":"<p>Techniczne damskie leginsy sportowe z najnowszej kolekcji\u00a0PIT\u00a0BULL\u00a0WEST\u00a0COAST\u00a0\u2013 Performance Pro plus &#8211; L\u017cejsza i dopasowana konstrukcja zapewniaj\u0105ca maksimum komfortu w trakcie trening\u00f3w &#8211; Wykonane z najwy\u017cszej jako\u015bci w\u0142\u00f3kien poliamidowych z dodatkiem elastycznej prz\u0119dzy &#8211; Znacznie szlachetniejsza mieszanka tkaniny ni\u017c powszechnie wyst\u0119puj\u0105ce na rynku &#8211; Termoaktywne i oddychaj\u0105ce dzi\u0119ki czemu doskonale odprowadzaj\u0105 ciep\u0142o z twojej sk\u00f3ry, powoduj\u0105c&#8230;<\/p>\n","protected":false},"featured_media":19141,"comment_status":"closed","ping_status":"closed","template":"","meta":[],"product_brand":[],"product_cat":[107],"product_tag":[],"class_list":{"0":"post-19133","1":"product","2":"type-product","3":"status-publish","4":"has-post-thumbnail","6":"product_cat-voedingssupplementen","8":"first","9":"outofstock","10":"taxable","11":"shipping-taxable","12":"purchasable","13":"product-type-variable"},"_links":{"self":[{"href":"https:\/\/muscleforge.nl\/pl\/wp-json\/wp\/v2\/product\/19133","targetHints":{"allow":["GET"]}}],"collection":[{"href":"https:\/\/muscleforge.nl\/pl\/wp-json\/wp\/v2\/product"}],"about":[{"href":"https:\/\/muscleforge.nl\/pl\/wp-json\/wp\/v2\/types\/product"}],"replies":[{"embeddable":true,"href":"https:\/\/muscleforge.nl\/pl\/wp-json\/wp\/v2\/comments?post=19133"}],"wp:featuredmedia":[{"embeddable":true,"href":"https:\/\/muscleforge.nl\/pl\/wp-json\/wp\/v2\/media\/19141"}],"wp:attachment":[{"href":"https:\/\/muscleforge.nl\/pl\/wp-json\/wp\/v2\/media?parent=19133"}],"wp:term":[{"taxonomy":"product_brand","embeddable":true,"href":"https:\/\/muscleforge.nl\/pl\/wp-json\/wp\/v2\/product_brand?post=19133"},{"taxonomy":"product_cat","embeddable":true,"href":"https:\/\/muscleforge.nl\/pl\/wp-json\/wp\/v2\/product_cat?post=19133"},{"taxonomy":"product_tag","embeddable":true,"href":"https:\/\/muscleforge.nl\/pl\/wp-json\/wp\/v2\/product_tag?post=19133"}],"curies":[{"name":"wp","href":"https:\/\/api.w.org\/{rel}","templated":true}]}}