{"id":19159,"date":"2021-04-30T20:33:00","date_gmt":"2021-04-30T18:33:00","guid":{"rendered":"https:\/\/muscleforge.nl\/product\/pit-bull-swimming-shorts-bark-d-navy\/"},"modified":"2024-04-12T20:15:05","modified_gmt":"2024-04-12T18:15:05","slug":"pit-bull-swimming-shorts-bark-d-navy","status":"publish","type":"product","link":"https:\/\/muscleforge.nl\/pl\/produkt\/pit-bull-swimming-shorts-bark-d-navy\/","title":{"rendered":"PIT BULL SWIMMING SHORTS BARK D.NAVY"},"content":{"rendered":"<h3>Szorty k\u0105pielowe z najnowszej kolekcji\u00a0<span class=\"caps\">PIT<\/span>\u00a0<span class=\"caps\">BULL<\/span>\u00a0<span class=\"caps\">WEST<\/span>\u00a0<span class=\"caps\">COAST<\/span>\u00a0\u2013 Bark<\/h3>\n<p>&#8211; klasyczny fason nad kolano z lu\u017aniejszymi nogawkami<br \/>\n&#8211; szorty pitbull wykonane s\u0105 z lekkiej tkaniny dzi\u0119ki czemu \u015bwietnie si\u0119 sprawdz\u0105 jako k\u0105piel\u00f3wki<br \/>\n&#8211; materia\u0142 bardzo szybko schnie dzi\u0119ki czemu idealnie sprawdzi si\u0119 w upalne dni<br \/>\n&#8211; szeroki elastyczny \u015bci\u0105gacz w pasie z dodatkowym przednim wi\u0105zaniem od wewn\u0119trznej strony<br \/>\n&#8211; wewn\u0119trzne spodenki z mi\u0119kkiej siateczki dla wi\u0119kszego komfortu noszenia<br \/>\n&#8211; dwie otwarte kieszenie po bokach<br \/>\n&#8211; kontrastowe przeszycia boczne oraz lam\u00f3wki<br \/>\n&#8211; na lewej nogawce pionowy napis\u00a0<span class=\"caps\">PIT<\/span>\u00a0<span class=\"caps\">BULL<\/span>\u00a0<span class=\"caps\">WEST<\/span>\u00a0<span class=\"caps\">COAST<\/span><br \/>\n&#8211; tylna kiesze\u0144 z trzema odpowietrznikami oraz z klap\u0105 zamykan\u0105 na dwa mocne rzepy<br \/>\n&#8211; klapa pokryta w ca\u0142o\u015bci logo marki oraz uzupe\u0142niona silikonow\u0105 wstawk\u0105 z napisem\u00a0<span class=\"caps\">PIT<\/span>\u00a0<span class=\"caps\">BULL<\/span>\u00a0kt\u00f3ra u\u0142atwia otwieranie mokr\u0105 r\u0119k\u0105<br \/>\n&#8211; sk\u0142ad materia\u0142u: 60% bawe\u0142na \/ 40% nylon<\/p>\n<p>&nbsp;<\/p>\n<p><img loading=\"lazy\" decoding=\"async\" class=\"ng-star-inserted lazy-loaded\" src=\"https:\/\/pitbull.pl\/picture\/fit-in\/300x300\/filters:fill(white):quality(100)\/159ea2985e0a5864d3d5f560fbcb9f15\" alt=\"\" width=\"300\" height=\"300\" \/><\/p>\n<div class=\"sizetable__main__content\">\n<table id=\"scrollable-table\" class=\"sizes-table ng-star-inserted\">\n<tbody>\n<tr class=\"single-row ng-star-inserted\">\n<td class=\"single-item ng-star-inserted\">ROZMIAR<\/td>\n<td class=\"single-item ng-star-inserted\">A<\/td>\n<td class=\"single-item ng-star-inserted\">B<\/td>\n<td class=\"single-item ng-star-inserted\">C<\/td>\n<td class=\"single-item ng-star-inserted\">D<\/td>\n<\/tr>\n<tr class=\"single-row ng-star-inserted\">\n<td class=\"single-item ng-star-inserted\">XS<\/td>\n<td class=\"single-item ng-star-inserted\">35 &#8211; 38 cm<\/td>\n<td class=\"single-item ng-star-inserted\">28 cm<\/td>\n<td class=\"single-item ng-star-inserted\">13 cm<\/td>\n<td class=\"single-item ng-star-inserted\">38 cm<\/td>\n<\/tr>\n<tr class=\"single-row ng-star-inserted\">\n<td class=\"single-item ng-star-inserted\">S<\/td>\n<td class=\"single-item ng-star-inserted\">36 &#8211; 40 cm<\/td>\n<td class=\"single-item ng-star-inserted\">29 cm<\/td>\n<td class=\"single-item ng-star-inserted\">14 cm<\/td>\n<td class=\"single-item ng-star-inserted\">39 cm<\/td>\n<\/tr>\n<tr class=\"single-row ng-star-inserted\">\n<td class=\"single-item ng-star-inserted\">M<\/td>\n<td class=\"single-item ng-star-inserted\">38 &#8211; 43 cm<\/td>\n<td class=\"single-item ng-star-inserted\">31 cm<\/td>\n<td class=\"single-item ng-star-inserted\">14 cm<\/td>\n<td class=\"single-item ng-star-inserted\">40 cm<\/td>\n<\/tr>\n<tr class=\"single-row ng-star-inserted\">\n<td class=\"single-item ng-star-inserted\">L<\/td>\n<td class=\"single-item ng-star-inserted\">40 &#8211; 46 cm<\/td>\n<td class=\"single-item ng-star-inserted\">32 cm<\/td>\n<td class=\"single-item ng-star-inserted\">15 cm<\/td>\n<td class=\"single-item ng-star-inserted\">41 cm<\/td>\n<\/tr>\n<tr class=\"single-row ng-star-inserted\">\n<td class=\"single-item ng-star-inserted\">XL<\/td>\n<td class=\"single-item ng-star-inserted\">42 &#8211; 49 cm<\/td>\n<td class=\"single-item ng-star-inserted\">33 cm<\/td>\n<td class=\"single-item ng-star-inserted\">15 cm<\/td>\n<td class=\"single-item ng-star-inserted\">42 cm<\/td>\n<\/tr>\n<tr class=\"single-row ng-star-inserted\">\n<td class=\"single-item ng-star-inserted\">XXL<\/td>\n<td class=\"single-item ng-star-inserted\">44 &#8211; 51 cm<\/td>\n<td class=\"single-item ng-star-inserted\">35 cm<\/td>\n<td class=\"single-item ng-star-inserted\">15 cm<\/td>\n<td class=\"single-item ng-star-inserted\">43 cm<\/td>\n<\/tr>\n<tr class=\"single-row ng-star-inserted\">\n<td class=\"single-item ng-star-inserted\">3XL<\/td>\n<td class=\"single-item ng-star-inserted\">46 &#8211; 53 cm<\/td>\n<td class=\"single-item ng-star-inserted\">35 cm<\/td>\n<td class=\"single-item ng-star-inserted\">15 cm<\/td>\n<td class=\"single-item ng-star-inserted\">43 cm<\/td>\n<\/tr>\n<tr class=\"single-row ng-star-inserted\">\n<td class=\"single-item ng-star-inserted\">UWAGA: Produkt mierzony na p\u0142asko &#8211; tolerancja +\/- 0,5 cm<\/td>\n<td class=\"single-item ng-star-inserted\">Wymiar A podany jest przed oraz po \u015brednim naci\u0105gni\u0119ciu \u015bci\u0105gacza w pasie<\/td>\n<td class=\"single-item ng-star-inserted\">Wymiar B podany jest od kraw\u0119dzi do kraw\u0119dzi<\/td>\n<td class=\"single-item ng-star-inserted\">Wymiar C podany jest od kroku do kraw\u0119dzi nogawki<\/td>\n<td class=\"single-item ng-star-inserted\">Wymiar D podany jest od kraw\u0119dzi pasa do kraw\u0119dzi nogawki<\/td>\n<\/tr>\n<\/tbody>\n<\/table>\n<\/div>\n","protected":false},"excerpt":{"rendered":"<p>Szorty k\u0105pielowe z najnowszej kolekcji\u00a0PIT\u00a0BULL\u00a0WEST\u00a0COAST\u00a0\u2013 Bark &#8211; klasyczny fason nad kolano z lu\u017aniejszymi nogawkami &#8211; szorty pitbull wykonane s\u0105 z lekkiej tkaniny dzi\u0119ki czemu \u015bwietnie si\u0119 sprawdz\u0105 jako k\u0105piel\u00f3wki &#8211; materia\u0142 bardzo szybko schnie dzi\u0119ki czemu idealnie sprawdzi si\u0119 w upalne dni &#8211; szeroki elastyczny \u015bci\u0105gacz w pasie z dodatkowym przednim wi\u0105zaniem od wewn\u0119trznej strony&#8230;<\/p>\n","protected":false},"featured_media":19185,"comment_status":"closed","ping_status":"closed","template":"","meta":[],"product_brand":[],"product_cat":[798,799,800,807],"product_tag":[],"class_list":{"0":"post-19159","1":"product","2":"type-product","3":"status-publish","4":"has-post-thumbnail","6":"product_cat-odziez","7":"product_cat-dla-mezczyzn","8":"product_cat-promocja","9":"product_cat-kr","11":"first","12":"instock","13":"sale","14":"taxable","15":"shipping-taxable","16":"purchasable","17":"product-type-variable"},"_links":{"self":[{"href":"https:\/\/muscleforge.nl\/pl\/wp-json\/wp\/v2\/product\/19159","targetHints":{"allow":["GET"]}}],"collection":[{"href":"https:\/\/muscleforge.nl\/pl\/wp-json\/wp\/v2\/product"}],"about":[{"href":"https:\/\/muscleforge.nl\/pl\/wp-json\/wp\/v2\/types\/product"}],"replies":[{"embeddable":true,"href":"https:\/\/muscleforge.nl\/pl\/wp-json\/wp\/v2\/comments?post=19159"}],"wp:featuredmedia":[{"embeddable":true,"href":"https:\/\/muscleforge.nl\/pl\/wp-json\/wp\/v2\/media\/19185"}],"wp:attachment":[{"href":"https:\/\/muscleforge.nl\/pl\/wp-json\/wp\/v2\/media?parent=19159"}],"wp:term":[{"taxonomy":"product_brand","embeddable":true,"href":"https:\/\/muscleforge.nl\/pl\/wp-json\/wp\/v2\/product_brand?post=19159"},{"taxonomy":"product_cat","embeddable":true,"href":"https:\/\/muscleforge.nl\/pl\/wp-json\/wp\/v2\/product_cat?post=19159"},{"taxonomy":"product_tag","embeddable":true,"href":"https:\/\/muscleforge.nl\/pl\/wp-json\/wp\/v2\/product_tag?post=19159"}],"curies":[{"name":"wp","href":"https:\/\/api.w.org\/{rel}","templated":true}]}}