{"id":19390,"date":"2021-05-11T14:21:07","date_gmt":"2021-05-11T12:21:07","guid":{"rendered":"https:\/\/muscleforge.nl\/product\/pit-bull-sunglasses-hofer-silver-black\/"},"modified":"2021-05-11T14:21:07","modified_gmt":"2021-05-11T12:21:07","slug":"pit-bull-sunglasses-hofer-silver-black","status":"publish","type":"product","link":"https:\/\/muscleforge.nl\/pl\/produkt\/pit-bull-sunglasses-hofer-silver-black\/","title":{"rendered":"PIT BULL SUNGLASSES HOFER SILVER-BLACK"},"content":{"rendered":"<div class=\"product__desc__content\" data-qa-product-description=\"\">\n<div>\n<h3>Okulary przeciws\u0142oneczne z najnowszej kolekcji\u00a0<span class=\"caps\">PIT<\/span>\u00a0<span class=\"caps\">BULL<\/span>\u00a0<span class=\"caps\">WEST<\/span>\u00a0<span class=\"caps\">COAST<\/span>\u00a0\u2013\u00a0<span class=\"caps\">HOFER<\/span><\/h3>\n<p>&#8211; Elegancki designerski ponadczasowy wygl\u0105d<br \/>\n&#8211; Cienkie oprawki w kolorze srebrnym wykonane ze stali szlachetnej<br \/>\n&#8211; Szerokie zauszniki wykonane z tworzywa<br \/>\n&#8211; Jednolite czarne szk\u0142a<br \/>\n&#8211; Wykonane z najwy\u017cszej jako\u015bci materia\u0142u kt\u00f3ry jest wytrzyma\u0142y na uderzenia, elastyczny oraz ma w\u0142a\u015bciwo\u015bci antyalergiczne<br \/>\n&#8211; Soczewki polaryzowane\u00a0<span class=\"caps\">TAC<\/span>\u00a0o grubo\u015bci ponad 1mm dodatkowo chronione specjaln\u0105 warstw\u0105 tworzywa odpornego na \u015bcieranie i p\u0119kanie<br \/>\n&#8211; Zapewniaj\u0105 100% ochron\u0119 przed promieniowaniem UV oraz eliminuj\u0105 99% odblask\u00f3w \u015bwietlnych<br \/>\n&#8211; Szk\u0142a zastosowane w okularach maj\u0105 idealn\u0105 przejrzysto\u015b\u0107 oraz zapewniaj\u0105 pe\u0142ny komfort widzenia<br \/>\n&#8211; Dzi\u0119ki warstwom ochronnym szk\u0142a zachowuj\u0105 stabilno\u015b\u0107, nie kurcz\u0105 si\u0119 oraz nie ulegaj\u0105 rozwarstwieniu.<br \/>\n&#8211; Specjalna pow\u0142oka\u00a0<span class=\"caps\">REVO<\/span>\u00a0o wielowarstwowej strukturze, kt\u00f3ra chroni wzrok przed skutkami oddzia\u0142ywania promieniowania ultrafioletowego oraz ogranicza ilo\u015b\u0107 ciep\u0142a dop\u0142ywaj\u0105c\u0105 do naszych oczu<br \/>\n&#8211; Okulary z pow\u0142ok\u0105\u00a0<span class=\"caps\">REVO<\/span>\u00a0gwarantuj\u0105 wysoki kontrast, jak r\u00f3wnie\u017c precyzyjne odwzorowanie wszystkich barw.<br \/>\n&#8211; Napis\u00a0<span class=\"caps\">PIT<\/span>\u00a0<span class=\"caps\">BULL<\/span>\u00a0<span class=\"caps\">WEST<\/span>\u00a0<span class=\"caps\">COAST<\/span>\u00a0na zausznikach oraz na lewej soczewce<br \/>\n&#8211; Okulary s\u0105 w komplecie z twardym stylowym etui zapinanym na zamek oraz woreczkiem z mieszka pe\u0142ni\u0105cego rol\u0119 \u015bciereczki<\/p>\n<p>Dane techniczne:<\/p>\n<p>&#8211; Materia\u0142 oprawek: Grilamid\u00a0<span class=\"caps\">TR90<\/span>\u00a0(<span class=\"caps\">NYLON<\/span>), poliw\u0119glan<br \/>\n&#8211; Soczewki:\u00a0<span class=\"caps\">REVO<\/span>, polaryzowane\u00a0<span class=\"caps\">TAC<\/span>\u00a0&gt;1mm, \ufb01ltr UV 400 kt\u00f3ry blokuje 3 zakresy promieniowania ultra\ufb01oletowego:\u00a0<span class=\"caps\">UVA<\/span>,\u00a0<span class=\"caps\">UVB<\/span>\u00a0i\u00a0<span class=\"caps\">UVC<\/span>. Kategoria przepuszczalno\u015bci \u015bwiat\u0142a i stopie\u0144 przyciemnienia szkie\u0142: kat. 3 (8%-18%) intensywne \u015bwiat\u0142o s\u0142oneczne.<br \/>\n&#8211; Wymiary: Odleg\u0142o\u015b\u0107 mi\u0119dzy zawiasami: 13,3 cm, wysoko\u015b\u0107 szkie\u0142 z oprawk\u0105: 4,2 cm<\/p>\n<\/div>\n<\/div>\n<table class=\"product__desc__profile_table\">\n<tbody>\n<tr class=\"ng-star-inserted\">\n<th>Producent:<\/th>\n<td class=\"property_value\">Pit Bull<\/td>\n<\/tr>\n<tr class=\"ng-star-inserted\">\n<th class=\"ng-star-inserted\">Kolor:<\/th>\n<td class=\"property_value ng-star-inserted\"><span class=\"ng-star-inserted\">Srebrny<\/span><\/td>\n<\/tr>\n<\/tbody>\n<\/table>\n","protected":false},"excerpt":{"rendered":"<p>Okulary przeciws\u0142oneczne z najnowszej kolekcji\u00a0PIT\u00a0BULL\u00a0WEST\u00a0COAST\u00a0\u2013\u00a0HOFER &#8211; Elegancki designerski ponadczasowy wygl\u0105d &#8211; Cienkie oprawki w kolorze srebrnym wykonane ze stali szlachetnej &#8211; Szerokie zauszniki wykonane z tworzywa &#8211; Jednolite czarne szk\u0142a &#8211; Wykonane z najwy\u017cszej jako\u015bci materia\u0142u kt\u00f3ry jest wytrzyma\u0142y na uderzenia, elastyczny oraz ma w\u0142a\u015bciwo\u015bci antyalergiczne &#8211; Soczewki polaryzowane\u00a0TAC\u00a0o grubo\u015bci ponad 1mm dodatkowo chronione specjaln\u0105&#8230;<\/p>\n","protected":false},"featured_media":19383,"comment_status":"closed","ping_status":"closed","template":"","meta":[],"product_brand":[],"product_cat":[780,795],"product_tag":[],"class_list":{"0":"post-19390","1":"product","2":"type-product","3":"status-publish","4":"has-post-thumbnail","6":"product_cat-akcesoria-uliczne","7":"product_cat-okulary-przeciwsloneczne","9":"first","10":"instock","11":"taxable","12":"shipping-taxable","13":"purchasable","14":"product-type-simple"},"_links":{"self":[{"href":"https:\/\/muscleforge.nl\/pl\/wp-json\/wp\/v2\/product\/19390","targetHints":{"allow":["GET"]}}],"collection":[{"href":"https:\/\/muscleforge.nl\/pl\/wp-json\/wp\/v2\/product"}],"about":[{"href":"https:\/\/muscleforge.nl\/pl\/wp-json\/wp\/v2\/types\/product"}],"replies":[{"embeddable":true,"href":"https:\/\/muscleforge.nl\/pl\/wp-json\/wp\/v2\/comments?post=19390"}],"wp:featuredmedia":[{"embeddable":true,"href":"https:\/\/muscleforge.nl\/pl\/wp-json\/wp\/v2\/media\/19383"}],"wp:attachment":[{"href":"https:\/\/muscleforge.nl\/pl\/wp-json\/wp\/v2\/media?parent=19390"}],"wp:term":[{"taxonomy":"product_brand","embeddable":true,"href":"https:\/\/muscleforge.nl\/pl\/wp-json\/wp\/v2\/product_brand?post=19390"},{"taxonomy":"product_cat","embeddable":true,"href":"https:\/\/muscleforge.nl\/pl\/wp-json\/wp\/v2\/product_cat?post=19390"},{"taxonomy":"product_tag","embeddable":true,"href":"https:\/\/muscleforge.nl\/pl\/wp-json\/wp\/v2\/product_tag?post=19390"}],"curies":[{"name":"wp","href":"https:\/\/api.w.org\/{rel}","templated":true}]}}