{"id":19732,"date":"2020-09-08T21:47:56","date_gmt":"2020-09-08T19:47:56","guid":{"rendered":"https:\/\/muscleforge.nl\/product\/spodnie-dresowe-patriotic-cls-mini-s\/"},"modified":"2024-04-12T20:59:45","modified_gmt":"2024-04-12T18:59:45","slug":"spodnie-dresowe-patriotic-cls-mini-s","status":"publish","type":"product","link":"https:\/\/muscleforge.nl\/pl\/produkt\/spodnie-dresowe-patriotic-cls-mini-s\/","title":{"rendered":"Patriotic Sport Pants CLS Mini"},"content":{"rendered":"<h3>CLS MINI SPODNIE DRESOWE<\/h3>\n<p>&nbsp;<\/p>\n<p>Spodnie dresowe m\u0119skie marki Patriotic<br \/>\nMateria\u0142: 90% bawe\u0142na, 10 poliester<br \/>\nGramatura: 280g<br \/>\nWyprodukowano: w Polsce<\/p>\n<p><strong>Cechy produktu:<\/strong><br \/>\nna lewej nogawce refleksuj\u0105cy nadruk<br \/>\n\u015bci\u0105gacz w pasie na gumk\u0119 oraz sznurek<br \/>\nz przodu dwie kieszenie, z ty\u0142u jedna<br \/>\nprzednie kieszenie zapinane na suwaki<br \/>\nnogawki \u015bci\u0105gane gumk\u0105<br \/>\nz ty\u0142u gumowa metka<br \/>\nw\u0105ski kr\u00f3j<\/p>\n","protected":false},"excerpt":{"rendered":"<p>CLS MINI SPODNIE DRESOWE &nbsp; Spodnie dresowe m\u0119skie marki Patriotic Materia\u0142: 90% bawe\u0142na, 10 poliester Gramatura: 280g Wyprodukowano: w Polsce Cechy produktu: na lewej nogawce refleksuj\u0105cy nadruk \u015bci\u0105gacz w pasie na gumk\u0119 oraz sznurek z przodu dwie kieszenie, z ty\u0142u jedna przednie kieszenie zapinane na suwaki nogawki \u015bci\u0105gane gumk\u0105 z ty\u0142u gumowa metka w\u0105ski kr\u00f3j<\/p>\n","protected":false},"featured_media":19733,"comment_status":"closed","ping_status":"closed","template":"","meta":[],"product_brand":[],"product_cat":[798,799,800,801,803],"product_tag":[],"class_list":{"0":"post-19732","1":"product","2":"type-product","3":"status-publish","4":"has-post-thumbnail","6":"product_cat-odziez","7":"product_cat-dla-mezczyzn","8":"product_cat-promocja","9":"product_cat-spodnie","10":"product_cat-spodnie-dresowe","12":"first","13":"instock","14":"sale","15":"taxable","16":"shipping-taxable","17":"purchasable","18":"product-type-variable"},"_links":{"self":[{"href":"https:\/\/muscleforge.nl\/pl\/wp-json\/wp\/v2\/product\/19732","targetHints":{"allow":["GET"]}}],"collection":[{"href":"https:\/\/muscleforge.nl\/pl\/wp-json\/wp\/v2\/product"}],"about":[{"href":"https:\/\/muscleforge.nl\/pl\/wp-json\/wp\/v2\/types\/product"}],"replies":[{"embeddable":true,"href":"https:\/\/muscleforge.nl\/pl\/wp-json\/wp\/v2\/comments?post=19732"}],"wp:featuredmedia":[{"embeddable":true,"href":"https:\/\/muscleforge.nl\/pl\/wp-json\/wp\/v2\/media\/19733"}],"wp:attachment":[{"href":"https:\/\/muscleforge.nl\/pl\/wp-json\/wp\/v2\/media?parent=19732"}],"wp:term":[{"taxonomy":"product_brand","embeddable":true,"href":"https:\/\/muscleforge.nl\/pl\/wp-json\/wp\/v2\/product_brand?post=19732"},{"taxonomy":"product_cat","embeddable":true,"href":"https:\/\/muscleforge.nl\/pl\/wp-json\/wp\/v2\/product_cat?post=19732"},{"taxonomy":"product_tag","embeddable":true,"href":"https:\/\/muscleforge.nl\/pl\/wp-json\/wp\/v2\/product_tag?post=19732"}],"curies":[{"name":"wp","href":"https:\/\/api.w.org\/{rel}","templated":true}]}}