{"id":20021,"date":"2021-05-14T21:14:29","date_gmt":"2021-05-14T19:14:29","guid":{"rendered":"https:\/\/muscleforge.nl\/product\/gm-modern-herb-poliester-sport-pants\/"},"modified":"2024-04-12T20:09:57","modified_gmt":"2024-04-12T18:09:57","slug":"gm-modern-herb-poliester-sport-pants","status":"publish","type":"product","link":"https:\/\/muscleforge.nl\/pl\/produkt\/gm-modern-herb-poliester-sport-pants\/","title":{"rendered":"GM Modern Herb Poliester Sport Pants"},"content":{"rendered":"<h3>MODERN HERB SPODNIE POLIESTROWE<\/h3>\n<p>&nbsp;<\/p>\n<p>Spodnie poliestrowe marki Ganja Mafia<br \/>\nMateria\u0142: 100% poliester<\/p>\n<p><strong>Cechy produktu:<\/strong><br \/>\nz przodu na lewym udzie aplikacja<br \/>\nz przodu i z ty\u0142u na prawej nogawce pionowy nadruk<br \/>\ndwie kieszenie przednie, jedna tylna<br \/>\nwzd\u0142u\u017c nogawek naszyta ta\u015bma<br \/>\nkurczliwo\u015b\u0107 produktu mieszcz\u0105ca si\u0119 w normie 1-2 cm<\/p>\n<p>&nbsp;<\/p>\n<div class=\"size-table-image\"><img decoding=\"async\" src=\"https:\/\/www.stephurt.pl\/img\/sizings\/ftp\/tabela.jpg\" \/><\/div>\n<div class=\"size-table\">\n<table>\n<thead>\n<tr>\n<th><\/th>\n<th>S<\/th>\n<th>M<\/th>\n<th>L<\/th>\n<th>XL<\/th>\n<th>2XL<\/th>\n<th>3XL<\/th>\n<\/tr>\n<\/thead>\n<tbody>\n<tr>\n<td>A<\/td>\n<td>93<\/td>\n<td>95<\/td>\n<td>98<\/td>\n<td>98<\/td>\n<td><\/td>\n<td><\/td>\n<\/tr>\n<tr>\n<td>B<\/td>\n<td>35<\/td>\n<td>37<\/td>\n<td>38<\/td>\n<td>40<\/td>\n<td><\/td>\n<td><\/td>\n<\/tr>\n<tr>\n<td>C<\/td>\n<td>65<\/td>\n<td>67<\/td>\n<td>68<\/td>\n<td>70<\/td>\n<td><\/td>\n<td><\/td>\n<\/tr>\n<tr>\n<td>D<\/td>\n<td>13<\/td>\n<td>13<\/td>\n<td>14<\/td>\n<td>15<\/td>\n<\/tr>\n<\/tbody>\n<\/table>\n<\/div>\n","protected":false},"excerpt":{"rendered":"<p>MODERN HERB SPODNIE POLIESTROWE &nbsp; Spodnie poliestrowe marki Ganja Mafia Materia\u0142: 100% poliester Cechy produktu: z przodu na lewym udzie aplikacja z przodu i z ty\u0142u na prawej nogawce pionowy nadruk dwie kieszenie przednie, jedna tylna wzd\u0142u\u017c nogawek naszyta ta\u015bma kurczliwo\u015b\u0107 produktu mieszcz\u0105ca si\u0119 w normie 1-2 cm &nbsp; S M L XL 2XL 3XL&#8230;<\/p>\n","protected":false},"featured_media":20008,"comment_status":"closed","ping_status":"closed","template":"","meta":[],"product_brand":[],"product_cat":[798,799,800,801,803],"product_tag":[],"class_list":{"0":"post-20021","1":"product","2":"type-product","3":"status-publish","4":"has-post-thumbnail","6":"product_cat-odziez","7":"product_cat-dla-mezczyzn","8":"product_cat-promocja","9":"product_cat-spodnie","10":"product_cat-spodnie-dresowe","12":"first","13":"instock","14":"sale","15":"taxable","16":"shipping-taxable","17":"purchasable","18":"product-type-variable"},"_links":{"self":[{"href":"https:\/\/muscleforge.nl\/pl\/wp-json\/wp\/v2\/product\/20021","targetHints":{"allow":["GET"]}}],"collection":[{"href":"https:\/\/muscleforge.nl\/pl\/wp-json\/wp\/v2\/product"}],"about":[{"href":"https:\/\/muscleforge.nl\/pl\/wp-json\/wp\/v2\/types\/product"}],"replies":[{"embeddable":true,"href":"https:\/\/muscleforge.nl\/pl\/wp-json\/wp\/v2\/comments?post=20021"}],"wp:featuredmedia":[{"embeddable":true,"href":"https:\/\/muscleforge.nl\/pl\/wp-json\/wp\/v2\/media\/20008"}],"wp:attachment":[{"href":"https:\/\/muscleforge.nl\/pl\/wp-json\/wp\/v2\/media?parent=20021"}],"wp:term":[{"taxonomy":"product_brand","embeddable":true,"href":"https:\/\/muscleforge.nl\/pl\/wp-json\/wp\/v2\/product_brand?post=20021"},{"taxonomy":"product_cat","embeddable":true,"href":"https:\/\/muscleforge.nl\/pl\/wp-json\/wp\/v2\/product_cat?post=20021"},{"taxonomy":"product_tag","embeddable":true,"href":"https:\/\/muscleforge.nl\/pl\/wp-json\/wp\/v2\/product_tag?post=20021"}],"curies":[{"name":"wp","href":"https:\/\/api.w.org\/{rel}","templated":true}]}}