{"id":20237,"date":"2021-05-15T16:25:23","date_gmt":"2021-05-15T14:25:23","guid":{"rendered":"https:\/\/muscleforge.nl\/product\/patriotic-womens-blouse-base-blue\/"},"modified":"2024-04-12T20:08:41","modified_gmt":"2024-04-12T18:08:41","slug":"patriotic-womens-blouse-base-blue","status":"publish","type":"product","link":"https:\/\/muscleforge.nl\/pl\/produkt\/patriotic-womens-blouse-base-blue\/","title":{"rendered":"Patriotic Womens Blouse Base Blue"},"content":{"rendered":"<h3>PATRIOTIC GIRL BLUZA BEZ KAPTURA BASE BLUE<\/h3>\n<p>&nbsp;<\/p>\n<p>Bluza damska marki Patriotic<br \/>\nMateria\u0142: 100% bawe\u0142na<\/p>\n<p>Klasyczna bluza w chabrowym kolorze. Z przodu widoczny jest du\u017cy nadruk w bia\u0142ym kolorze w j\u0119zyku angielskim oraz srebrne elementy nadruku<br \/>\nIdealna bluza dla mi\u0142o\u015bniczek sportowego stylu<\/p>\n<p><strong>Cechy produktu:<\/strong><br \/>\nz przodu du\u017cy nadruk<br \/>\nna karku metka<br \/>\nwykonana metod\u0105 p\u0119telkow\u0105<\/p>\n<p>&nbsp;<\/p>\n<table border=\"0\">\n<tbody>\n<tr>\n<th>ROZMIAR<\/th>\n<th>D\u0142ugo\u015b\u0107<\/th>\n<th>Obw\u00f3d<\/th>\n<th>D\u0142ugo\u015b\u0107 R\u0119kawa<\/th>\n<\/tr>\n<tr>\n<td>XS<\/td>\n<td>60 cm<\/td>\n<td>92 cm<\/td>\n<td>50 cm<\/td>\n<\/tr>\n<tr>\n<td>S<\/td>\n<td>62 cm<\/td>\n<td>104 cm<\/td>\n<td>52 cm<\/td>\n<\/tr>\n<tr>\n<td>M<\/td>\n<td>64 cm<\/td>\n<td>104 cm<\/td>\n<td>54 cm<\/td>\n<\/tr>\n<\/tbody>\n<\/table>\n","protected":false},"excerpt":{"rendered":"<p>PATRIOTIC GIRL BLUZA BEZ KAPTURA BASE BLUE &nbsp; Bluza damska marki Patriotic Materia\u0142: 100% bawe\u0142na Klasyczna bluza w chabrowym kolorze. Z przodu widoczny jest du\u017cy nadruk w bia\u0142ym kolorze w j\u0119zyku angielskim oraz srebrne elementy nadruku Idealna bluza dla mi\u0142o\u015bniczek sportowego stylu Cechy produktu: z przodu du\u017cy nadruk na karku metka wykonana metod\u0105 p\u0119telkow\u0105 &nbsp;&#8230;<\/p>\n","protected":false},"featured_media":20226,"comment_status":"closed","ping_status":"closed","template":"","meta":[],"product_brand":[],"product_cat":[798,817,818,829,830],"product_tag":[],"class_list":{"0":"post-20237","1":"product","2":"type-product","3":"status-publish","4":"has-post-thumbnail","6":"product_cat-odziez","7":"product_cat-dla-kobiet","8":"product_cat-promocja-pl","9":"product_cat-bez-kaptura-2","10":"product_cat-bluzy-pl-2","12":"first","13":"instock","14":"sale","15":"taxable","16":"shipping-taxable","17":"purchasable","18":"product-type-variable"},"_links":{"self":[{"href":"https:\/\/muscleforge.nl\/pl\/wp-json\/wp\/v2\/product\/20237","targetHints":{"allow":["GET"]}}],"collection":[{"href":"https:\/\/muscleforge.nl\/pl\/wp-json\/wp\/v2\/product"}],"about":[{"href":"https:\/\/muscleforge.nl\/pl\/wp-json\/wp\/v2\/types\/product"}],"replies":[{"embeddable":true,"href":"https:\/\/muscleforge.nl\/pl\/wp-json\/wp\/v2\/comments?post=20237"}],"wp:featuredmedia":[{"embeddable":true,"href":"https:\/\/muscleforge.nl\/pl\/wp-json\/wp\/v2\/media\/20226"}],"wp:attachment":[{"href":"https:\/\/muscleforge.nl\/pl\/wp-json\/wp\/v2\/media?parent=20237"}],"wp:term":[{"taxonomy":"product_brand","embeddable":true,"href":"https:\/\/muscleforge.nl\/pl\/wp-json\/wp\/v2\/product_brand?post=20237"},{"taxonomy":"product_cat","embeddable":true,"href":"https:\/\/muscleforge.nl\/pl\/wp-json\/wp\/v2\/product_cat?post=20237"},{"taxonomy":"product_tag","embeddable":true,"href":"https:\/\/muscleforge.nl\/pl\/wp-json\/wp\/v2\/product_tag?post=20237"}],"curies":[{"name":"wp","href":"https:\/\/api.w.org\/{rel}","templated":true}]}}